{"id":125629,"date":"2026-04-17T06:39:05","date_gmt":"2026-04-17T06:39:05","guid":{"rendered":"https:\/\/holavape.com\/product\/bang-blaze-starry-50k-disposable-vape\/"},"modified":"2026-04-21T08:05:26","modified_gmt":"2026-04-21T08:05:26","slug":"bang-blaze-starry-50k-disposable-vape","status":"publish","type":"product","link":"https:\/\/holavape.com\/fr\/produit\/bang-blaze-starry-50k-disposable-vape\/","title":{"rendered":"Bang Blaze Starry 50K | 50000 bouff\u00e9es, \u00e9cran, 13 saveurs, r\u00e9sistance mesh, vape jetable en gros"},"content":{"rendered":"<h2>Bang Blaze Starry 50K Disposable Vape Pr\u00e9sentation<\/h2>\n<p>Bang Blaze Starry 50K Disposable Vape est un vape jetable ax\u00e9 sur l&rsquo;affichage, con\u00e7u pour les acheteurs en gros qui ont besoin d&rsquo;un attrait plus fort en rayon sans trop compliquer la gamme. Il combine 50 000 bouff\u00e9es, un affichage sur \u00e9cran et 12 saveurs dans un format facile \u00e0 positionner pour les rayons des magasins de d\u00e9tail et les commandes group\u00e9es.<\/p>\n<p>La gamme de saveurs comprend 12 saveurs, ce qui permet \u00e0 ce mod\u00e8le de s&rsquo;int\u00e9grer parfaitement aux assortiments jetables de fruits, de glace, de bonbons et de profils mixtes.<\/p>\n<h2>Points saillants<\/h2>\n<ul>\n<li><strong>50 000 bouff\u00e9es<\/strong> pour un format d&rsquo;appareil plus durable<\/li>\n<li><strong>affichage \u00e0 l&rsquo;\u00e9cran<\/strong> afin que les utilisateurs puissent v\u00e9rifier plus facilement l&rsquo;\u00e9tat des p\u00e9riph\u00e9riques cl\u00e9s<\/li>\n<li><strong>12 saveurs<\/strong> pour couvrir une gamme de saveurs plus large<\/li>\n<li><strong>2% \/ 3% \/ 5%<\/strong> options de nicotine pour r\u00e9pondre aux diff\u00e9rents besoins du march\u00e9<\/li>\n<\/ul>\n<h2>Caract\u00e9ristiques<\/h2>\n<table>\n<tbody>\n<tr>\n<td><strong>Nom du produit<\/strong><\/td>\n<td>Bang Blaze Starry 50K Disposable Vape<\/td>\n<\/tr>\n<tr>\n<td><strong>Nombre de bouff\u00e9es<\/strong><\/td>\n<td>50 000 bouff\u00e9es<\/td>\n<\/tr>\n<tr>\n<td><strong>Afficher<\/strong><\/td>\n<td>affichage \u00e0 l&rsquo;\u00e9cran<\/td>\n<\/tr>\n<tr>\n<td><strong>Options de saveur<\/strong><\/td>\n<td>12 saveurs<\/td>\n<\/tr>\n<tr>\n<td><strong>Force de la nicotine<\/strong><\/td>\n<td>2% \/ 3% \/ 5%<\/td>\n<\/tr>\n<\/tbody>\n<\/table>\n<h2>Options de saveur<\/h2>\n<p>Les options de saveurs disponibles incluent la past\u00e8que, la past\u00e8que aux fraises, la glace aux bleuets, la framboise aux bleuets, Love 66, la glace aux raisins et aux canneberges, la glace \u00e0 la p\u00eache, la mangue aux fraises et plus encore. Cela permet au Bang Blaze Starry 50K de s&rsquo;adapter \u00e0 un m\u00e9lange plus large d&rsquo;assortiments de fruits, de glace, de bonbons et de vapes jetables \u00e0 profil sucr\u00e9.<\/p>\n","protected":false},"excerpt":{"rendered":"<p>Tirage propre, construction solide et 50000 bouff\u00e9es \u2014 Bang Blaze Starry 50K offre \u00e9cran et 13 saveurs. Stock d\u00e8s 10 unit\u00e9s.<\/p>\n","protected":false},"featured_media":122785,"comment_status":"open","ping_status":"closed","template":"","meta":[],"product_brand":[],"product_cat":[893,987,994,988,989,992],"product_tag":[],"class_list":{"0":"post-125629","1":"product","2":"type-product","3":"status-publish","4":"has-post-thumbnail","6":"product_cat-bang","7":"product_cat-vapes-jetables-en-allemagne","8":"product_cat-vapes-jetables-en-espagne","9":"product_cat-vapes-jetables-en-hongrie","10":"product_cat-vapes-jetables-en-italie","11":"product_cat-vapes-jetables-en-pologne","13":"first","14":"instock","15":"shipping-taxable","16":"purchasable","17":"product-type-variable","18":"has-default-attributes"},"tiered_pricing_type":"fixed","tiered_pricing_fixed_rules":{"30":8.5600000000000004973799150320701301097869873046875,"50":6.7400000000000002131628207280300557613372802734375,"100":6.089999999999999857891452847979962825775146484375,"200":5.70000000000000017763568394002504646778106689453125,"400":5.25},"tiered_pricing_product_settings":{"layout":"default","base_unit_name":{"singular":null,"plural":null},"default_variation":null},"tiered_pricing_minimum_quantity":10,"tiered_pricing_roles_data":[],"tiered_pricing_percentage_rules":[],"tiered_pricing_maximum_quantity":null,"tiered_pricing_quantity_step":"10","_links":{"self":[{"href":"https:\/\/holavape.com\/fr\/wp-json\/wp\/v2\/product\/125629","targetHints":{"allow":["GET"]}}],"collection":[{"href":"https:\/\/holavape.com\/fr\/wp-json\/wp\/v2\/product"}],"about":[{"href":"https:\/\/holavape.com\/fr\/wp-json\/wp\/v2\/types\/product"}],"replies":[{"embeddable":true,"href":"https:\/\/holavape.com\/fr\/wp-json\/wp\/v2\/comments?post=125629"}],"wp:featuredmedia":[{"embeddable":true,"href":"https:\/\/holavape.com\/fr\/wp-json\/wp\/v2\/media\/122785"}],"wp:attachment":[{"href":"https:\/\/holavape.com\/fr\/wp-json\/wp\/v2\/media?parent=125629"}],"wp:term":[{"taxonomy":"product_brand","embeddable":true,"href":"https:\/\/holavape.com\/fr\/wp-json\/wp\/v2\/product_brand?post=125629"},{"taxonomy":"product_cat","embeddable":true,"href":"https:\/\/holavape.com\/fr\/wp-json\/wp\/v2\/product_cat?post=125629"},{"taxonomy":"product_tag","embeddable":true,"href":"https:\/\/holavape.com\/fr\/wp-json\/wp\/v2\/product_tag?post=125629"}],"curies":[{"name":"wp","href":"https:\/\/api.w.org\/{rel}","templated":true}]}}