{"id":125632,"date":"2026-04-17T06:42:08","date_gmt":"2026-04-17T06:42:08","guid":{"rendered":"https:\/\/holavape.com\/product\/happ-bar-mt50k-disposable-vape\/"},"modified":"2026-04-21T08:05:26","modified_gmt":"2026-04-21T08:05:26","slug":"happ-bar-mt50k-disposable-vape","status":"publish","type":"product","link":"https:\/\/holavape.com\/fr\/produit\/happ-bar-mt50k-disposable-vape\/","title":{"rendered":"Happ Bar MT50K | 50000 bouff\u00e9es, 45ml e-liquide, \u00e9cran LCD, r\u00e9sistance mesh, 16 saveurs, vape jetable en gros"},"content":{"rendered":"<h2>Happ Bar MT50K Disposable Vape Pr\u00e9sentation<\/h2>\n<p>Happ Bar MT50K Disposable Vape est un vapo jetable \u00e9quip\u00e9 d&rsquo;un \u00e9cran con\u00e7u pour les acheteurs en gros qui ont besoin d&rsquo;une sensation plus premium avec un statut visible de l&rsquo;appareil. Il combine 50 000 bouff\u00e9es, 45 ml d&rsquo;e-liquide et un \u00e9cran LCD dans un format facile \u00e0 positionner pour les rayons des magasins et les commandes group\u00e9es.<\/p>\n<p>La gamme de saveurs comprend 16 saveurs, ce qui permet \u00e0 ce mod\u00e8le de s&rsquo;int\u00e9grer parfaitement aux assortiments jetables de fruits, de glace, de bonbons et de profils mixtes.<\/p>\n<h2>Points saillants<\/h2>\n<ul>\n<li><strong>50 000 bouff\u00e9es<\/strong> pour un format d&rsquo;appareil plus durable<\/li>\n<li><strong>45 ml d&rsquo;e-liquide<\/strong> pour prendre en charge un nombre de bouff\u00e9es plus \u00e9lev\u00e9 et une utilisation quotidienne plus longue<\/li>\n<li><strong>\u00c9cran LCD<\/strong> afin que les utilisateurs puissent v\u00e9rifier plus facilement l&rsquo;\u00e9tat des p\u00e9riph\u00e9riques cl\u00e9s<\/li>\n<li><strong>16 saveurs<\/strong> pour couvrir une gamme de saveurs plus large<\/li>\n<li><strong>2% \/ 5%<\/strong> options de nicotine pour r\u00e9pondre aux diff\u00e9rents besoins du march\u00e9<\/li>\n<\/ul>\n<h2>Caract\u00e9ristiques<\/h2>\n<table>\n<tbody>\n<tr>\n<td><strong>Nom du produit<\/strong><\/td>\n<td>Happ Bar MT50K Disposable Vape<\/td>\n<\/tr>\n<tr>\n<td><strong>Nombre de bouff\u00e9es<\/strong><\/td>\n<td>50 000 bouff\u00e9es<\/td>\n<\/tr>\n<tr>\n<td><strong>Capacit\u00e9 e-liquide<\/strong><\/td>\n<td>45 ml d&rsquo;e-liquide<\/td>\n<\/tr>\n<tr>\n<td><strong>Afficher<\/strong><\/td>\n<td>\u00c9cran LCD<\/td>\n<\/tr>\n<tr>\n<td><strong>Options de saveur<\/strong><\/td>\n<td>16 saveurs<\/td>\n<\/tr>\n<tr>\n<td><strong>Force de la nicotine<\/strong><\/td>\n<td>2% \/ 5%<\/td>\n<\/tr>\n<\/tbody>\n<\/table>\n<h2>Options de saveur<\/h2>\n<p>Les options de saveurs disponibles incluent une saveur m\u00e9lang\u00e9e al\u00e9atoire (livraison rapide), de la glace \u00e0 la fraise, du kiwi \u00e0 la fraise, de la glace \u00e0 la fraise bleue, de la glace \u00e0 la past\u00e8que, du rhum \u00e0 l&rsquo;ananas, \u00e0 la noix de coco et au citron vert, \u00e0 la fraise du dragon noir, \u00e0 la bombe \u00e0 la cerise, et plus encore. Cela permet au Happ Bar MT50K de s&rsquo;adapter \u00e0 un plus large m\u00e9lange d&rsquo;assortiments de fruits, de glace, de bonbons et de vapes jetables \u00e0 profil sucr\u00e9.<\/p>\n","protected":false},"excerpt":{"rendered":"<p>Performance stable et 50000 bouff\u00e9es \u2014 Happ Bar MT50K offre 45ml e-liquide et \u00e9cran LCD. Stock en gros d\u00e8s 10 unit\u00e9s.<\/p>\n","protected":false},"featured_media":122953,"comment_status":"open","ping_status":"closed","template":"","meta":[],"product_brand":[],"product_cat":[979,1021,980,1019,990,987,994,983,986,989,992,981],"product_tag":[249,214,235,264,1108,1109,196,277,207,1113],"class_list":{"0":"post-125632","1":"product","2":"type-product","3":"status-publish","4":"has-post-thumbnail","6":"product_cat-types-de-vapes-jetables","7":"product_cat-vapes-a-ecran-intelligent","8":"product_cat-vapes-a-grand-nombre-de-bouffees","9":"product_cat-vapes-box-numeriques","10":"product_cat-vapes-jetables-aux-pays-bas","11":"product_cat-vapes-jetables-en-allemagne","12":"product_cat-vapes-jetables-en-espagne","13":"product_cat-vapes-jetables-en-europe","14":"product_cat-vapes-jetables-en-france","15":"product_cat-vapes-jetables-en-italie","16":"product_cat-vapes-jetables-en-pologne","17":"product_cat-vapes-rechargeables","18":"product_tag-50000-puffs-rechargeable-vape","19":"product_tag-50000-puffs-vape","20":"product_tag-bulk-disposable-vape-wholesale","21":"product_tag-disposable-vape-wholesale","22":"product_tag-happ-bar","23":"product_tag-happ-bar-disposable-vape","24":"product_tag-lcd-display-vape-wholesale","25":"product_tag-lcd-screen-disposable-vape","26":"product_tag-mesh-coil-rechargeable-vape","27":"product_tag-rechargeable-650mah-disposable-vape","29":"first","30":"instock","31":"shipping-taxable","32":"purchasable","33":"product-type-variable","34":"has-default-attributes"},"tiered_pricing_type":"fixed","tiered_pricing_fixed_rules":{"100":6.96999999999999975131004248396493494510650634765625,"200":6.480000000000000426325641456060111522674560546875,"400":6.21999999999999975131004248396493494510650634765625},"tiered_pricing_product_settings":{"layout":"default","base_unit_name":{"singular":null,"plural":null},"default_variation":null},"tiered_pricing_minimum_quantity":50,"tiered_pricing_roles_data":[],"tiered_pricing_percentage_rules":[],"tiered_pricing_maximum_quantity":null,"tiered_pricing_quantity_step":"10","_links":{"self":[{"href":"https:\/\/holavape.com\/fr\/wp-json\/wp\/v2\/product\/125632","targetHints":{"allow":["GET"]}}],"collection":[{"href":"https:\/\/holavape.com\/fr\/wp-json\/wp\/v2\/product"}],"about":[{"href":"https:\/\/holavape.com\/fr\/wp-json\/wp\/v2\/types\/product"}],"replies":[{"embeddable":true,"href":"https:\/\/holavape.com\/fr\/wp-json\/wp\/v2\/comments?post=125632"}],"wp:featuredmedia":[{"embeddable":true,"href":"https:\/\/holavape.com\/fr\/wp-json\/wp\/v2\/media\/122953"}],"wp:attachment":[{"href":"https:\/\/holavape.com\/fr\/wp-json\/wp\/v2\/media?parent=125632"}],"wp:term":[{"taxonomy":"product_brand","embeddable":true,"href":"https:\/\/holavape.com\/fr\/wp-json\/wp\/v2\/product_brand?post=125632"},{"taxonomy":"product_cat","embeddable":true,"href":"https:\/\/holavape.com\/fr\/wp-json\/wp\/v2\/product_cat?post=125632"},{"taxonomy":"product_tag","embeddable":true,"href":"https:\/\/holavape.com\/fr\/wp-json\/wp\/v2\/product_tag?post=125632"}],"curies":[{"name":"wp","href":"https:\/\/api.w.org\/{rel}","templated":true}]}}