{"id":129221,"date":"2026-04-17T06:38:38","date_gmt":"2026-04-17T06:38:38","guid":{"rendered":"https:\/\/holavape.com\/product\/jnr-falcon-pro-28k-disposable-vape\/"},"modified":"2026-04-21T08:05:38","modified_gmt":"2026-04-21T08:05:38","slug":"jnr-falcon-pro-28k-disposable-vape","status":"publish","type":"product","link":"https:\/\/holavape.com\/fr\/produit\/jnr-falcon-pro-28k-disposable-vape\/","title":{"rendered":"JNR Falcon Pro 28K | 28000 bouff\u00e9es, 21 saveurs, 2% nicotine, r\u00e9sistance mesh, vape jetable en gros"},"content":{"rendered":"<h2>JNR Falcon Pro 28K Disposable Vape Pr\u00e9sentation<\/h2>\n<p>JNR Falcon Pro 28K Disposable Vape est une vape jetable con\u00e7ue pour les acheteurs en gros qui ont besoin d&rsquo;un SKU simple avec des sp\u00e9cifications pratiques. Il combine 28 000 bouff\u00e9es et 20 saveurs dans un format facile \u00e0 positionner pour les rayons des magasins et les commandes group\u00e9es.<\/p>\n<p>La gamme de saveurs couvre 20 saveurs, ce qui permet \u00e0 ce mod\u00e8le de s&rsquo;int\u00e9grer parfaitement aux assortiments jetables de fruits, de glace, de bonbons et de profils mixtes.<\/p>\n<h2>Points saillants<\/h2>\n<ul>\n<li><strong>28 000 bouff\u00e9es<\/strong> pour un format d&rsquo;appareil plus durable<\/li>\n<li><strong>20 saveurs<\/strong> pour couvrir une gamme de saveurs plus large<\/li>\n<li><strong>2%<\/strong> options de nicotine pour r\u00e9pondre aux diff\u00e9rents besoins du march\u00e9<\/li>\n<\/ul>\n<h2>Caract\u00e9ristiques<\/h2>\n<table>\n<tbody>\n<tr>\n<td><strong>Nom du produit<\/strong><\/td>\n<td>JNR Falcon Pro 28K Disposable Vape<\/td>\n<\/tr>\n<tr>\n<td><strong>Nombre de bouff\u00e9es<\/strong><\/td>\n<td>28 000 bouff\u00e9es<\/td>\n<\/tr>\n<tr>\n<td><strong>Options de saveur<\/strong><\/td>\n<td>20 saveurs<\/td>\n<\/tr>\n<tr>\n<td><strong>Force de la nicotine<\/strong><\/td>\n<td>2%<\/td>\n<\/tr>\n<\/tbody>\n<\/table>\n<h2>Options de saveur<\/h2>\n<p>Les options de saveurs disponibles incluent la glace \u00e0 la fraise, le cola aux cerises, la glace \u00e0 la past\u00e8que, la cerise \u00e0 la framboise bleue, le kiwi aux fraises, les p\u00eaches juteuses, la glace aux myrtilles, les baies m\u00e9lang\u00e9es, et plus encore. Cela permet au JNR Falcon Pro 28K de s&rsquo;adapter \u00e0 un plus large m\u00e9lange d&rsquo;assortiments de fruits, de glace, de bonbons et de vapes jetables \u00e0 profil sucr\u00e9.<\/p>\n","protected":false},"excerpt":{"rendered":"<p>Remplissez vos rayons avec JNR Falcon Pro 28K \u2014 28000 bouff\u00e9es, 21 saveurs, 2% nicotine. Disponible en gros d\u00e8s 10 unit\u00e9s.<\/p>\n","protected":false},"featured_media":122743,"comment_status":"open","ping_status":"closed","template":"","meta":[],"product_brand":[],"product_cat":[1062,987,994,988,989,992],"product_tag":[],"class_list":{"0":"post-129221","1":"product","2":"type-product","3":"status-publish","4":"has-post-thumbnail","6":"product_cat-jnr","7":"product_cat-vapes-jetables-en-allemagne","8":"product_cat-vapes-jetables-en-espagne","9":"product_cat-vapes-jetables-en-hongrie","10":"product_cat-vapes-jetables-en-italie","11":"product_cat-vapes-jetables-en-pologne","13":"first","14":"instock","15":"shipping-taxable","16":"purchasable","17":"product-type-variable","18":"has-default-attributes"},"tiered_pricing_type":"fixed","tiered_pricing_fixed_rules":[],"tiered_pricing_product_settings":{"layout":"default","base_unit_name":{"singular":null,"plural":null},"default_variation":null},"tiered_pricing_minimum_quantity":1000,"tiered_pricing_roles_data":[],"tiered_pricing_percentage_rules":[],"tiered_pricing_maximum_quantity":null,"tiered_pricing_quantity_step":"10","_links":{"self":[{"href":"https:\/\/holavape.com\/fr\/wp-json\/wp\/v2\/product\/129221","targetHints":{"allow":["GET"]}}],"collection":[{"href":"https:\/\/holavape.com\/fr\/wp-json\/wp\/v2\/product"}],"about":[{"href":"https:\/\/holavape.com\/fr\/wp-json\/wp\/v2\/types\/product"}],"replies":[{"embeddable":true,"href":"https:\/\/holavape.com\/fr\/wp-json\/wp\/v2\/comments?post=129221"}],"wp:featuredmedia":[{"embeddable":true,"href":"https:\/\/holavape.com\/fr\/wp-json\/wp\/v2\/media\/122743"}],"wp:attachment":[{"href":"https:\/\/holavape.com\/fr\/wp-json\/wp\/v2\/media?parent=129221"}],"wp:term":[{"taxonomy":"product_brand","embeddable":true,"href":"https:\/\/holavape.com\/fr\/wp-json\/wp\/v2\/product_brand?post=129221"},{"taxonomy":"product_cat","embeddable":true,"href":"https:\/\/holavape.com\/fr\/wp-json\/wp\/v2\/product_cat?post=129221"},{"taxonomy":"product_tag","embeddable":true,"href":"https:\/\/holavape.com\/fr\/wp-json\/wp\/v2\/product_tag?post=129221"}],"curies":[{"name":"wp","href":"https:\/\/api.w.org\/{rel}","templated":true}]}}