{"id":130001,"date":"2026-04-17T06:33:00","date_gmt":"2026-04-17T06:33:00","guid":{"rendered":"https:\/\/holavape.com\/product\/waspe-30k-disposable-vape\/"},"modified":"2026-04-19T15:13:21","modified_gmt":"2026-04-19T15:13:21","slug":"waspe-30k-disposable-vape","status":"publish","type":"product","link":"https:\/\/holavape.com\/fr\/produit\/waspe-30k-disposable-vape\/","title":{"rendered":"WASPE 30K vape jetable"},"content":{"rendered":"<h2>WASPE 30K Disposable Vape Pr\u00e9sentation<\/h2>\n<p>WASPE 30K Disposable Vape est une vape jetable con\u00e7ue pour les acheteurs en gros qui ont besoin d&rsquo;un SKU simple avec des sp\u00e9cifications pratiques. Il combine 30 000 bouff\u00e9es, 28 ml d&rsquo;e-liquide et des bobines \u00e0 double maille dans un format facile \u00e0 positionner pour les rayons des magasins de d\u00e9tail et les commandes group\u00e9es.<\/p>\n<p>La gamme de saveurs comprend 16 saveurs, ce qui permet \u00e0 ce mod\u00e8le de s&rsquo;int\u00e9grer parfaitement aux assortiments jetables de fruits, de glace, de bonbons et de profils mixtes.<\/p>\n<h2>Points saillants<\/h2>\n<ul>\n<li><strong>30 000 bouff\u00e9es<\/strong> pour un format d&rsquo;appareil plus durable<\/li>\n<li><strong>28 ml d&rsquo;e-liquide<\/strong> pour prendre en charge un nombre de bouff\u00e9es plus \u00e9lev\u00e9 et une utilisation quotidienne plus longue<\/li>\n<li><strong>bobines \u00e0 double maille<\/strong> pour une saveur plus constante et une vapeur plus douce<\/li>\n<li><strong>Batterie 850 mAh<\/strong> pour une utilisation quotidienne plus fiable<\/li>\n<li><strong>16 saveurs<\/strong> pour couvrir une gamme de saveurs plus large<\/li>\n<li><strong>0% \/ 2% \/ 5%<\/strong> options de nicotine pour r\u00e9pondre aux diff\u00e9rents besoins du march\u00e9<\/li>\n<\/ul>\n<h2>Caract\u00e9ristiques<\/h2>\n<table>\n<tbody>\n<tr>\n<td><strong>Nom du produit<\/strong><\/td>\n<td>WASPE 30K Disposable Vape<\/td>\n<\/tr>\n<tr>\n<td><strong>Nombre de bouff\u00e9es<\/strong><\/td>\n<td>30 000 bouff\u00e9es<\/td>\n<\/tr>\n<tr>\n<td><strong>Capacit\u00e9 e-liquide<\/strong><\/td>\n<td>28 ml d&rsquo;e-liquide<\/td>\n<\/tr>\n<tr>\n<td><strong>Batterie<\/strong><\/td>\n<td>Batterie 850 mAh<\/td>\n<\/tr>\n<tr>\n<td><strong>Bobine<\/strong><\/td>\n<td>bobines \u00e0 double maille<\/td>\n<\/tr>\n<tr>\n<td><strong>Options de saveur<\/strong><\/td>\n<td>16 saveurs<\/td>\n<\/tr>\n<tr>\n<td><strong>Force de la nicotine<\/strong><\/td>\n<td>0% \/ 2% \/ 5%<\/td>\n<\/tr>\n<\/tbody>\n<\/table>\n<h2>Options de saveur<\/h2>\n<p>Les options de saveurs disponibles incluent Fraise Mangue, M\u00e9lange de Baies, Glace Past\u00e8que, Fraise Past\u00e8que, Fraise Red Bull, Kiwi Passion Fruit Goyave, Raisin Glace, Double Pomme Glace, et plus encore. Cela permet au WASPE 30K de s&rsquo;adapter \u00e0 un plus large m\u00e9lange d&rsquo;assortiments de fruits, de glace, de bonbons et de vapes jetables \u00e0 profil sucr\u00e9.<\/p>\n","protected":false},"excerpt":{"rendered":"<p>WASPE 30 000 bouff\u00e9es contient 30 000 bouff\u00e9es, 28 ml d&rsquo;e-liquide, des bobines \u00e0 double maille et une batterie de 850 mAh. Une option de vente en gros pratique pour les acheteurs qui souhaitent des ventes fiables au quotidien. \ud83c\udfaf<\/p>\n","protected":false},"featured_media":122366,"comment_status":"open","ping_status":"closed","template":"","meta":[],"product_brand":[],"product_cat":[973,979,1023,1021,980,1019,1020,990,987,984,985,994,983,986,988,989,991,992,993,995,996,978,981,1059],"product_tag":[],"class_list":{"0":"post-130001","1":"product","2":"type-product","3":"status-publish","4":"has-post-thumbnail","6":"product_cat-fihp-fr","7":"product_cat-types-de-vapes-jetables","8":"product_cat-vape-jetable-30000-bouffees","9":"product_cat-vapes-a-ecran-intelligent","10":"product_cat-vapes-a-grand-nombre-de-bouffees","11":"product_cat-vapes-box-numeriques","12":"product_cat-vapes-double-mesh","13":"product_cat-vapes-jetables-aux-pays-bas","14":"product_cat-vapes-jetables-en-allemagne","15":"product_cat-vapes-jetables-en-autriche","16":"product_cat-vapes-jetables-en-belgique","17":"product_cat-vapes-jetables-en-espagne","18":"product_cat-vapes-jetables-en-europe","19":"product_cat-vapes-jetables-en-france","20":"product_cat-vapes-jetables-en-hongrie","21":"product_cat-vapes-jetables-en-italie","22":"product_cat-vapes-jetables-en-norvege","23":"product_cat-vapes-jetables-en-pologne","24":"product_cat-vapes-jetables-en-portugal","25":"product_cat-vapes-jetables-en-suede","26":"product_cat-vapes-jetables-en-suisse","27":"product_cat-vapes-jetables-par-nombre-de-bouffees","28":"product_cat-vapes-rechargeables","29":"product_cat-waspe","31":"first","32":"instock","33":"shipping-taxable","34":"purchasable","35":"product-type-variable","36":"has-default-attributes"},"tiered_pricing_type":"fixed","tiered_pricing_fixed_rules":{"2000":6.089999999999999857891452847979962825775146484375},"tiered_pricing_product_settings":{"layout":"default","base_unit_name":{"singular":null,"plural":null},"default_variation":null},"tiered_pricing_minimum_quantity":1000,"tiered_pricing_roles_data":[],"tiered_pricing_percentage_rules":[],"tiered_pricing_maximum_quantity":null,"tiered_pricing_quantity_step":"10","_links":{"self":[{"href":"https:\/\/holavape.com\/fr\/wp-json\/wp\/v2\/product\/130001","targetHints":{"allow":["GET"]}}],"collection":[{"href":"https:\/\/holavape.com\/fr\/wp-json\/wp\/v2\/product"}],"about":[{"href":"https:\/\/holavape.com\/fr\/wp-json\/wp\/v2\/types\/product"}],"replies":[{"embeddable":true,"href":"https:\/\/holavape.com\/fr\/wp-json\/wp\/v2\/comments?post=130001"}],"wp:featuredmedia":[{"embeddable":true,"href":"https:\/\/holavape.com\/fr\/wp-json\/wp\/v2\/media\/122366"}],"wp:attachment":[{"href":"https:\/\/holavape.com\/fr\/wp-json\/wp\/v2\/media?parent=130001"}],"wp:term":[{"taxonomy":"product_brand","embeddable":true,"href":"https:\/\/holavape.com\/fr\/wp-json\/wp\/v2\/product_brand?post=130001"},{"taxonomy":"product_cat","embeddable":true,"href":"https:\/\/holavape.com\/fr\/wp-json\/wp\/v2\/product_cat?post=130001"},{"taxonomy":"product_tag","embeddable":true,"href":"https:\/\/holavape.com\/fr\/wp-json\/wp\/v2\/product_tag?post=130001"}],"curies":[{"name":"wp","href":"https:\/\/api.w.org\/{rel}","templated":true}]}}