{"id":130319,"date":"2026-04-17T06:37:46","date_gmt":"2026-04-17T06:37:46","guid":{"rendered":"https:\/\/holavape.com\/product\/vozol-star-40k-disposable-vape\/"},"modified":"2026-04-21T08:05:37","modified_gmt":"2026-04-21T08:05:37","slug":"vozol-star-40k-disposable-vape","status":"publish","type":"product","link":"https:\/\/holavape.com\/fr\/produit\/vozol-star-40k-disposable-vape\/","title":{"rendered":"VOZOL Star 40K | 40000 bouff\u00e9es, 17 saveurs, double mode, 1000mAh batterie, vape jetable en gros"},"content":{"rendered":"<h2>VOZOL Star 40K Disposable Vape Pr\u00e9sentation<\/h2>\n<p>VOZOL Star 40K Disposable Vape est une vape jetable con\u00e7ue pour les acheteurs en gros qui ont besoin d&rsquo;un SKU simple avec des sp\u00e9cifications pratiques. Il combine 40 000 bouff\u00e9es, une batterie de 1 000 mAh et 16 saveurs dans un format facile \u00e0 positionner pour les rayons des magasins et les commandes group\u00e9es.<\/p>\n<p>La gamme de saveurs comprend 16 saveurs, ce qui permet \u00e0 ce mod\u00e8le de s&rsquo;int\u00e9grer parfaitement aux assortiments jetables de fruits, de glace, de bonbons et de profils mixtes.<\/p>\n<h2>Points saillants<\/h2>\n<ul>\n<li><strong>40 000 bouff\u00e9es<\/strong> pour un format d&rsquo;appareil plus durable<\/li>\n<li><strong>Batterie 1000mAh<\/strong> pour une utilisation quotidienne plus fiable<\/li>\n<li><strong>16 saveurs<\/strong> pour couvrir une gamme de saveurs plus large<\/li>\n<li><strong>5%<\/strong> options de nicotine pour r\u00e9pondre aux diff\u00e9rents besoins du march\u00e9<\/li>\n<\/ul>\n<h2>Caract\u00e9ristiques<\/h2>\n<table>\n<tbody>\n<tr>\n<td><strong>Nom du produit<\/strong><\/td>\n<td>VOZOL Star 40K Disposable Vape<\/td>\n<\/tr>\n<tr>\n<td><strong>Nombre de bouff\u00e9es<\/strong><\/td>\n<td>40 000 bouff\u00e9es<\/td>\n<\/tr>\n<tr>\n<td><strong>Batterie<\/strong><\/td>\n<td>Batterie 1000mAh<\/td>\n<\/tr>\n<tr>\n<td><strong>Options de saveur<\/strong><\/td>\n<td>16 saveurs<\/td>\n<\/tr>\n<tr>\n<td><strong>Force de la nicotine<\/strong><\/td>\n<td>5%<\/td>\n<\/tr>\n<\/tbody>\n<\/table>\n<h2>Options de saveur<\/h2>\n<p>Les options de saveurs disponibles incluent Grape Ice, Mango Peach, Peach Berry, Mango Ice, Juciy Peach, Miami Mint, Lychee Orange Passion Fruit, Strawberry Banana, et plus encore. Cela permet au VOZOL Star 40K de s&rsquo;adapter \u00e0 un plus large m\u00e9lange d&rsquo;assortiments de fruits, de glace, de bonbons et de vapes jetables \u00e0 profil sucr\u00e9.<\/p>\n","protected":false},"excerpt":{"rendered":"<p>Vous cherchez 40000 bouff\u00e9es ? VOZOL Star 40K livre 17 saveurs et double mode. Disponible en gros d\u00e8s 10 unit\u00e9s.<\/p>\n","protected":false},"featured_media":122670,"comment_status":"open","ping_status":"closed","template":"","meta":[],"product_brand":[],"product_cat":[1093,1094,205],"product_tag":[],"class_list":{"0":"post-130319","1":"product","2":"type-product","3":"status-publish","4":"has-post-thumbnail","6":"product_cat-new-h","7":"product_cat-new-r","8":"product_cat-vozol","10":"first","11":"instock","12":"shipping-taxable","13":"purchasable","14":"product-type-variable","15":"has-default-attributes"},"tiered_pricing_type":"fixed","tiered_pricing_fixed_rules":{"30":10.3699999999999992184029906638897955417633056640625,"50":9.199999999999999289457264239899814128875732421875,"100":8.8100000000000004973799150320701301097869873046875,"200":8.6899999999999995026200849679298698902130126953125,"400":8.300000000000000710542735760100185871124267578125},"tiered_pricing_product_settings":{"layout":"default","base_unit_name":{"singular":null,"plural":null},"default_variation":null},"tiered_pricing_minimum_quantity":10,"tiered_pricing_roles_data":[],"tiered_pricing_percentage_rules":[],"tiered_pricing_maximum_quantity":null,"tiered_pricing_quantity_step":"10","_links":{"self":[{"href":"https:\/\/holavape.com\/fr\/wp-json\/wp\/v2\/product\/130319","targetHints":{"allow":["GET"]}}],"collection":[{"href":"https:\/\/holavape.com\/fr\/wp-json\/wp\/v2\/product"}],"about":[{"href":"https:\/\/holavape.com\/fr\/wp-json\/wp\/v2\/types\/product"}],"replies":[{"embeddable":true,"href":"https:\/\/holavape.com\/fr\/wp-json\/wp\/v2\/comments?post=130319"}],"wp:featuredmedia":[{"embeddable":true,"href":"https:\/\/holavape.com\/fr\/wp-json\/wp\/v2\/media\/122670"}],"wp:attachment":[{"href":"https:\/\/holavape.com\/fr\/wp-json\/wp\/v2\/media?parent=130319"}],"wp:term":[{"taxonomy":"product_brand","embeddable":true,"href":"https:\/\/holavape.com\/fr\/wp-json\/wp\/v2\/product_brand?post=130319"},{"taxonomy":"product_cat","embeddable":true,"href":"https:\/\/holavape.com\/fr\/wp-json\/wp\/v2\/product_cat?post=130319"},{"taxonomy":"product_tag","embeddable":true,"href":"https:\/\/holavape.com\/fr\/wp-json\/wp\/v2\/product_tag?post=130319"}],"curies":[{"name":"wp","href":"https:\/\/api.w.org\/{rel}","templated":true}]}}