{"id":130423,"date":"2026-04-17T06:29:17","date_gmt":"2026-04-17T06:29:17","guid":{"rendered":"https:\/\/holavape.com\/product\/vapsolo-twins-20k-disposable-vape\/"},"modified":"2026-04-19T15:20:12","modified_gmt":"2026-04-19T15:20:12","slug":"vapsolo-twins-20k-disposable-vape","status":"publish","type":"product","link":"https:\/\/holavape.com\/fr\/produit\/vapsolo-twins-20k-disposable-vape\/","title":{"rendered":"Vapsolo Twins 20K vape jetable"},"content":{"rendered":"<h2>Vapsolo Twins 20K Disposable Vape Pr\u00e9sentation<\/h2>\n<p>Vapsolo Twins 20K Disposable Vape est un vapo jetable \u00e9quip\u00e9 d&rsquo;un \u00e9cran con\u00e7u pour les acheteurs en gros qui ont besoin d&rsquo;une sensation plus premium avec un statut visible de l&rsquo;appareil. Il combine 20 000 bouff\u00e9es, 25 ml d&rsquo;e-liquide et un affichage sur \u00e9cran dans un format facile \u00e0 positionner pour les rayons des magasins et les commandes group\u00e9es.<\/p>\n<p>La combinaison globale de sp\u00e9cifications maintient le positionnement clair\u00a0: des fonctionnalit\u00e9s pratiques, un cadrage de produit \u00e9pur\u00e9 et un ajustement facile pour les gammes de gros quotidiennes.<\/p>\n<h2>Points saillants<\/h2>\n<ul>\n<li><strong>20 000 bouff\u00e9es<\/strong> pour un format d&rsquo;appareil plus durable<\/li>\n<li><strong>25 ml d&rsquo;e-liquide<\/strong> pour prendre en charge un nombre de bouff\u00e9es plus \u00e9lev\u00e9 et une utilisation quotidienne plus longue<\/li>\n<li><strong>affichage \u00e0 l&rsquo;\u00e9cran<\/strong> afin que les utilisateurs puissent v\u00e9rifier plus facilement l&rsquo;\u00e9tat des p\u00e9riph\u00e9riques cl\u00e9s<\/li>\n<li><strong>2%<\/strong> options de nicotine pour r\u00e9pondre aux diff\u00e9rents besoins du march\u00e9<\/li>\n<\/ul>\n<h2>Caract\u00e9ristiques<\/h2>\n<table>\n<tbody>\n<tr>\n<td><strong>Nom du produit<\/strong><\/td>\n<td>Vapsolo Twins 20K Disposable Vape<\/td>\n<\/tr>\n<tr>\n<td><strong>Nombre de bouff\u00e9es<\/strong><\/td>\n<td>20 000 bouff\u00e9es<\/td>\n<\/tr>\n<tr>\n<td><strong>Capacit\u00e9 e-liquide<\/strong><\/td>\n<td>25 ml d&rsquo;e-liquide<\/td>\n<\/tr>\n<tr>\n<td><strong>Afficher<\/strong><\/td>\n<td>affichage \u00e0 l&rsquo;\u00e9cran<\/td>\n<\/tr>\n<tr>\n<td><strong>Force de la nicotine<\/strong><\/td>\n<td>2%<\/td>\n<\/tr>\n<\/tbody>\n<\/table>\n","protected":false},"excerpt":{"rendered":"<p>Vapsolo Twins 20 000 bouff\u00e9es offre 20 000 bouff\u00e9es, une commutation \u00e0 double saveur, un e-liquide de 25 ml et un affichage sur \u00e9cran. Un choix multi-saveurs flexible pour les magasins qui souhaitent plus de vari\u00e9t\u00e9 dans un seul appareil. \ud83c\udf08<\/p>\n","protected":false},"featured_media":122078,"comment_status":"open","ping_status":"closed","template":"","meta":[],"product_brand":[],"product_cat":[979,1022,1021,980,1019,990,987,984,985,994,983,986,988,989,991,992,993,995,996,978,981],"product_tag":[],"class_list":{"0":"post-130423","1":"product","2":"type-product","3":"status-publish","4":"has-post-thumbnail","6":"product_cat-types-de-vapes-jetables","7":"product_cat-vape-jetable-20000-bouffees","8":"product_cat-vapes-a-ecran-intelligent","9":"product_cat-vapes-a-grand-nombre-de-bouffees","10":"product_cat-vapes-box-numeriques","11":"product_cat-vapes-jetables-aux-pays-bas","12":"product_cat-vapes-jetables-en-allemagne","13":"product_cat-vapes-jetables-en-autriche","14":"product_cat-vapes-jetables-en-belgique","15":"product_cat-vapes-jetables-en-espagne","16":"product_cat-vapes-jetables-en-europe","17":"product_cat-vapes-jetables-en-france","18":"product_cat-vapes-jetables-en-hongrie","19":"product_cat-vapes-jetables-en-italie","20":"product_cat-vapes-jetables-en-norvege","21":"product_cat-vapes-jetables-en-pologne","22":"product_cat-vapes-jetables-en-portugal","23":"product_cat-vapes-jetables-en-suede","24":"product_cat-vapes-jetables-en-suisse","25":"product_cat-vapes-jetables-par-nombre-de-bouffees","26":"product_cat-vapes-rechargeables","28":"first","29":"instock","30":"shipping-taxable","31":"purchasable","32":"product-type-variable","33":"has-default-attributes"},"tiered_pricing_type":"fixed","tiered_pricing_fixed_rules":{"2000":7.589999999999999857891452847979962825775146484375},"tiered_pricing_product_settings":{"layout":"default","base_unit_name":{"singular":null,"plural":null},"default_variation":null},"tiered_pricing_minimum_quantity":1000,"tiered_pricing_roles_data":[],"tiered_pricing_percentage_rules":[],"tiered_pricing_maximum_quantity":null,"tiered_pricing_quantity_step":"10","_links":{"self":[{"href":"https:\/\/holavape.com\/fr\/wp-json\/wp\/v2\/product\/130423","targetHints":{"allow":["GET"]}}],"collection":[{"href":"https:\/\/holavape.com\/fr\/wp-json\/wp\/v2\/product"}],"about":[{"href":"https:\/\/holavape.com\/fr\/wp-json\/wp\/v2\/types\/product"}],"replies":[{"embeddable":true,"href":"https:\/\/holavape.com\/fr\/wp-json\/wp\/v2\/comments?post=130423"}],"wp:featuredmedia":[{"embeddable":true,"href":"https:\/\/holavape.com\/fr\/wp-json\/wp\/v2\/media\/122078"}],"wp:attachment":[{"href":"https:\/\/holavape.com\/fr\/wp-json\/wp\/v2\/media?parent=130423"}],"wp:term":[{"taxonomy":"product_brand","embeddable":true,"href":"https:\/\/holavape.com\/fr\/wp-json\/wp\/v2\/product_brand?post=130423"},{"taxonomy":"product_cat","embeddable":true,"href":"https:\/\/holavape.com\/fr\/wp-json\/wp\/v2\/product_cat?post=130423"},{"taxonomy":"product_tag","embeddable":true,"href":"https:\/\/holavape.com\/fr\/wp-json\/wp\/v2\/product_tag?post=130423"}],"curies":[{"name":"wp","href":"https:\/\/api.w.org\/{rel}","templated":true}]}}