{"id":131914,"date":"2026-04-17T06:32:15","date_gmt":"2026-04-17T06:32:15","guid":{"rendered":"https:\/\/holavape.com\/product\/waspe-40k-twins-disposable-vape\/"},"modified":"2026-04-19T15:15:46","modified_gmt":"2026-04-19T15:15:46","slug":"waspe-40k-twins-disposable-vape","status":"publish","type":"product","link":"https:\/\/holavape.com\/fr\/produit\/waspe-40k-twins-disposable-vape\/","title":{"rendered":"WASPE 40K Twins vape jetable"},"content":{"rendered":"<h2>WASPE 40K Twins Disposable Vape Pr\u00e9sentation<\/h2>\n<p>WASPE 40K Twins Disposable Vape est un vape jetable multi-saveurs con\u00e7u pour les acheteurs en gros qui ont besoin d&rsquo;une plus grande vari\u00e9t\u00e9 de saveurs dans un seul appareil. Il combine 40 000 bouff\u00e9es, 36 ml d&rsquo;e-liquide et des bobines \u00e0 double maille dans un format facile \u00e0 positionner pour les rayons des magasins de d\u00e9tail et les commandes group\u00e9es.<\/p>\n<p>La version par d\u00e9faut \u00e0 2\u00a0% est stock\u00e9e dans notre entrep\u00f4t de l&rsquo;UE pour une livraison plus rapide dans toute l&rsquo;Europe, ce qui facilite la prise en charge d&rsquo;un r\u00e9approvisionnement en gros plus rapide.<\/p>\n<h2>Points saillants<\/h2>\n<ul>\n<li><strong>40 000 bouff\u00e9es<\/strong> pour un format d&rsquo;appareil plus durable<\/li>\n<li><strong>Commutation \u00e0 deux saveurs<\/strong> pour plus de vari\u00e9t\u00e9 sans SKU suppl\u00e9mentaires<\/li>\n<li><strong>36 ml d&rsquo;e-liquide<\/strong> pour prendre en charge un nombre de bouff\u00e9es plus \u00e9lev\u00e9 et une utilisation quotidienne plus longue<\/li>\n<li><strong>bobines \u00e0 double maille<\/strong> pour une saveur plus constante et une vapeur plus douce<\/li>\n<li><strong>21 saveurs<\/strong> pour couvrir une gamme de saveurs plus large<\/li>\n<li><strong>0% \/ 2% \/ 5%<\/strong> options de nicotine pour r\u00e9pondre aux diff\u00e9rents besoins du march\u00e9<\/li>\n<\/ul>\n<h2>Caract\u00e9ristiques<\/h2>\n<table>\n<tbody>\n<tr>\n<td><strong>Nom du produit<\/strong><\/td>\n<td>WASPE 40K Twins Disposable Vape<\/td>\n<\/tr>\n<tr>\n<td><strong>Nombre de bouff\u00e9es<\/strong><\/td>\n<td>40 000 bouff\u00e9es<\/td>\n<\/tr>\n<tr>\n<td><strong>Capacit\u00e9 e-liquide<\/strong><\/td>\n<td>36 ml d&rsquo;e-liquide<\/td>\n<\/tr>\n<tr>\n<td><strong>Bobine<\/strong><\/td>\n<td>bobines \u00e0 double maille<\/td>\n<\/tr>\n<tr>\n<td><strong>Syst\u00e8me de saveur<\/strong><\/td>\n<td>commutation \u00e0 deux saveurs<\/td>\n<\/tr>\n<tr>\n<td><strong>Force de la nicotine<\/strong><\/td>\n<td>0% \/ 2% \/ 5%<\/td>\n<\/tr>\n<\/tbody>\n<\/table>\n<h2>Options de saveur<\/h2>\n<p>Les options de saveurs disponibles incluent des saveurs m\u00e9lang\u00e9es al\u00e9atoires, de la glace \u00e0 la past\u00e8que et au citron vert, de la glace \u00e0 la cerise p\u00e9tillante et de la barbe \u00e0 papa aux bleuets, de la past\u00e8que aux fraises et de la framboise aux bleuets, de la glace Red Bull et de la mangue aux fraises, de la glace \u00e0 la p\u00eache et \u00e0 l&rsquo;ananas et \u00e0 la mangue, de la glace aux raisins et au kiwi aux fraises, de baies m\u00e9lang\u00e9es et de glace aux pommes doubles, et plus encore. Cela permet aux WASPE 40K Twins de s&rsquo;adapter \u00e0 un plus large m\u00e9lange d&rsquo;assortiments de fruits, de glace, de bonbons et de vapes jetables \u00e0 profil sucr\u00e9.<\/p>\n","protected":false},"excerpt":{"rendered":"<p>WASPE 40K Double Flavor Twins 40 000 bouff\u00e9es contient 40 000 bouff\u00e9es, commutation double saveur, 36 ml d&rsquo;e-liquide et bobines \u00e0 double maille. Un excellent choix d\u2019entrep\u00f4t europ\u00e9en pour les acheteurs qui souhaitent plus de vari\u00e9t\u00e9 dans un seul appareil. \ud83c\udf08<\/p>\n","protected":false},"featured_media":122439,"comment_status":"open","ping_status":"closed","template":"","meta":[],"product_brand":[],"product_cat":[979,892,1021,980,1019,990,987,984,985,994,983,986,988,989,991,992,993,995,996,978,981,1059],"product_tag":[165,1100,1101,1102,1103,1104],"class_list":{"0":"post-131914","1":"product","2":"type-product","3":"status-publish","4":"has-post-thumbnail","6":"product_cat-types-de-vapes-jetables","7":"product_cat-vape-jetable-40000-bouffees","8":"product_cat-vapes-a-ecran-intelligent","9":"product_cat-vapes-a-grand-nombre-de-bouffees","10":"product_cat-vapes-box-numeriques","11":"product_cat-vapes-jetables-aux-pays-bas","12":"product_cat-vapes-jetables-en-allemagne","13":"product_cat-vapes-jetables-en-autriche","14":"product_cat-vapes-jetables-en-belgique","15":"product_cat-vapes-jetables-en-espagne","16":"product_cat-vapes-jetables-en-europe","17":"product_cat-vapes-jetables-en-france","18":"product_cat-vapes-jetables-en-hongrie","19":"product_cat-vapes-jetables-en-italie","20":"product_cat-vapes-jetables-en-norvege","21":"product_cat-vapes-jetables-en-pologne","22":"product_cat-vapes-jetables-en-portugal","23":"product_cat-vapes-jetables-en-suede","24":"product_cat-vapes-jetables-en-suisse","25":"product_cat-vapes-jetables-par-nombre-de-bouffees","26":"product_cat-vapes-rechargeables","27":"product_cat-waspe","28":"product_tag-best-disposable-vapes","29":"product_tag-disposable-vape-in-europe","30":"product_tag-screen-vape","31":"product_tag-vape-suppliers","32":"product_tag-wholesale-vapes","33":"product_tag-wholesale-vapor","35":"first","36":"instock","37":"shipping-taxable","38":"purchasable","39":"product-type-variable","40":"has-default-attributes"},"tiered_pricing_type":"fixed","tiered_pricing_fixed_rules":{"30":8.230000000000000426325641456060111522674560546875,"50":7.12999999999999989341858963598497211933135986328125,"100":6.61000000000000031974423109204508364200592041015625,"200":6.21999999999999975131004248396493494510650634765625,"400":5.63999999999999968025576890795491635799407958984375},"tiered_pricing_product_settings":{"layout":"default","base_unit_name":{"singular":null,"plural":null},"default_variation":null},"tiered_pricing_minimum_quantity":10,"tiered_pricing_roles_data":[],"tiered_pricing_percentage_rules":[],"tiered_pricing_maximum_quantity":null,"tiered_pricing_quantity_step":"10","_links":{"self":[{"href":"https:\/\/holavape.com\/fr\/wp-json\/wp\/v2\/product\/131914","targetHints":{"allow":["GET"]}}],"collection":[{"href":"https:\/\/holavape.com\/fr\/wp-json\/wp\/v2\/product"}],"about":[{"href":"https:\/\/holavape.com\/fr\/wp-json\/wp\/v2\/types\/product"}],"replies":[{"embeddable":true,"href":"https:\/\/holavape.com\/fr\/wp-json\/wp\/v2\/comments?post=131914"}],"wp:featuredmedia":[{"embeddable":true,"href":"https:\/\/holavape.com\/fr\/wp-json\/wp\/v2\/media\/122439"}],"wp:attachment":[{"href":"https:\/\/holavape.com\/fr\/wp-json\/wp\/v2\/media?parent=131914"}],"wp:term":[{"taxonomy":"product_brand","embeddable":true,"href":"https:\/\/holavape.com\/fr\/wp-json\/wp\/v2\/product_brand?post=131914"},{"taxonomy":"product_cat","embeddable":true,"href":"https:\/\/holavape.com\/fr\/wp-json\/wp\/v2\/product_cat?post=131914"},{"taxonomy":"product_tag","embeddable":true,"href":"https:\/\/holavape.com\/fr\/wp-json\/wp\/v2\/product_tag?post=131914"}],"curies":[{"name":"wp","href":"https:\/\/api.w.org\/{rel}","templated":true}]}}