{"id":136426,"date":"2026-04-17T06:15:38","date_gmt":"2026-04-17T06:15:38","guid":{"rendered":"https:\/\/holavape.com\/product\/randm-tornado-9k-disposable-vape\/"},"modified":"2026-04-21T08:06:08","modified_gmt":"2026-04-21T08:06:08","slug":"randm-tornado-9k-disposable-vape","status":"publish","type":"product","link":"https:\/\/holavape.com\/fr\/produit\/randm-tornado-9k-disposable-vape\/","title":{"rendered":"RandM Tornado 9K | 9000 bouff\u00e9es, 44 saveurs, 18ml e-liquide, 850mAh, vape jetable en gros"},"content":{"rendered":"<h2>RandM Tornado 9K Disposable Vape Pr\u00e9sentation<\/h2>\n<p>RandM Tornado 9K Disposable Vape est une vape jetable compacte con\u00e7ue pour les acheteurs en gros qui ont besoin d&rsquo;un SKU d&rsquo;entr\u00e9e de gamme compact avec un renouvellement facile. Il combine 9 000 bouff\u00e9es, 18 ml d&rsquo;e-liquide et une batterie de 850 mAh dans un format facile \u00e0 positionner pour les rayons des magasins de d\u00e9tail et les commandes group\u00e9es.<\/p>\n<p>La gamme de saveurs couvre 42 saveurs, ce qui permet \u00e0 ce mod\u00e8le de s&rsquo;int\u00e9grer parfaitement aux assortiments de fruits, de glace, de bonbons et de produits jetables \u00e0 profil mixte.<\/p>\n<h2>Points saillants<\/h2>\n<ul>\n<li><strong>9 000 bouff\u00e9es<\/strong> pour un format d&rsquo;appareil plus durable<\/li>\n<li><strong>18 ml d&rsquo;e-liquide<\/strong> pour prendre en charge un nombre de bouff\u00e9es plus \u00e9lev\u00e9 et une utilisation quotidienne plus longue<\/li>\n<li><strong>Batterie 850 mAh<\/strong> pour une utilisation quotidienne plus fiable<\/li>\n<li><strong>42 saveurs<\/strong> pour couvrir une gamme de saveurs plus large<\/li>\n<li><strong>2% \/ 5%<\/strong> options de nicotine pour r\u00e9pondre aux diff\u00e9rents besoins du march\u00e9<\/li>\n<\/ul>\n<h2>Caract\u00e9ristiques<\/h2>\n<table>\n<tbody>\n<tr>\n<td><strong>Nom du produit<\/strong><\/td>\n<td>RandM Tornado 9K Disposable Vape<\/td>\n<\/tr>\n<tr>\n<td><strong>Nombre de bouff\u00e9es<\/strong><\/td>\n<td>9 000 bouff\u00e9es<\/td>\n<\/tr>\n<tr>\n<td><strong>Capacit\u00e9 e-liquide<\/strong><\/td>\n<td>18 ml d&rsquo;e-liquide<\/td>\n<\/tr>\n<tr>\n<td><strong>Batterie<\/strong><\/td>\n<td>Batterie 850 mAh<\/td>\n<\/tr>\n<tr>\n<td><strong>Options de saveur<\/strong><\/td>\n<td>42 saveurs<\/td>\n<\/tr>\n<tr>\n<td><strong>Force de la nicotine<\/strong><\/td>\n<td>2% \/ 5%<\/td>\n<\/tr>\n<\/tbody>\n<\/table>\n<h2>Options de saveur<\/h2>\n<p>Les options de saveurs disponibles incluent Lush Ice, Blue Raspberry Ice, Strawberry Watermelon, Strawberry Lemonade, Sour Apple, Cotton Pear, Skittles Candy, Gummy Bears, et plus encore. Cela permet \u00e0 RandM Tornado 9K de s&rsquo;adapter \u00e0 un plus large m\u00e9lange d&rsquo;assortiments de fruits, de glace, de bonbons et de vapes jetables \u00e0 profil sucr\u00e9.<\/p>\n","protected":false},"excerpt":{"rendered":"<p>Tirage propre, construction solide et 9000 bouff\u00e9es \u2014 RandM Tornado 9K offre 44 saveurs et 18ml e-liquide. Stock d\u00e8s 10 unit\u00e9s.<\/p>\n","protected":false},"featured_media":121203,"comment_status":"open","ping_status":"closed","template":"","meta":[],"product_brand":[],"product_cat":[976,979,1030,980,990,987,984,985,994,983,986,988,989,991,992,993,995,996,978],"product_tag":[],"class_list":{"0":"post-136426","1":"product","2":"type-product","3":"status-publish","4":"has-post-thumbnail","6":"product_cat-randm","7":"product_cat-types-de-vapes-jetables","8":"product_cat-vape-jetable-9000-bouffees","9":"product_cat-vapes-a-grand-nombre-de-bouffees","10":"product_cat-vapes-jetables-aux-pays-bas","11":"product_cat-vapes-jetables-en-allemagne","12":"product_cat-vapes-jetables-en-autriche","13":"product_cat-vapes-jetables-en-belgique","14":"product_cat-vapes-jetables-en-espagne","15":"product_cat-vapes-jetables-en-europe","16":"product_cat-vapes-jetables-en-france","17":"product_cat-vapes-jetables-en-hongrie","18":"product_cat-vapes-jetables-en-italie","19":"product_cat-vapes-jetables-en-norvege","20":"product_cat-vapes-jetables-en-pologne","21":"product_cat-vapes-jetables-en-portugal","22":"product_cat-vapes-jetables-en-suede","23":"product_cat-vapes-jetables-en-suisse","24":"product_cat-vapes-jetables-par-nombre-de-bouffees","26":"first","27":"instock","28":"shipping-taxable","29":"purchasable","30":"product-type-variable","31":"has-default-attributes"},"tiered_pricing_type":"fixed","tiered_pricing_fixed_rules":{"2000":7.37999999999999989341858963598497211933135986328125},"tiered_pricing_product_settings":{"layout":"default","base_unit_name":{"singular":null,"plural":null},"default_variation":null},"tiered_pricing_minimum_quantity":1000,"tiered_pricing_roles_data":[],"tiered_pricing_percentage_rules":[],"tiered_pricing_maximum_quantity":null,"tiered_pricing_quantity_step":"10","_links":{"self":[{"href":"https:\/\/holavape.com\/fr\/wp-json\/wp\/v2\/product\/136426","targetHints":{"allow":["GET"]}}],"collection":[{"href":"https:\/\/holavape.com\/fr\/wp-json\/wp\/v2\/product"}],"about":[{"href":"https:\/\/holavape.com\/fr\/wp-json\/wp\/v2\/types\/product"}],"replies":[{"embeddable":true,"href":"https:\/\/holavape.com\/fr\/wp-json\/wp\/v2\/comments?post=136426"}],"wp:featuredmedia":[{"embeddable":true,"href":"https:\/\/holavape.com\/fr\/wp-json\/wp\/v2\/media\/121203"}],"wp:attachment":[{"href":"https:\/\/holavape.com\/fr\/wp-json\/wp\/v2\/media?parent=136426"}],"wp:term":[{"taxonomy":"product_brand","embeddable":true,"href":"https:\/\/holavape.com\/fr\/wp-json\/wp\/v2\/product_brand?post=136426"},{"taxonomy":"product_cat","embeddable":true,"href":"https:\/\/holavape.com\/fr\/wp-json\/wp\/v2\/product_cat?post=136426"},{"taxonomy":"product_tag","embeddable":true,"href":"https:\/\/holavape.com\/fr\/wp-json\/wp\/v2\/product_tag?post=136426"}],"curies":[{"name":"wp","href":"https:\/\/api.w.org\/{rel}","templated":true}]}}