{"id":137092,"date":"2026-04-17T06:14:34","date_gmt":"2026-04-17T06:14:34","guid":{"rendered":"https:\/\/holavape.com\/product\/fumot-randm-tornado-pro-9k-disposable-vape\/"},"modified":"2026-04-21T08:06:08","modified_gmt":"2026-04-21T08:06:08","slug":"fumot-randm-tornado-pro-9k-disposable-vape","status":"publish","type":"product","link":"https:\/\/holavape.com\/fr\/produit\/fumot-randm-tornado-pro-9k-disposable-vape\/","title":{"rendered":"FUMOT RandM Tornado Pro 9K | 9000 bouff\u00e9es, 54 saveurs, 18ml e-liquide, 850mAh, vape jetable en gros"},"content":{"rendered":"<h2>FUMOT RandM Tornado Pro 9K Disposable Vape Pr\u00e9sentation<\/h2>\n<p>FUMOT RandM Tornado Pro 9K Disposable Vape est une vape jetable compacte con\u00e7ue pour les acheteurs en gros qui ont besoin d&rsquo;un SKU d&rsquo;entr\u00e9e de gamme compact avec un renouvellement facile. Il combine 9 000 bouff\u00e9es, 18 ml d&rsquo;e-liquide et une batterie de 850 mAh dans un format facile \u00e0 positionner pour les rayons des magasins de d\u00e9tail et les commandes group\u00e9es.<\/p>\n<p>La gamme de saveurs couvre 53 saveurs, ce qui permet \u00e0 ce mod\u00e8le de s&rsquo;int\u00e9grer parfaitement aux assortiments de fruits, de glace, de bonbons et de produits jetables \u00e0 profil mixte.<\/p>\n<h2>Points saillants<\/h2>\n<ul>\n<li><strong>9 000 bouff\u00e9es<\/strong> pour un format d&rsquo;appareil plus durable<\/li>\n<li><strong>18 ml d&rsquo;e-liquide<\/strong> pour prendre en charge un nombre de bouff\u00e9es plus \u00e9lev\u00e9 et une utilisation quotidienne plus longue<\/li>\n<li><strong>Batterie 850 mAh<\/strong> pour une utilisation quotidienne plus fiable<\/li>\n<li><strong>53 saveurs<\/strong> pour couvrir une gamme de saveurs plus large<\/li>\n<li><strong>2% \/ 5%<\/strong> options de nicotine pour r\u00e9pondre aux diff\u00e9rents besoins du march\u00e9<\/li>\n<\/ul>\n<h2>Caract\u00e9ristiques<\/h2>\n<table>\n<tbody>\n<tr>\n<td><strong>Nom du produit<\/strong><\/td>\n<td>FUMOT RandM Tornado Pro 9K Disposable Vape<\/td>\n<\/tr>\n<tr>\n<td><strong>Nombre de bouff\u00e9es<\/strong><\/td>\n<td>9 000 bouff\u00e9es<\/td>\n<\/tr>\n<tr>\n<td><strong>Capacit\u00e9 e-liquide<\/strong><\/td>\n<td>18 ml d&rsquo;e-liquide<\/td>\n<\/tr>\n<tr>\n<td><strong>Batterie<\/strong><\/td>\n<td>Batterie 850 mAh<\/td>\n<\/tr>\n<tr>\n<td><strong>Options de saveur<\/strong><\/td>\n<td>53 saveurs<\/td>\n<\/tr>\n<tr>\n<td><strong>Force de la nicotine<\/strong><\/td>\n<td>2% \/ 5%<\/td>\n<\/tr>\n<\/tbody>\n<\/table>\n<h2>Options de saveur<\/h2>\n<p>Les options de saveurs disponibles incluent Blueberry Raspberry, Mr Blue, Strawberry Watermelon, Orange Soda, Watermelon Bubble Gum, Rainbow Candy, Pink Lemonade, Peachy Mango Pineapple, et plus encore. Cela permet au FUMOT RandM Tornado Pro 9K de s&rsquo;adapter \u00e0 un m\u00e9lange plus large d&rsquo;assortiments de fruits, de glace, de bonbons et de vapes jetables \u00e0 profil sucr\u00e9.<\/p>\n","protected":false},"excerpt":{"rendered":"<p>Remplissez vos rayons avec FUMOT RandM Tornado Pro 9K \u2014 9000 bouff\u00e9es, 54 saveurs, 18ml e-liquide. Disponible en gros d\u00e8s 10 unit\u00e9s.<\/p>\n","protected":false},"featured_media":121092,"comment_status":"open","ping_status":"closed","template":"","meta":[],"product_brand":[],"product_cat":[976,979,1030,1021,980,990,987,984,985,994,983,986,988,989,991,992,993,995,996,978,981],"product_tag":[],"class_list":{"0":"post-137092","1":"product","2":"type-product","3":"status-publish","4":"has-post-thumbnail","6":"product_cat-randm","7":"product_cat-types-de-vapes-jetables","8":"product_cat-vape-jetable-9000-bouffees","9":"product_cat-vapes-a-ecran-intelligent","10":"product_cat-vapes-a-grand-nombre-de-bouffees","11":"product_cat-vapes-jetables-aux-pays-bas","12":"product_cat-vapes-jetables-en-allemagne","13":"product_cat-vapes-jetables-en-autriche","14":"product_cat-vapes-jetables-en-belgique","15":"product_cat-vapes-jetables-en-espagne","16":"product_cat-vapes-jetables-en-europe","17":"product_cat-vapes-jetables-en-france","18":"product_cat-vapes-jetables-en-hongrie","19":"product_cat-vapes-jetables-en-italie","20":"product_cat-vapes-jetables-en-norvege","21":"product_cat-vapes-jetables-en-pologne","22":"product_cat-vapes-jetables-en-portugal","23":"product_cat-vapes-jetables-en-suede","24":"product_cat-vapes-jetables-en-suisse","25":"product_cat-vapes-jetables-par-nombre-de-bouffees","26":"product_cat-vapes-rechargeables","28":"first","29":"instock","30":"shipping-taxable","31":"purchasable","32":"product-type-variable","33":"has-default-attributes"},"tiered_pricing_type":"fixed","tiered_pricing_fixed_rules":{"2000":7.29999999999999982236431605997495353221893310546875},"tiered_pricing_product_settings":{"layout":"default","base_unit_name":{"singular":null,"plural":null},"default_variation":null},"tiered_pricing_minimum_quantity":1000,"tiered_pricing_roles_data":[],"tiered_pricing_percentage_rules":[],"tiered_pricing_maximum_quantity":null,"tiered_pricing_quantity_step":"10","_links":{"self":[{"href":"https:\/\/holavape.com\/fr\/wp-json\/wp\/v2\/product\/137092","targetHints":{"allow":["GET"]}}],"collection":[{"href":"https:\/\/holavape.com\/fr\/wp-json\/wp\/v2\/product"}],"about":[{"href":"https:\/\/holavape.com\/fr\/wp-json\/wp\/v2\/types\/product"}],"replies":[{"embeddable":true,"href":"https:\/\/holavape.com\/fr\/wp-json\/wp\/v2\/comments?post=137092"}],"wp:featuredmedia":[{"embeddable":true,"href":"https:\/\/holavape.com\/fr\/wp-json\/wp\/v2\/media\/121092"}],"wp:attachment":[{"href":"https:\/\/holavape.com\/fr\/wp-json\/wp\/v2\/media?parent=137092"}],"wp:term":[{"taxonomy":"product_brand","embeddable":true,"href":"https:\/\/holavape.com\/fr\/wp-json\/wp\/v2\/product_brand?post=137092"},{"taxonomy":"product_cat","embeddable":true,"href":"https:\/\/holavape.com\/fr\/wp-json\/wp\/v2\/product_cat?post=137092"},{"taxonomy":"product_tag","embeddable":true,"href":"https:\/\/holavape.com\/fr\/wp-json\/wp\/v2\/product_tag?post=137092"}],"curies":[{"name":"wp","href":"https:\/\/api.w.org\/{rel}","templated":true}]}}