{"id":138244,"date":"2026-04-17T05:34:55","date_gmt":"2026-04-17T05:34:55","guid":{"rendered":"https:\/\/holavape.com\/product\/mrvi-tornado-9k-disposable-vape\/"},"modified":"2026-04-19T15:16:39","modified_gmt":"2026-04-19T15:16:39","slug":"mrvi-tornado-9k-disposable-vape","status":"publish","type":"product","link":"https:\/\/holavape.com\/fr\/produit\/mrvi-tornado-9k-disposable-vape\/","title":{"rendered":"MRVI Tornado 9K vape jetable"},"content":{"rendered":"<h2>MRVI Tornado 9K Disposable Vape Pr\u00e9sentation<\/h2>\n<p>MRVI Tornado 9K Disposable Vape est une vape jetable compacte con\u00e7ue pour les acheteurs en gros qui ont besoin d&rsquo;un SKU d&rsquo;entr\u00e9e de gamme compact avec un renouvellement facile. Il combine 9 000 bouff\u00e9es, 18 ml d&rsquo;e-liquide et une bobine en maille dans un format facile \u00e0 positionner pour les rayons des magasins de d\u00e9tail et les commandes group\u00e9es.<\/p>\n<p>La gamme de saveurs comprend 10 saveurs, ce qui permet \u00e0 ce mod\u00e8le de s&rsquo;int\u00e9grer parfaitement aux assortiments jetables de fruits, de glace, de bonbons et de profils mixtes.<\/p>\n<h2>Points saillants<\/h2>\n<ul>\n<li><strong>9 000 bouff\u00e9es<\/strong> pour un format d&rsquo;appareil plus durable<\/li>\n<li><strong>18 ml d&rsquo;e-liquide<\/strong> pour prendre en charge un nombre de bouff\u00e9es plus \u00e9lev\u00e9 et une utilisation quotidienne plus longue<\/li>\n<li><strong>bobine de maille<\/strong> pour une saveur plus constante et une vapeur plus douce<\/li>\n<li><strong>Batterie 600 mAh<\/strong> pour une utilisation quotidienne plus fiable<\/li>\n<li><strong>10 saveurs<\/strong> pour couvrir une gamme de saveurs plus large<\/li>\n<li><strong>0% \/ 2% \/ 5%<\/strong> options de nicotine pour r\u00e9pondre aux diff\u00e9rents besoins du march\u00e9<\/li>\n<\/ul>\n<h2>Caract\u00e9ristiques<\/h2>\n<table>\n<tbody>\n<tr>\n<td><strong>Nom du produit<\/strong><\/td>\n<td>MRVI Tornado 9K Disposable Vape<\/td>\n<\/tr>\n<tr>\n<td><strong>Nombre de bouff\u00e9es<\/strong><\/td>\n<td>9 000 bouff\u00e9es<\/td>\n<\/tr>\n<tr>\n<td><strong>Capacit\u00e9 e-liquide<\/strong><\/td>\n<td>18 ml d&rsquo;e-liquide<\/td>\n<\/tr>\n<tr>\n<td><strong>Batterie<\/strong><\/td>\n<td>Batterie 600 mAh<\/td>\n<\/tr>\n<tr>\n<td><strong>Bobine<\/strong><\/td>\n<td>bobine de maille<\/td>\n<\/tr>\n<tr>\n<td><strong>Options de saveur<\/strong><\/td>\n<td>10 saveurs<\/td>\n<\/tr>\n<tr>\n<td><strong>Force de la nicotine<\/strong><\/td>\n<td>0% \/ 2% \/ 5%<\/td>\n<\/tr>\n<\/tbody>\n<\/table>\n<h2>Options de saveur<\/h2>\n<p>Les options de saveurs disponibles incluent la pomme aigre, les bonbons Skittles, le litchi cerise, la glace \u00e0 la grenade, la cerise, la glace \u00e0 la fraise, la framboise aigre aux myrtilles, la past\u00e8que \u00e0 la fraise, et plus encore. Cela permet au MRVI Tornado 9K de s&rsquo;adapter \u00e0 un plus large m\u00e9lange d&rsquo;assortiments de fruits, de glace, de bonbons et de vapes jetables \u00e0 profil sucr\u00e9.<\/p>\n","protected":false},"excerpt":{"rendered":"<p>MRVI Tornado 9000 puffs contient 9 000 bouff\u00e9es, 18 ml d&rsquo;e-liquide, des performances de bobine maill\u00e9e et une batterie de 600 mAh. Une option d&rsquo;entr\u00e9e de gamme compacte pour les assortiments de gros \u00e0 \u00e9volution rapide. \ud83c\udfaf<\/p>\n","protected":false},"featured_media":120006,"comment_status":"open","ping_status":"closed","template":"","meta":[],"product_brand":[],"product_cat":[1063,979,1030,980,990,987,984,985,994,983,986,988,989,991,992,993,995,996,978,981],"product_tag":[],"class_list":{"0":"post-138244","1":"product","2":"type-product","3":"status-publish","4":"has-post-thumbnail","6":"product_cat-mrvi","7":"product_cat-types-de-vapes-jetables","8":"product_cat-vape-jetable-9000-bouffees","9":"product_cat-vapes-a-grand-nombre-de-bouffees","10":"product_cat-vapes-jetables-aux-pays-bas","11":"product_cat-vapes-jetables-en-allemagne","12":"product_cat-vapes-jetables-en-autriche","13":"product_cat-vapes-jetables-en-belgique","14":"product_cat-vapes-jetables-en-espagne","15":"product_cat-vapes-jetables-en-europe","16":"product_cat-vapes-jetables-en-france","17":"product_cat-vapes-jetables-en-hongrie","18":"product_cat-vapes-jetables-en-italie","19":"product_cat-vapes-jetables-en-norvege","20":"product_cat-vapes-jetables-en-pologne","21":"product_cat-vapes-jetables-en-portugal","22":"product_cat-vapes-jetables-en-suede","23":"product_cat-vapes-jetables-en-suisse","24":"product_cat-vapes-jetables-par-nombre-de-bouffees","25":"product_cat-vapes-rechargeables","27":"first","28":"instock","29":"shipping-taxable","30":"purchasable","31":"product-type-variable","32":"has-default-attributes"},"tiered_pricing_type":"fixed","tiered_pricing_fixed_rules":{"2000":5.589999999999999857891452847979962825775146484375},"tiered_pricing_product_settings":{"layout":"default","base_unit_name":{"singular":null,"plural":null},"default_variation":null},"tiered_pricing_minimum_quantity":1000,"tiered_pricing_roles_data":[],"tiered_pricing_percentage_rules":[],"tiered_pricing_maximum_quantity":null,"tiered_pricing_quantity_step":"10","_links":{"self":[{"href":"https:\/\/holavape.com\/fr\/wp-json\/wp\/v2\/product\/138244","targetHints":{"allow":["GET"]}}],"collection":[{"href":"https:\/\/holavape.com\/fr\/wp-json\/wp\/v2\/product"}],"about":[{"href":"https:\/\/holavape.com\/fr\/wp-json\/wp\/v2\/types\/product"}],"replies":[{"embeddable":true,"href":"https:\/\/holavape.com\/fr\/wp-json\/wp\/v2\/comments?post=138244"}],"wp:featuredmedia":[{"embeddable":true,"href":"https:\/\/holavape.com\/fr\/wp-json\/wp\/v2\/media\/120006"}],"wp:attachment":[{"href":"https:\/\/holavape.com\/fr\/wp-json\/wp\/v2\/media?parent=138244"}],"wp:term":[{"taxonomy":"product_brand","embeddable":true,"href":"https:\/\/holavape.com\/fr\/wp-json\/wp\/v2\/product_brand?post=138244"},{"taxonomy":"product_cat","embeddable":true,"href":"https:\/\/holavape.com\/fr\/wp-json\/wp\/v2\/product_cat?post=138244"},{"taxonomy":"product_tag","embeddable":true,"href":"https:\/\/holavape.com\/fr\/wp-json\/wp\/v2\/product_tag?post=138244"}],"curies":[{"name":"wp","href":"https:\/\/api.w.org\/{rel}","templated":true}]}}