{"id":141363,"date":"2026-04-17T06:11:28","date_gmt":"2026-04-17T06:11:28","guid":{"rendered":"https:\/\/holavape.com\/product\/aivono-aim-xxl-9k-disposable-vape\/"},"modified":"2026-04-21T08:06:08","modified_gmt":"2026-04-21T08:06:08","slug":"aivono-aim-xxl-9k-disposable-vape","status":"publish","type":"product","link":"https:\/\/holavape.com\/fr\/produit\/aivono-aim-xxl-9k-disposable-vape\/","title":{"rendered":"AIVONO AIM XXL 9K | 9000 bouff\u00e9es, 19ml e-liquide, \u00e9cran, 1.2\u03a9 mesh, vape jetable en gros"},"content":{"rendered":"<h2>AIVONO AIM XXL 9K Disposable Vape Pr\u00e9sentation<\/h2>\n<p>AIVONO AIM XXL 9K Disposable Vape est un vapo jetable \u00e9quip\u00e9 d&rsquo;un \u00e9cran con\u00e7u pour les acheteurs en gros qui ont besoin d&rsquo;une sensation plus premium avec un statut visible de l&rsquo;appareil. Il combine 9 000 bouff\u00e9es, 19 ml d&rsquo;e-liquide et une bobine de maille de 1,2 ohm dans un format facile \u00e0 positionner pour les rayons des magasins de d\u00e9tail et les commandes group\u00e9es.<\/p>\n<p>La gamme de saveurs comprend 10 saveurs, ce qui permet \u00e0 ce mod\u00e8le de s&rsquo;int\u00e9grer parfaitement aux assortiments jetables de fruits, de glace, de bonbons et de profils mixtes.<\/p>\n<h2>Points saillants<\/h2>\n<ul>\n<li><strong>9 000 bouff\u00e9es<\/strong> pour un format d&rsquo;appareil plus durable<\/li>\n<li><strong>19 ml d&rsquo;e-liquide<\/strong> pour prendre en charge un nombre de bouff\u00e9es plus \u00e9lev\u00e9 et une utilisation quotidienne plus longue<\/li>\n<li><strong>Bobine de maille de 1,2 ohm<\/strong> pour une saveur plus constante et une vapeur plus douce<\/li>\n<li><strong>affichage \u00e0 l&rsquo;\u00e9cran<\/strong> afin que les utilisateurs puissent v\u00e9rifier plus facilement l&rsquo;\u00e9tat des p\u00e9riph\u00e9riques cl\u00e9s<\/li>\n<li><strong>Batterie 650 mAh avec Type-C rechargeable<\/strong> pour une recharge pratique<\/li>\n<li><strong>10 saveurs<\/strong> pour couvrir une gamme de saveurs plus large<\/li>\n<\/ul>\n<h2>Caract\u00e9ristiques<\/h2>\n<table>\n<tbody>\n<tr>\n<td><strong>Nom du produit<\/strong><\/td>\n<td>AIVONO AIM XXL 9K Disposable Vape<\/td>\n<\/tr>\n<tr>\n<td><strong>Nombre de bouff\u00e9es<\/strong><\/td>\n<td>9 000 bouff\u00e9es<\/td>\n<\/tr>\n<tr>\n<td><strong>Capacit\u00e9 e-liquide<\/strong><\/td>\n<td>19 ml d&rsquo;e-liquide<\/td>\n<\/tr>\n<tr>\n<td><strong>Batterie<\/strong><\/td>\n<td>Batterie 650 mAh<\/td>\n<\/tr>\n<tr>\n<td><strong>Chargement<\/strong><\/td>\n<td>Type-C rechargeable<\/td>\n<\/tr>\n<tr>\n<td><strong>Bobine<\/strong><\/td>\n<td>Bobine de maille de 1,2 ohm<\/td>\n<\/tr>\n<tr>\n<td><strong>Afficher<\/strong><\/td>\n<td>affichage \u00e0 l&rsquo;\u00e9cran<\/td>\n<\/tr>\n<tr>\n<td><strong>Options de saveur<\/strong><\/td>\n<td>10 saveurs<\/td>\n<\/tr>\n<tr>\n<td><strong>Force de la nicotine<\/strong><\/td>\n<td>0% \/ 2% \/ 5%<\/td>\n<\/tr>\n<\/tbody>\n<\/table>\n<h2>Options de saveur<\/h2>\n<p>Les options de saveurs disponibles incluent la past\u00e8que \u00e0 la fraise, la glace \u00e0 l&rsquo;ananas et \u00e0 la noix de coco, le mojito \u00e0 la menthe, le cassis au raisin, les baies m\u00e9lang\u00e9es, la p\u00eache \u00e0 la mangue et \u00e0 l&rsquo;ananas, la glace \u00e0 la past\u00e8que, la glace \u00e0 la framboise bleue, et plus encore. Cela permet \u00e0 AIVONO AIM XXL 9K de s&rsquo;adapter \u00e0 un plus large m\u00e9lange d&rsquo;assortiments de fruits, de glace, de bonbons et de vapes jetables \u00e0 profil sucr\u00e9.<\/p>\n","protected":false},"excerpt":{"rendered":"<p>D\u00e8s 10 unit\u00e9s command\u00e9es, AIVONO AIM XXL 9K propose 9000 bouff\u00e9es, 19ml e-liquide, \u00e9cran \u2014 pens\u00e9 pour boutiques et revendeurs UE.<\/p>\n","protected":false},"featured_media":120958,"comment_status":"open","ping_status":"closed","template":"","meta":[],"product_brand":[],"product_cat":[1024,979,1030,980,990,987,984,985,994,983,986,988,989,991,992,993,995,996,978,981],"product_tag":[],"class_list":{"0":"post-141363","1":"product","2":"type-product","3":"status-publish","4":"has-post-thumbnail","6":"product_cat-aivono","7":"product_cat-types-de-vapes-jetables","8":"product_cat-vape-jetable-9000-bouffees","9":"product_cat-vapes-a-grand-nombre-de-bouffees","10":"product_cat-vapes-jetables-aux-pays-bas","11":"product_cat-vapes-jetables-en-allemagne","12":"product_cat-vapes-jetables-en-autriche","13":"product_cat-vapes-jetables-en-belgique","14":"product_cat-vapes-jetables-en-espagne","15":"product_cat-vapes-jetables-en-europe","16":"product_cat-vapes-jetables-en-france","17":"product_cat-vapes-jetables-en-hongrie","18":"product_cat-vapes-jetables-en-italie","19":"product_cat-vapes-jetables-en-norvege","20":"product_cat-vapes-jetables-en-pologne","21":"product_cat-vapes-jetables-en-portugal","22":"product_cat-vapes-jetables-en-suede","23":"product_cat-vapes-jetables-en-suisse","24":"product_cat-vapes-jetables-par-nombre-de-bouffees","25":"product_cat-vapes-rechargeables","27":"first","28":"instock","29":"shipping-taxable","30":"purchasable","31":"product-type-variable","32":"has-default-attributes"},"tiered_pricing_type":"fixed","tiered_pricing_fixed_rules":{"2000":5.9900000000000002131628207280300557613372802734375},"tiered_pricing_product_settings":{"layout":"default","base_unit_name":{"singular":null,"plural":null},"default_variation":null},"tiered_pricing_minimum_quantity":1000,"tiered_pricing_roles_data":[],"tiered_pricing_percentage_rules":[],"tiered_pricing_maximum_quantity":null,"tiered_pricing_quantity_step":"10","_links":{"self":[{"href":"https:\/\/holavape.com\/fr\/wp-json\/wp\/v2\/product\/141363","targetHints":{"allow":["GET"]}}],"collection":[{"href":"https:\/\/holavape.com\/fr\/wp-json\/wp\/v2\/product"}],"about":[{"href":"https:\/\/holavape.com\/fr\/wp-json\/wp\/v2\/types\/product"}],"replies":[{"embeddable":true,"href":"https:\/\/holavape.com\/fr\/wp-json\/wp\/v2\/comments?post=141363"}],"wp:featuredmedia":[{"embeddable":true,"href":"https:\/\/holavape.com\/fr\/wp-json\/wp\/v2\/media\/120958"}],"wp:attachment":[{"href":"https:\/\/holavape.com\/fr\/wp-json\/wp\/v2\/media?parent=141363"}],"wp:term":[{"taxonomy":"product_brand","embeddable":true,"href":"https:\/\/holavape.com\/fr\/wp-json\/wp\/v2\/product_brand?post=141363"},{"taxonomy":"product_cat","embeddable":true,"href":"https:\/\/holavape.com\/fr\/wp-json\/wp\/v2\/product_cat?post=141363"},{"taxonomy":"product_tag","embeddable":true,"href":"https:\/\/holavape.com\/fr\/wp-json\/wp\/v2\/product_tag?post=141363"}],"curies":[{"name":"wp","href":"https:\/\/api.w.org\/{rel}","templated":true}]}}