{"id":142443,"date":"2026-04-17T05:35:21","date_gmt":"2026-04-17T05:35:21","guid":{"rendered":"https:\/\/holavape.com\/product\/elf-box-crystal-bar-600-disposable-vape\/"},"modified":"2026-04-21T08:06:32","modified_gmt":"2026-04-21T08:06:32","slug":"elf-box-crystal-bar-600-disposable-vape","status":"publish","type":"product","link":"https:\/\/holavape.com\/fr\/produit\/elf-box-crystal-bar-600-disposable-vape\/","title":{"rendered":"Bang Vape Rocket 18K Disposable Vape | 18000 bouff\u00e9es, 26mL, \u00e9cran LED, vape jetable en gros"},"content":{"rendered":"<h2>Elf Box CRYSTAL BAR 600 Disposable Vape Pr\u00e9sentation<\/h2>\n<p>Elf Box CRYSTAL BAR 600 Disposable Vape est un vape jetable ax\u00e9 sur l&rsquo;affichage, con\u00e7u pour les acheteurs en gros qui ont besoin d&rsquo;un attrait plus fort en rayon sans trop compliquer la gamme. Il combine 600 bouff\u00e9es, 2 ml d&rsquo;e-liquide et un \u00e9cran d&rsquo;affichage dans un format facile \u00e0 positionner pour les rayons des magasins et les commandes group\u00e9es.<\/p>\n<p>La gamme de saveurs comprend 10 saveurs, ce qui permet \u00e0 ce mod\u00e8le de s&rsquo;int\u00e9grer parfaitement aux assortiments jetables de fruits, de glace, de bonbons et de profils mixtes.<\/p>\n<h2>Points saillants<\/h2>\n<ul>\n<li><strong>600 bouff\u00e9es<\/strong> pour un format d&rsquo;appareil plus durable<\/li>\n<li><strong>2 ml d&rsquo;e-liquide<\/strong> pour prendre en charge un nombre de bouff\u00e9es plus \u00e9lev\u00e9 et une utilisation quotidienne plus longue<\/li>\n<li><strong>affichage \u00e0 l&rsquo;\u00e9cran<\/strong> afin que les utilisateurs puissent v\u00e9rifier plus facilement l&rsquo;\u00e9tat des p\u00e9riph\u00e9riques cl\u00e9s<\/li>\n<li><strong>Batterie 500 mAh avec Type-C rechargeable<\/strong> pour une recharge pratique<\/li>\n<li><strong>10 saveurs<\/strong> pour couvrir une gamme de saveurs plus large<\/li>\n<li><strong>0% \/ 2% \/ 5%<\/strong> options de nicotine pour r\u00e9pondre aux diff\u00e9rents besoins du march\u00e9<\/li>\n<\/ul>\n<h2>Caract\u00e9ristiques<\/h2>\n<table>\n<tbody>\n<tr>\n<td><strong>Nom du produit<\/strong><\/td>\n<td>Elf Box CRYSTAL BAR 600 Disposable Vape<\/td>\n<\/tr>\n<tr>\n<td><strong>Nombre de bouff\u00e9es<\/strong><\/td>\n<td>600 bouff\u00e9es<\/td>\n<\/tr>\n<tr>\n<td><strong>Capacit\u00e9 e-liquide<\/strong><\/td>\n<td>2 ml d&rsquo;e-liquide<\/td>\n<\/tr>\n<tr>\n<td><strong>Batterie<\/strong><\/td>\n<td>Batterie 500 mAh<\/td>\n<\/tr>\n<tr>\n<td><strong>Chargement<\/strong><\/td>\n<td>Type-C rechargeable<\/td>\n<\/tr>\n<tr>\n<td><strong>Afficher<\/strong><\/td>\n<td>affichage \u00e0 l&rsquo;\u00e9cran<\/td>\n<\/tr>\n<tr>\n<td><strong>Options de saveur<\/strong><\/td>\n<td>10 saveurs<\/td>\n<\/tr>\n<tr>\n<td><strong>Force de la nicotine<\/strong><\/td>\n<td>0% \/ 2% \/ 5%<\/td>\n<\/tr>\n<\/tbody>\n<\/table>\n<h2>Options de saveur<\/h2>\n<p>Les options de saveurs disponibles incluent la glace aux cerises, la glace aux fraises, la glace aux raisins, les baies m\u00e9lang\u00e9es, la glace aux bleuets, la glace \u00e0 la past\u00e8que, la past\u00e8que aux fraises, la framboise bleue et plus encore. Cela permet \u00e0 Elf Box CRYSTAL BAR 600 de s&rsquo;adapter \u00e0 un plus large m\u00e9lange d&rsquo;assortiments de fruits, de glace, de bonbons et de vapes jetables \u00e0 profil sucr\u00e9.<\/p>\n","protected":false},"excerpt":{"rendered":"<p>Tirage propre, construction solide et 18000 bouff\u00e9es \u2014 Bang Vape Rocket 18K Disposable Vape offre 26mL et \u00e9cran LED. Stock d\u00e8s 10 unit\u00e9s.<\/p>\n","protected":false},"featured_media":120053,"comment_status":"open","ping_status":"closed","template":"","meta":[],"product_brand":[],"product_cat":[979,990,987,984,985,994,983,986,988,989,991,992,993,995,996,978],"product_tag":[],"class_list":{"0":"post-142443","1":"product","2":"type-product","3":"status-publish","4":"has-post-thumbnail","6":"product_cat-types-de-vapes-jetables","7":"product_cat-vapes-jetables-aux-pays-bas","8":"product_cat-vapes-jetables-en-allemagne","9":"product_cat-vapes-jetables-en-autriche","10":"product_cat-vapes-jetables-en-belgique","11":"product_cat-vapes-jetables-en-espagne","12":"product_cat-vapes-jetables-en-europe","13":"product_cat-vapes-jetables-en-france","14":"product_cat-vapes-jetables-en-hongrie","15":"product_cat-vapes-jetables-en-italie","16":"product_cat-vapes-jetables-en-norvege","17":"product_cat-vapes-jetables-en-pologne","18":"product_cat-vapes-jetables-en-portugal","19":"product_cat-vapes-jetables-en-suede","20":"product_cat-vapes-jetables-en-suisse","21":"product_cat-vapes-jetables-par-nombre-de-bouffees","23":"first","24":"instock","25":"featured","26":"shipping-taxable","27":"purchasable","28":"product-type-variable","29":"has-default-attributes"},"tiered_pricing_type":"fixed","tiered_pricing_fixed_rules":{"2000":3.100000000000000088817841970012523233890533447265625},"tiered_pricing_product_settings":{"layout":"default","base_unit_name":{"singular":null,"plural":null},"default_variation":null},"tiered_pricing_minimum_quantity":1000,"tiered_pricing_roles_data":[],"tiered_pricing_percentage_rules":[],"tiered_pricing_maximum_quantity":null,"tiered_pricing_quantity_step":"10","_links":{"self":[{"href":"https:\/\/holavape.com\/fr\/wp-json\/wp\/v2\/product\/142443","targetHints":{"allow":["GET"]}}],"collection":[{"href":"https:\/\/holavape.com\/fr\/wp-json\/wp\/v2\/product"}],"about":[{"href":"https:\/\/holavape.com\/fr\/wp-json\/wp\/v2\/types\/product"}],"replies":[{"embeddable":true,"href":"https:\/\/holavape.com\/fr\/wp-json\/wp\/v2\/comments?post=142443"}],"wp:featuredmedia":[{"embeddable":true,"href":"https:\/\/holavape.com\/fr\/wp-json\/wp\/v2\/media\/120053"}],"wp:attachment":[{"href":"https:\/\/holavape.com\/fr\/wp-json\/wp\/v2\/media?parent=142443"}],"wp:term":[{"taxonomy":"product_brand","embeddable":true,"href":"https:\/\/holavape.com\/fr\/wp-json\/wp\/v2\/product_brand?post=142443"},{"taxonomy":"product_cat","embeddable":true,"href":"https:\/\/holavape.com\/fr\/wp-json\/wp\/v2\/product_cat?post=142443"},{"taxonomy":"product_tag","embeddable":true,"href":"https:\/\/holavape.com\/fr\/wp-json\/wp\/v2\/product_tag?post=142443"}],"curies":[{"name":"wp","href":"https:\/\/api.w.org\/{rel}","templated":true}]}}