{"id":145795,"date":"2026-04-17T05:34:45","date_gmt":"2026-04-17T05:34:45","guid":{"rendered":"https:\/\/holavape.com\/product\/waspe-15k-disposable-vape\/"},"modified":"2026-04-21T08:06:59","modified_gmt":"2026-04-21T08:06:59","slug":"waspe-15k-disposable-vape","status":"publish","type":"product","link":"https:\/\/holavape.com\/fr\/produit\/waspe-15k-disposable-vape\/","title":{"rendered":"WASPE Digital Box 15K Disposable Vape | 15000 bouff\u00e9es, 22mL, digital screen, vape jetable en gros"},"content":{"rendered":"<h2>WASPE 15K Disposable Vape Pr\u00e9sentation<\/h2>\n<p>WASPE 15K Disposable Vape est un vapo jetable \u00e9quip\u00e9 d&rsquo;un \u00e9cran con\u00e7u pour les acheteurs en gros qui ont besoin d&rsquo;une sensation plus premium avec un statut visible de l&rsquo;appareil. Il combine 15 000 bouff\u00e9es, 22 ml d&rsquo;e-liquide et une bobine de maille de 0,8 ohm dans un format facile \u00e0 positionner pour les rayons des magasins de d\u00e9tail et les commandes group\u00e9es.<\/p>\n<p>La gamme de saveurs comprend 12 saveurs, ce qui permet \u00e0 ce mod\u00e8le de s&rsquo;int\u00e9grer parfaitement aux assortiments jetables de fruits, de glace, de bonbons et de profils mixtes.<\/p>\n<h2>Points saillants<\/h2>\n<ul>\n<li><strong>15 000 bouff\u00e9es<\/strong> pour un format d&rsquo;appareil plus durable<\/li>\n<li><strong>22 ml d&rsquo;e-liquide<\/strong> pour prendre en charge un nombre de bouff\u00e9es plus \u00e9lev\u00e9 et une utilisation quotidienne plus longue<\/li>\n<li><strong>Bobine de maille de 0,8 ohm<\/strong> pour une saveur plus constante et une vapeur plus douce<\/li>\n<li><strong>affichage \u00e0 l&rsquo;\u00e9cran<\/strong> afin que les utilisateurs puissent v\u00e9rifier plus facilement l&rsquo;\u00e9tat des p\u00e9riph\u00e9riques cl\u00e9s<\/li>\n<li><strong>12 saveurs<\/strong> pour couvrir une gamme de saveurs plus large<\/li>\n<li><strong>0% \/ 2% \/ 3% \/ 5%<\/strong> options de nicotine pour r\u00e9pondre aux diff\u00e9rents besoins du march\u00e9<\/li>\n<\/ul>\n<h2>Caract\u00e9ristiques<\/h2>\n<table>\n<tbody>\n<tr>\n<td><strong>Nom du produit<\/strong><\/td>\n<td>WASPE 15K Disposable Vape<\/td>\n<\/tr>\n<tr>\n<td><strong>Nombre de bouff\u00e9es<\/strong><\/td>\n<td>15 000 bouff\u00e9es<\/td>\n<\/tr>\n<tr>\n<td><strong>Capacit\u00e9 e-liquide<\/strong><\/td>\n<td>22 ml d&rsquo;e-liquide<\/td>\n<\/tr>\n<tr>\n<td><strong>Bobine<\/strong><\/td>\n<td>Bobine de maille de 0,8 ohm<\/td>\n<\/tr>\n<tr>\n<td><strong>Afficher<\/strong><\/td>\n<td>affichage \u00e0 l&rsquo;\u00e9cran<\/td>\n<\/tr>\n<tr>\n<td><strong>Options de saveur<\/strong><\/td>\n<td>12 saveurs<\/td>\n<\/tr>\n<tr>\n<td><strong>Force de la nicotine<\/strong><\/td>\n<td>0% \/ 2% \/ 3% \/ 5%<\/td>\n<\/tr>\n<\/tbody>\n<\/table>\n<h2>Options de saveur<\/h2>\n<p>Les options de saveurs disponibles incluent la glace \u00e0 la past\u00e8que, la past\u00e8que aux fraises, le soda \u00e0 l&rsquo;orange, la double pomme, la fraise kiwi, la cerise, le raisin, les baies m\u00e9lang\u00e9es, et plus encore. Cela permet au WASPE 15K de s&rsquo;adapter \u00e0 un plus large m\u00e9lange d&rsquo;assortiments de fruits, de glace, de bonbons et de vapes jetables \u00e0 profil sucr\u00e9.<\/p>\n","protected":false},"excerpt":{"rendered":"<p>Vous cherchez 15000 bouff\u00e9es ? WASPE Digital Box 15K Disposable Vape livre 22mL et digital screen. Disponible en gros d\u00e8s 10 unit\u00e9s.<\/p>\n","protected":false},"featured_media":120652,"comment_status":"open","ping_status":"closed","template":"","meta":[],"product_brand":[],"product_cat":[979,936,1021,980,990,987,984,985,994,983,986,988,989,991,992,993,995,996,978,981,1059],"product_tag":[],"class_list":{"0":"post-145795","1":"product","2":"type-product","3":"status-publish","4":"has-post-thumbnail","6":"product_cat-types-de-vapes-jetables","7":"product_cat-vape-jetable-15000-bouffees","8":"product_cat-vapes-a-ecran-intelligent","9":"product_cat-vapes-a-grand-nombre-de-bouffees","10":"product_cat-vapes-jetables-aux-pays-bas","11":"product_cat-vapes-jetables-en-allemagne","12":"product_cat-vapes-jetables-en-autriche","13":"product_cat-vapes-jetables-en-belgique","14":"product_cat-vapes-jetables-en-espagne","15":"product_cat-vapes-jetables-en-europe","16":"product_cat-vapes-jetables-en-france","17":"product_cat-vapes-jetables-en-hongrie","18":"product_cat-vapes-jetables-en-italie","19":"product_cat-vapes-jetables-en-norvege","20":"product_cat-vapes-jetables-en-pologne","21":"product_cat-vapes-jetables-en-portugal","22":"product_cat-vapes-jetables-en-suede","23":"product_cat-vapes-jetables-en-suisse","24":"product_cat-vapes-jetables-par-nombre-de-bouffees","25":"product_cat-vapes-rechargeables","26":"product_cat-waspe","28":"first","29":"instock","30":"shipping-taxable","31":"purchasable","32":"product-type-variable","33":"has-default-attributes"},"tiered_pricing_type":"fixed","tiered_pricing_fixed_rules":{"2000":4.75},"tiered_pricing_product_settings":{"layout":"default","base_unit_name":{"singular":null,"plural":null},"default_variation":null},"tiered_pricing_minimum_quantity":1000,"tiered_pricing_roles_data":[],"tiered_pricing_percentage_rules":[],"tiered_pricing_maximum_quantity":null,"tiered_pricing_quantity_step":"10","_links":{"self":[{"href":"https:\/\/holavape.com\/fr\/wp-json\/wp\/v2\/product\/145795","targetHints":{"allow":["GET"]}}],"collection":[{"href":"https:\/\/holavape.com\/fr\/wp-json\/wp\/v2\/product"}],"about":[{"href":"https:\/\/holavape.com\/fr\/wp-json\/wp\/v2\/types\/product"}],"replies":[{"embeddable":true,"href":"https:\/\/holavape.com\/fr\/wp-json\/wp\/v2\/comments?post=145795"}],"wp:featuredmedia":[{"embeddable":true,"href":"https:\/\/holavape.com\/fr\/wp-json\/wp\/v2\/media\/120652"}],"wp:attachment":[{"href":"https:\/\/holavape.com\/fr\/wp-json\/wp\/v2\/media?parent=145795"}],"wp:term":[{"taxonomy":"product_brand","embeddable":true,"href":"https:\/\/holavape.com\/fr\/wp-json\/wp\/v2\/product_brand?post=145795"},{"taxonomy":"product_cat","embeddable":true,"href":"https:\/\/holavape.com\/fr\/wp-json\/wp\/v2\/product_cat?post=145795"},{"taxonomy":"product_tag","embeddable":true,"href":"https:\/\/holavape.com\/fr\/wp-json\/wp\/v2\/product_tag?post=145795"}],"curies":[{"name":"wp","href":"https:\/\/api.w.org\/{rel}","templated":true}]}}