{"id":151400,"date":"2026-04-17T06:32:14","date_gmt":"2026-04-17T06:32:14","guid":{"rendered":"https:\/\/holavape.com\/product\/lost-mary-mo10k-disposable-vape\/"},"modified":"2026-04-21T08:05:45","modified_gmt":"2026-04-21T08:05:45","slug":"lost-mary-mo10k-disposable-vape","status":"publish","type":"product","link":"https:\/\/holavape.com\/fr\/produit\/lost-mary-mo10k-disposable-vape\/","title":{"rendered":"Lost Mary MO10K | 10000 bouff\u00e9es, 18ml e-liquide, \u00e9cran, 16 saveurs, vape jetable en gros"},"content":{"rendered":"<h2>Lost Mary MO10K Disposable Vape Pr\u00e9sentation<\/h2>\n<p>Lost Mary MO10K Disposable Vape est un vapo jetable \u00e9quip\u00e9 d&rsquo;un \u00e9cran con\u00e7u pour les acheteurs en gros qui ont besoin d&rsquo;une sensation plus premium avec un statut visible de l&rsquo;appareil. Il combine 10 000 bouff\u00e9es, 18 ml d&rsquo;e-liquide et une bobine en maille dans un format facile \u00e0 positionner pour les rayons des magasins de d\u00e9tail et les commandes group\u00e9es.<\/p>\n<p>La gamme de saveurs couvre 15 saveurs, ce qui permet \u00e0 ce mod\u00e8le de s&rsquo;int\u00e9grer parfaitement aux assortiments jetables de fruits, de glace, de bonbons et de profils mixtes.<\/p>\n<h2>Points saillants<\/h2>\n<ul>\n<li><strong>10 000 bouff\u00e9es<\/strong> pour un format d&rsquo;appareil plus durable<\/li>\n<li><strong>18 ml d&rsquo;e-liquide<\/strong> pour prendre en charge un nombre de bouff\u00e9es plus \u00e9lev\u00e9 et une utilisation quotidienne plus longue<\/li>\n<li><strong>bobine de maille<\/strong> pour une saveur plus constante et une vapeur plus douce<\/li>\n<li><strong>\u00e9cran intelligent<\/strong> afin que les utilisateurs puissent v\u00e9rifier plus facilement l&rsquo;\u00e9tat des p\u00e9riph\u00e9riques cl\u00e9s<\/li>\n<li><strong>15 saveurs<\/strong> pour couvrir une gamme de saveurs plus large<\/li>\n<\/ul>\n<h2>Caract\u00e9ristiques<\/h2>\n<table>\n<tbody>\n<tr>\n<td><strong>Nom du produit<\/strong><\/td>\n<td>Lost Mary MO10K Disposable Vape<\/td>\n<\/tr>\n<tr>\n<td><strong>Nombre de bouff\u00e9es<\/strong><\/td>\n<td>10 000 bouff\u00e9es<\/td>\n<\/tr>\n<tr>\n<td><strong>Capacit\u00e9 e-liquide<\/strong><\/td>\n<td>18 ml d&rsquo;e-liquide<\/td>\n<\/tr>\n<tr>\n<td><strong>Bobine<\/strong><\/td>\n<td>bobine de maille<\/td>\n<\/tr>\n<tr>\n<td><strong>Afficher<\/strong><\/td>\n<td>\u00e9cran intelligent<\/td>\n<\/tr>\n<tr>\n<td><strong>Options de saveur<\/strong><\/td>\n<td>15 saveurs<\/td>\n<\/tr>\n<\/tbody>\n<\/table>\n<h2>Options de saveur<\/h2>\n<p>Les options de saveurs disponibles incluent la p\u00eache au fruit du dragon bleu, le raisin rose, la cerise grand-m\u00e8re, la mangue verte, la baie de mangue, la glace \u00e0 la menthe matcha, le prunus m\u00e9lang\u00e9, la menthe des montagnes et plus encore. Cela permet \u00e0 Lost Mary MO10K de s&rsquo;adapter \u00e0 un plus large m\u00e9lange d&rsquo;assortiments de fruits, de glace, de bonbons et de vapes jetables \u00e0 profil sucr\u00e9.<\/p>\n","protected":false},"excerpt":{"rendered":"<p>Lost Mary MO10K fait revenir les clients : 10000 bouff\u00e9es, 18ml e-liquide, \u00e9cran. Disponible en gros d\u00e8s 10 unit\u00e9s.<\/p>\n","protected":false},"featured_media":122296,"comment_status":"open","ping_status":"closed","template":"","meta":[],"product_brand":[],"product_cat":[979,1065,980,990,987,984,985,994,983,986,988,989,991,992,993,995,996,978,981],"product_tag":[],"class_list":{"0":"post-151400","1":"product","2":"type-product","3":"status-publish","4":"has-post-thumbnail","6":"product_cat-types-de-vapes-jetables","7":"product_cat-vape-jetable-10000-bouffees","8":"product_cat-vapes-a-grand-nombre-de-bouffees","9":"product_cat-vapes-jetables-aux-pays-bas","10":"product_cat-vapes-jetables-en-allemagne","11":"product_cat-vapes-jetables-en-autriche","12":"product_cat-vapes-jetables-en-belgique","13":"product_cat-vapes-jetables-en-espagne","14":"product_cat-vapes-jetables-en-europe","15":"product_cat-vapes-jetables-en-france","16":"product_cat-vapes-jetables-en-hongrie","17":"product_cat-vapes-jetables-en-italie","18":"product_cat-vapes-jetables-en-norvege","19":"product_cat-vapes-jetables-en-pologne","20":"product_cat-vapes-jetables-en-portugal","21":"product_cat-vapes-jetables-en-suede","22":"product_cat-vapes-jetables-en-suisse","23":"product_cat-vapes-jetables-par-nombre-de-bouffees","24":"product_cat-vapes-rechargeables","26":"first","27":"instock","28":"shipping-taxable","29":"purchasable","30":"product-type-variable","31":"has-default-attributes"},"tiered_pricing_type":"fixed","tiered_pricing_fixed_rules":{"2000":4},"tiered_pricing_product_settings":{"layout":"default","base_unit_name":{"singular":null,"plural":null},"default_variation":null},"tiered_pricing_minimum_quantity":1000,"tiered_pricing_roles_data":[],"tiered_pricing_percentage_rules":[],"tiered_pricing_maximum_quantity":null,"tiered_pricing_quantity_step":"100","_links":{"self":[{"href":"https:\/\/holavape.com\/fr\/wp-json\/wp\/v2\/product\/151400","targetHints":{"allow":["GET"]}}],"collection":[{"href":"https:\/\/holavape.com\/fr\/wp-json\/wp\/v2\/product"}],"about":[{"href":"https:\/\/holavape.com\/fr\/wp-json\/wp\/v2\/types\/product"}],"replies":[{"embeddable":true,"href":"https:\/\/holavape.com\/fr\/wp-json\/wp\/v2\/comments?post=151400"}],"wp:featuredmedia":[{"embeddable":true,"href":"https:\/\/holavape.com\/fr\/wp-json\/wp\/v2\/media\/122296"}],"wp:attachment":[{"href":"https:\/\/holavape.com\/fr\/wp-json\/wp\/v2\/media?parent=151400"}],"wp:term":[{"taxonomy":"product_brand","embeddable":true,"href":"https:\/\/holavape.com\/fr\/wp-json\/wp\/v2\/product_brand?post=151400"},{"taxonomy":"product_cat","embeddable":true,"href":"https:\/\/holavape.com\/fr\/wp-json\/wp\/v2\/product_cat?post=151400"},{"taxonomy":"product_tag","embeddable":true,"href":"https:\/\/holavape.com\/fr\/wp-json\/wp\/v2\/product_tag?post=151400"}],"curies":[{"name":"wp","href":"https:\/\/api.w.org\/{rel}","templated":true}]}}