{"id":152626,"date":"2026-04-17T05:34:44","date_gmt":"2026-04-17T05:34:44","guid":{"rendered":"https:\/\/holavape.com\/product\/waspe-8k-disposable-vape\/"},"modified":"2026-04-21T08:06:59","modified_gmt":"2026-04-21T08:06:59","slug":"waspe-8k-disposable-vape","status":"publish","type":"product","link":"https:\/\/holavape.com\/fr\/produit\/waspe-8k-disposable-vape\/","title":{"rendered":"WASPE 12K Pocket Disposable Vape | 12000 bouff\u00e9es, 18mL juice, r\u00e9sistance mesh, vape jetable en gros"},"content":{"rendered":"<h2>WASPE 8K Disposable Vape Pr\u00e9sentation<\/h2>\n<p>WASPE 8K Disposable Vape est une vape jetable compacte con\u00e7ue pour les acheteurs en gros qui ont besoin d&rsquo;un SKU d&rsquo;entr\u00e9e de gamme compact avec un renouvellement facile. Il combine 8 000 bouff\u00e9es, 16 ml d&rsquo;e-liquide et une batterie de 650 mAh dans un format facile \u00e0 positionner pour les rayons des magasins de d\u00e9tail et les commandes group\u00e9es.<\/p>\n<p>La gamme de saveurs comprend 10 saveurs, ce qui permet \u00e0 ce mod\u00e8le de s&rsquo;int\u00e9grer parfaitement aux assortiments jetables de fruits, de glace, de bonbons et de profils mixtes.<\/p>\n<h2>Points saillants<\/h2>\n<ul>\n<li><strong>8 000 bouff\u00e9es<\/strong> pour un format d&rsquo;appareil plus durable<\/li>\n<li><strong>16 ml d&rsquo;e-liquide<\/strong> pour prendre en charge un nombre de bouff\u00e9es plus \u00e9lev\u00e9 et une utilisation quotidienne plus longue<\/li>\n<li><strong>Batterie 650 mAh avec Type-C rechargeable<\/strong> pour une recharge pratique<\/li>\n<li><strong>10 saveurs<\/strong> pour couvrir une gamme de saveurs plus large<\/li>\n<li><strong>0% \/ 2% \/ 3% \/ 5%<\/strong> options de nicotine pour r\u00e9pondre aux diff\u00e9rents besoins du march\u00e9<\/li>\n<\/ul>\n<h2>Caract\u00e9ristiques<\/h2>\n<table>\n<tbody>\n<tr>\n<td><strong>Nom du produit<\/strong><\/td>\n<td>WASPE 8K Disposable Vape<\/td>\n<\/tr>\n<tr>\n<td><strong>Nombre de bouff\u00e9es<\/strong><\/td>\n<td>8 000 bouff\u00e9es<\/td>\n<\/tr>\n<tr>\n<td><strong>Capacit\u00e9 e-liquide<\/strong><\/td>\n<td>16 ml d&rsquo;e-liquide<\/td>\n<\/tr>\n<tr>\n<td><strong>Batterie<\/strong><\/td>\n<td>Batterie 650 mAh<\/td>\n<\/tr>\n<tr>\n<td><strong>Chargement<\/strong><\/td>\n<td>Type-C rechargeable<\/td>\n<\/tr>\n<tr>\n<td><strong>Options de saveur<\/strong><\/td>\n<td>10 saveurs<\/td>\n<\/tr>\n<tr>\n<td><strong>Force de la nicotine<\/strong><\/td>\n<td>0% \/ 2% \/ 3% \/ 5%<\/td>\n<\/tr>\n<\/tbody>\n<\/table>\n<h2>Options de saveur<\/h2>\n<p>Les options de saveurs disponibles incluent la glace \u00e0 la past\u00e8que, la glace au raisin, la past\u00e8que \u00e0 la fraise, la glace au cola, la glace au litchi, la glace \u00e0 la myrtille, la glace \u00e0 la fraise, les baies m\u00e9lang\u00e9es, et plus encore. Cela permet \u00e0 WASPE 8K de s&rsquo;adapter \u00e0 un plus large m\u00e9lange d&rsquo;assortiments de fruits, de glace, de bonbons et de vapes jetables \u00e0 profil sucr\u00e9.<\/p>\n","protected":false},"excerpt":{"rendered":"<p>WASPE 12K Pocket Disposable Vape fait revenir les clients : 12000 bouff\u00e9es, 18mL juice, r\u00e9sistance mesh. Disponible en gros d\u00e8s 10 unit\u00e9s.<\/p>\n","protected":false},"featured_media":120600,"comment_status":"open","ping_status":"closed","template":"","meta":[],"product_brand":[],"product_cat":[979,1068,980,990,987,984,985,994,983,986,988,989,991,992,993,995,996,978,981,1059],"product_tag":[],"class_list":{"0":"post-152626","1":"product","2":"type-product","3":"status-publish","4":"has-post-thumbnail","6":"product_cat-types-de-vapes-jetables","7":"product_cat-vape-jetable-8000-bouffees","8":"product_cat-vapes-a-grand-nombre-de-bouffees","9":"product_cat-vapes-jetables-aux-pays-bas","10":"product_cat-vapes-jetables-en-allemagne","11":"product_cat-vapes-jetables-en-autriche","12":"product_cat-vapes-jetables-en-belgique","13":"product_cat-vapes-jetables-en-espagne","14":"product_cat-vapes-jetables-en-europe","15":"product_cat-vapes-jetables-en-france","16":"product_cat-vapes-jetables-en-hongrie","17":"product_cat-vapes-jetables-en-italie","18":"product_cat-vapes-jetables-en-norvege","19":"product_cat-vapes-jetables-en-pologne","20":"product_cat-vapes-jetables-en-portugal","21":"product_cat-vapes-jetables-en-suede","22":"product_cat-vapes-jetables-en-suisse","23":"product_cat-vapes-jetables-par-nombre-de-bouffees","24":"product_cat-vapes-rechargeables","25":"product_cat-waspe","27":"first","28":"instock","29":"shipping-taxable","30":"purchasable","31":"product-type-variable","32":"has-default-attributes"},"tiered_pricing_type":"fixed","tiered_pricing_fixed_rules":{"2000":5.5},"tiered_pricing_product_settings":{"layout":"default","base_unit_name":{"singular":null,"plural":null},"default_variation":null},"tiered_pricing_minimum_quantity":1000,"tiered_pricing_roles_data":[],"tiered_pricing_percentage_rules":[],"tiered_pricing_maximum_quantity":null,"tiered_pricing_quantity_step":"10","_links":{"self":[{"href":"https:\/\/holavape.com\/fr\/wp-json\/wp\/v2\/product\/152626","targetHints":{"allow":["GET"]}}],"collection":[{"href":"https:\/\/holavape.com\/fr\/wp-json\/wp\/v2\/product"}],"about":[{"href":"https:\/\/holavape.com\/fr\/wp-json\/wp\/v2\/types\/product"}],"replies":[{"embeddable":true,"href":"https:\/\/holavape.com\/fr\/wp-json\/wp\/v2\/comments?post=152626"}],"wp:featuredmedia":[{"embeddable":true,"href":"https:\/\/holavape.com\/fr\/wp-json\/wp\/v2\/media\/120600"}],"wp:attachment":[{"href":"https:\/\/holavape.com\/fr\/wp-json\/wp\/v2\/media?parent=152626"}],"wp:term":[{"taxonomy":"product_brand","embeddable":true,"href":"https:\/\/holavape.com\/fr\/wp-json\/wp\/v2\/product_brand?post=152626"},{"taxonomy":"product_cat","embeddable":true,"href":"https:\/\/holavape.com\/fr\/wp-json\/wp\/v2\/product_cat?post=152626"},{"taxonomy":"product_tag","embeddable":true,"href":"https:\/\/holavape.com\/fr\/wp-json\/wp\/v2\/product_tag?post=152626"}],"curies":[{"name":"wp","href":"https:\/\/api.w.org\/{rel}","templated":true}]}}