{"id":156180,"date":"2026-04-17T05:35:21","date_gmt":"2026-04-17T05:35:21","guid":{"rendered":"https:\/\/holavape.com\/product\/bang-vape-rocket-18k-2\/"},"modified":"2026-04-21T08:06:32","modified_gmt":"2026-04-21T08:06:32","slug":"bang-vape-rocket-18k-2","status":"publish","type":"product","link":"https:\/\/holavape.com\/fr\/produit\/bang-vape-rocket-18k-2\/","title":{"rendered":"VAXE Flight 15K Disposable Vape | 15000 bouff\u00e9es, 16mL juice, r\u00e9sistance mesh, vape jetable en gros"},"content":{"rendered":"<h2>Bang Vape Rocket 18K Pr\u00e9sentation<\/h2>\n<p>Bang Vape Rocket 18K est un vapo jetable \u00e9quip\u00e9 d&rsquo;un \u00e9cran con\u00e7u pour les acheteurs en gros qui ont besoin d&rsquo;une sensation plus premium avec un statut visible de l&rsquo;appareil. Il combine 18 000 bouff\u00e9es, 26 ml d&rsquo;e-liquide et un \u00e9cran intelligent dans un format facile \u00e0 positionner pour les rayons des magasins de d\u00e9tail et les commandes group\u00e9es.<\/p>\n<p>La gamme de saveurs comprend 12 saveurs, ce qui permet \u00e0 ce mod\u00e8le de s&rsquo;int\u00e9grer parfaitement aux assortiments jetables de fruits, de glace, de bonbons et de profils mixtes.<\/p>\n<h2>Points saillants<\/h2>\n<ul>\n<li><strong>18 000 bouff\u00e9es<\/strong> pour un format d&rsquo;appareil plus durable<\/li>\n<li><strong>26 ml d&rsquo;e-liquide<\/strong> pour prendre en charge un nombre de bouff\u00e9es plus \u00e9lev\u00e9 et une utilisation quotidienne plus longue<\/li>\n<li><strong>\u00e9cran intelligent<\/strong> afin que les utilisateurs puissent v\u00e9rifier plus facilement l&rsquo;\u00e9tat des p\u00e9riph\u00e9riques cl\u00e9s<\/li>\n<li><strong>Batterie 650 mAh<\/strong> pour une utilisation quotidienne plus fiable<\/li>\n<li><strong>12 saveurs<\/strong> pour couvrir une gamme de saveurs plus large<\/li>\n<li><strong>0% \/ 2% \/ 3% \/ 5%<\/strong> options de nicotine pour r\u00e9pondre aux diff\u00e9rents besoins du march\u00e9<\/li>\n<\/ul>\n<h2>Caract\u00e9ristiques<\/h2>\n<table>\n<tbody>\n<tr>\n<td><strong>Nom du produit<\/strong><\/td>\n<td>Bang Vape Rocket 18K<\/td>\n<\/tr>\n<tr>\n<td><strong>Nombre de bouff\u00e9es<\/strong><\/td>\n<td>18 000 bouff\u00e9es<\/td>\n<\/tr>\n<tr>\n<td><strong>Capacit\u00e9 e-liquide<\/strong><\/td>\n<td>26 ml d&rsquo;e-liquide<\/td>\n<\/tr>\n<tr>\n<td><strong>Batterie<\/strong><\/td>\n<td>Batterie 650 mAh<\/td>\n<\/tr>\n<tr>\n<td><strong>Afficher<\/strong><\/td>\n<td>\u00e9cran intelligent<\/td>\n<\/tr>\n<tr>\n<td><strong>Options de saveur<\/strong><\/td>\n<td>12 saveurs<\/td>\n<\/tr>\n<tr>\n<td><strong>Force de la nicotine<\/strong><\/td>\n<td>0% \/ 2% \/ 3% \/ 5%<\/td>\n<\/tr>\n<\/tbody>\n<\/table>\n<h2>Options de saveur<\/h2>\n<p>Les options de saveurs disponibles incluent Cheery Bomb, Juicy Peach Ice, Fruits tropicaux, Raisin Ice, Peach Mango, Strawberry Banana, Strawberry Mango, Triple Berry Ice, et plus encore. Cela permet \u00e0 Bang Vape Rocket 18K de s&rsquo;adapter \u00e0 un m\u00e9lange plus large d&rsquo;assortiments de fruits, de glace, de bonbons et de vapes jetables \u00e0 profil sucr\u00e9.<\/p>\n","protected":false},"excerpt":{"rendered":"<p>15000 bouff\u00e9es, 16mL juice, r\u00e9sistance mesh \u2014 VAXE Flight 15K Disposable Vape en gros d\u00e8s 10 unit\u00e9s, id\u00e9al pour boutiques et revendeurs europ\u00e9ens.<\/p>\n","protected":false},"featured_media":120064,"comment_status":"open","ping_status":"closed","template":"","meta":[],"product_brand":[],"product_cat":[893,979,1066,1021,980,1019,1020,990,987,984,985,994,983,986,988,989,991,992,993,995,996,978,981],"product_tag":[],"class_list":{"0":"post-156180","1":"product","2":"type-product","3":"status-publish","4":"has-post-thumbnail","6":"product_cat-bang","7":"product_cat-types-de-vapes-jetables","8":"product_cat-vape-jetable-18000-bouffees","9":"product_cat-vapes-a-ecran-intelligent","10":"product_cat-vapes-a-grand-nombre-de-bouffees","11":"product_cat-vapes-box-numeriques","12":"product_cat-vapes-double-mesh","13":"product_cat-vapes-jetables-aux-pays-bas","14":"product_cat-vapes-jetables-en-allemagne","15":"product_cat-vapes-jetables-en-autriche","16":"product_cat-vapes-jetables-en-belgique","17":"product_cat-vapes-jetables-en-espagne","18":"product_cat-vapes-jetables-en-europe","19":"product_cat-vapes-jetables-en-france","20":"product_cat-vapes-jetables-en-hongrie","21":"product_cat-vapes-jetables-en-italie","22":"product_cat-vapes-jetables-en-norvege","23":"product_cat-vapes-jetables-en-pologne","24":"product_cat-vapes-jetables-en-portugal","25":"product_cat-vapes-jetables-en-suede","26":"product_cat-vapes-jetables-en-suisse","27":"product_cat-vapes-jetables-par-nombre-de-bouffees","28":"product_cat-vapes-rechargeables","30":"first","31":"instock","32":"shipping-taxable","33":"purchasable","34":"product-type-variable","35":"has-default-attributes"},"tiered_pricing_type":"fixed","tiered_pricing_fixed_rules":{"2000":6},"tiered_pricing_product_settings":{"layout":"default","base_unit_name":{"singular":null,"plural":null},"default_variation":null},"tiered_pricing_minimum_quantity":1000,"tiered_pricing_roles_data":[],"tiered_pricing_percentage_rules":[],"tiered_pricing_maximum_quantity":null,"tiered_pricing_quantity_step":"10","_links":{"self":[{"href":"https:\/\/holavape.com\/fr\/wp-json\/wp\/v2\/product\/156180","targetHints":{"allow":["GET"]}}],"collection":[{"href":"https:\/\/holavape.com\/fr\/wp-json\/wp\/v2\/product"}],"about":[{"href":"https:\/\/holavape.com\/fr\/wp-json\/wp\/v2\/types\/product"}],"replies":[{"embeddable":true,"href":"https:\/\/holavape.com\/fr\/wp-json\/wp\/v2\/comments?post=156180"}],"wp:featuredmedia":[{"embeddable":true,"href":"https:\/\/holavape.com\/fr\/wp-json\/wp\/v2\/media\/120064"}],"wp:attachment":[{"href":"https:\/\/holavape.com\/fr\/wp-json\/wp\/v2\/media?parent=156180"}],"wp:term":[{"taxonomy":"product_brand","embeddable":true,"href":"https:\/\/holavape.com\/fr\/wp-json\/wp\/v2\/product_brand?post=156180"},{"taxonomy":"product_cat","embeddable":true,"href":"https:\/\/holavape.com\/fr\/wp-json\/wp\/v2\/product_cat?post=156180"},{"taxonomy":"product_tag","embeddable":true,"href":"https:\/\/holavape.com\/fr\/wp-json\/wp\/v2\/product_tag?post=156180"}],"curies":[{"name":"wp","href":"https:\/\/api.w.org\/{rel}","templated":true}]}}