{"id":157179,"date":"2026-04-17T05:34:46","date_gmt":"2026-04-17T05:34:46","guid":{"rendered":"https:\/\/holavape.com\/product\/fihp-shisha-hookah-12k-2\/"},"modified":"2026-04-19T15:31:46","modified_gmt":"2026-04-19T15:31:46","slug":"fihp-shisha-hookah-12k-2","status":"publish","type":"product","link":"https:\/\/holavape.com\/fr\/produit\/fihp-shisha-hookah-12k-2\/","title":{"rendered":"FIHP Shisha Hookah 12K"},"content":{"rendered":"<h2>FIHP Shisha Hookah 12K Pr\u00e9sentation<\/h2>\n<p>FIHP Shisha Hookah 12K est une vape jetable de style chicha con\u00e7ue pour les acheteurs en gros qui ont besoin d&rsquo;une option de style narguil\u00e9 avec un attrait gustatif plus large. Il combine 12 000 bouff\u00e9es, 22 ml d&rsquo;e-liquide et 10 saveurs dans un format facile \u00e0 positionner pour les rayons des magasins et les commandes group\u00e9es.<\/p>\n<p>La gamme de saveurs comprend 10 saveurs, ce qui permet \u00e0 ce mod\u00e8le de s&rsquo;int\u00e9grer parfaitement aux assortiments jetables de fruits, de glace, de bonbons et de profils mixtes.<\/p>\n<h2>Points saillants<\/h2>\n<ul>\n<li><strong>12 000 bouff\u00e9es<\/strong> pour un format d&rsquo;appareil plus durable<\/li>\n<li><strong>22 ml d&rsquo;e-liquide<\/strong> pour prendre en charge un nombre de bouff\u00e9es plus \u00e9lev\u00e9 et une utilisation quotidienne plus longue<\/li>\n<li><strong>10 saveurs<\/strong> pour couvrir une gamme de saveurs plus large<\/li>\n<li><strong>0.6%<\/strong> options de nicotine pour r\u00e9pondre aux diff\u00e9rents besoins du march\u00e9<\/li>\n<\/ul>\n<h2>Caract\u00e9ristiques<\/h2>\n<table>\n<tbody>\n<tr>\n<td><strong>Nom du produit<\/strong><\/td>\n<td>FIHP Shisha Hookah 12K<\/td>\n<\/tr>\n<tr>\n<td><strong>Nombre de bouff\u00e9es<\/strong><\/td>\n<td>12 000 bouff\u00e9es<\/td>\n<\/tr>\n<tr>\n<td><strong>Capacit\u00e9 e-liquide<\/strong><\/td>\n<td>22 ml d&rsquo;e-liquide<\/td>\n<\/tr>\n<tr>\n<td><strong>Options de saveur<\/strong><\/td>\n<td>10 saveurs<\/td>\n<\/tr>\n<tr>\n<td><strong>Force de la nicotine<\/strong><\/td>\n<td>0.6%<\/td>\n<\/tr>\n<\/tbody>\n<\/table>\n<h2>Options de saveur<\/h2>\n<p>Les options de saveurs disponibles incluent la glace \u00e0 la past\u00e8que, la glace au raisin, la framboise aux bleuets, le kiwi aux fraises, les baies m\u00e9lang\u00e9es, la past\u00e8que aux fraises, la gomme \u00e0 bulles \u00e0 la past\u00e8que, l&rsquo;ananas \u00e0 la p\u00eache et \u00e0 la mangue, et plus encore. Cela permet \u00e0 FIHP Shisha Hookah 12K de s&rsquo;adapter \u00e0 un m\u00e9lange plus large d&rsquo;assortiments de fruits, de glace, de bonbons et de vapes jetables \u00e0 profil sucr\u00e9.<\/p>\n","protected":false},"excerpt":{"rendered":"<p>FIHP Shisha Hookah 12000 puffs apporte 12 000 bouff\u00e9es et 22 ml d&rsquo;e-liquide. Une option de vente en gros de style narguil\u00e9 pour les acheteurs qui souhaitent une pr\u00e9sence de saveur plus forte et un attrait facile en rayon. \ud83d\udd25<\/p>\n","protected":false},"featured_media":119797,"comment_status":"open","ping_status":"closed","template":"","meta":[],"product_brand":[],"product_cat":[973,979,1034,1021,980,982,990,987,984,985,994,983,986,988,989,991,992,993,995,996,978,981],"product_tag":[],"class_list":{"0":"post-157179","1":"product","2":"type-product","3":"status-publish","4":"has-post-thumbnail","6":"product_cat-fihp-fr","7":"product_cat-types-de-vapes-jetables","8":"product_cat-vape-jetable-12000-bouffees","9":"product_cat-vapes-a-ecran-intelligent","10":"product_cat-vapes-a-grand-nombre-de-bouffees","11":"product_cat-vapes-chicha-hookah","12":"product_cat-vapes-jetables-aux-pays-bas","13":"product_cat-vapes-jetables-en-allemagne","14":"product_cat-vapes-jetables-en-autriche","15":"product_cat-vapes-jetables-en-belgique","16":"product_cat-vapes-jetables-en-espagne","17":"product_cat-vapes-jetables-en-europe","18":"product_cat-vapes-jetables-en-france","19":"product_cat-vapes-jetables-en-hongrie","20":"product_cat-vapes-jetables-en-italie","21":"product_cat-vapes-jetables-en-norvege","22":"product_cat-vapes-jetables-en-pologne","23":"product_cat-vapes-jetables-en-portugal","24":"product_cat-vapes-jetables-en-suede","25":"product_cat-vapes-jetables-en-suisse","26":"product_cat-vapes-jetables-par-nombre-de-bouffees","27":"product_cat-vapes-rechargeables","29":"first","30":"instock","31":"shipping-taxable","32":"purchasable","33":"product-type-variable","34":"has-default-attributes"},"tiered_pricing_type":"fixed","tiered_pricing_fixed_rules":{"2000":5.089999999999999857891452847979962825775146484375},"tiered_pricing_product_settings":{"layout":"default","base_unit_name":{"singular":null,"plural":null},"default_variation":null},"tiered_pricing_minimum_quantity":1000,"tiered_pricing_roles_data":[],"tiered_pricing_percentage_rules":[],"tiered_pricing_maximum_quantity":null,"tiered_pricing_quantity_step":"10","_links":{"self":[{"href":"https:\/\/holavape.com\/fr\/wp-json\/wp\/v2\/product\/157179","targetHints":{"allow":["GET"]}}],"collection":[{"href":"https:\/\/holavape.com\/fr\/wp-json\/wp\/v2\/product"}],"about":[{"href":"https:\/\/holavape.com\/fr\/wp-json\/wp\/v2\/types\/product"}],"replies":[{"embeddable":true,"href":"https:\/\/holavape.com\/fr\/wp-json\/wp\/v2\/comments?post=157179"}],"wp:featuredmedia":[{"embeddable":true,"href":"https:\/\/holavape.com\/fr\/wp-json\/wp\/v2\/media\/119797"}],"wp:attachment":[{"href":"https:\/\/holavape.com\/fr\/wp-json\/wp\/v2\/media?parent=157179"}],"wp:term":[{"taxonomy":"product_brand","embeddable":true,"href":"https:\/\/holavape.com\/fr\/wp-json\/wp\/v2\/product_brand?post=157179"},{"taxonomy":"product_cat","embeddable":true,"href":"https:\/\/holavape.com\/fr\/wp-json\/wp\/v2\/product_cat?post=157179"},{"taxonomy":"product_tag","embeddable":true,"href":"https:\/\/holavape.com\/fr\/wp-json\/wp\/v2\/product_tag?post=157179"}],"curies":[{"name":"wp","href":"https:\/\/api.w.org\/{rel}","templated":true}]}}