{"id":157393,"date":"2026-04-17T06:10:29","date_gmt":"2026-04-17T06:10:29","guid":{"rendered":"https:\/\/holavape.com\/product\/aivono-aim-tank-9500-disposable-vape\/"},"modified":"2026-04-21T08:06:08","modified_gmt":"2026-04-21T08:06:08","slug":"aivono-aim-tank-9500-disposable-vape","status":"publish","type":"product","link":"https:\/\/holavape.com\/fr\/produit\/aivono-aim-tank-9500-disposable-vape\/","title":{"rendered":"AIVONO AIM TANK 9500 | 9500 bouff\u00e9es, 18ml e-liquide, \u00e9cran, 1.2\u03a9 mesh, vape jetable en gros"},"content":{"rendered":"<h2>AIVONO AIM TANK 9500 Disposable Vape Pr\u00e9sentation<\/h2>\n<p>AIVONO AIM TANK 9500 Disposable Vape est un vapo jetable \u00e9quip\u00e9 d&rsquo;un \u00e9cran con\u00e7u pour les acheteurs en gros qui ont besoin d&rsquo;une sensation plus premium avec un statut visible de l&rsquo;appareil. Il combine 9 500 bouff\u00e9es, 18 ml d&rsquo;e-liquide et une bobine de maille de 1,2 ohm dans un format facile \u00e0 positionner pour les rayons des magasins de d\u00e9tail et les commandes group\u00e9es.<\/p>\n<p>La gamme de saveurs couvre 15 saveurs, ce qui permet \u00e0 ce mod\u00e8le de s&rsquo;int\u00e9grer parfaitement aux assortiments jetables de fruits, de glace, de bonbons et de profils mixtes.<\/p>\n<h2>Points saillants<\/h2>\n<ul>\n<li><strong>9 500 bouff\u00e9es<\/strong> pour un format d&rsquo;appareil plus durable<\/li>\n<li><strong>18 ml d&rsquo;e-liquide<\/strong> pour prendre en charge un nombre de bouff\u00e9es plus \u00e9lev\u00e9 et une utilisation quotidienne plus longue<\/li>\n<li><strong>Bobine de maille de 1,2 ohm<\/strong> pour une saveur plus constante et une vapeur plus douce<\/li>\n<li><strong>affichage \u00e0 l&rsquo;\u00e9cran<\/strong> afin que les utilisateurs puissent v\u00e9rifier plus facilement l&rsquo;\u00e9tat des p\u00e9riph\u00e9riques cl\u00e9s<\/li>\n<li><strong>15 saveurs<\/strong> pour couvrir une gamme de saveurs plus large<\/li>\n<li><strong>0% \/ 2% \/ 5%<\/strong> options de nicotine pour r\u00e9pondre aux diff\u00e9rents besoins du march\u00e9<\/li>\n<\/ul>\n<h2>Caract\u00e9ristiques<\/h2>\n<table>\n<tbody>\n<tr>\n<td><strong>Nom du produit<\/strong><\/td>\n<td>AIVONO AIM TANK 9500 Disposable Vape<\/td>\n<\/tr>\n<tr>\n<td><strong>Nombre de bouff\u00e9es<\/strong><\/td>\n<td>9 500 bouff\u00e9es<\/td>\n<\/tr>\n<tr>\n<td><strong>Capacit\u00e9 e-liquide<\/strong><\/td>\n<td>18 ml d&rsquo;e-liquide<\/td>\n<\/tr>\n<tr>\n<td><strong>Bobine<\/strong><\/td>\n<td>Bobine de maille de 1,2 ohm<\/td>\n<\/tr>\n<tr>\n<td><strong>Afficher<\/strong><\/td>\n<td>affichage \u00e0 l&rsquo;\u00e9cran<\/td>\n<\/tr>\n<tr>\n<td><strong>Options de saveur<\/strong><\/td>\n<td>15 saveurs<\/td>\n<\/tr>\n<tr>\n<td><strong>Force de la nicotine<\/strong><\/td>\n<td>0% \/ 2% \/ 5%<\/td>\n<\/tr>\n<\/tbody>\n<\/table>\n<h2>Options de saveur<\/h2>\n<p>Les options de saveurs disponibles incluent fraise past\u00e8que, mangue ananas, citron menthe, raisin Sakura, fraise kiwi, framboise myrtille, glace past\u00e8que, cerise cantaloup, et plus encore. Cela permet \u00e0 AIVONO AIM TANK 9500 de s&rsquo;adapter \u00e0 un m\u00e9lange plus large d&rsquo;assortiments de fruits, de glace, de bonbons et de vapes jetables \u00e0 profil sucr\u00e9.<\/p>\n","protected":false},"excerpt":{"rendered":"<p>AIVONO AIM TANK 9500 fait revenir les clients : 9500 bouff\u00e9es, 18ml e-liquide, \u00e9cran. Disponible en gros d\u00e8s 10 unit\u00e9s.<\/p>\n","protected":false},"featured_media":120892,"comment_status":"open","ping_status":"closed","template":"","meta":[],"product_brand":[],"product_cat":[1024,979,1065,1030,1021,980,1019,990,987,984,985,994,983,986,988,989,991,992,993,995,996,978,981],"product_tag":[],"class_list":{"0":"post-157393","1":"product","2":"type-product","3":"status-publish","4":"has-post-thumbnail","6":"product_cat-aivono","7":"product_cat-types-de-vapes-jetables","8":"product_cat-vape-jetable-10000-bouffees","9":"product_cat-vape-jetable-9000-bouffees","10":"product_cat-vapes-a-ecran-intelligent","11":"product_cat-vapes-a-grand-nombre-de-bouffees","12":"product_cat-vapes-box-numeriques","13":"product_cat-vapes-jetables-aux-pays-bas","14":"product_cat-vapes-jetables-en-allemagne","15":"product_cat-vapes-jetables-en-autriche","16":"product_cat-vapes-jetables-en-belgique","17":"product_cat-vapes-jetables-en-espagne","18":"product_cat-vapes-jetables-en-europe","19":"product_cat-vapes-jetables-en-france","20":"product_cat-vapes-jetables-en-hongrie","21":"product_cat-vapes-jetables-en-italie","22":"product_cat-vapes-jetables-en-norvege","23":"product_cat-vapes-jetables-en-pologne","24":"product_cat-vapes-jetables-en-portugal","25":"product_cat-vapes-jetables-en-suede","26":"product_cat-vapes-jetables-en-suisse","27":"product_cat-vapes-jetables-par-nombre-de-bouffees","28":"product_cat-vapes-rechargeables","30":"first","31":"instock","32":"shipping-taxable","33":"purchasable","34":"product-type-variable","35":"has-default-attributes"},"tiered_pricing_type":"fixed","tiered_pricing_fixed_rules":{"2000":5.37999999999999989341858963598497211933135986328125},"tiered_pricing_product_settings":{"layout":"default","base_unit_name":{"singular":null,"plural":null},"default_variation":null},"tiered_pricing_minimum_quantity":1000,"tiered_pricing_roles_data":[],"tiered_pricing_percentage_rules":[],"tiered_pricing_maximum_quantity":null,"tiered_pricing_quantity_step":"10","_links":{"self":[{"href":"https:\/\/holavape.com\/fr\/wp-json\/wp\/v2\/product\/157393","targetHints":{"allow":["GET"]}}],"collection":[{"href":"https:\/\/holavape.com\/fr\/wp-json\/wp\/v2\/product"}],"about":[{"href":"https:\/\/holavape.com\/fr\/wp-json\/wp\/v2\/types\/product"}],"replies":[{"embeddable":true,"href":"https:\/\/holavape.com\/fr\/wp-json\/wp\/v2\/comments?post=157393"}],"wp:featuredmedia":[{"embeddable":true,"href":"https:\/\/holavape.com\/fr\/wp-json\/wp\/v2\/media\/120892"}],"wp:attachment":[{"href":"https:\/\/holavape.com\/fr\/wp-json\/wp\/v2\/media?parent=157393"}],"wp:term":[{"taxonomy":"product_brand","embeddable":true,"href":"https:\/\/holavape.com\/fr\/wp-json\/wp\/v2\/product_brand?post=157393"},{"taxonomy":"product_cat","embeddable":true,"href":"https:\/\/holavape.com\/fr\/wp-json\/wp\/v2\/product_cat?post=157393"},{"taxonomy":"product_tag","embeddable":true,"href":"https:\/\/holavape.com\/fr\/wp-json\/wp\/v2\/product_tag?post=157393"}],"curies":[{"name":"wp","href":"https:\/\/api.w.org\/{rel}","templated":true}]}}