{"id":160290,"date":"2026-04-17T06:35:19","date_gmt":"2026-04-17T06:35:19","guid":{"rendered":"https:\/\/holavape.com\/product\/jnr-phone-vape-30k-2\/"},"modified":"2026-04-21T08:05:38","modified_gmt":"2026-04-21T08:05:38","slug":"jnr-phone-vape-30k-2","status":"publish","type":"product","link":"https:\/\/holavape.com\/fr\/produit\/jnr-phone-vape-30k-2\/","title":{"rendered":"JNR Phone Vape 30K | 30000 bouff\u00e9es, 19ml e-liquide, touchscreen, 5% nicotine, vape jetable en gros"},"content":{"rendered":"<h2>JNR Phone Vape 30K Pr\u00e9sentation<\/h2>\n<p>JNR Phone Vape 30K est une vape jetable ax\u00e9e sur l&rsquo;affichage, con\u00e7ue pour les acheteurs en gros qui ont besoin d&rsquo;un attrait plus fort en rayon sans trop compliquer la gamme. Il combine 30 000 bouff\u00e9es, 19 ml d&rsquo;e-liquide et un \u00e9cran tactile dans un format facile \u00e0 positionner pour les rayons des magasins de d\u00e9tail et les commandes group\u00e9es.<\/p>\n<p>La gamme de saveurs couvre 1 saveurs, ce qui permet \u00e0 ce mod\u00e8le de s&rsquo;int\u00e9grer parfaitement aux assortiments de fruits, de glace, de bonbons et de produits jetables \u00e0 profil mixte.<\/p>\n<h2>Points saillants<\/h2>\n<ul>\n<li><strong>30 000 bouff\u00e9es<\/strong> pour un format d&rsquo;appareil plus durable<\/li>\n<li><strong>19 ml d&rsquo;e-liquide<\/strong> pour prendre en charge un nombre de bouff\u00e9es plus \u00e9lev\u00e9 et une utilisation quotidienne plus longue<\/li>\n<li><strong>\u00e9cran tactile<\/strong> afin que les utilisateurs puissent v\u00e9rifier plus facilement l&rsquo;\u00e9tat des p\u00e9riph\u00e9riques cl\u00e9s<\/li>\n<li><strong>d\u00e9bit d&rsquo;air r\u00e9glable<\/strong> pour un style de dessin plus flexible<\/li>\n<li><strong>1 saveurs<\/strong> pour couvrir une gamme de saveurs plus large<\/li>\n<li><strong>5%<\/strong> options de nicotine pour r\u00e9pondre aux diff\u00e9rents besoins du march\u00e9<\/li>\n<\/ul>\n<h2>Caract\u00e9ristiques<\/h2>\n<table>\n<tbody>\n<tr>\n<td><strong>Nom du produit<\/strong><\/td>\n<td>JNR Phone Vape 30K<\/td>\n<\/tr>\n<tr>\n<td><strong>Nombre de bouff\u00e9es<\/strong><\/td>\n<td>30 000 bouff\u00e9es<\/td>\n<\/tr>\n<tr>\n<td><strong>Capacit\u00e9 e-liquide<\/strong><\/td>\n<td>19 ml d&rsquo;e-liquide<\/td>\n<\/tr>\n<tr>\n<td><strong>Afficher<\/strong><\/td>\n<td>\u00e9cran tactile<\/td>\n<\/tr>\n<tr>\n<td><strong>Flux d&rsquo;air<\/strong><\/td>\n<td>d\u00e9bit d&rsquo;air r\u00e9glable<\/td>\n<\/tr>\n<tr>\n<td><strong>Options de saveur<\/strong><\/td>\n<td>1 saveurs<\/td>\n<\/tr>\n<tr>\n<td><strong>Force de la nicotine<\/strong><\/td>\n<td>5%<\/td>\n<\/tr>\n<\/tbody>\n<\/table>\n<h2>Options de saveur<\/h2>\n<p>Les options de saveur disponibles incluent Select Flavor Contactez-nous. Cela permet \u00e0 JNR Phone Vape 30K de s&rsquo;adapter \u00e0 un m\u00e9lange plus large d&rsquo;assortiments de fruits, de glace, de bonbons et de vapes jetables \u00e0 profil sucr\u00e9.<\/p>\n","protected":false},"excerpt":{"rendered":"<p>Ajoutez JNR Phone Vape 30K \u00e0 votre catalogue : 30000 bouff\u00e9es, 19ml e-liquide, touchscreen. Commandes en gros d\u00e8s 10 unit\u00e9s pour retail et revente.<\/p>\n","protected":false},"featured_media":1775,"comment_status":"open","ping_status":"closed","template":"","meta":[],"product_brand":[],"product_cat":[1062,979,1023,1021,980,1019,990,987,984,985,994,983,986,988,989,991,992,993,995,996,978,981],"product_tag":[],"class_list":{"0":"post-160290","1":"product","2":"type-product","3":"status-publish","4":"has-post-thumbnail","6":"product_cat-jnr","7":"product_cat-types-de-vapes-jetables","8":"product_cat-vape-jetable-30000-bouffees","9":"product_cat-vapes-a-ecran-intelligent","10":"product_cat-vapes-a-grand-nombre-de-bouffees","11":"product_cat-vapes-box-numeriques","12":"product_cat-vapes-jetables-aux-pays-bas","13":"product_cat-vapes-jetables-en-allemagne","14":"product_cat-vapes-jetables-en-autriche","15":"product_cat-vapes-jetables-en-belgique","16":"product_cat-vapes-jetables-en-espagne","17":"product_cat-vapes-jetables-en-europe","18":"product_cat-vapes-jetables-en-france","19":"product_cat-vapes-jetables-en-hongrie","20":"product_cat-vapes-jetables-en-italie","21":"product_cat-vapes-jetables-en-norvege","22":"product_cat-vapes-jetables-en-pologne","23":"product_cat-vapes-jetables-en-portugal","24":"product_cat-vapes-jetables-en-suede","25":"product_cat-vapes-jetables-en-suisse","26":"product_cat-vapes-jetables-par-nombre-de-bouffees","27":"product_cat-vapes-rechargeables","29":"first","30":"instock","31":"shipping-taxable","32":"purchasable","33":"product-type-variable","34":"has-default-attributes"},"tiered_pricing_type":"fixed","tiered_pricing_fixed_rules":{"2000":12.9900000000000002131628207280300557613372802734375},"tiered_pricing_product_settings":{"layout":"default","base_unit_name":{"singular":null,"plural":null},"default_variation":null},"tiered_pricing_minimum_quantity":1000,"tiered_pricing_roles_data":[],"tiered_pricing_percentage_rules":[],"tiered_pricing_maximum_quantity":null,"tiered_pricing_quantity_step":"10","_links":{"self":[{"href":"https:\/\/holavape.com\/fr\/wp-json\/wp\/v2\/product\/160290","targetHints":{"allow":["GET"]}}],"collection":[{"href":"https:\/\/holavape.com\/fr\/wp-json\/wp\/v2\/product"}],"about":[{"href":"https:\/\/holavape.com\/fr\/wp-json\/wp\/v2\/types\/product"}],"replies":[{"embeddable":true,"href":"https:\/\/holavape.com\/fr\/wp-json\/wp\/v2\/comments?post=160290"}],"wp:featuredmedia":[{"embeddable":true,"href":"https:\/\/holavape.com\/fr\/wp-json\/wp\/v2\/media\/1775"}],"wp:attachment":[{"href":"https:\/\/holavape.com\/fr\/wp-json\/wp\/v2\/media?parent=160290"}],"wp:term":[{"taxonomy":"product_brand","embeddable":true,"href":"https:\/\/holavape.com\/fr\/wp-json\/wp\/v2\/product_brand?post=160290"},{"taxonomy":"product_cat","embeddable":true,"href":"https:\/\/holavape.com\/fr\/wp-json\/wp\/v2\/product_cat?post=160290"},{"taxonomy":"product_tag","embeddable":true,"href":"https:\/\/holavape.com\/fr\/wp-json\/wp\/v2\/product_tag?post=160290"}],"curies":[{"name":"wp","href":"https:\/\/api.w.org\/{rel}","templated":true}]}}