{"id":163948,"date":"2026-04-17T06:21:58","date_gmt":"2026-04-17T06:21:58","guid":{"rendered":"https:\/\/holavape.com\/product\/aivono-aim-plus-800-disposable-vape\/"},"modified":"2026-04-19T16:43:20","modified_gmt":"2026-04-19T16:43:20","slug":"aivono-aim-plus-800-disposable-vape","status":"publish","type":"product","link":"https:\/\/holavape.com\/fr\/produit\/aivono-aim-plus-800-disposable-vape\/","title":{"rendered":"AIVONO AIM Plus 800 vape jetable"},"content":{"rendered":"<h2>AIVONO AIM Plus 800 Disposable Vape Pr\u00e9sentation<\/h2>\n<p>AIVONO AIM Plus 800 Disposable Vape est une vape jetable compacte con\u00e7ue pour les acheteurs en gros qui ont besoin d&rsquo;un SKU d&rsquo;entr\u00e9e de gamme compact avec un renouvellement facile. Il combine 800 bouff\u00e9es, 3,2 ml d&rsquo;e-liquide et une bobine de maille de 1,8 ohm dans un format facile \u00e0 positionner pour les rayons des magasins de d\u00e9tail et les commandes group\u00e9es.<\/p>\n<p>La gamme de saveurs couvre 30 saveurs, ce qui permet \u00e0 ce mod\u00e8le de s&rsquo;int\u00e9grer parfaitement aux assortiments jetables de fruits, de glace, de bonbons et de profils mixtes.<\/p>\n<h2>Points saillants<\/h2>\n<ul>\n<li><strong>800 bouff\u00e9es<\/strong> pour un format d&rsquo;appareil plus durable<\/li>\n<li><strong>3,2 ml d&rsquo;e-liquide<\/strong> pour prendre en charge un nombre de bouff\u00e9es plus \u00e9lev\u00e9 et une utilisation quotidienne plus longue<\/li>\n<li><strong>Bobine de maille de 1,8 ohm<\/strong> pour une saveur plus constante et une vapeur plus douce<\/li>\n<li><strong>Batterie 550 mAh<\/strong> pour une utilisation quotidienne plus fiable<\/li>\n<li><strong>30 saveurs<\/strong> pour couvrir une gamme de saveurs plus large<\/li>\n<li><strong>0% \/ 2% \/ 5%<\/strong> options de nicotine pour r\u00e9pondre aux diff\u00e9rents besoins du march\u00e9<\/li>\n<\/ul>\n<h2>Caract\u00e9ristiques<\/h2>\n<table>\n<tbody>\n<tr>\n<td><strong>Nom du produit<\/strong><\/td>\n<td>AIVONO AIM Plus 800 Disposable Vape<\/td>\n<\/tr>\n<tr>\n<td><strong>Nombre de bouff\u00e9es<\/strong><\/td>\n<td>800 bouff\u00e9es<\/td>\n<\/tr>\n<tr>\n<td><strong>Capacit\u00e9 e-liquide<\/strong><\/td>\n<td>3,2 ml d&rsquo;e-liquide<\/td>\n<\/tr>\n<tr>\n<td><strong>Batterie<\/strong><\/td>\n<td>Batterie 550 mAh<\/td>\n<\/tr>\n<tr>\n<td><strong>Bobine<\/strong><\/td>\n<td>Bobine de maille de 1,8 ohm<\/td>\n<\/tr>\n<tr>\n<td><strong>Options de saveur<\/strong><\/td>\n<td>30 saveurs<\/td>\n<\/tr>\n<tr>\n<td><strong>Force de la nicotine<\/strong><\/td>\n<td>0% \/ 2% \/ 5%<\/td>\n<\/tr>\n<\/tbody>\n<\/table>\n<h2>Options de saveur<\/h2>\n<p>Les options de saveurs disponibles incluent la menthe fra\u00eeche, la glace luxuriante, la barbe \u00e0 papa, la glace \u00e0 la mandarine, la past\u00e8que aux fraises, le citron aux myrtilles et aux framboises, le Mamba, les baies m\u00e9lang\u00e9es et plus encore. Cela permet \u00e0 AIVONO AIM Plus 800 de s&rsquo;adapter \u00e0 un m\u00e9lange plus large d&rsquo;assortiments de fruits, de glace, de bonbons et de vapes jetables \u00e0 profil sucr\u00e9.<\/p>\n","protected":false},"excerpt":{"rendered":"<p>AIVONO AIM Plus 800 bouff\u00e9es combine 800 bouff\u00e9es, 3,2 ml d&rsquo;e-liquide, une bobine de maille de 1,8 ohm et une batterie de 550 mAh. Un outil de d\u00e9marrage simple pour les acheteurs qui souhaitent une marge facile et un chiffre d&rsquo;affaires rapide. \ud83d\udd0b<\/p>\n","protected":false},"featured_media":121620,"comment_status":"open","ping_status":"closed","template":"","meta":[],"product_brand":[],"product_cat":[1024,979,990,987,984,985,994,983,986,988,989,991,992,993,995,996,978],"product_tag":[],"class_list":{"0":"post-163948","1":"product","2":"type-product","3":"status-publish","4":"has-post-thumbnail","6":"product_cat-aivono","7":"product_cat-types-de-vapes-jetables","8":"product_cat-vapes-jetables-aux-pays-bas","9":"product_cat-vapes-jetables-en-allemagne","10":"product_cat-vapes-jetables-en-autriche","11":"product_cat-vapes-jetables-en-belgique","12":"product_cat-vapes-jetables-en-espagne","13":"product_cat-vapes-jetables-en-europe","14":"product_cat-vapes-jetables-en-france","15":"product_cat-vapes-jetables-en-hongrie","16":"product_cat-vapes-jetables-en-italie","17":"product_cat-vapes-jetables-en-norvege","18":"product_cat-vapes-jetables-en-pologne","19":"product_cat-vapes-jetables-en-portugal","20":"product_cat-vapes-jetables-en-suede","21":"product_cat-vapes-jetables-en-suisse","22":"product_cat-vapes-jetables-par-nombre-de-bouffees","24":"first","25":"instock","26":"shipping-taxable","27":"purchasable","28":"product-type-variable","29":"has-default-attributes"},"tiered_pricing_type":"fixed","tiered_pricing_fixed_rules":{"2000":3.04000000000000003552713678800500929355621337890625},"tiered_pricing_product_settings":{"layout":"default","base_unit_name":{"singular":null,"plural":null},"default_variation":null},"tiered_pricing_minimum_quantity":1000,"tiered_pricing_roles_data":[],"tiered_pricing_percentage_rules":[],"tiered_pricing_maximum_quantity":null,"tiered_pricing_quantity_step":"10","_links":{"self":[{"href":"https:\/\/holavape.com\/fr\/wp-json\/wp\/v2\/product\/163948","targetHints":{"allow":["GET"]}}],"collection":[{"href":"https:\/\/holavape.com\/fr\/wp-json\/wp\/v2\/product"}],"about":[{"href":"https:\/\/holavape.com\/fr\/wp-json\/wp\/v2\/types\/product"}],"replies":[{"embeddable":true,"href":"https:\/\/holavape.com\/fr\/wp-json\/wp\/v2\/comments?post=163948"}],"wp:featuredmedia":[{"embeddable":true,"href":"https:\/\/holavape.com\/fr\/wp-json\/wp\/v2\/media\/121620"}],"wp:attachment":[{"href":"https:\/\/holavape.com\/fr\/wp-json\/wp\/v2\/media?parent=163948"}],"wp:term":[{"taxonomy":"product_brand","embeddable":true,"href":"https:\/\/holavape.com\/fr\/wp-json\/wp\/v2\/product_brand?post=163948"},{"taxonomy":"product_cat","embeddable":true,"href":"https:\/\/holavape.com\/fr\/wp-json\/wp\/v2\/product_cat?post=163948"},{"taxonomy":"product_tag","embeddable":true,"href":"https:\/\/holavape.com\/fr\/wp-json\/wp\/v2\/product_tag?post=163948"}],"curies":[{"name":"wp","href":"https:\/\/api.w.org\/{rel}","templated":true}]}}