{"id":165082,"date":"2026-04-17T05:34:53","date_gmt":"2026-04-17T05:34:53","guid":{"rendered":"https:\/\/holavape.com\/product\/elf-box-rgb-14k-disposable-vape\/"},"modified":"2026-04-21T08:06:41","modified_gmt":"2026-04-21T08:06:41","slug":"elf-box-rgb-14k-disposable-vape","status":"publish","type":"product","link":"https:\/\/holavape.com\/fr\/produit\/elf-box-rgb-14k-disposable-vape\/","title":{"rendered":"Elf Box LS15K Disposable Vape | 15000 bouff\u00e9es, 22mL juice, r\u00e9sistance mesh, vape jetable en gros"},"content":{"rendered":"<h2>Elf Box RGB 14K Disposable Vape Pr\u00e9sentation<\/h2>\n<p>Elf Box RGB 14K Disposable Vape est une vape jetable con\u00e7ue pour les acheteurs en gros qui ont besoin d&rsquo;un SKU simple avec des sp\u00e9cifications pratiques. Il combine 14 000 bouff\u00e9es, 25 ml d&rsquo;e-liquide et une batterie de 600 mAh dans un format facile \u00e0 positionner pour les rayons des magasins de d\u00e9tail et les commandes group\u00e9es.<\/p>\n<p>La gamme de saveurs comprend 10 saveurs, ce qui permet \u00e0 ce mod\u00e8le de s&rsquo;int\u00e9grer parfaitement aux assortiments jetables de fruits, de glace, de bonbons et de profils mixtes.<\/p>\n<h2>Points saillants<\/h2>\n<ul>\n<li><strong>14 000 bouff\u00e9es<\/strong> pour un format d&rsquo;appareil plus durable<\/li>\n<li><strong>25 ml d&rsquo;e-liquide<\/strong> pour prendre en charge un nombre de bouff\u00e9es plus \u00e9lev\u00e9 et une utilisation quotidienne plus longue<\/li>\n<li><strong>Batterie 600 mAh<\/strong> pour une utilisation quotidienne plus fiable<\/li>\n<li><strong>10 saveurs<\/strong> pour couvrir une gamme de saveurs plus large<\/li>\n<li><strong>0% \/ 2% \/ 3% \/ 5%<\/strong> options de nicotine pour r\u00e9pondre aux diff\u00e9rents besoins du march\u00e9<\/li>\n<\/ul>\n<h2>Caract\u00e9ristiques<\/h2>\n<table>\n<tbody>\n<tr>\n<td><strong>Nom du produit<\/strong><\/td>\n<td>Elf Box RGB 14K Disposable Vape<\/td>\n<\/tr>\n<tr>\n<td><strong>Nombre de bouff\u00e9es<\/strong><\/td>\n<td>14 000 bouff\u00e9es<\/td>\n<\/tr>\n<tr>\n<td><strong>Capacit\u00e9 e-liquide<\/strong><\/td>\n<td>25 ml d&rsquo;e-liquide<\/td>\n<\/tr>\n<tr>\n<td><strong>Batterie<\/strong><\/td>\n<td>Batterie 600 mAh<\/td>\n<\/tr>\n<tr>\n<td><strong>Options de saveur<\/strong><\/td>\n<td>10 saveurs<\/td>\n<\/tr>\n<tr>\n<td><strong>Force de la nicotine<\/strong><\/td>\n<td>0% \/ 2% \/ 3% \/ 5%<\/td>\n<\/tr>\n<\/tbody>\n<\/table>\n<h2>Options de saveur<\/h2>\n<p>Les options de saveurs disponibles incluent la past\u00e8que \u00e0 la fraise, la glace \u00e0 la framboise bleue, la glace \u00e0 la fraise, la glace au raisin, la glace \u00e0 la menthe, le Red Bull, la double pomme, la glace luxuriante, et plus encore. Cela permet \u00e0 l&rsquo;Elf Box RGB 14K de s&rsquo;adapter \u00e0 un m\u00e9lange plus large d&rsquo;assortiments de fruits, de glace, de bonbons et de vapes jetables \u00e0 profil sucr\u00e9.<\/p>\n","protected":false},"excerpt":{"rendered":"<p>Tirage propre, construction solide et 15000 bouff\u00e9es \u2014 Elf Box LS15K Disposable Vape offre 22mL juice et r\u00e9sistance mesh. Stock d\u00e8s 10 unit\u00e9s.<\/p>\n","protected":false},"featured_media":119948,"comment_status":"open","ping_status":"closed","template":"","meta":[],"product_brand":[],"product_cat":[979,980,990,987,984,985,994,983,986,988,989,991,992,993,995,996,978,981],"product_tag":[],"class_list":{"0":"post-165082","1":"product","2":"type-product","3":"status-publish","4":"has-post-thumbnail","6":"product_cat-types-de-vapes-jetables","7":"product_cat-vapes-a-grand-nombre-de-bouffees","8":"product_cat-vapes-jetables-aux-pays-bas","9":"product_cat-vapes-jetables-en-allemagne","10":"product_cat-vapes-jetables-en-autriche","11":"product_cat-vapes-jetables-en-belgique","12":"product_cat-vapes-jetables-en-espagne","13":"product_cat-vapes-jetables-en-europe","14":"product_cat-vapes-jetables-en-france","15":"product_cat-vapes-jetables-en-hongrie","16":"product_cat-vapes-jetables-en-italie","17":"product_cat-vapes-jetables-en-norvege","18":"product_cat-vapes-jetables-en-pologne","19":"product_cat-vapes-jetables-en-portugal","20":"product_cat-vapes-jetables-en-suede","21":"product_cat-vapes-jetables-en-suisse","22":"product_cat-vapes-jetables-par-nombre-de-bouffees","23":"product_cat-vapes-rechargeables","25":"first","26":"instock","27":"shipping-taxable","28":"purchasable","29":"product-type-variable","30":"has-default-attributes"},"tiered_pricing_type":"fixed","tiered_pricing_fixed_rules":{"2000":5.38999999999999968025576890795491635799407958984375},"tiered_pricing_product_settings":{"layout":"default","base_unit_name":{"singular":null,"plural":null},"default_variation":null},"tiered_pricing_minimum_quantity":1000,"tiered_pricing_roles_data":[],"tiered_pricing_percentage_rules":[],"tiered_pricing_maximum_quantity":null,"tiered_pricing_quantity_step":"10","_links":{"self":[{"href":"https:\/\/holavape.com\/fr\/wp-json\/wp\/v2\/product\/165082","targetHints":{"allow":["GET"]}}],"collection":[{"href":"https:\/\/holavape.com\/fr\/wp-json\/wp\/v2\/product"}],"about":[{"href":"https:\/\/holavape.com\/fr\/wp-json\/wp\/v2\/types\/product"}],"replies":[{"embeddable":true,"href":"https:\/\/holavape.com\/fr\/wp-json\/wp\/v2\/comments?post=165082"}],"wp:featuredmedia":[{"embeddable":true,"href":"https:\/\/holavape.com\/fr\/wp-json\/wp\/v2\/media\/119948"}],"wp:attachment":[{"href":"https:\/\/holavape.com\/fr\/wp-json\/wp\/v2\/media?parent=165082"}],"wp:term":[{"taxonomy":"product_brand","embeddable":true,"href":"https:\/\/holavape.com\/fr\/wp-json\/wp\/v2\/product_brand?post=165082"},{"taxonomy":"product_cat","embeddable":true,"href":"https:\/\/holavape.com\/fr\/wp-json\/wp\/v2\/product_cat?post=165082"},{"taxonomy":"product_tag","embeddable":true,"href":"https:\/\/holavape.com\/fr\/wp-json\/wp\/v2\/product_tag?post=165082"}],"curies":[{"name":"wp","href":"https:\/\/api.w.org\/{rel}","templated":true}]}}