{"id":51908,"date":"2026-03-12T04:24:40","date_gmt":"2026-03-12T04:24:40","guid":{"rendered":"https:\/\/holavape.com\/product\/stag-bar-4-in-1-80k-cigarette-electronique-jetable-grossiste-entrepot-ue\/"},"modified":"2026-04-05T01:39:13","modified_gmt":"2026-04-05T01:39:13","slug":"stag-bar-4-in-1-80k","status":"publish","type":"product","link":"https:\/\/holavape.com\/fr\/produit\/stag-bar-4-in-1-80k\/","title":{"rendered":"Stag Bar 4-in-1 80K Cigarette \u00c9lectronique Jetable \u2014 Grossiste Entrep\u00f4t UE"},"content":{"rendered":"<h2>Stag Bar 4-in-1 80K \u2014 Cigarette \u00c9lectronique Jetable 80 000 Bouff\u00e9es et Quatre Saveurs<\/h2>\n<p>La Stag Bar 4-in-1 80K offre aux vapoteurs quatre saveurs diff\u00e9rentes dans un seul appareil avec 48ml de e-liquide et une dur\u00e9e de vie de 80 000 bouff\u00e9es. Chaque unit\u00e9 dispose de quatre r\u00e9servoirs s\u00e9par\u00e9s \u2014 pas de m\u00e9lange de saveurs, aucun compromis sur le go\u00fbt entre les changements. C&rsquo;est l&rsquo;un de nos produits les plus vendus aupr\u00e8s des distributeurs europ\u00e9ens car il est exp\u00e9di\u00e9 depuis notre entrep\u00f4t europ\u00e9en, avec des d\u00e9lais de livraison de 5 \u00e0 7 jours ouvrables contre 10 \u00e0 15 depuis la Chine.<\/p>\n<p>Pour les propri\u00e9taires de boutiques et distributeurs : le format quatre saveurs est un excellent argument de vente par rapport aux appareils \u00e0 saveur unique. Les clients qui essaient l&rsquo;un de ces appareils reviennent souvent car ils peuvent d\u00e9couvrir quatre profils sans acheter quatre appareils s\u00e9par\u00e9s. Associez-le \u00e0 des options \u00e0 saveur unique comme le <a href=\"https:\/\/holavape.com\/fr\/produit\/vozol-neon-45k\/\">VOZOL NEON 45K<\/a> pour les clients qui savent d\u00e9j\u00e0 ce qu&rsquo;ils aiment, et le <a href=\"https:\/\/holavape.com\/fr\/produit\/uzy-6-in-1-150k\/\">UZY 6-in-1 150K<\/a> pour ceux qui veulent encore plus de vari\u00e9t\u00e9.<\/p>\n<table>\n<thead>\n<tr>\n<th>Caract\u00e9ristique<\/th>\n<th>D\u00e9tail<\/th>\n<\/tr>\n<\/thead>\n<tbody>\n<tr>\n<td>Nombre de bouff\u00e9es<\/td>\n<td>Jusqu&rsquo;\u00e0 80 000 (total sur 4 saveurs)<\/td>\n<\/tr>\n<tr>\n<td>Syst\u00e8me de saveurs<\/td>\n<td>4-in-1 r\u00e9servoir quadruple<\/td>\n<\/tr>\n<tr>\n<td>Capacit\u00e9 e-liquide<\/td>\n<td>48ml au total (12ml par r\u00e9servoir)<\/td>\n<\/tr>\n<tr>\n<td>Batterie<\/td>\n<td>1 000mAh rechargeable (Type-C)<\/td>\n<\/tr>\n<tr>\n<td>R\u00e9sistance<\/td>\n<td>Mesh coil<\/td>\n<\/tr>\n<tr>\n<td>Taux de nicotine<\/td>\n<td>2%<\/td>\n<\/tr>\n<tr>\n<td>\u00c9cran<\/td>\n<td>Indicateur LCD batterie et e-liquide<\/td>\n<\/tr>\n<tr>\n<td>Sets de saveurs disponibles<\/td>\n<td>13+ combinaisons pr\u00e9d\u00e9finies<\/td>\n<\/tr>\n<\/tbody>\n<\/table>\n<h3>Sets de Saveurs<\/h3>\n<p>Chaque Stag Bar 4-in-1 est livr\u00e9e avec une combinaison pr\u00e9d\u00e9finie de 4 saveurs. Plus de 13 options de sets sont disponibles \u2014 toutes fruit\u00e9es avec un bon \u00e9quilibre entre profils glac\u00e9s, doux et mixtes. Vous choisissez quels sets stocker.<\/p>\n<p><strong>Valeurs s\u00fbres pour commencer :<\/strong> Myrtille Glac\u00e9e \/ Fraise Glac\u00e9e \/ Past\u00e8que Glac\u00e9e \/ Cerise Glac\u00e9e (le quatuor glac\u00e9 classique \u2014 couvre les quatre saveurs les plus demand\u00e9es en un seul appareil) et Past\u00e8que Glac\u00e9e \/ Fraise Past\u00e8que \/ Past\u00e8que Chewing-Gum \/ Past\u00e8que Framboise Glac\u00e9e (dominante past\u00e8que, r\u00e9guli\u00e8rement populaire sur tous les march\u00e9s europ\u00e9ens).<\/p>\n<p><strong>Sets fruits + glac\u00e9s :<\/strong> Myrtille Glac\u00e9e \/ Fruits Rouges M\u00e9lang\u00e9s \/ Blue Razz Glac\u00e9 \/ Myrtille Framboise Glac\u00e9e (pour les amateurs de baies), Fraise Glac\u00e9e \/ Fraise Kiwi \/ Fraise Raisin \/ Fraise Framboise Cerise Glac\u00e9e (dominante fraise \u2014 fort en Europe du Sud), Cerise Glac\u00e9e \/ Blue Razz Cerise \/ Cerise P\u00eache Limonade \/ Cerise Cola (centr\u00e9 cerise avec une touche cola).<\/p>\n<p><strong>Sets tropicaux + mixtes :<\/strong> P\u00eache Mangue Ananas \/ P\u00eache Juteuse \/ Citron Vert \/ Triple Mangue (tropical, se vend bien en \u00e9t\u00e9), Fraise Framboise Cerise Glac\u00e9e \/ Triple Melon \/ Ananas Banane Fraise \/ Kiwi Fruit de la Passion Goyave (mix vari\u00e9 \u2014 id\u00e9al pour les boutiques qui testent ce qui se vend), Blue Razz Fusion \/ Ananas Coco Glac\u00e9 \/ Limonade Rose \/ Fraise Past\u00e8que Fusion (limonade et coco sont des niches \u2014 commandez en petites quantit\u00e9s d&rsquo;abord).<\/p>\n<p><strong>Sets audacieux + originaux :<\/strong> Banane Fraise \/ Fraise Raisin \/ Red Bull \/ Double Pomme (Red Bull et double pomme attirent des publics diff\u00e9rents \u2014 set test int\u00e9ressant), Citron Vert \/ Fraise Kiwi \/ Menthe Glac\u00e9e \/ Fruit du Dragon Banane Cerise (menthe et fruit du dragon pour les go\u00fbts non-mainstream), Mr Blue \/ Myrtille Framboise Glac\u00e9e \/ Fraise Kiwi \/ Myrtille Cerise Cranberry (Mr Blue est un m\u00e9lange myst\u00e8re avec des adeptes fid\u00e8les).<\/p>\n<h3>Exp\u00e9dition et Commande<\/h3>\n<p>La Stag Bar 4-in-1 80K est exp\u00e9di\u00e9e depuis notre entrep\u00f4t UE avec livraison en 5-7 jours ouvrables dans toute l&rsquo;Europe. C&rsquo;est l&rsquo;une des options de livraison les plus rapides de notre catalogue \u2014 id\u00e9ale pour le r\u00e9approvisionnement ou le test de nouveaux sets de saveurs sans longs d\u00e9lais d&rsquo;attente. Si le stock de l&rsquo;entrep\u00f4t UE est faible pour certains sets, les commandes restantes sont exp\u00e9di\u00e9es depuis la Chine avec des d\u00e9lais standard de 10-15 jours.<\/p>\n<p>Commande minimale de 10 unit\u00e9s avec possibilit\u00e9 de mixer les sets de saveurs dans une m\u00eame commande. Les remises sur volume commencent \u00e0 partir de 30+ unit\u00e9s \u2014 <a href=\"https:\/\/holavape.com\/fr\/contactez-nous\/\">contactez-nous<\/a> pour les prix d\u00e9gressifs. Ce mod\u00e8le est disponible uniquement en 2% de nicotine, ce qui correspond bien aux pr\u00e9f\u00e9rences TPD de l&rsquo;UE. Si vos clients ont besoin d&rsquo;options 0% ou 5%, associez-le au <a href=\"https:\/\/holavape.com\/fr\/produit\/uzy-bang-digital-15k\/\">UZY Bang Digital 15K<\/a> ou au <a href=\"https:\/\/holavape.com\/fr\/produit\/uzy-tornado-20k\/\">UZY Tornado 20K<\/a> qui offrent la gamme compl\u00e8te 0%\/2%\/3%\/5%.<\/p>\n","protected":false},"excerpt":{"rendered":"<p>Stag Bar 4-in-1 80K offre jusqu&rsquo;\u00e0 80 000 bouff\u00e9es, 4 saveurs par appareil, une mesh coil et 48 ml d&rsquo;e-liquide. Exp\u00e9di\u00e9 depuis notre entrep\u00f4t de l&rsquo;UE avec 2 % de nicotine et une configuration de vente en gros propre pour les acheteurs europ\u00e9ens. \ud83d\ude9a<\/p>\n","protected":false},"featured_media":11801,"comment_status":"open","ping_status":"closed","template":"","meta":[],"product_brand":[],"product_cat":[987,988,989,992,994],"product_tag":[],"class_list":{"0":"post-51908","1":"product","2":"type-product","3":"status-publish","4":"has-post-thumbnail","6":"product_cat-disposable-vapes-in-germany","7":"product_cat-disposable-vapes-in-hungary","8":"product_cat-disposable-vapes-in-ltaly","9":"product_cat-disposable-vapes-in-poland","10":"product_cat-disposable-vapes-in-spain","12":"first","13":"instock","14":"shipping-taxable","15":"purchasable","16":"product-type-variable","17":"has-default-attributes"},"tiered_pricing_type":"fixed","tiered_pricing_fixed_rules":{"100":8.300000000000000710542735760100185871124267578125,"200":7.70000000000000017763568394002504646778106689453125,"500":7.4000000000000003552713678800500929355621337890625},"tiered_pricing_product_settings":{"layout":"default","base_unit_name":{"singular":null,"plural":null},"default_variation":null},"tiered_pricing_minimum_quantity":50,"tiered_pricing_roles_data":[],"tiered_pricing_percentage_rules":[],"tiered_pricing_maximum_quantity":null,"tiered_pricing_quantity_step":"10","_links":{"self":[{"href":"https:\/\/holavape.com\/fr\/wp-json\/wp\/v2\/product\/51908","targetHints":{"allow":["GET"]}}],"collection":[{"href":"https:\/\/holavape.com\/fr\/wp-json\/wp\/v2\/product"}],"about":[{"href":"https:\/\/holavape.com\/fr\/wp-json\/wp\/v2\/types\/product"}],"replies":[{"embeddable":true,"href":"https:\/\/holavape.com\/fr\/wp-json\/wp\/v2\/comments?post=51908"}],"wp:featuredmedia":[{"embeddable":true,"href":"https:\/\/holavape.com\/fr\/wp-json\/wp\/v2\/media\/11801"}],"wp:attachment":[{"href":"https:\/\/holavape.com\/fr\/wp-json\/wp\/v2\/media?parent=51908"}],"wp:term":[{"taxonomy":"product_brand","embeddable":true,"href":"https:\/\/holavape.com\/fr\/wp-json\/wp\/v2\/product_brand?post=51908"},{"taxonomy":"product_cat","embeddable":true,"href":"https:\/\/holavape.com\/fr\/wp-json\/wp\/v2\/product_cat?post=51908"},{"taxonomy":"product_tag","embeddable":true,"href":"https:\/\/holavape.com\/fr\/wp-json\/wp\/v2\/product_tag?post=51908"}],"curies":[{"name":"wp","href":"https:\/\/api.w.org\/{rel}","templated":true}]}}