{"id":61201,"date":"2025-06-27T09:34:29","date_gmt":"2025-06-27T09:34:29","guid":{"rendered":"https:\/\/holavape.com\/product\/uwin-crystal-10000-vape-jetable-vente-en-gros\/"},"modified":"2026-04-05T01:44:06","modified_gmt":"2026-04-05T01:44:06","slug":"uwin-crystal-10000","status":"publish","type":"product","link":"https:\/\/holavape.com\/fr\/produit\/uwin-crystal-10000\/","title":{"rendered":"Uwin Crystal 10000 Vape Jetable \u2014 Vente en Gros"},"content":{"rendered":"<h2>Uwin Crystal 10000 \u2014 Vape Jetable Cristal de 10 000 Bouff\u00e9es<\/h2>\n<p>Uwin Crystal 10000 est un vape jetable compact \u00e0 saveur unique avec un corps cristal accrocheur et des lumi\u00e8res LED RGB. Avec 10 000 bouff\u00e9es, il se situe au point d&rsquo;entr\u00e9e de la cat\u00e9gorie haute capacit\u00e9 \u2014 assez de capacit\u00e9 pour constituer une avanc\u00e9e significative par rapport aux appareils 5K, tout en maintenant un prix accessible pour les boutiques testant de nouvelles marques ou stockant des options \u00e9conomiques. C&rsquo;est un vendeur r\u00e9gulier sur des march\u00e9s comme l&rsquo;Espagne, le Royaume-Uni et les Pays-Bas o\u00f9 les appareils de style cristal ont une forte popularit\u00e9.<\/p>\n<p>Avec 30 saveurs et quatre taux de nicotine, la gamme est l&rsquo;une des plus larges de sa cat\u00e9gorie. Si votre boutique propose d\u00e9j\u00e0 des mod\u00e8les de plus grande capacit\u00e9 comme <a href=\"https:\/\/holavape.com\/fr\/produit\/waspe-bar-60k\/\">WASPE Bar 60K<\/a> ou des appareils multi-saveurs comme <a href=\"https:\/\/holavape.com\/fr\/produit\/bang-box-50k-vape-jetable-double-saveur-vente-en-gros\/\">Bang Box 50K<\/a>, Uwin Crystal 10000 remplit le cr\u00e9neau prix bas et engagement r\u00e9duit de votre gamme \u2014 l&rsquo;appareil que les clients choisissent quand ils veulent essayer une nouvelle saveur sans trop d\u00e9penser.<\/p>\n<table>\n<thead>\n<tr>\n<th>Sp\u00e9cification<\/th>\n<th>D\u00e9tail<\/th>\n<\/tr>\n<\/thead>\n<tbody>\n<tr>\n<td>Nombre de bouff\u00e9es<\/td>\n<td>Jusqu&rsquo;\u00e0 10 000<\/td>\n<\/tr>\n<tr>\n<td>Capacit\u00e9 e-liquide<\/td>\n<td>18ml<\/td>\n<\/tr>\n<tr>\n<td>Batterie<\/td>\n<td>650mAh rechargeable cobalt (Type-C)<\/td>\n<\/tr>\n<tr>\n<td>R\u00e9sistance<\/td>\n<td>0,8\u03a9 mesh coil<\/td>\n<\/tr>\n<tr>\n<td>Taux de nicotine<\/td>\n<td>0%, 2%, 3%, 5%<\/td>\n<\/tr>\n<tr>\n<td>Lumi\u00e8res RGB<\/td>\n<td>Oui<\/td>\n<\/tr>\n<tr>\n<td>Conditionnement<\/td>\n<td>10 pcs\/bo\u00eete, 200 pcs\/carton<\/td>\n<\/tr>\n<tr>\n<td>Poids du carton<\/td>\n<td>17,3kg<\/td>\n<\/tr>\n<tr>\n<td>Dimensions du carton<\/td>\n<td>36,5 x 36,7 x 31,5 cm<\/td>\n<\/tr>\n<\/tbody>\n<\/table>\n<h3>Saveurs<\/h3>\n<p>Meilleures ventes \u00e0 stocker en priorit\u00e9 : Past\u00e8que Glac\u00e9e, Myrtille Framboise, Raisin Glac\u00e9 et Fraise Glac\u00e9e \u2014 ces quatre couvrent les profils de fruits glac\u00e9s essentiels qui se vendent sur tous les march\u00e9s europ\u00e9ens.<\/p>\n<p><strong>Fruits glac\u00e9s (valeurs s\u00fbres) :<\/strong> Past\u00e8que Glac\u00e9e (le best-seller standard), Myrtille Glac\u00e9e, Raisin Glac\u00e9 (fort en Europe du Sud), Cerise Glac\u00e9e, Fraise Glac\u00e9e, P\u00eache Glac\u00e9e, Fruit de la Passion Glac\u00e9 \u2014 ceux-ci devraient constituer la majorit\u00e9 d&rsquo;une premi\u00e8re commande.<\/p>\n<p><strong>M\u00e9langes de fruits :<\/strong> Myrtille Framboise, Fraise Past\u00e8que, Fraise Kiwi, Fraise Framboise Cerise, Kiwi Fruit de la Passion Goyave (note tropicale, fonctionne bien pendant les mois chauds), P\u00eache Baies, P\u00eache Mangue Ananas, Fraise Banane, Fraise Canneberge Cerise, Cerise Baies, Fraise Raisin.<\/p>\n<p><strong>Inspir\u00e9es des boissons et sp\u00e9ciales :<\/strong> Red Bull (saveur boisson \u00e9nerg\u00e9tique, vendeur constant aupr\u00e8s des jeunes acheteurs), Cerise Cola, Cola Glac\u00e9, Limonade Blue Razz (l&rsquo;une des saveurs vape les plus recherch\u00e9es en ligne), Miami Menthe (menthol dominant, attire les ex-fumeurs), Citron Citron Vert. Mr Blue et Lady Killa sont des saveurs classiques de la marque Crystal avec une client\u00e8le \u00e9tablie. Love 66 a une note chaude proche du tabac que les amateurs de MTL appr\u00e9cient.<\/p>\n<p><strong>Profils plus audacieux :<\/strong> Double Pomme (populaire sur les march\u00e9s influenc\u00e9s par le chicha), Vanille Glac\u00e9e (profil dessert, niche mais fid\u00e8le), Baies M\u00e9lang\u00e9es.<\/p>\n<h3>Exp\u00e9dition et Commande<\/h3>\n<p>Uwin Crystal 10000 est exp\u00e9di\u00e9 depuis la Chine avec des d\u00e9lais typiques de 10 \u00e0 15 jours ouvrables vers l&rsquo;Europe. Commande minimum de 10 unit\u00e9s, avec des prix d\u00e9gressifs pour les volumes plus importants \u2014 m\u00e9langez les saveurs librement. Le carton contient 200 pi\u00e8ces (20 bo\u00eetes de 10), p\u00e8se 17,3kg et mesure 36,5 x 36,7 x 31,5 cm. Options de nicotine : 0%, 2%, 3% et 5% ; pour les march\u00e9s de l&rsquo;UE, 0% et 2% sont les choix standard en gros. V\u00e9rifiez la r\u00e9glementation locale avant de stocker du 3% ou 5% dans les pays r\u00e9glement\u00e9s par la TPD. <a href=\"https:\/\/holavape.com\/fr\/contactez-nous\/\">Contactez-nous<\/a> pour les prix en volume et les devis de fret.<\/p>\n","protected":false},"excerpt":{"rendered":"<p>Uwin Crystal 10000 contient 10 000 bouff\u00e9es, 18 ml d&rsquo;e-liquide, 30 saveurs et des lumi\u00e8res RVB dans un corps de style cristal. Avec des options de nicotine 0%\/2%\/3%\/5% et un emballage de 10 par bo\u00eete, il est con\u00e7u pour faciliter les d\u00e9placements au d\u00e9tail. \ud83d\udc8e<\/p>\n","protected":false},"featured_media":22940,"comment_status":"open","ping_status":"closed","template":"","meta":[],"product_brand":[],"product_cat":[15],"product_tag":[],"class_list":{"0":"post-61201","1":"product","2":"type-product","3":"status-publish","4":"has-post-thumbnail","6":"product_cat-holavape","8":"first","9":"instock","10":"shipping-taxable","11":"purchasable","12":"product-type-variable","13":"has-default-attributes"},"tiered_pricing_type":"fixed","tiered_pricing_fixed_rules":{"30":5.12000000000000010658141036401502788066864013671875,"50":4.12999999999999989341858963598497211933135986328125,"100":3.54000000000000003552713678800500929355621337890625,"200":3.359999999999999875655021241982467472553253173828125,"400":2.95999999999999996447286321199499070644378662109375},"tiered_pricing_product_settings":{"layout":"default","base_unit_name":{"singular":null,"plural":null},"default_variation":null},"tiered_pricing_minimum_quantity":10,"tiered_pricing_roles_data":[],"tiered_pricing_percentage_rules":[],"tiered_pricing_maximum_quantity":null,"tiered_pricing_quantity_step":"10","_links":{"self":[{"href":"https:\/\/holavape.com\/fr\/wp-json\/wp\/v2\/product\/61201","targetHints":{"allow":["GET"]}}],"collection":[{"href":"https:\/\/holavape.com\/fr\/wp-json\/wp\/v2\/product"}],"about":[{"href":"https:\/\/holavape.com\/fr\/wp-json\/wp\/v2\/types\/product"}],"replies":[{"embeddable":true,"href":"https:\/\/holavape.com\/fr\/wp-json\/wp\/v2\/comments?post=61201"}],"wp:featuredmedia":[{"embeddable":true,"href":"https:\/\/holavape.com\/fr\/wp-json\/wp\/v2\/media\/22940"}],"wp:attachment":[{"href":"https:\/\/holavape.com\/fr\/wp-json\/wp\/v2\/media?parent=61201"}],"wp:term":[{"taxonomy":"product_brand","embeddable":true,"href":"https:\/\/holavape.com\/fr\/wp-json\/wp\/v2\/product_brand?post=61201"},{"taxonomy":"product_cat","embeddable":true,"href":"https:\/\/holavape.com\/fr\/wp-json\/wp\/v2\/product_cat?post=61201"},{"taxonomy":"product_tag","embeddable":true,"href":"https:\/\/holavape.com\/fr\/wp-json\/wp\/v2\/product_tag?post=61201"}],"curies":[{"name":"wp","href":"https:\/\/api.w.org\/{rel}","templated":true}]}}