{"id":87526,"date":"2025-07-07T07:46:55","date_gmt":"2025-07-07T07:46:55","guid":{"rendered":"https:\/\/holavape.com\/product\/mrvi-twins-32k-vape-jetable-double-saveur-grossiste\/"},"modified":"2026-04-05T01:41:33","modified_gmt":"2026-04-05T01:41:33","slug":"mrvi-twins-32k","status":"publish","type":"product","link":"https:\/\/holavape.com\/fr\/produit\/mrvi-twins-32k\/","title":{"rendered":"MRVI Twins 32K Vape Jetable Double Saveur \u2014 Grossiste"},"content":{"rendered":"<h2>MRVI Twins 32K \u2014 Vape Jetable Double Saveur 32 000 Bouff\u00e9es<\/h2>\n<p>MRVI Twins 32K est un vape jetable \u00e0 double saveur commutable avec 40ml de e-liquide r\u00e9partis entre deux r\u00e9servoirs et un syst\u00e8me de double mesh coil. Le corps cristallin et l\u2019\u00e9cran intelligent lui conf\u00e8rent une apparence soign\u00e9e en boutique. Avec 32 000 bouff\u00e9es, il se situe en dessous du <a href=\"https:\/\/holavape.com\/fr\/produit\/uwin-crystal-twins-40k\/\">Uwin Crystal Twins 40K<\/a> en nombre de bouff\u00e9es mais compense par une capacit\u00e9 de 40ml de e-liquide plus g\u00e9n\u00e9reuse et un menu de saveurs bien s\u00e9lectionn\u00e9 qui s\u2019appuie sur des favoris europ\u00e9ens \u00e9prouv\u00e9s.<\/p>\n<p>MRVI en tant que marque a construit une client\u00e8le fid\u00e8le sur les march\u00e9s d\u2019Europe du Sud et de l\u2019Ouest \u2014 les boutiques qui vendent d\u00e9j\u00e0 des produits MRVI trouveront le Twins 32K facile \u00e0 ajouter. Pour les boutiques qui d\u00e9couvrent la marque, il fonctionne bien comme mod\u00e8le d\u2019entr\u00e9e double saveur aux c\u00f4t\u00e9s d\u2019options de plus grande capacit\u00e9 comme le <a href=\"https:\/\/holavape.com\/fr\/produit\/bangbox-80k\/\">BANGBOX 80K<\/a> ou des mod\u00e8les triple saveur comme le <a href=\"https:\/\/holavape.com\/fr\/produit\/mrvi-growing-60k-3t-spin-vape-jetable-triple-saveur-grossiste\/\">MRVI Growing 60K<\/a>.<\/p>\n<table>\n<thead>\n<tr>\n<th>Sp\u00e9cification<\/th>\n<th>D\u00e9tail<\/th>\n<\/tr>\n<\/thead>\n<tbody>\n<tr>\n<td>Nombre de bouff\u00e9es<\/td>\n<td>Jusqu\u2019\u00e0 32 000<\/td>\n<\/tr>\n<tr>\n<td>Syst\u00e8me de saveurs<\/td>\n<td>Double saveur commutable (2 saveurs par appareil)<\/td>\n<\/tr>\n<tr>\n<td>Capacit\u00e9 e-liquide<\/td>\n<td>40ml au total<\/td>\n<\/tr>\n<tr>\n<td>Batterie<\/td>\n<td>650mAh rechargeable (Type-C)<\/td>\n<\/tr>\n<tr>\n<td>R\u00e9sistance<\/td>\n<td>Double mesh coil<\/td>\n<\/tr>\n<tr>\n<td>Taux de nicotine<\/td>\n<td>2%, 5%<\/td>\n<\/tr>\n<tr>\n<td>\u00c9cran<\/td>\n<td>\u00c9cran intelligent \u2014 niveau de batterie et de e-liquide<\/td>\n<\/tr>\n<tr>\n<td>Corps<\/td>\n<td>Design cristallin transparent<\/td>\n<\/tr>\n<tr>\n<td>Emballage<\/td>\n<td>10 pi\u00e8ces par bo\u00eete<\/td>\n<\/tr>\n<\/tbody>\n<\/table>\n<h3>Combinaisons de Saveurs \u2014 10 Duos de Saveurs<\/h3>\n<p>Meilleurs duos \u00e0 stocker en priorit\u00e9 : Past\u00e8que Glac\u00e9e \/ Fruits Rouges M\u00e9lang\u00e9s, Myrtille Glac\u00e9e \/ Pomme Rouge Glac\u00e9e et Fraise Past\u00e8que \/ Canneberge Raisin \u2014 ces combinaisons couvrent les profils les plus populaires et sont des valeurs s\u00fbres sur les march\u00e9s europ\u00e9ens.<\/p>\n<p><strong>Combos fruit + glac\u00e9 (valeurs s\u00fbres) :<\/strong> Past\u00e8que Glac\u00e9e \/ Fruits Rouges M\u00e9lang\u00e9s, Myrtille Glac\u00e9e \/ Pomme Rouge Glac\u00e9e, Triple Melon \/ Sucette Glac\u00e9e, Ananas Glac\u00e9 \/ Raisin Glac\u00e9 \u2014 les associations fruits glac\u00e9s sont la base de toute commande de vape jetable en Europe. Past\u00e8que Glac\u00e9e (past\u00e8que menthol\u00e9e) fait partie du top 3 des saveurs dans presque tous les march\u00e9s.<\/p>\n<p><strong>M\u00e9langes de baies et fruits :<\/strong> Fraise Past\u00e8que \/ Canneberge Raisin, Fraise Glac\u00e9e \/ Goutte Arc-en-ciel, Banane Glac\u00e9e \/ Fraise Kiwi \u2014 Canneberge Raisin apporte quelque chose de diff\u00e9rent dans un assortiment domin\u00e9 par les m\u00e9langes de baies classiques, et Goutte Arc-en-ciel s\u00e9duit les clients qui pr\u00e9f\u00e8rent les profils sucr\u00e9s bonbon.<\/p>\n<p><strong>Saveurs audacieuses et inspir\u00e9es des boissons :<\/strong> P\u00eache Glac\u00e9e \/ Red Bull, Smoothie Mangue \/ Cr\u00e8me Glac\u00e9e Orange, Cerise P\u00e9tillante \/ Framboise Bleue Glac\u00e9e \u2014 Red Bull et Cr\u00e8me Glac\u00e9e Orange sont des saveurs originales qui fonctionnent bien aupr\u00e8s des jeunes acheteurs. Smoothie Mangue est un excellent choix pour les mois d\u2019\u00e9t\u00e9. Testez Cerise P\u00e9tillante avec une petite quantit\u00e9 si votre march\u00e9 est plut\u00f4t traditionnel.<\/p>\n<h3>Exp\u00e9dition et Commande<\/h3>\n<p>MRVI Twins 32K est exp\u00e9di\u00e9 depuis la Chine avec des d\u00e9lais de livraison typiques de 10 \u00e0 18 jours ouvrables vers les destinations europ\u00e9ennes. Le MOQ est de 10 unit\u00e9s, avec des tarifs d\u00e9gressifs disponibles \u00e0 partir de 30+ et 100+ unit\u00e9s. Les combinaisons de saveurs et les taux de nicotine peuvent \u00eatre m\u00e9lang\u00e9s au sein d\u2019une m\u00eame commande.<\/p>\n<p>Notez que ce mod\u00e8le est disponible uniquement en 2% et 5% de nicotine \u2014 pas d\u2019option 0% ou 3%. Si votre march\u00e9 n\u00e9cessite des produits sans nicotine, envisagez de le combiner avec le <a href=\"https:\/\/holavape.com\/fr\/produit\/uwin-crystal-twins-40k\/\">Uwin Crystal Twins 40K<\/a> qui propose \u00e9galement des options 0% et 3%. Pour le 5% de nicotine, v\u00e9rifiez la r\u00e9glementation locale avant de commander \u2014 plusieurs pays de l\u2019UE restreignent la vente au d\u00e9tail au-dessus de certains seuils de nicotine. Devis pour l\u2019exp\u00e9dition en gros et sp\u00e9cifications des cartons disponibles via notre <a href=\"https:\/\/holavape.com\/fr\/contactez-nous\/\">page de contact<\/a>.<\/p>\n","protected":false},"excerpt":{"rendered":"<p>MRVI Twins 32K apporte 32 000 bouff\u00e9es, 10 combinaisons \u00e0 double saveur, une dual mesh coil et 40 ml d&rsquo;e-liquide dans un corps en cristal avec \u00e9cran intelligent. Un choix \u00e0 deux saveurs intelligent pour les magasins qui veulent de la vari\u00e9t\u00e9 sans passer \u00e0 un niveau de bouff\u00e9e sup\u00e9rieur. \ud83d\udd37<\/p>\n","protected":false},"featured_media":15560,"comment_status":"open","ping_status":"closed","template":"","meta":[],"product_brand":[],"product_cat":[15],"product_tag":[],"class_list":{"0":"post-87526","1":"product","2":"type-product","3":"status-publish","4":"has-post-thumbnail","6":"product_cat-holavape","8":"first","9":"instock","10":"shipping-taxable","11":"purchasable","12":"product-type-variable","13":"has-default-attributes"},"tiered_pricing_type":"fixed","tiered_pricing_fixed_rules":{"100":5.61000000000000031974423109204508364200592041015625,"200":5.2400000000000002131628207280300557613372802734375,"400":4.80999999999999960920149533194489777088165283203125},"tiered_pricing_product_settings":{"layout":"default","base_unit_name":{"singular":null,"plural":null},"default_variation":null},"tiered_pricing_minimum_quantity":50,"tiered_pricing_roles_data":[],"tiered_pricing_percentage_rules":[],"tiered_pricing_maximum_quantity":null,"tiered_pricing_quantity_step":"10","_links":{"self":[{"href":"https:\/\/holavape.com\/fr\/wp-json\/wp\/v2\/product\/87526","targetHints":{"allow":["GET"]}}],"collection":[{"href":"https:\/\/holavape.com\/fr\/wp-json\/wp\/v2\/product"}],"about":[{"href":"https:\/\/holavape.com\/fr\/wp-json\/wp\/v2\/types\/product"}],"replies":[{"embeddable":true,"href":"https:\/\/holavape.com\/fr\/wp-json\/wp\/v2\/comments?post=87526"}],"wp:featuredmedia":[{"embeddable":true,"href":"https:\/\/holavape.com\/fr\/wp-json\/wp\/v2\/media\/15560"}],"wp:attachment":[{"href":"https:\/\/holavape.com\/fr\/wp-json\/wp\/v2\/media?parent=87526"}],"wp:term":[{"taxonomy":"product_brand","embeddable":true,"href":"https:\/\/holavape.com\/fr\/wp-json\/wp\/v2\/product_brand?post=87526"},{"taxonomy":"product_cat","embeddable":true,"href":"https:\/\/holavape.com\/fr\/wp-json\/wp\/v2\/product_cat?post=87526"},{"taxonomy":"product_tag","embeddable":true,"href":"https:\/\/holavape.com\/fr\/wp-json\/wp\/v2\/product_tag?post=87526"}],"curies":[{"name":"wp","href":"https:\/\/api.w.org\/{rel}","templated":true}]}}