{"id":98767,"date":"2025-07-07T07:38:46","date_gmt":"2025-07-07T07:38:46","guid":{"rendered":"https:\/\/holavape.com\/product\/bang-tornado-40k-cigarette-electronique-jetable-ecran-led-grossiste\/"},"modified":"2026-04-05T01:42:12","modified_gmt":"2026-04-05T01:42:12","slug":"bang-tornado-40k","status":"publish","type":"product","link":"https:\/\/holavape.com\/fr\/produit\/bang-tornado-40k\/","title":{"rendered":"Bang Tornado 40K Cigarette \u00c9lectronique Jetable \u2014 \u00c9cran LED Grossiste"},"content":{"rendered":"<h2>Bang Tornado 40K \u2014 Cigarette \u00c9lectronique Jetable 40 000 Bouff\u00e9es avec \u00c9cran LED<\/h2>\n<p>La Bang Tornado 40K est une cigarette \u00e9lectronique jetable \u00e0 saveur unique qui offre jusqu\u2019\u00e0 40 000 bouff\u00e9es avec un compteur de bouff\u00e9es LED int\u00e9gr\u00e9. Elle comble l\u2019\u00e9cart entre les appareils d\u2019entr\u00e9e de gamme 20K et les mod\u00e8les \u00e0 plus grande capacit\u00e9 comme la <a href=\"https:\/\/holavape.com\/fr\/produit\/waspe-bar-60k\/\">WASPE Bar 60K<\/a> \u2014 offrant aux boutiques une option milieu de gamme qui se vend bien sur les march\u00e9s soucieux des prix en Espagne, en Allemagne et aux Pays-Bas.<\/p>\n<p>Avec 12 options de saveurs et quatre taux de nicotine dont une option 0%, elle couvre toute la gamme des pr\u00e9f\u00e9rences clients. L\u2019\u00e9cran LED est une fonctionnalit\u00e9 utile dans cette gamme de prix \u2014 il suit le nombre de bouff\u00e9es pour que les utilisateurs sachent exactement o\u00f9 ils en sont. Si vous stockez des jetables sur plusieurs niveaux de bouff\u00e9es, la Bang Tornado 40K fonctionne bien comme option de milieu de rayon aux c\u00f4t\u00e9s de mod\u00e8les compacts comme la <a href=\"https:\/\/holavape.com\/fr\/produit\/bang-box-50k-vape-jetable-double-saveur-vente-en-gros\/\">Bang Box 50K<\/a> ou d\u2019appareils haut de gamme multi-saveurs comme la <a href=\"https:\/\/holavape.com\/fr\/produit\/bang-box-160k-vape-jetable-4-en-1-a-quatre-saveurs-vente-en-gros\/\">Bang Box 160K<\/a>.<\/p>\n<table>\n<thead>\n<tr>\n<th>Sp\u00e9cification<\/th>\n<th>D\u00e9tail<\/th>\n<\/tr>\n<\/thead>\n<tbody>\n<tr>\n<td>Nombre de bouff\u00e9es<\/td>\n<td>Jusqu\u2019\u00e0 40 000<\/td>\n<\/tr>\n<tr>\n<td>Saveurs<\/td>\n<td>12 options \u00e0 saveur unique<\/td>\n<\/tr>\n<tr>\n<td>Taux de nicotine<\/td>\n<td>0%, 2%, 3%, 5%<\/td>\n<\/tr>\n<tr>\n<td>\u00c9cran<\/td>\n<td>Compteur de bouff\u00e9es LED<\/td>\n<\/tr>\n<tr>\n<td>Type<\/td>\n<td>Jetable, activation par aspiration<\/td>\n<\/tr>\n<tr>\n<td>Capacit\u00e9 e-liquide<\/td>\n<td>Non sp\u00e9cifi\u00e9e par le fabricant \u2014 <a href=\"https:\/\/holavape.com\/fr\/contactez-nous\/\">contactez-nous<\/a> pour plus de d\u00e9tails<\/td>\n<\/tr>\n<tr>\n<td>Batterie<\/td>\n<td>Non sp\u00e9cifi\u00e9e par le fabricant \u2014 <a href=\"https:\/\/holavape.com\/fr\/contactez-nous\/\">contactez-nous<\/a> pour plus de d\u00e9tails<\/td>\n<\/tr>\n<\/tbody>\n<\/table>\n<h3>Saveurs<\/h3>\n<p>Meilleures ventes \u00e0 stocker en priorit\u00e9 : Past\u00e8que, P\u00eache Glac\u00e9e, Fraise Past\u00e8que et Myrtille Framboise.<\/p>\n<p><strong>Fruits glac\u00e9s :<\/strong> P\u00eache Glac\u00e9e (p\u00eache sucr\u00e9e avec une touche de menthol \u2014 vendeuse r\u00e9guli\u00e8re), Past\u00e8que (fra\u00eeche et simple, toujours demand\u00e9e dans toute l\u2019Europe), Fraise Past\u00e8que (combinaison estivale populaire, se vend rapidement en Espagne et en France).<\/p>\n<p><strong>M\u00e9langes de baies :<\/strong> Triple Baies (m\u00e9lange de baies avec un large attrait), Myrtille Framboise (acidul\u00e9e et sucr\u00e9e \u2014 forte sur les march\u00e9s d\u2019Europe du Nord), Myrtille Citron (touche d\u2019agrumes qui se d\u00e9marque de la gamme habituelle de baies), Myrtille Raisin (douceur de baies plus fonc\u00e9es, solide en Allemagne et aux Pays-Bas), Fraise Kiwi (association classique, vente r\u00e9guli\u00e8re toute l\u2019ann\u00e9e).<\/p>\n<p><strong>Fruits et autres :<\/strong> Double Pomme (saveur traditionnelle de chicha \u2014 particuli\u00e8rement populaire sur les march\u00e9s d\u2019Europe du Sud et de l\u2019Est), Mangue P\u00eache (tropicale, s\u00e9duit un public plus jeune), Love 66 (m\u00e9lange tropical exotique avec un public de niche \u2014 testez d\u2019abord avec une petite commande), Boisson \u00c9nerg\u00e9tique (saveur boisson \u00e9nerg\u00e9tique qui cible un public plus jeune \u2014 soit \u00e7a se vend bien, soit \u00e7a reste, selon le march\u00e9).<\/p>\n<h3>Exp\u00e9dition &amp; Commande<\/h3>\n<p>La Bang Tornado 40K est exp\u00e9di\u00e9e depuis la Chine avec des d\u00e9lais habituels de 10 \u00e0 15 jours ouvrables vers l\u2019Europe. La quantit\u00e9 minimum de commande commence \u00e0 10 unit\u00e9s avec des tarifs d\u00e9gressifs \u2014 remises sur volume disponibles \u00e0 partir de 30+ unit\u00e9s. Vous pouvez m\u00e9langer les saveurs et les taux de nicotine au sein d\u2019une m\u00eame commande, ce qui facilite le test de la gamme sans trop s\u2019engager sur un seul SKU.<\/p>\n<p>Pour les march\u00e9s de l\u2019UE, 0% et 2% sont les taux de nicotine les plus command\u00e9s. Les options 3% et 5% se vendent sur les march\u00e9s avec des r\u00e9glementations moins restrictives, mais v\u00e9rifiez vos r\u00e8gles locales avant de stocker des concentrations plus \u00e9lev\u00e9es. Si vous avez besoin d\u2019un produit similaire avec une livraison europ\u00e9enne plus rapide, la <a href=\"https:\/\/holavape.com\/fr\/produit\/waspe-bar-60k\/\">WASPE Bar 60K<\/a> est exp\u00e9di\u00e9e depuis notre entrep\u00f4t UE avec une livraison de 5 \u00e0 7 jours dans toute l\u2019Europe.<\/p>\n","protected":false},"excerpt":{"rendered":"<p>Bang Tornado 40K reste simple avec 40 000 bouff\u00e9es, 12 saveurs, un compteur de bouff\u00e9es LED et des options de nicotine 0%\/2%\/3%\/5%. Un choix de milieu de gamme qui se situe parfaitement entre les appareils d\u2019entr\u00e9e et les mod\u00e8les de plus grande capacit\u00e9. \u26a1<\/p>\n","protected":false},"featured_media":18262,"comment_status":"open","ping_status":"closed","template":"","meta":[],"product_brand":[],"product_cat":[892,893],"product_tag":[],"class_list":{"0":"post-98767","1":"product","2":"type-product","3":"status-publish","4":"has-post-thumbnail","6":"product_cat-40000-puffs-disposable-vape","7":"product_cat-bang","9":"first","10":"instock","11":"shipping-taxable","12":"purchasable","13":"product-type-variable","14":"has-default-attributes"},"tiered_pricing_type":"fixed","tiered_pricing_fixed_rules":{"30":8.1500000000000003552713678800500929355621337890625,"50":7.28000000000000024868995751603506505489349365234375,"100":6.54000000000000003552713678800500929355621337890625,"200":6.1699999999999999289457264239899814128875732421875,"400":5.61000000000000031974423109204508364200592041015625},"tiered_pricing_product_settings":{"layout":"default","base_unit_name":{"singular":null,"plural":null},"default_variation":null},"tiered_pricing_minimum_quantity":10,"tiered_pricing_roles_data":[],"tiered_pricing_percentage_rules":[],"tiered_pricing_maximum_quantity":null,"tiered_pricing_quantity_step":"10","_links":{"self":[{"href":"https:\/\/holavape.com\/fr\/wp-json\/wp\/v2\/product\/98767","targetHints":{"allow":["GET"]}}],"collection":[{"href":"https:\/\/holavape.com\/fr\/wp-json\/wp\/v2\/product"}],"about":[{"href":"https:\/\/holavape.com\/fr\/wp-json\/wp\/v2\/types\/product"}],"replies":[{"embeddable":true,"href":"https:\/\/holavape.com\/fr\/wp-json\/wp\/v2\/comments?post=98767"}],"wp:featuredmedia":[{"embeddable":true,"href":"https:\/\/holavape.com\/fr\/wp-json\/wp\/v2\/media\/18262"}],"wp:attachment":[{"href":"https:\/\/holavape.com\/fr\/wp-json\/wp\/v2\/media?parent=98767"}],"wp:term":[{"taxonomy":"product_brand","embeddable":true,"href":"https:\/\/holavape.com\/fr\/wp-json\/wp\/v2\/product_brand?post=98767"},{"taxonomy":"product_cat","embeddable":true,"href":"https:\/\/holavape.com\/fr\/wp-json\/wp\/v2\/product_cat?post=98767"},{"taxonomy":"product_tag","embeddable":true,"href":"https:\/\/holavape.com\/fr\/wp-json\/wp\/v2\/product_tag?post=98767"}],"curies":[{"name":"wp","href":"https:\/\/api.w.org\/{rel}","templated":true}]}}