{"id":9070,"date":"2026-03-20T14:13:51","date_gmt":"2026-03-20T14:13:51","guid":{"rendered":"https:\/\/holavape.com\/visszateritesi-szabalyzat\/"},"modified":"2026-03-20T14:13:51","modified_gmt":"2026-03-20T14:13:51","slug":"visszateritesi-szabalyzat","status":"publish","type":"page","link":"https:\/\/holavape.com\/hu\/visszateritesi-szabalyzat\/","title":{"rendered":"Visszat\u00e9r\u00edt\u00e9si szab\u00e1lyzat"},"content":{"rendered":"<p>Rem\u00e9lj\u00fck, el\u00e9gedett a <strong>Hola Vape<\/strong>-t\u0151l v\u00e1s\u00e1rolt term\u00e9kkel. Ha m\u00e9gsem, sz\u00edvesen seg\u00edt\u00fcnk.<\/p>\n<h3>1. Visszak\u00fcld\u00e9si hat\u00e1rid\u0151<\/h3>\n<p>A k\u00e9zbes\u00edt\u00e9st k\u00f6vet\u0151 <strong>7 napon bel\u00fcl<\/strong> kezdem\u00e9nyezhet visszak\u00fcld\u00e9st bontatlan, haszn\u00e1latlan term\u00e9kek eset\u00e9n.<\/p>\n<h3>2. Visszak\u00fcld\u00e9si felt\u00e9telek<\/h3>\n<p>A term\u00e9keknek bontatlannak, haszn\u00e1latlannak kell lenni\u00fck, eredeti csomagol\u00e1sban, v\u00e1s\u00e1rl\u00e1si igazol\u00e1ssal.<\/p>\n<h3>3. Visszak\u00fcld\u00e9si folyamat<\/h3>\n<p>\u00cdrjon nek\u00fcnk 7 napon bel\u00fcl. J\u00f3v\u00e1hagy\u00e1s ut\u00e1n visszak\u00fcld\u00e9si c\u00edmk\u00e9t k\u00fcld\u00fcnk.<\/p>\n<h3>4. Visszat\u00e9r\u00edt\u00e9s<\/h3>\n<p>A term\u00e9k be\u00e9rkez\u00e9se \u00e9s ellen\u0151rz\u00e9se ut\u00e1n 5-10 munkanapon bel\u00fcl visszat\u00e9r\u00edtj\u00fck az \u00f6sszeget az eredeti fizet\u00e9si m\u00f3dra.<\/p>\n<h3>5. S\u00e9r\u00fclt vagy hib\u00e1s term\u00e9kek<\/h3>\n<p>Azonnal vegye fel vel\u00fcnk a kapcsolatot f\u00e9nyk\u00e9pekkel. Cser\u00e9t vagy teljes visszat\u00e9r\u00edt\u00e9st k\u00edn\u00e1lunk.<\/p>\n<h3>6. Nem visszak\u00fcldhet\u0151 term\u00e9kek<\/h3>\n<p>Felbontott vagy haszn\u00e1lt term\u00e9kek \u00e9s a 7 napos hat\u00e1rid\u0151n t\u00fali term\u00e9kek nem fogadhat\u00f3k el.<\/p>\n<h3>7. Kapcsolat<\/h3>\n<p><a href=\"mailto:support@holavape.com\">support@holavape.com<\/a><\/p>\n","protected":false},"excerpt":{"rendered":"<p>Rem\u00e9lj\u00fck, el\u00e9gedett a Hola Vape-t\u0151l v\u00e1s\u00e1rolt term\u00e9kkel. Ha m\u00e9gsem, sz\u00edvesen seg\u00edt\u00fcnk. 1. Visszak\u00fcld\u00e9si hat\u00e1rid\u0151 A k\u00e9zbes\u00edt\u00e9st k\u00f6vet\u0151 7 napon bel\u00fcl kezdem\u00e9nyezhet visszak\u00fcld\u00e9st bontatlan, haszn\u00e1latlan term\u00e9kek eset\u00e9n. 2. Visszak\u00fcld\u00e9si felt\u00e9telek A term\u00e9keknek bontatlannak, haszn\u00e1latlannak kell lenni\u00fck, eredeti csomagol\u00e1sban, v\u00e1s\u00e1rl\u00e1si igazol\u00e1ssal. 3. Visszak\u00fcld\u00e9si folyamat \u00cdrjon nek\u00fcnk 7 napon bel\u00fcl. J\u00f3v\u00e1hagy\u00e1s ut\u00e1n visszak\u00fcld\u00e9si c\u00edmk\u00e9t k\u00fcld\u00fcnk. 4. Visszat\u00e9r\u00edt\u00e9s A [&#8230;]\n","protected":false},"author":1,"featured_media":0,"parent":0,"menu_order":0,"comment_status":"closed","ping_status":"closed","template":"","meta":{"footnotes":""},"class_list":["post-9070","page","type-page","status-publish","hentry"],"_links":{"self":[{"href":"https:\/\/holavape.com\/hu\/wp-json\/wp\/v2\/pages\/9070","targetHints":{"allow":["GET"]}}],"collection":[{"href":"https:\/\/holavape.com\/hu\/wp-json\/wp\/v2\/pages"}],"about":[{"href":"https:\/\/holavape.com\/hu\/wp-json\/wp\/v2\/types\/page"}],"author":[{"embeddable":true,"href":"https:\/\/holavape.com\/hu\/wp-json\/wp\/v2\/users\/1"}],"replies":[{"embeddable":true,"href":"https:\/\/holavape.com\/hu\/wp-json\/wp\/v2\/comments?post=9070"}],"version-history":[{"count":0,"href":"https:\/\/holavape.com\/hu\/wp-json\/wp\/v2\/pages\/9070\/revisions"}],"wp:attachment":[{"href":"https:\/\/holavape.com\/hu\/wp-json\/wp\/v2\/media?parent=9070"}],"curies":[{"name":"wp","href":"https:\/\/api.w.org\/{rel}","templated":true}]}}