{"id":100120,"date":"2025-07-07T07:37:46","date_gmt":"2025-07-07T07:37:46","guid":{"rendered":"https:\/\/holavape.com\/product\/vapme-20k-crystal-dupla-izu-eldobhato-vape-nagykereskedelem\/"},"modified":"2026-04-05T01:50:19","modified_gmt":"2026-04-05T01:50:19","slug":"vapme-20k-crystal","status":"publish","type":"product","link":"https:\/\/holavape.com\/hu\/termek\/vapme-20k-crystal\/","title":{"rendered":"Vapme 20K Crystal Dupla \u00cdz\u0171 Eldobhat\u00f3 Vape \u2014 Nagykereskedelem"},"content":{"rendered":"<h2>Vapme 20K Crystal \u2014 20 000 Sz\u00edv\u00e1s Dupla \u00cdz\u0171 Eldobhat\u00f3 Vape<\/h2>\n<p>Vapme 20K Crystal k\u00e9t \u00edzt egyes\u00edt egy k\u00e9sz\u00fcl\u00e9kben egyszer\u0171 v\u00e1lt\u00f3mechanizmussal \u2014 nincs pod, nincs ut\u00e1nt\u00f6lt\u00e9s, csak v\u00e1lt\u00e1s k\u00e9t el\u0151re t\u00f6lt\u00f6tt \u00edzkamra k\u00f6z\u00f6tt. A 20 000 sz\u00edv\u00e1s tartom\u00e1nyban helyezkedik el, ami szil\u00e1rd k\u00f6z\u00e9pkateg\u00f3ri\u00e1s opci\u00f3v\u00e1 teszi az eur\u00f3pai piacokra, ahol a v\u00e1s\u00e1rl\u00f3k valami olyat keresnek, ami a bel\u00e9p\u0151 szint\u0171 10 000 sz\u00edv\u00e1s \u00e9s a nagyobb 50 000+ modellek k\u00f6z\u00f6tt van. Folyamatosan fogy Spanyolorsz\u00e1gban, N\u00e9metorsz\u00e1gban \u00e9s Franciaorsz\u00e1gban, ahol a dupla \u00edz\u0171 eldobhat\u00f3 vape-ek az elm\u00falt \u00e9vben egyre n\u00e9pszer\u0171bbek lettek.<\/p>\n<p>Forgalmaz\u00f3knak \u00e9s bolttulajdonosoknak: ez t\u00f6lti be a &#8222;valami m\u00e1s&#8221; helyet a k\u00edn\u00e1latukban magas \u00e1r n\u00e9lk\u00fcl. Az egy\u00edz\u0171 k\u00e9sz\u00fcl\u00e9kekhez k\u00e9pest, mint a <a href=\"https:\/\/holavape.com\/hu\/termek\/waspe-bar-60k\/\">WASPE Bar 60K<\/a>, azokat a p\u00e1rologtat\u00f3kat vonzza, akik unj\u00e1k az egy \u00edzt, de nem akarnak t\u00f6bb k\u00e9sz\u00fcl\u00e9ket hordani. J\u00f3l illik a nagyobb sz\u00edv\u00e1ssz\u00e1m\u00fa modellek mell\u00e9, mint a <a href=\"https:\/\/holavape.com\/hu\/termek\/bang-box-50k-dupla-izu-eldobhato-vape-nagykereskedelem\/\">Bang Box 50K<\/a> v\u00e1laszt\u00e9kot k\u00edn\u00e1l\u00f3 boltok sz\u00e1m\u00e1ra.<\/p>\n<table>\n<thead>\n<tr>\n<th>Specifik\u00e1ci\u00f3<\/th>\n<th>R\u00e9szletek<\/th>\n<\/tr>\n<\/thead>\n<tbody>\n<tr>\n<td>Sz\u00edv\u00e1sok sz\u00e1ma<\/td>\n<td>Ak\u00e1r 20 000<\/td>\n<\/tr>\n<tr>\n<td>\u00cdzrendszer<\/td>\n<td>Dupla \u00edz (2 \u00edz k\u00e9sz\u00fcl\u00e9kenk\u00e9nt, v\u00e1lthat\u00f3)<\/td>\n<\/tr>\n<tr>\n<td>E-liquid kapacit\u00e1s<\/td>\n<td>20ml \u00f6sszesen<\/td>\n<\/tr>\n<tr>\n<td>Akkumul\u00e1tor<\/td>\n<td>700mAh \u00fajrat\u00f6lthet\u0151 (Type-C)<\/td>\n<\/tr>\n<tr>\n<td>Tekercs<\/td>\n<td>H\u00e1l\u00f3 tekercs<\/td>\n<\/tr>\n<tr>\n<td>Nikotiner\u0151ss\u00e9g<\/td>\n<td>2% (20mg)<\/td>\n<\/tr>\n<tr>\n<td>\u00cdzv\u00e1laszt\u00e9k<\/td>\n<td>10 dupla \u00edz\u0171 kombin\u00e1ci\u00f3<\/td>\n<\/tr>\n<tr>\n<td>Csomagol\u00e1s<\/td>\n<td>K\u00e9rj\u00fck, vegye fel vel\u00fcnk a kapcsolatot a doboz\/karton mennyis\u00e9gek\u00e9rt<\/td>\n<\/tr>\n<\/tbody>\n<\/table>\n<h3>\u00cdzek \u2014 Mit \u00c9rdemes El\u0151sz\u00f6r Rakt\u00e1rra Venni<\/h3>\n<p>Legn\u00e9pszer\u0171bb \u00edzek kezd\u00e9shez: \u00c1fonya M\u00e1lna &amp; G\u00f6r\u00f6gdinnye J\u00e9g, Sz\u0151l\u0151 J\u00e9g &amp; Eper Kiwi, \u00e9s Eper J\u00e9g &amp; G\u00f6r\u00f6gdinnye Kiwi J\u00e9g. Ezek a biztos fogad\u00e1sok sz\u00e9les vonzer\u0151vel az eur\u00f3pai piacokon.<\/p>\n<p><strong>Jeges gy\u00fcm\u00f6lcskombin\u00e1ci\u00f3k:<\/strong> \u00c1fonya M\u00e1lna &amp; G\u00f6r\u00f6gdinnye J\u00e9g (a legkelend\u0151bb \u2014 mindk\u00e9t oldal k\u00f6z\u00f6ns\u00e9gkedvenc), Eper J\u00e9g &amp; G\u00f6r\u00f6gdinnye Kiwi J\u00e9g (friss\u00edt\u0151, n\u00e9pszer\u0171 a melegebb h\u00f3napokban), Vegyes Bogy\u00f3s Gy\u00fcm\u00f6lcs\u00f6k J\u00e9g &amp; \u0150szibarack Mang\u00f3 Anan\u00e1sz (bogy\u00f3s-tr\u00f3pusi p\u00e1ros\u00edt\u00e1s, amely j\u00f3l m\u0171k\u00f6dik D\u00e9l-Eur\u00f3p\u00e1ban).<\/p>\n<p><strong>\u00c9des \u00e9s l\u00e1gy kombin\u00e1ci\u00f3k:<\/strong> Eper Ban\u00e1n &amp; Dupla Alma (desszertjelleg\u0171, kevesebb j\u00e9g \u2014 vonz\u00f3 a mentolt nem kedvel\u0151 p\u00e1rologtat\u00f3knak), Eper Mang\u00f3 &amp; Kiwi Maracuja Guava (tr\u00f3pusi \u00e9s cs\u00edp\u0151s, j\u00f3 ny\u00e1ri forg\u00f3), Cseresznye J\u00e9g &amp; K\u00e9k M\u00e1lna Limon\u00e1d\u00e9 (cukork\u00e1s p\u00e1ros\u00edt\u00e1s, fiatalabb c\u00e9lcsoport).<\/p>\n<p><strong>Mer\u00e9szebb \/ niche kombin\u00e1ci\u00f3k:<\/strong> Energiaital &amp; Cseresznye K\u00f3la (italinspir\u00e1lt \u2014 a v\u00e1s\u00e1rl\u00f3k vagy im\u00e1dj\u00e1k, vagy kihagyj\u00e1k, tesztelje kis rendel\u00e9ssel el\u0151sz\u00f6r), Eper M\u00e1lna Cukorka &amp; \u0150szibarack J\u00e9g (cukork\u00e1s \u00e9dess\u00e9g az egyik oldalon, tiszta gy\u00fcm\u00f6lcs a m\u00e1sikon).<\/p>\n<p>Mivel minden k\u00e9sz\u00fcl\u00e9kben k\u00e9t \u00edz van, a v\u00e1s\u00e1rl\u00f3k be\u00e9p\u00edtett v\u00e1ltozatoss\u00e1got kapnak an\u00e9lk\u00fcl, hogy annyi egyedi cikksz\u00e1mot kellene rakt\u00e1ron tartaniuk. Egy 4-5 kombin\u00e1ci\u00f3b\u00f3l \u00e1ll\u00f3 els\u0151 rendel\u00e9s lefedi a legt\u00f6bb \u00edzpreferenci\u00e1t.<\/p>\n<h3>Rendel\u00e9s \u00e9s Sz\u00e1ll\u00edt\u00e1s<\/h3>\n<p>A Vapme 20K Crystal K\u00edn\u00e1b\u00f3l sz\u00e1ll\u00edt, becs\u00fclt sz\u00e1ll\u00edt\u00e1si id\u0151vel 10-15 munkanap Eur\u00f3p\u00e1ba, a c\u00e9l\u00e1llom\u00e1st\u00f3l f\u00fcgg\u0151en. A minim\u00e1lis rendel\u00e9si mennyis\u00e9g 10 darabn\u00e1l kezd\u0151dik, l\u00e9pcs\u0151zetes \u00e1raz\u00e1ssal 30+ \u00e9s 100+ darabn\u00e1l. Szabadon keverhet \u00edzkombin\u00e1ci\u00f3kat egy rendel\u00e9sen bel\u00fcl \u2014 nincs minimum \u00edzenk\u00e9nt.<\/p>\n<p>Csak 2% nikotinban kaphat\u00f3, ami a legn\u00e9pszer\u0171bb er\u0151ss\u00e9g az EU-piacokra, \u00e9s k\u00e9nyelmesen belef\u00e9r a legt\u00f6bb eur\u00f3pai szab\u00e1lyoz\u00e1sba. Ha 0% vagy 5% opci\u00f3kra van sz\u00fcks\u00e9ge, n\u00e9zze meg a <a href=\"\/product\/bang-box-20000\/\">Bang Box 20K<\/a> amely 0%\/2%\/3%\/5%-ot k\u00edn\u00e1l hasonl\u00f3 sz\u00edv\u00e1startom\u00e1nyban.<\/p>\n<p>For carton dimensions, weight, and custom branding options, <a href=\"https:\/\/holavape.com\/hu\/kapcsolat\/\">contact our wholesale team<\/a> directly.<\/p>\n","protected":false},"excerpt":{"rendered":"<p>Vapme 20K Crystal 20,000 slukkot, k\u00e9t\u00edzes v\u00e1lt\u00e1st, 10 \u00edzkombin\u00e1ci\u00f3t, mesh coil-t \u00e9s 700mAh \u00fajrat\u00f6lthet\u0151 akkumul\u00e1tort k\u00edn\u00e1l 2% nikotinnal. Kompakt 2-in-1 opci\u00f3, amely j\u00f3l illik a k\u00f6z\u00e9pkateg\u00f3ri\u00e1s eldobhat\u00f3 k\u00edn\u00e1latba. \ud83c\udf1f<\/p>\n","protected":false},"featured_media":18935,"comment_status":"open","ping_status":"closed","template":"","meta":[],"product_brand":[],"product_cat":[468,549,558,585,360,612,621,630,666,684,648,639,675,657,693,702,720,711,369,352,522,567,531,847],"product_tag":[],"class_list":{"0":"post-100120","1":"product","2":"type-product","3":"status-publish","4":"has-post-thumbnail","6":"product_cat-20000-szivas-eldobhato-vape-hu","7":"product_cat-crystal-vapes-hu","8":"product_cat-digitalis-box-vape-ek-hu","9":"product_cat-dupla-izu-vape-ek-hu","10":"product_cat-eldobhato-vape-tipusok-hu","11":"product_cat-eldobhato-vape-ek-ausztria-hu","12":"product_cat-eldobhato-vape-ek-belgium-hu","13":"product_cat-eldobhato-vape-ek-franciaorszag-hu","14":"product_cat-eldobhato-vape-ek-hollandia-hu","15":"product_cat-eldobhato-vape-ek-lengyelorszag-hu","16":"product_cat-eldobhato-vape-ek-magyarorszag-hu","17":"product_cat-eldobhato-vape-ek-nemetorszag-hu","18":"product_cat-eldobhato-vape-ek-norvegia-hu","19":"product_cat-eldobhato-vape-ek-olaszorszag-hu","20":"product_cat-eldobhato-vape-ek-portugalia-hu","21":"product_cat-eldobhato-vape-ek-spanyolorszag-hu","22":"product_cat-eldobhato-vape-ek-svajc-hu","23":"product_cat-eldobhato-vape-ek-svedorszag-hu","24":"product_cat-eldobhato-vape-ek-europaban-hu","25":"product_cat-eldobhato-vape-ek-szivasszam-szerint-hu","26":"product_cat-nagy-szivasszamu-vape-ek-hu","27":"product_cat-okos-kijelzos-vape-ek-hu","28":"product_cat-ujratoltheto-vape-ek-hu","29":"product_cat-vapme-hu","31":"first","32":"instock","33":"shipping-taxable","34":"purchasable","35":"product-type-variable","36":"has-default-attributes"},"tiered_pricing_type":"fixed","tiered_pricing_fixed_rules":{"30":8.3900000000000005684341886080801486968994140625,"50":6.660000000000000142108547152020037174224853515625,"100":6.04999999999999982236431605997495353221893310546875,"200":5.67999999999999971578290569595992565155029296875,"400":5.2400000000000002131628207280300557613372802734375},"tiered_pricing_product_settings":{"layout":"default","base_unit_name":{"singular":null,"plural":null},"default_variation":null},"tiered_pricing_minimum_quantity":10,"tiered_pricing_roles_data":[],"tiered_pricing_percentage_rules":[],"tiered_pricing_maximum_quantity":null,"tiered_pricing_quantity_step":"10","_links":{"self":[{"href":"https:\/\/holavape.com\/hu\/wp-json\/wp\/v2\/product\/100120","targetHints":{"allow":["GET"]}}],"collection":[{"href":"https:\/\/holavape.com\/hu\/wp-json\/wp\/v2\/product"}],"about":[{"href":"https:\/\/holavape.com\/hu\/wp-json\/wp\/v2\/types\/product"}],"replies":[{"embeddable":true,"href":"https:\/\/holavape.com\/hu\/wp-json\/wp\/v2\/comments?post=100120"}],"wp:featuredmedia":[{"embeddable":true,"href":"https:\/\/holavape.com\/hu\/wp-json\/wp\/v2\/media\/18935"}],"wp:attachment":[{"href":"https:\/\/holavape.com\/hu\/wp-json\/wp\/v2\/media?parent=100120"}],"wp:term":[{"taxonomy":"product_brand","embeddable":true,"href":"https:\/\/holavape.com\/hu\/wp-json\/wp\/v2\/product_brand?post=100120"},{"taxonomy":"product_cat","embeddable":true,"href":"https:\/\/holavape.com\/hu\/wp-json\/wp\/v2\/product_cat?post=100120"},{"taxonomy":"product_tag","embeddable":true,"href":"https:\/\/holavape.com\/hu\/wp-json\/wp\/v2\/product_tag?post=100120"}],"curies":[{"name":"wp","href":"https:\/\/api.w.org\/{rel}","templated":true}]}}