{"id":104850,"date":"2025-06-27T11:22:50","date_gmt":"2025-06-27T11:22:50","guid":{"rendered":"https:\/\/holavape.com\/product\/vopk-triple-60000\/"},"modified":"2026-04-05T01:51:53","modified_gmt":"2026-04-05T01:51:53","slug":"vopk-triple-60000","status":"publish","type":"product","link":"https:\/\/holavape.com\/hu\/termek\/vopk-triple-60000\/","title":{"rendered":"Vopk Triple 60000 3 az 1-ben eldobhat\u00f3 vape &#8211; h\u00e1rom \u00edz nagykereskedelemhez"},"content":{"rendered":"<h2>Vopk h\u00e1rmas 60000 \u2014 60 000 slukk 3 az 1-ben \u00edzes, eldobhat\u00f3<\/h2>\n<p>A Vopk Triple 60000 h\u00e1rom k\u00fcl\u00f6n\u00e1ll\u00f3 \u00edzes\u00edt\u0151tart\u00e1lyt helyez el egy k\u00e9sz\u00fcl\u00e9kben, mindegyik saj\u00e1t h\u00e1l\u00f3tekerccsel. Ez azt jelenti, hogy a v\u00e1s\u00e1rl\u00f3k val\u00f3di \u00edzv\u00e1lt\u00e1st kapnak \u2013 nem kevert gy\u00fcm\u00f6lcsl\u00e9, hanem h\u00e1rom k\u00fcl\u00f6nb\u00f6z\u0151 profil k\u00f6z\u00f6tt v\u00e1lthatnak. Ez egy olyan form\u00e1tum, amely egyre nagyobb teret h\u00f3d\u00edt az eur\u00f3pai piacokon, k\u00fcl\u00f6n\u00f6sen Spanyolorsz\u00e1gban, N\u00e9metorsz\u00e1gban \u00e9s Hollandi\u00e1ban, ahol az \u00fczletek kevesebb cikksz\u00e1mot szeretn\u00e9nek t\u00e1rolni an\u00e9lk\u00fcl, hogy cs\u00f6kkenten\u00e9k az \u00edzek v\u00e1laszt\u00e9k\u00e1t.<\/p>\n<p>\u00d6sszesen 60 000 f\u00faj\u00e1ssal, \u00e9s ugyanabban a kapacit\u00e1startom\u00e1nyban van, mint a hasonl\u00f3 modellek <a href=\"https:\/\/holavape.com\/hu\/termek\/waspe-bar-60k\/\">WASPE b\u00e1r 60K<\/a> de a hozz\u00e1adott t\u00f6bb \u00edz\u0171 sz\u00f6ggel. Ha az \u00fczlet\u00e9ben m\u00e1r kaphat\u00f3k egy \u00edz\u0171 60K-s k\u00e9sz\u00fcl\u00e9kek, a Vopk Triple 60000 kiv\u00e1l\u00f3an m\u0171k\u00f6dik azon \u00fcgyfelek sz\u00e1m\u00e1ra, akik t\u00f6bbet szeretn\u00e9nek egy egys\u00e9gt\u0151l. Ez is versenyez a <a href=\"https:\/\/holavape.com\/hu\/termek\/bang-legend-geek-60k\/\">Bang Legend Geek 60K<\/a> puffad\u00e1ssz\u00e1mon, de megk\u00fcl\u00f6nb\u00f6zteti a tripla \u00edz\u0171 form\u00e1tumot.<\/p>\n<table>\n<thead>\n<tr>\n<th>Spec<\/th>\n<th>R\u00e9szlet<\/th>\n<\/tr>\n<\/thead>\n<tbody>\n<tr>\n<td>slukk sz\u00e1m<\/td>\n<td>Ak\u00e1r 60.000<\/td>\n<\/tr>\n<tr>\n<td>\u00cdzrendszer<\/td>\n<td>3 az 1-ben (h\u00e1rom k\u00fcl\u00f6n\u00e1ll\u00f3 tart\u00e1ly)<\/td>\n<\/tr>\n<tr>\n<td>E-folyad\u00e9k kapacit\u00e1s<\/td>\n<td>\u00d6sszesen 54 ml (18 ml tart\u00e1lyonk\u00e9nt)<\/td>\n<\/tr>\n<tr>\n<td>Akkumul\u00e1tor<\/td>\n<td>650 m Ah \u00fajrat\u00f6lthet\u0151 (C t\u00edpus\u00fa)<\/td>\n<\/tr>\n<tr>\n<td>Tekercs<\/td>\n<td>H\u00e1romszoros 0,9\u03a9-os h\u00e1l\u00f3tekercs<\/td>\n<\/tr>\n<tr>\n<td>A nikotin er\u0151ss\u00e9gei<\/td>\n<td>2%, 5%<\/td>\n<\/tr>\n<tr>\n<td>Kijelz\u0151<\/td>\n<td>LED k\u00e9perny\u0151 (akkumul\u00e1tor \u00e9s e-liquid szint)<\/td>\n<\/tr>\n<tr>\n<td>Csomagol\u00e1s<\/td>\n<td>A kartondoboz r\u00e9szletei\u00e9rt forduljon hozz\u00e1nk<\/td>\n<\/tr>\n<\/tbody>\n<\/table>\n<h3>\u00cdz k\u00e9szletek<\/h3>\n<p>Minden egys\u00e9g h\u00e1rom, el\u0151re felt\u00f6lt\u00f6tt \u00edzzel \u00e9rkezik. A legjobb k\u00e9szletek el\u0151sz\u00f6r: a g\u00f6r\u00f6gdinnye j\u00e9g \/ h\u00e1rmas dinnye j\u00e9g \/ eper fagylalt k\u00e9szlet \u00e9s a sz\u0151l\u0151j\u00e9g \/ eper kivi \/ g\u00f6r\u00f6gdinnye Red Bull k\u00e9szlet \u2013 ezek az Eur\u00f3p\u00e1ban folyamatosan \u00e9rt\u00e9kes\u00edtett jeges gy\u00fcm\u00f6lcsprofilokra t\u00e1maszkodnak.<\/p>\n<p><strong>Jeges gy\u00fcm\u00f6lcsk\u00e9szletek (biztos fogad\u00e1s):<\/strong> G\u00f6r\u00f6gdinnye j\u00e9g \u00e9s h\u00e1rmas dinnye fagylalt \u00e9s eperfagylalt \u2013 klasszikus jeges gy\u00fcm\u00f6lcs\u00f6k, amelyek minden piacon mozognak. Grape Ice &amp; Strawberry Kiwi &amp; G\u00f6r\u00f6gdinnye Red Bull \u2014 a sz\u0151l\u0151j\u00e9g er\u0151s D\u00e9l-Eur\u00f3p\u00e1ban, \u00e9s a Red Bull \u00edz v\u00e1ltozatoss\u00e1 teszi. Strawberry G\u00f6r\u00f6gdinnye &amp; Blueberry Raspberry &amp; Lemon Lime \u2013 egy j\u00f3l lekerek\u00edtett gy\u00fcm\u00f6lcskever\u00e9k citrusf\u00e9l\u00e9k egyens\u00faly\u00e1val.<\/p>\n<p><strong>Tr\u00f3pusi \u00e9s vegyes gy\u00fcm\u00f6lcsk\u00e9szletek:<\/strong> Eper ban\u00e1n \u00e9s m\u00e1lna g\u00f6r\u00f6gdinnye \u00e9s anan\u00e1sz k\u00f3kusz \u2013 a k\u00f3kusz jegye ny\u00e1ri hangulatot k\u00f6lcs\u00f6n\u00f6z ennek a szettnek, jobban mozog a melegebb h\u00f3napokban. A Kiwi Passion Fruit &amp; Strawberry Cherry &amp; Love 66 \u2014 Love 66 egy klasszikus doh\u00e1nyos \u00edzvil\u00e1g, \u00edgy ez a k\u00e9szlet \u00e1thidalja a gy\u00fcm\u00f6lcs\u00f6s \u00e9s a hagyom\u00e1nyos \u00edzeket. Double Apple Ice &amp; Tropical Fruit &amp; Strawberry G\u00f6r\u00f6gdinnye r\u00e1g\u00f3gumi \u2013 a dupla alm\u00e1nak elk\u00f6telezett k\u00f6z\u00f6ns\u00e9ge van, k\u00fcl\u00f6n\u00f6sen a shisha \u00e1ltal befoly\u00e1solt piacokon.<\/p>\n<p><strong>Mer\u00e9szebb\/ital ihlet\u00e9s\u0171 k\u00e9szletek:<\/strong> Savany\u00fa mang\u00f3 anan\u00e1sz \u00e9s Red Bull eper \u00e9s fekete ribizli j\u00e9g \u2013 a feketeribizli j\u00e9g alul\u00e9rt\u00e9kelt az \u00e9szak-eur\u00f3pai piacokon. Banana Pineapple &amp; Red Bull Ice &amp; Strawberry Mango \u2014 az energiaital \u00edzek vonzz\u00e1k a fiatalabb v\u00e1s\u00e1rl\u00f3kat, p\u00e1ros\u00edtsd ezt a k\u00e9szletet a gy\u00fcm\u00f6lcs\u00f6s k\u00e9szlettel. Gummy Bear &amp; Strawberry Vanilla Coke &amp; Blueberry Cotton Candy \u2013 a cukorka el\u0151re k\u00e9szlet, \u00e9rdemes el\u0151sz\u00f6r kis mennyis\u00e9gben kipr\u00f3b\u00e1lni.<\/p>\n<p><strong>Bogy\u00f3 \u00e9s gy\u00fcm\u00f6lcs komb\u00f3:<\/strong> Barackbogy\u00f3 \u00e9s k\u00e9k m\u00e1lna j\u00e9g \u00e9s g\u00f6r\u00f6gdinnye Barack mang\u00f3 \u2014 a k\u00e9k razz az egyik legkeresettebb eldobhat\u00f3 vape \u00edz Eur\u00f3p\u00e1ban, \u00edgy ez a k\u00e9szlet k\u00f6nnyen eladhat\u00f3.<\/p>\n<h3>Sz\u00e1ll\u00edt\u00e1s \u00e9s rendel\u00e9s<\/h3>\n<p>Vopk Triple 60000 sz\u00e1ll\u00edtja K\u00edn\u00e1b\u00f3l 10-15 munkanapos \u00e1tfut\u00e1si id\u0151vel eur\u00f3pai c\u00e9l\u00e1llom\u00e1sokra. Minim\u00e1lis rendel\u00e9si mennyis\u00e9g 10 egys\u00e9g, t\u00f6bbszint\u0171 \u00e1rk\u00e9pz\u00e9ssel 30+ \u00e9s 100+ mennyis\u00e9gben \u2013 keverje \u00f6ssze az \u00edzk\u00e9szleteket egyetlen rendel\u00e9sen bel\u00fcl. A nikotin opci\u00f3k 2% \u00e9s 5%; az uni\u00f3s piacok eset\u00e9ben a 2% a biztons\u00e1gosabb k\u00e9szlet, mivel t\u00f6bb orsz\u00e1g korl\u00e1tozza a magasabb koncentr\u00e1ci\u00f3kat a TPD-vel szomsz\u00e9dos szab\u00e1lyoz\u00e1sok \u00e9rtelm\u00e9ben. <a href=\"https:\/\/holavape.com\/hu\/kapcsolat\/\">Vegye fel vel\u00fcnk a kapcsolatot<\/a> a pontos kartonm\u00e9retek \u00e9s s\u00falyok\u00e9rt, ha fuvar \u00e1raj\u00e1nlatra van sz\u00fcks\u00e9ge.<\/p>\n","protected":false},"excerpt":{"rendered":"<p>Vopk Triple 60000 60,000 slukkot, 3-in-1 \u00edzv\u00e1lt\u00e1st, triple 0.9\u03a9 mesh coil-t \u00e9s 54ml e-liquidet hoz egyetlen t\u00f6bb\u00edzes eszk\u00f6zbe. Praktikus m\u00f3dja annak, hogy az \u00fczletek h\u00e1rom \u00edzt k\u00edn\u00e1ljanak extra cikksz\u00e1mok n\u00e9lk\u00fcl. \ud83c\udf08<\/p>\n","protected":false},"featured_media":830,"comment_status":"open","ping_status":"closed","template":"","meta":[],"product_brand":[],"product_cat":[856],"product_tag":[],"class_list":{"0":"post-104850","1":"product","2":"type-product","3":"status-publish","4":"has-post-thumbnail","6":"product_cat-vopk-hu","8":"first","9":"instock","10":"shipping-taxable","11":"purchasable","12":"product-type-variable","13":"has-default-attributes"},"tiered_pricing_type":"fixed","tiered_pricing_fixed_rules":{"30":7.9000000000000003552713678800500929355621337890625,"50":7.03000000000000024868995751603506505489349365234375,"100":6.29000000000000003552713678800500929355621337890625,"200":5.9199999999999999289457264239899814128875732421875,"400":4.62999999999999989341858963598497211933135986328125},"tiered_pricing_product_settings":{"layout":"default","base_unit_name":{"singular":null,"plural":null},"default_variation":null},"tiered_pricing_minimum_quantity":10,"tiered_pricing_roles_data":[],"tiered_pricing_percentage_rules":[],"tiered_pricing_maximum_quantity":null,"tiered_pricing_quantity_step":"10","_links":{"self":[{"href":"https:\/\/holavape.com\/hu\/wp-json\/wp\/v2\/product\/104850","targetHints":{"allow":["GET"]}}],"collection":[{"href":"https:\/\/holavape.com\/hu\/wp-json\/wp\/v2\/product"}],"about":[{"href":"https:\/\/holavape.com\/hu\/wp-json\/wp\/v2\/types\/product"}],"replies":[{"embeddable":true,"href":"https:\/\/holavape.com\/hu\/wp-json\/wp\/v2\/comments?post=104850"}],"wp:featuredmedia":[{"embeddable":true,"href":"https:\/\/holavape.com\/hu\/wp-json\/wp\/v2\/media\/830"}],"wp:attachment":[{"href":"https:\/\/holavape.com\/hu\/wp-json\/wp\/v2\/media?parent=104850"}],"wp:term":[{"taxonomy":"product_brand","embeddable":true,"href":"https:\/\/holavape.com\/hu\/wp-json\/wp\/v2\/product_brand?post=104850"},{"taxonomy":"product_cat","embeddable":true,"href":"https:\/\/holavape.com\/hu\/wp-json\/wp\/v2\/product_cat?post=104850"},{"taxonomy":"product_tag","embeddable":true,"href":"https:\/\/holavape.com\/hu\/wp-json\/wp\/v2\/product_tag?post=104850"}],"curies":[{"name":"wp","href":"https:\/\/api.w.org\/{rel}","templated":true}]}}