{"id":105090,"date":"2025-06-27T09:17:11","date_gmt":"2025-06-27T09:17:11","guid":{"rendered":"https:\/\/holavape.com\/product\/fumot-randm-tornado-30000\/"},"modified":"2026-04-05T01:52:13","modified_gmt":"2026-04-05T01:52:13","slug":"fumot-randm-tornado-30000","status":"publish","type":"product","link":"https:\/\/holavape.com\/hu\/termek\/fumot-randm-tornado-30000\/","title":{"rendered":"Fumot RandM Tornado 30000 eldobhat\u00f3 vape nagykereskedelemhez"},"content":{"rendered":"<h2>Fumot Rand M Tornado 30000 \u2014 30 000 slukk Eldobhat\u00f3 LED l\u00e1mp\u00e1kkal<\/h2>\n<p>Fumot A Rand M Tornado 30000 a Rand M Tornado term\u00e9kcsal\u00e1d r\u00e9sze, amely Eur\u00f3pa egyik legelismertebb eldobhat\u00f3 vape m\u00e1rk\u00e1ja. A Tornado n\u00e9v m\u00e1r \u00e9vek \u00f3ta forgalomban van, \u00e9s ez a 30K-s modell a k\u00edn\u00e1lat fels\u0151 r\u00e9sz\u00e9n tal\u00e1lhat\u00f3. 30 000 bef\u00faj\u00e1s 30 ml e-liquiddel szil\u00e1rd kapacit\u00e1st k\u00edn\u00e1l egy egy\u00edzes k\u00e9sz\u00fcl\u00e9khez. A zen\u00e9re \u00e9rz\u00e9keny LED-l\u00e1mp\u00e1k a Rand M jellegzetess\u00e9ge, amely vonz\u00f3v\u00e1 teszi az eszk\u00f6zt \u2013 reag\u00e1lnak a k\u00f6rnyezeti hangokra, amelyeket a v\u00e1s\u00e1rl\u00f3k \u00e1ltal\u00e1ban \u00e9szrevesznek az \u00fczletekben.<\/p>\n<p>Ha \u00fczlet\u00e9ben m\u00e1r vannak Rand M term\u00e9kek, ez term\u00e9szetes kieg\u00e9sz\u00edt\u0151. Ha nem, akkor \u00e9rdemes tudni, hogy a Rand M-nek van olyan \u00fcgyf\u00e9lb\u00e1zisa az Egyes\u00fclt Kir\u00e1lys\u00e1gban, Spanyolorsz\u00e1gban, N\u00e9metorsz\u00e1gban \u00e9s Hollandi\u00e1ban, akik kifejezetten n\u00e9v szerint keresik a m\u00e1rk\u00e1t. M\u00e1s 30K-os eszk\u00f6z\u00f6kh\u00f6z k\u00e9pest, mint pl <a href=\"https:\/\/holavape.com\/hu\/termek\/vapme-digital-30000\/\">VAPME Digital 30000<\/a>, a Tornado t\u00f6bb e-folyad\u00e9kot (30 ml vs 20 ml) \u00e9s sz\u00e9lesebb \u00edzv\u00e1laszt\u00e9kot k\u00edn\u00e1l, b\u00e1r hi\u00e1nyzik bel\u0151le a VAPME \u00e1ltal biztos\u00edtott MTL-specifikus von\u00e1s. Azoknak az \u00fczleteknek, amelyek nagyobb kapacit\u00e1s\u00fa alternat\u00edv\u00e1t szeretn\u00e9nek, <a href=\"https:\/\/holavape.com\/hu\/termek\/waspe-bar-60k\/\">WASPE b\u00e1r 60K<\/a> megdupl\u00e1zza a puffad\u00e1sok sz\u00e1m\u00e1t ugyanabban az egy\u00edzes form\u00e1tumban.<\/p>\n<table>\n<thead>\n<tr>\n<th>Spec<\/th>\n<th>R\u00e9szlet<\/th>\n<\/tr>\n<\/thead>\n<tbody>\n<tr>\n<td>slukk sz\u00e1m<\/td>\n<td>Ak\u00e1r 30.000<\/td>\n<\/tr>\n<tr>\n<td>E-folyad\u00e9k kapacit\u00e1s<\/td>\n<td>30 ml<\/td>\n<\/tr>\n<tr>\n<td>Akkumul\u00e1tor<\/td>\n<td>600 m Ah \u00fajrat\u00f6lthet\u0151 (C t\u00edpus\u00fa)<\/td>\n<\/tr>\n<tr>\n<td>Tekercs<\/td>\n<td>1,0\u03a9 h\u00e1l\u00f3s tekercs<\/td>\n<\/tr>\n<tr>\n<td>A nikotin er\u0151ss\u00e9gei<\/td>\n<td>2%, 5%<\/td>\n<\/tr>\n<tr>\n<td>LED l\u00e1mp\u00e1k<\/td>\n<td>Zen\u00e9re \u00e9rz\u00e9keny<\/td>\n<\/tr>\n<tr>\n<td>Csomagol\u00e1s<\/td>\n<td>A kartondoboz r\u00e9szletei\u00e9rt forduljon hozz\u00e1nk<\/td>\n<\/tr>\n<\/tbody>\n<\/table>\n<h3>\u00cdzek<\/h3>\n<p>A legkeresettebb k\u00e9szletek el\u0151sz\u00f6r: Strawberry Ice, G\u00f6r\u00f6gdinnye j\u00e9g (egyes piacokon Lush Ice n\u00e9ven szerepel), Blue Raspberry Ice \u00e9s Grape Ice \u2013 ez a n\u00e9gy a mennyis\u00e9gi t\u00e9nyez\u0151 az eur\u00f3pai piacokon.<\/p>\n<p><strong>Jeges gy\u00fcm\u00f6lcs\u00f6k (biztos fogad\u00e1s):<\/strong> Epres j\u00e9g, k\u00e9k m\u00e1lna j\u00e9g, \u00e1fonya j\u00e9gen, sz\u0151l\u0151j\u00e9g (f\u0151leg D\u00e9l-Eur\u00f3p\u00e1ban er\u0151s), cseresznyej\u00e9g, barackj\u00e9g, anan\u00e1szj\u00e9g, ban\u00e1nj\u00e9g, buja j\u00e9g (g\u00f6r\u00f6gdinnye alap\u00fa, nagyon n\u00e9pszer\u0171). Ezeknek kell k\u00e9pezni\u00fck minden els\u0151 rendel\u00e9s magj\u00e1t.<\/p>\n<p><strong>Vegyes gy\u00fcm\u00f6lcs kever\u00e9kek:<\/strong> \u00c1fonya m\u00e1lna, \u00e1fony\u00e1s savany\u00fa m\u00e1lna (a savany\u00fa jegyek megk\u00fcl\u00f6nb\u00f6ztet\u00e9st adnak), eper g\u00f6r\u00f6gdinnye, eper ban\u00e1n, eper sz\u0151l\u0151, \u0151szibarack bogy\u00f3, \u0151szibarack mang\u00f3 anan\u00e1sz, kivi maracuja guava (tr\u00f3pusi profil, j\u00f3l mozog a melegebb h\u00f3napokban), h\u00e1rmas mang\u00f3, vegyes bogy\u00f3k, j\u00e9gpofa.<\/p>\n<p><strong>Ital ihlette \u00e9s k\u00fcl\u00f6nlegess\u00e9g:<\/strong> Cherry Cola, Cola Ice (mindkett\u0151 vonz\u00f3 a k\u00f3la rajong\u00f3inak), Pink Lemonade, Vimto (kifejezetten az Egyes\u00fclt Kir\u00e1lys\u00e1gban nagyon n\u00e9pszer\u0171 \u2013 m\u00e1shol szinte ismeretlen, szelekt\u00edven k\u00e9szlet). Teke (cukorka profil, fiatalabb demogr\u00e1fia). A Cool Mint \u00e9s a Black Ice mentol-el\u0151ny\u00f6s opci\u00f3k a volt doh\u00e1nyosok sz\u00e1m\u00e1ra. A Dr Blue egy k\u00e9k, latyakos st\u00edlus\u00fa \u00edz a k\u00f6vetkez\u0151kkel.<\/p>\n<p><strong>Mer\u00e9szebb profilok:<\/strong> Double Apple (er\u0151s a shisha \u00e1ltal befoly\u00e1solt piacokon D\u00e9l- \u00e9s K\u00f6z\u00e9p-Eur\u00f3p\u00e1ban), Love 66 (meleg doh\u00e1ny melletti jegyzet, a MTL-et prefer\u00e1l\u00f3 felhaszn\u00e1l\u00f3k sz\u00e1m\u00e1ra vonz\u00f3).<\/p>\n<h3>Sz\u00e1ll\u00edt\u00e1s \u00e9s rendel\u00e9s<\/h3>\n<p>A Fumot Rand M Tornado 30000 K\u00edn\u00e1b\u00f3l 10-15 munkanapos \u00e1tfut\u00e1si id\u0151vel sz\u00e1ll\u00edt eur\u00f3pai c\u00e9l\u00e1llom\u00e1sokra. Minim\u00e1lis rendel\u00e9si mennyis\u00e9g 10 egys\u00e9g, t\u00f6bbszint\u0171 \u00e1rakkal magasabb mennyis\u00e9gekn\u00e9l \u2013 egyetlen rendel\u00e9sen bel\u00fcl szabadon keverheti az \u00edzeket. A nikotin opci\u00f3k 2% \u00e9s 5%; az EU piacain 2% a standard nagykereskedelmi v\u00e1laszt\u00e1s. Ellen\u0151rizze a helyi TPD el\u0151\u00edr\u00e1sokat, miel\u0151tt 5%-ot rakt\u00e1roz fel olyan orsz\u00e1gokban, ahol az meghaladja a megengedett hat\u00e1r\u00e9rt\u00e9keket. <a href=\"https:\/\/holavape.com\/hu\/kapcsolat\/\">Vegye fel vel\u00fcnk a kapcsolatot<\/a> a kartonok specifik\u00e1ci\u00f3ihoz, a mennyis\u00e9gi \u00e1rakhoz \u00e9s a sz\u00e1ll\u00edt\u00e1si \u00e1raj\u00e1nlatokhoz.<\/p>\n","protected":false},"excerpt":{"rendered":"<p>Fumot RandM Tornado 30000 30,000 slukkot, 30ml e-liquidet, 30 \u00edzt \u00e9s zen\u00e9re reag\u00e1l\u00f3 LED f\u00e9nyeket k\u00edn\u00e1l ismer\u0151s RandM form\u00e1ban. 2% \u00e9s 5% nikotinnal er\u0151s nagykereskedelmi fogad\u00e1s az eur\u00f3pai piacon. \ud83c\udfb6<\/p>\n","protected":false},"featured_media":470,"comment_status":"open","ping_status":"closed","template":"","meta":[],"product_brand":[],"product_cat":[811],"product_tag":[],"class_list":{"0":"post-105090","1":"product","2":"type-product","3":"status-publish","4":"has-post-thumbnail","6":"product_cat-randm-hu","8":"first","9":"instock","10":"shipping-taxable","11":"purchasable","12":"product-type-variable","13":"has-default-attributes"},"tiered_pricing_type":"fixed","tiered_pricing_fixed_rules":{"30":8.1500000000000003552713678800500929355621337890625,"50":7.03000000000000024868995751603506505489349365234375,"100":6.29000000000000003552713678800500929355621337890625,"200":5.9199999999999999289457264239899814128875732421875,"400":5.37000000000000010658141036401502788066864013671875},"tiered_pricing_product_settings":{"layout":"default","base_unit_name":{"singular":null,"plural":null},"default_variation":null},"tiered_pricing_minimum_quantity":10,"tiered_pricing_roles_data":[],"tiered_pricing_percentage_rules":[],"tiered_pricing_maximum_quantity":null,"tiered_pricing_quantity_step":"10","_links":{"self":[{"href":"https:\/\/holavape.com\/hu\/wp-json\/wp\/v2\/product\/105090","targetHints":{"allow":["GET"]}}],"collection":[{"href":"https:\/\/holavape.com\/hu\/wp-json\/wp\/v2\/product"}],"about":[{"href":"https:\/\/holavape.com\/hu\/wp-json\/wp\/v2\/types\/product"}],"replies":[{"embeddable":true,"href":"https:\/\/holavape.com\/hu\/wp-json\/wp\/v2\/comments?post=105090"}],"wp:featuredmedia":[{"embeddable":true,"href":"https:\/\/holavape.com\/hu\/wp-json\/wp\/v2\/media\/470"}],"wp:attachment":[{"href":"https:\/\/holavape.com\/hu\/wp-json\/wp\/v2\/media?parent=105090"}],"wp:term":[{"taxonomy":"product_brand","embeddable":true,"href":"https:\/\/holavape.com\/hu\/wp-json\/wp\/v2\/product_brand?post=105090"},{"taxonomy":"product_cat","embeddable":true,"href":"https:\/\/holavape.com\/hu\/wp-json\/wp\/v2\/product_cat?post=105090"},{"taxonomy":"product_tag","embeddable":true,"href":"https:\/\/holavape.com\/hu\/wp-json\/wp\/v2\/product_tag?post=105090"}],"curies":[{"name":"wp","href":"https:\/\/api.w.org\/{rel}","templated":true}]}}