{"id":105881,"date":"2025-07-07T07:37:10","date_gmt":"2025-07-07T07:37:10","guid":{"rendered":"https:\/\/holavape.com\/product\/vapme-shisha-hookah-15k\/"},"modified":"2026-04-05T01:51:45","modified_gmt":"2026-04-05T01:51:45","slug":"vapme-shisha-hookah-15k","status":"publish","type":"product","link":"https:\/\/holavape.com\/hu\/termek\/vapme-shisha-hookah-15k\/","title":{"rendered":"VAPME Shisha Hookah 15K eldobhat\u00f3 vape nagykereskedelemhez"},"content":{"rendered":"<h2>VAPME Shisha Hookah 15K \u2014 15 000 slukk Hookah-st\u00edlus\u00fa eldobhat\u00f3<\/h2>\n<p>VAPME Shisha Hookah A 15K valami m\u00e1st csin\u00e1l a k\u00f6zel azonos t\u00e9glalap alak\u00fa eldobhat\u00f3 eszk\u00f6z\u00f6kkel teli piacon: \u00fagy n\u00e9z ki, mint egy miniat\u0171r v\u00edzipipa. A diz\u00e1jn val\u00f3di megk\u00fcl\u00f6nb\u00f6ztet\u0151 jegy a pultn\u00e1l \u2013 a v\u00e1s\u00e1rl\u00f3k k\u00edv\u00e1ncsis\u00e1gb\u00f3l veszik fel, a v\u00edzipipa ihlette form\u00e1ja pedig olyan besz\u00e9lget\u00e9sind\u00edt\u00f3v\u00e1 teszi, amelyhez m\u00e1s 15K-s k\u00e9sz\u00fcl\u00e9kek nem f\u00e9rnek hozz\u00e1. Spanyolorsz\u00e1gban, N\u00e9metorsz\u00e1gban \u00e9s Hollandi\u00e1ban j\u00f3l fogy, k\u00fcl\u00f6n\u00f6sen a v\u00edzipipa-szalonok k\u00f6zel\u00e9ben l\u00e9v\u0151 \u00fczletekben vagy a v\u00edzipip\u00e1val rendelkez\u0151 ter\u00fcleteken.<\/p>\n<p>A kin\u00e9zeten t\u00fal a specifik\u00e1ci\u00f3k versenyk\u00e9pesek: 15 000 felf\u00faj\u00e1s, h\u00e1l\u00f3s tekercs az \u00edz \u00e1lland\u00f3s\u00e1g\u00e1\u00e9rt \u00e9s 24 \u00edz 0% \u00e9s 2% nikotinban. Ugyanazon puffad\u00e1ssz\u00e1mon \u00e1ll, mint <a href=\"https:\/\/holavape.com\/hu\/termek\/randm-tornado-15k-eldobhato-vape-40-izesites-nagykereskedelem\/\">Rand M Tornado 15K<\/a> de egy m\u00e1sik vev\u0151t c\u00e9loz meg \u2013 azt az \u00fcgyfelet, aki valami egyedi megjelen\u00e9st \u00e9s \u00e9rzetet szeretne. Ha mindkett\u0151t beszerezed, akkor ink\u00e1bb kieg\u00e9sz\u00edtik, mint versenyeznek. A puffad\u00e1sok sz\u00e1m\u00e1nak n\u00f6vel\u00e9s\u00e9hez ellen\u0151rizze <a href=\"https:\/\/holavape.com\/hu\/termek\/bang-king-30k\/\">Bang King 30K<\/a>.<\/p>\n<table>\n<thead>\n<tr>\n<th>Spec<\/th>\n<th>R\u00e9szlet<\/th>\n<\/tr>\n<\/thead>\n<tbody>\n<tr>\n<td>slukk sz\u00e1m<\/td>\n<td>Ak\u00e1r 15.000<\/td>\n<\/tr>\n<tr>\n<td>Tervez\u00e9s<\/td>\n<td>Hookah \/ shisha ihlette forma<\/td>\n<\/tr>\n<tr>\n<td>Tekercs<\/td>\n<td>H\u00e1l\u00f3s tekercs<\/td>\n<\/tr>\n<tr>\n<td>A nikotin er\u0151ss\u00e9gei<\/td>\n<td>0%, 2%<\/td>\n<\/tr>\n<tr>\n<td>\u00cdzek<\/td>\n<td>24<\/td>\n<\/tr>\n<tr>\n<td>Csomagol\u00e1s<\/td>\n<td>A doboz\/karton r\u00e9szletei\u00e9rt forduljon hozz\u00e1nk<\/td>\n<\/tr>\n<\/tbody>\n<\/table>\n<h3>\u00cdzek \u2014 24 lehet\u0151s\u00e9g, kezdje ezekkel<\/h3>\n<p>A legkeresettebb term\u00e9kek, amelyek el\u0151sz\u00f6r rakt\u00e1ron: g\u00f6r\u00f6gdinnye j\u00e9g, sz\u0151l\u0151j\u00e9g, \u00e1fonya j\u00e9gen \u00e9s epres g\u00f6r\u00f6gdinnye. Ezek az univerz\u00e1lis mozgat\u00f3k, amelyek piact\u00f3l vagy \u00fcgyf\u00e9lprofilt\u00f3l f\u00fcggetlen\u00fcl m\u0171k\u00f6dnek.<\/p>\n<p>Jeges gy\u00fcm\u00f6lcs\u00f6k: g\u00f6r\u00f6gdinnye j\u00e9g (mindig a legkelend\u0151bb), sz\u0151l\u0151j\u00e9g (D\u00e9l-Eur\u00f3p\u00e1ban er\u0151s), eperj\u00e9g, \u0151szibarackj\u00e9g, \u00e1fonya j\u00e9gen, fagyasztott alma, fekete ribizli j\u00e9g. A jeges k\u00edn\u00e1lat szil\u00e1rd \u2013 h\u00e9t \u00edz, amelyek minden bolt megb\u00edzhat\u00f3 magj\u00e1t alkotj\u00e1k.<\/p>\n<p>Bogy\u00f3s \u00e9s vegyes: vegyes bogy\u00f3s gy\u00fcm\u00f6lcs\u00f6k, \u00e1fony\u00e1s m\u00e1lna, cseresznye bogy\u00f3, eper sz\u0151l\u0151, epres m\u00e1lna cukorka. A bogy\u00f3s profilokat folyamatosan \u00e9rt\u00e9kes\u00edtik. A Strawberry Raspberry Candy \u00e9desebb \u2013 pr\u00f3b\u00e1ld ki kicsiben, ha a piacod a kev\u00e9sb\u00e9 cukros \u00edzeket r\u00e9szes\u00edti el\u0151nyben.<\/p>\n<p>Tr\u00f3pusi \u00e9s gy\u00fcm\u00f6lcs\u00f6s: eper g\u00f6r\u00f6gdinnye, eper kivi, kiwi passi\u00f3gy\u00fcm\u00f6lcs guava, \u0151szibarack mang\u00f3 anan\u00e1sz, mang\u00f3 ban\u00e1n, g\u00f6r\u00f6gdinnye cseresznye, anan\u00e1sz shake. A tr\u00f3pusi tartom\u00e1ny itt sz\u00e9lesebb, mint a legt\u00f6bb 15 000 eszk\u00f6z\u00f6n. A kiwi passi\u00f3gy\u00fcm\u00f6lcs-guava \u00e9s az \u0151szibarack mang\u00f3 anan\u00e1sz a legkiemelked\u0151bbek \u2013 \u00f6sszetett \u00edzprofilok, amelyeket a v\u00edzipipa sokas\u00e1ga \u00e1ltal\u00e1ban \u00e9rt\u00e9kel.<\/p>\n<p>Ital \u00e9s k\u00fcl\u00f6nlegess\u00e9g: k\u00e9k m\u00e1lna limon\u00e1d\u00e9, citromos menta, Love 66 (doh\u00e1ny-shisha ihlette profil, amely a v\u00edzipipa diz\u00e1jnnal m\u0171k\u00f6dik), G\u00f6r\u00f6gdinnye bika (energiaital-csavar), Mamba (cukorka ihlette). \u00c9rdemes megjegyezni a Love 66-et \u2013 ez egy v\u00edzipip\u00e1k klasszikus \u00edze, amely term\u00e9szetesen p\u00e1rosul az eszk\u00f6z v\u00edzipipa diz\u00e1jnj\u00e1val, \u00e9s vonz\u00f3 a t\u00e9nyleges v\u00edzipip\u00e1r\u00f3l \u00e9rkez\u0151 v\u00e1s\u00e1rl\u00f3k sz\u00e1m\u00e1ra.<\/p>\n<h3>Megrendel\u00e9s \u00e9s sz\u00e1ll\u00edt\u00e1s<\/h3>\n<p>VAPME Shisha Hookah 15K-t sz\u00e1ll\u00edtanak K\u00edn\u00e1b\u00f3l, Eur\u00f3p\u00e1ba \u00e1ltal\u00e1ban 10-15 munkanapon bel\u00fcl sz\u00e1ll\u00edtanak. Minim\u00e1lis rendel\u00e9si mennyis\u00e9g 10 egys\u00e9g \u00edzkever\u00e9ssel b\u00e1rmilyen rendel\u00e9s eset\u00e9n. A mennyis\u00e9gi \u00e1r 30+ egys\u00e9gn\u00e9l kezd\u0151dik. <a href=\"https:\/\/holavape.com\/hu\/kapcsolat\/\">Vegye fel vel\u00fcnk a kapcsolatot<\/a> a karton specifik\u00e1ci\u00f3ihoz \u00e9s s\u00faly\u00e1hoz.<\/p>\n<p>Csak 0%-os \u00e9s 2%-os nikotintartalm\u00fa v\u00e1ltozatban kaphat\u00f3. A 0%-os opci\u00f3 k\u00fcl\u00f6n\u00f6sen \u00e9rdekess\u00e9 teszi ezt a szigor\u00fa nikotinszab\u00e1lyoz\u00e1st alkalmaz\u00f3 piacokon vagy a v\u00edzipipa kult\u00far\u00e1t k\u00e9pvisel\u0151 v\u00e1s\u00e1rl\u00f3k sz\u00e1m\u00e1ra, akik hozz\u00e1szoktak az alacsony nikotintartalm\u00fa vagy nikotinmentes v\u00edzipip\u00e1hoz. Ha nagyobb nikotiner\u0151ss\u00e9gre van sz\u00fcks\u00e9ge a 15K tartom\u00e1nyban, <a href=\"https:\/\/holavape.com\/hu\/termek\/randm-tornado-15k-eldobhato-vape-40-izesites-nagykereskedelem\/\">Rand M Tornado 15K<\/a> 0% \u00e9s 5% k\u00f6z\u00f6tt k\u00edn\u00e1l.<\/p>\n","protected":false},"excerpt":{"rendered":"<p>VAPME Shisha Hookah 15K 15,000 slukkot, hookah ihlette diz\u00e1jnt, mesh coil teljes\u00edtm\u00e9nyt \u00e9s 24 \u00edzt k\u00edn\u00e1l. 0% \/ 2% nikotinopci\u00f3val gyorsan kit\u0171nik a polcon. \ud83c\udf2c\ufe0f<\/p>\n","protected":false},"featured_media":1403,"comment_status":"open","ping_status":"closed","template":"","meta":[],"product_brand":[],"product_cat":[441,360,612,621,630,666,684,648,639,675,657,693,702,720,711,369,352,522,540,531,847],"product_tag":[],"class_list":{"0":"post-105881","1":"product","2":"type-product","3":"status-publish","4":"has-post-thumbnail","6":"product_cat-15000-szivas-eldobhato-vape-hu","7":"product_cat-eldobhato-vape-tipusok-hu","8":"product_cat-eldobhato-vape-ek-ausztria-hu","9":"product_cat-eldobhato-vape-ek-belgium-hu","10":"product_cat-eldobhato-vape-ek-franciaorszag-hu","11":"product_cat-eldobhato-vape-ek-hollandia-hu","12":"product_cat-eldobhato-vape-ek-lengyelorszag-hu","13":"product_cat-eldobhato-vape-ek-magyarorszag-hu","14":"product_cat-eldobhato-vape-ek-nemetorszag-hu","15":"product_cat-eldobhato-vape-ek-norvegia-hu","16":"product_cat-eldobhato-vape-ek-olaszorszag-hu","17":"product_cat-eldobhato-vape-ek-portugalia-hu","18":"product_cat-eldobhato-vape-ek-spanyolorszag-hu","19":"product_cat-eldobhato-vape-ek-svajc-hu","20":"product_cat-eldobhato-vape-ek-svedorszag-hu","21":"product_cat-eldobhato-vape-ek-europaban-hu","22":"product_cat-eldobhato-vape-ek-szivasszam-szerint-hu","23":"product_cat-nagy-szivasszamu-vape-ek-hu","24":"product_cat-shisha-hookah-vape-ek-hu","25":"product_cat-ujratoltheto-vape-ek-hu","26":"product_cat-vapme-hu","28":"first","29":"instock","30":"shipping-taxable","31":"purchasable","32":"product-type-variable","33":"has-default-attributes"},"tiered_pricing_type":"fixed","tiered_pricing_fixed_rules":{"30":6.04999999999999982236431605997495353221893310546875,"50":4.94000000000000039079850466805510222911834716796875,"100":4.32000000000000028421709430404007434844970703125,"200":4.07000000000000028421709430404007434844970703125,"400":3.640000000000000124344978758017532527446746826171875},"tiered_pricing_product_settings":{"layout":"default","base_unit_name":{"singular":null,"plural":null},"default_variation":null},"tiered_pricing_minimum_quantity":10,"tiered_pricing_roles_data":[],"tiered_pricing_percentage_rules":[],"tiered_pricing_maximum_quantity":null,"tiered_pricing_quantity_step":"10","_links":{"self":[{"href":"https:\/\/holavape.com\/hu\/wp-json\/wp\/v2\/product\/105881","targetHints":{"allow":["GET"]}}],"collection":[{"href":"https:\/\/holavape.com\/hu\/wp-json\/wp\/v2\/product"}],"about":[{"href":"https:\/\/holavape.com\/hu\/wp-json\/wp\/v2\/types\/product"}],"replies":[{"embeddable":true,"href":"https:\/\/holavape.com\/hu\/wp-json\/wp\/v2\/comments?post=105881"}],"wp:featuredmedia":[{"embeddable":true,"href":"https:\/\/holavape.com\/hu\/wp-json\/wp\/v2\/media\/1403"}],"wp:attachment":[{"href":"https:\/\/holavape.com\/hu\/wp-json\/wp\/v2\/media?parent=105881"}],"wp:term":[{"taxonomy":"product_brand","embeddable":true,"href":"https:\/\/holavape.com\/hu\/wp-json\/wp\/v2\/product_brand?post=105881"},{"taxonomy":"product_cat","embeddable":true,"href":"https:\/\/holavape.com\/hu\/wp-json\/wp\/v2\/product_cat?post=105881"},{"taxonomy":"product_tag","embeddable":true,"href":"https:\/\/holavape.com\/hu\/wp-json\/wp\/v2\/product_tag?post=105881"}],"curies":[{"name":"wp","href":"https:\/\/api.w.org\/{rel}","templated":true}]}}