{"id":107844,"date":"2025-06-27T09:50:40","date_gmt":"2025-06-27T09:50:40","guid":{"rendered":"https:\/\/holavape.com\/product\/vapme-digital-30000\/"},"modified":"2026-04-05T01:51:56","modified_gmt":"2026-04-05T01:51:56","slug":"vapme-digital-30000","status":"publish","type":"product","link":"https:\/\/holavape.com\/hu\/termek\/vapme-digital-30000\/","title":{"rendered":"VAPME Digital 30000 MTL eldobhat\u00f3 vape &#8211; magas nikotintartalom nagykereskedelemhez"},"content":{"rendered":"<h2>VAPME Digital 30000 \u2014 30.000 slukk MTL Eldobhat\u00f3<\/h2>\n<p>A VAPME Digital 30000 egy dedik\u00e1lt, sz\u00e1jt\u00f3l a t\u00fcd\u0151ig terjed\u0151 eldobhat\u00f3 k\u00e9sz\u00fcl\u00e9k, amely megk\u00fcl\u00f6nb\u00f6zteti a piacon tal\u00e1lhat\u00f3 nagy puffad\u00e1s\u00fa k\u00e9sz\u00fcl\u00e9kek t\u00f6bbs\u00e9g\u00e9t\u0151l, amelyeket k\u00f6zvetlen t\u00fcd\u0151\u00fct\u00e9sekre terveztek. A 0,6 \u03a9-os h\u00e1l\u00f3s tekercs \u00e9s a szorosabb h\u00faz\u00e1s a hagyom\u00e1nyos cigaretta- vagy cigarettah\u00fcvely-rendszer \u00e9rzet\u00e9t imit\u00e1lja \u2013 \u00edgy ez egy er\u0151s v\u00e1laszt\u00e1s a doh\u00e1nyz\u00e1sr\u00f3l \u00e1tt\u00e9r\u0151 v\u00e1s\u00e1rl\u00f3kat kiszolg\u00e1l\u00f3 vagy a korl\u00e1tozottabb l\u00e9g\u00e1raml\u00e1st kedvel\u0151 \u00fczletek sz\u00e1m\u00e1ra. Folyamatos elad\u00f3 volt olyan piacokon, mint Franciaorsz\u00e1g, N\u00e9metorsz\u00e1g \u00e9s az Egyes\u00fclt Kir\u00e1lys\u00e1g, ahol tov\u00e1bbra is er\u0151sek a MTL preferenci\u00e1k.<\/p>\n<p>30 000 bef\u00faj\u00e1ssal \u00e9s 20 ml e-liquiddel a kapacit\u00e1s szempontj\u00e1b\u00f3l a k\u00f6z\u00e9pkateg\u00f3ri\u00e1ba tartozik. Nem versenyez a puffad\u00e1sok sz\u00e1m\u00e1ban a 60K+ eszk\u00f6z\u00f6kkel, mint pl <a href=\"https:\/\/holavape.com\/hu\/termek\/waspe-bar-60k\/\">WASPE b\u00e1r 60K<\/a> vagy t\u00f6bb \u00edz\u0171 egys\u00e9gek, mint pl <a href=\"https:\/\/holavape.com\/hu\/termek\/vopk-triple-60000\/\">Vopk Tripla 60000<\/a>, de nem is kell \u2013 a r\u00e9st a MTL v\u00e1s\u00e1rl\u00f3 jelenti, aki a h\u00faz\u00e1si st\u00edlust \u00e9s a nikotinsz\u00e1ll\u00edt\u00e1st helyezi el\u0151t\u00e9rbe a nyers kapacit\u00e1ssal szemben. A magas nikotintartalm\u00fa opci\u00f3k (ak\u00e1r 15%) is relev\u00e1nss\u00e1 teszik az EU-n k\u00edv\u00fcli piacokon, ahol a magasabb koncentr\u00e1ci\u00f3 megengedett.<\/p>\n<table>\n<thead>\n<tr>\n<th>Spec<\/th>\n<th>R\u00e9szlet<\/th>\n<\/tr>\n<\/thead>\n<tbody>\n<tr>\n<td>slukk sz\u00e1m<\/td>\n<td>Ak\u00e1r 30.000<\/td>\n<\/tr>\n<tr>\n<td>Rajzolj st\u00edlust<\/td>\n<td>MTL (sz\u00e1jt\u00f3l t\u00fcd\u0151ig)<\/td>\n<\/tr>\n<tr>\n<td>E-folyad\u00e9k kapacit\u00e1s<\/td>\n<td>20 ml<\/td>\n<\/tr>\n<tr>\n<td>Akkumul\u00e1tor<\/td>\n<td>850 m Ah \u00fajrat\u00f6lthet\u0151 (C t\u00edpus\u00fa)<\/td>\n<\/tr>\n<tr>\n<td>Tekercs<\/td>\n<td>0,6\u03a9 h\u00e1l\u00f3s tekercs<\/td>\n<\/tr>\n<tr>\n<td>A nikotin er\u0151ss\u00e9gei<\/td>\n<td>0%, 12%, 13%, 15%<\/td>\n<\/tr>\n<tr>\n<td>Csomagol\u00e1s<\/td>\n<td>A kartondoboz r\u00e9szletei\u00e9rt forduljon hozz\u00e1nk<\/td>\n<\/tr>\n<\/tbody>\n<\/table>\n<h3>\u00cdzek<\/h3>\n<p>A legkeresettebb k\u00e9szletek el\u0151sz\u00f6r: g\u00f6r\u00f6gdinnye j\u00e9g, eperj\u00e9g \u00e9s \u00e1fony\u00e1s m\u00e1lna \u2013 ezek a biztons\u00e1gos v\u00e1laszt\u00e1sok, amelyek piact\u00f3l f\u00fcggetlen\u00fcl mozognak. A Cherry Ice \u00c9szak-Eur\u00f3p\u00e1ban is j\u00f3l teljes\u00edt.<\/p>\n<p><strong>Jeges gy\u00fcm\u00f6lcs\u00f6k:<\/strong> G\u00f6r\u00f6gdinnye j\u00e9g (az egyetlen legn\u00e9pszer\u0171bb eldobhat\u00f3 vape \u00edz Eur\u00f3p\u00e1ban), Strawberry Ice, Cherry Ice, Peach Ice \u2013 egyszer\u0171 jeges profilok, amelyek a MTL sz\u00e1m\u00e1ra m\u0171k\u00f6dnek. Ezeknek kell kitenni\u00fck az els\u0151 rendel\u00e9s nagy r\u00e9sz\u00e9t.<\/p>\n<p><strong>Vegyes gy\u00fcm\u00f6lcs kever\u00e9kek:<\/strong> \u00c1fonya m\u00e1lna (sz\u00e9les k\u00f6rben vonz\u00f3 bogy\u00f3 komb\u00f3), eper kivi, eper sz\u0151l\u0151, kiwi passi\u00f3gy\u00fcm\u00f6lcs guava (tr\u00f3pusi guava jegyekkel, j\u00f3l teljes\u00edt D\u00e9l-Eur\u00f3p\u00e1ban).<\/p>\n<p><strong>Ital ihlette \u00e9s k\u00fcl\u00f6nlegess\u00e9g:<\/strong> Strawberry Red Bull \u00e9s Energy Drink \u2013 az energiaital \u00edzei fiatalabbak, de folyamatosan fogynak. A Lady Killa \u00e9s a Love 66 \u00f6r\u00f6k\u00f6lt \u00edznevek dedik\u00e1lt k\u00f6vetkez\u0151kkel; A Love 66 enyh\u00e9n doh\u00e1nyz\u00f3 melegs\u00e9ggel rendelkezik, amelyet a MTL felhaszn\u00e1l\u00f3k \u00e1ltal\u00e1ban \u00e9rt\u00e9kelnek.<\/p>\n<h3>Sz\u00e1ll\u00edt\u00e1s \u00e9s rendel\u00e9s<\/h3>\n<p>A VAPME Digital 30000 K\u00edn\u00e1b\u00f3l 10-15 munkanapos \u00e1tfut\u00e1si id\u0151vel sz\u00e1ll\u00edt eur\u00f3pai c\u00e9l\u00e1llom\u00e1sokra. Minim\u00e1lis rendel\u00e9si mennyis\u00e9g 10 egys\u00e9g, 30+ \u00e9s 100+ \u00e1rszinttel \u2013 az \u00edzek egy rendel\u00e9sen bel\u00fcl keverhet\u0151k. A nikotin tartom\u00e1ny ezen a modellen szokatlan: 0%, 12%, 13% \u00e9s 15%. Az EU piacain a 0% a legbiztons\u00e1gosabb k\u00e9szlet, mivel ezek a magasabb koncentr\u00e1ci\u00f3k a legt\u00f6bb EU-orsz\u00e1gban meghaladj\u00e1k a szabv\u00e1nyos TPD hat\u00e1r\u00e9rt\u00e9keket. Ha \u00fcgyfelei olyan piacokon tart\u00f3zkodnak, ahol a magasabb nikotinszint megengedett (Egyes\u00fclt Kir\u00e1lys\u00e1g, K\u00f6zel-Kelet, \u00c1zsia egyes r\u00e9szei), a 12-15%-os opci\u00f3k er\u0151s el\u0151nyt biztos\u00edtanak ennek az eszk\u00f6znek a 2-5%-ra korl\u00e1tozott versenyt\u00e1rsakkal szemben. <a href=\"https:\/\/holavape.com\/hu\/kapcsolat\/\">Vegye fel vel\u00fcnk a kapcsolatot<\/a> a pontos karton specifik\u00e1ci\u00f3k\u00e9rt \u00e9s a fuvar \u00e1raj\u00e1nlat r\u00e9szletei\u00e9rt.<\/p>\n","protected":false},"excerpt":{"rendered":"<p>VAPME Digital 30000 30,000 slukkot, 0.6\u03a9 mesh coil-t \u00e9s MTL h\u00faz\u00e1st k\u00edn\u00e1l a sz\u00e1j-t\u00fcd\u0151 st\u00edlust kedvel\u0151 felhaszn\u00e1l\u00f3knak. 0% \/ 12% \/ 13% \/ 15% nikotinopci\u00f3kkal \u00e9s 12 \u00edzzel egy\u00e9rtelm\u0171en illik a magasabb nikotinos r\u00e9sekhez. \ud83c\udfaf<\/p>\n","protected":false},"featured_media":795,"comment_status":"open","ping_status":"closed","template":"","meta":[],"product_brand":[],"product_cat":[847],"product_tag":[],"class_list":{"0":"post-107844","1":"product","2":"type-product","3":"status-publish","4":"has-post-thumbnail","6":"product_cat-vapme-hu","8":"first","9":"instock","10":"shipping-taxable","11":"purchasable","12":"product-type-variable","13":"has-default-attributes"},"tiered_pricing_type":"fixed","tiered_pricing_fixed_rules":{"30":8.7599999999999997868371792719699442386627197265625,"50":7.03000000000000024868995751603506505489349365234375,"100":6.4199999999999999289457264239899814128875732421875,"200":6.04999999999999982236431605997495353221893310546875,"400":5.61000000000000031974423109204508364200592041015625},"tiered_pricing_product_settings":{"layout":"default","base_unit_name":{"singular":null,"plural":null},"default_variation":null},"tiered_pricing_minimum_quantity":10,"tiered_pricing_roles_data":[],"tiered_pricing_percentage_rules":[],"tiered_pricing_maximum_quantity":null,"tiered_pricing_quantity_step":"10","_links":{"self":[{"href":"https:\/\/holavape.com\/hu\/wp-json\/wp\/v2\/product\/107844","targetHints":{"allow":["GET"]}}],"collection":[{"href":"https:\/\/holavape.com\/hu\/wp-json\/wp\/v2\/product"}],"about":[{"href":"https:\/\/holavape.com\/hu\/wp-json\/wp\/v2\/types\/product"}],"replies":[{"embeddable":true,"href":"https:\/\/holavape.com\/hu\/wp-json\/wp\/v2\/comments?post=107844"}],"wp:featuredmedia":[{"embeddable":true,"href":"https:\/\/holavape.com\/hu\/wp-json\/wp\/v2\/media\/795"}],"wp:attachment":[{"href":"https:\/\/holavape.com\/hu\/wp-json\/wp\/v2\/media?parent=107844"}],"wp:term":[{"taxonomy":"product_brand","embeddable":true,"href":"https:\/\/holavape.com\/hu\/wp-json\/wp\/v2\/product_brand?post=107844"},{"taxonomy":"product_cat","embeddable":true,"href":"https:\/\/holavape.com\/hu\/wp-json\/wp\/v2\/product_cat?post=107844"},{"taxonomy":"product_tag","embeddable":true,"href":"https:\/\/holavape.com\/hu\/wp-json\/wp\/v2\/product_tag?post=107844"}],"curies":[{"name":"wp","href":"https:\/\/api.w.org\/{rel}","templated":true}]}}