{"id":110359,"date":"2025-07-07T07:37:44","date_gmt":"2025-07-07T07:37:44","guid":{"rendered":"https:\/\/holavape.com\/product\/bang-25k\/"},"modified":"2026-04-05T01:50:44","modified_gmt":"2026-04-05T01:50:44","slug":"bang-25k","status":"publish","type":"product","link":"https:\/\/holavape.com\/hu\/termek\/bang-25k\/","title":{"rendered":"BANG 25K eldobhato vape \u2014 25 000 slukks nagykereskedelem"},"content":{"rendered":"<h2>BANG 25K \u2014 25 000 slukk Mesh tekercs eldobhat\u00f3<\/h2>\n<p>A BANG 25K 25 000 bef\u00faj\u00e1st csomagol egyetlen 25 ml-es tokba, 1,0 \u03a9-os h\u00e1l\u00f3tekerccsel \u00e9s 650 m Ah-s \u00fajrat\u00f6lthet\u0151 akkumul\u00e1torral. Ez a szabv\u00e1nyos BANG term\u00e9kcsal\u00e1d v\u00e1lasza a nagy kapacit\u00e1sig\u00e9nyre \u2013 ugyanaz a m\u00e1rka ismerts\u00e9ge, mint a kisebb Bang modellekn\u00e9l, de elegend\u0151 mennyis\u00e9ggel rendelkezik ahhoz, hogy t\u00f6bb mint egy h\u00e9tig b\u00edrja a neh\u00e9z felhaszn\u00e1l\u00f3kat. N\u00e9metorsz\u00e1gban, Spanyolorsz\u00e1gban \u00e9s Hollandi\u00e1ban a boltok ezt a megb\u00edzhat\u00f3, k\u00f6zepes \u00e9s nagy kapacit\u00e1s\u00fa opci\u00f3t k\u00edn\u00e1lj\u00e1k, amelyhez nincs sz\u00fcks\u00e9g az olyan modellek dual-pod tanul\u00e1si g\u00f6rb\u00e9j\u00e9re, mint a <a href=\"\/product\/bang-king-25000\/\">Bang King 25K<\/a>.<\/p>\n<p>A k\u00fcl\u00f6nbs\u00e9g ez \u00e9s a Bang King 25K k\u00f6z\u00f6tt a tervez\u00e9sben rejlik: a BANG 25K egyetlen 25 ml-es tokot haszn\u00e1l, m\u00edg a Bang King k\u00e9t 23 ml-es tokba osztja sz\u00e9t az e-folyad\u00e9kot (\u00f6sszesen 46 ml). Ha \u00fcgyfelei az egyszer\u0171bb egypodos eszk\u00f6z\u00f6ket r\u00e9szes\u00edtik el\u0151nyben, ez a jobb v\u00e1laszt\u00e1s. Ha maxim\u00e1lis e-liquid mennyis\u00e9gre v\u00e1gynak, \u00e9s nem b\u00e1nj\u00e1k a nagyobb form\u00e1t, mutass\u00e1k a kir\u00e1lyra. Mindkett\u0151 ugyanazt a nikotintartom\u00e1nyt \u00e9s h\u00e1l\u00f3s tekercs technol\u00f3gi\u00e1t haszn\u00e1lja.<\/p>\n<table>\n<thead>\n<tr>\n<th>Spec<\/th>\n<th>R\u00e9szlet<\/th>\n<\/tr>\n<\/thead>\n<tbody>\n<tr>\n<td>slukk sz\u00e1m<\/td>\n<td>Ak\u00e1r 25.000<\/td>\n<\/tr>\n<tr>\n<td>E-folyad\u00e9k kapacit\u00e1s<\/td>\n<td>25 ml el\u0151ret\u00f6lt\u00f6tt<\/td>\n<\/tr>\n<tr>\n<td>Akkumul\u00e1tor<\/td>\n<td>650 m Ah \u00fajrat\u00f6lthet\u0151 (C t\u00edpus\u00fa)<\/td>\n<\/tr>\n<tr>\n<td>Tekercs<\/td>\n<td>1,0\u03a9 h\u00e1l\u00f3s tekercs<\/td>\n<\/tr>\n<tr>\n<td>A nikotin er\u0151ss\u00e9gei<\/td>\n<td>0%, 2%, 3%, 5%<\/td>\n<\/tr>\n<tr>\n<td>\u00cdzes\u00edt\u00e9si lehet\u0151s\u00e9gek<\/td>\n<td>12 \u00edz<\/td>\n<\/tr>\n<tr>\n<td>Csomagol\u00e1s<\/td>\n<td>A doboz\/karton mennyis\u00e9gek\u00e9rt forduljon hozz\u00e1nk<\/td>\n<\/tr>\n<\/tbody>\n<\/table>\n<h3>\u00cdzek \u00e9s k\u00e9szletez\u00e9si tan\u00e1csok<\/h3>\n<p>A legkeresettebb term\u00e9kek, amelyek el\u0151sz\u00f6r rakt\u00e1ron: g\u00f6r\u00f6gdinnye j\u00e9g, sz\u0151l\u0151j\u00e9g, \u00e1fony\u00e1s j\u00e9g \u00e9s epres g\u00f6r\u00f6gdinnye. Ez a n\u00e9gy a legbiztons\u00e1gosabb fogad\u00e1s az eur\u00f3pai piacokon.<\/p>\n<p><strong>Jeges gy\u00fcm\u00f6lcs\u00f6k:<\/strong> G\u00f6r\u00f6gdinnye j\u00e9g (els\u0151 sz\u00e1m\u00fa eldobhat\u00f3 \u00edz a legt\u00f6bb eur\u00f3pai orsz\u00e1gban), Grape Ice (k\u00fcl\u00f6n\u00f6sen er\u0151s D\u00e9l- \u00e9s Kelet-Eur\u00f3p\u00e1ban), Blueberry Ice (megb\u00edzhat\u00f3 univerz\u00e1lis), Blueberry Mint (k\u00f6nnyebb mentolos vari\u00e1ci\u00f3), Strawberry Ice (egyszer\u0171 \u00e9s n\u00e9pszer\u0171).<\/p>\n<p><strong>Gy\u00fcm\u00f6lcs kever\u00e9kek:<\/strong> Eper-g\u00f6r\u00f6gdinnye (a legjobb 3 \u00edz minden k\u00edn\u00e1latban), Strawberry Kiwi (fanyar \u00e9s friss \u2013 j\u00f3l bev\u00e1lt Nyugat-Eur\u00f3p\u00e1ban), Mango Peach (sima tr\u00f3pusi, \u00e1lland\u00f3 elad\u00f3), Blueberry Raspberry (k\u00e9t bogy\u00f3s kombin\u00e1ci\u00f3, j\u00f3 ism\u00e9tl\u00e9si ar\u00e1ny), Mix Fruit (\u00e1ltal\u00e1nos gy\u00fcm\u00f6lcskever\u00e9k a v\u00e1ltozatoss\u00e1got kedvel\u0151 v\u00e1s\u00e1rl\u00f3knak).<\/p>\n<p><strong>Mer\u00e9szebb v\u00e1laszt\u00e1sok:<\/strong> G\u00f6r\u00f6gdinnye Bubblegum (cuki-\u00e9des g\u00f6r\u00f6gdinnye, fiatalabb v\u00e1s\u00e1rl\u00f3k), Tiger Blood (eper-g\u00f6r\u00f6gdinnye-k\u00f3kusz kever\u00e9k \u2013 r\u00e9s, de vannak elk\u00f6telezett rajong\u00f3i, el\u0151sz\u00f6r kicsiben tesztelje).<\/p>\n<p>12 \u00edzzel k\u00e9nyelmesen rakt\u00e1rozhatod a k\u00edn\u00e1lat nagy r\u00e9sz\u00e9t. Kezdje a legjobb 4-el, adjon hozz\u00e1 3-4-et a jeges gy\u00fcm\u00f6lcsb\u0151l, majd t\u00f6ltse fel gy\u00fcm\u00f6lcskever\u00e9kekkel, att\u00f3l f\u00fcgg\u0151en, hogy a helyi piac mire reag\u00e1l.<\/p>\n<h3>Megrendel\u00e9s \u00e9s sz\u00e1ll\u00edt\u00e1s<\/h3>\n<p>nagykereskedelem \u00e1raz\u00e1s 10 egys\u00e9gt\u0151l, t\u00f6bbszint\u0171 kedvezm\u00e9nyekkel 50+ \u00e9s 100+. Egy rendel\u00e9sen bel\u00fcl szabadon keverheti az \u00edzeket \u00e9s a nikotin er\u0151ss\u00e9geket. Az EU piacain a 0% \u00e9s a 2% a legkeresettebb er\u0151ss\u00e9gek \u2013 magasabb opci\u00f3kat adnak el ott, ahol a szab\u00e1lyoz\u00e1s lehet\u0151v\u00e9 teszi, ez\u00e9rt ellen\u0151rizze a helyi szab\u00e1lyokat, miel\u0151tt 3 vagy 5%-ot rakt\u00e1roz fel.<\/p>\n<p>K\u00edn\u00e1b\u00f3l sz\u00e1ll\u00edtjuk 10-15 munkanapos sz\u00e1ll\u00edt\u00e1ssal eur\u00f3pai c\u00e9l\u00e1llom\u00e1sokra. Gyorsabb sz\u00e1ll\u00edt\u00e1st keres? N\u00e9zze meg n\u00e1lunk <a href=\"https:\/\/holavape.com\/hu\/product-category\/raktaron-levo-eldobhato-vape-ek-az-eu-raktarban-hu\/\">EU rakt\u00e1ri gy\u0171jt\u00e9s<\/a> modellekhez 5-7 napos sz\u00e1ll\u00edt\u00e1ssal eg\u00e9sz Eur\u00f3p\u00e1ban. T\u00f6meges \u00e1raj\u00e1nlatokhoz vagy csomagol\u00e1si adatokhoz, <a href=\"https:\/\/holavape.com\/hu\/kapcsolat\/\">forduljon csapatunkhoz<\/a>.<\/p>\n","protected":false},"excerpt":{"rendered":"<p>BANG 25K 25,000 slukkot, 25mL e-liquidet, 1.0\u03a9 mesh coil-t \u00e9s 12 \u00edzt k\u00edn\u00e1l 0%\/2%\/3%\/5% nikotinnal. Stabil egypodos opci\u00f3 tiszta \u00edzlead\u00e1ssal \u00e9s er\u0151s nagykereskedelmi \u00e9rt\u00e9kkel. \ud83d\udca5<\/p>\n","protected":false},"featured_media":1558,"comment_status":"open","ping_status":"closed","template":"","meta":[],"product_brand":[],"product_cat":[477,738,558,576,360,612,621,630,666,684,648,639,675,657,693,702,720,711,369,352,522,567,531],"product_tag":[],"class_list":{"0":"post-110359","1":"product","2":"type-product","3":"status-publish","4":"has-post-thumbnail","6":"product_cat-25000-szivas-eldobhato-vape-hu","7":"product_cat-bang-hu","8":"product_cat-digitalis-box-vape-ek-hu","9":"product_cat-dual-mesh-vape-ek-hu","10":"product_cat-eldobhato-vape-tipusok-hu","11":"product_cat-eldobhato-vape-ek-ausztria-hu","12":"product_cat-eldobhato-vape-ek-belgium-hu","13":"product_cat-eldobhato-vape-ek-franciaorszag-hu","14":"product_cat-eldobhato-vape-ek-hollandia-hu","15":"product_cat-eldobhato-vape-ek-lengyelorszag-hu","16":"product_cat-eldobhato-vape-ek-magyarorszag-hu","17":"product_cat-eldobhato-vape-ek-nemetorszag-hu","18":"product_cat-eldobhato-vape-ek-norvegia-hu","19":"product_cat-eldobhato-vape-ek-olaszorszag-hu","20":"product_cat-eldobhato-vape-ek-portugalia-hu","21":"product_cat-eldobhato-vape-ek-spanyolorszag-hu","22":"product_cat-eldobhato-vape-ek-svajc-hu","23":"product_cat-eldobhato-vape-ek-svedorszag-hu","24":"product_cat-eldobhato-vape-ek-europaban-hu","25":"product_cat-eldobhato-vape-ek-szivasszam-szerint-hu","26":"product_cat-nagy-szivasszamu-vape-ek-hu","27":"product_cat-okos-kijelzos-vape-ek-hu","28":"product_cat-ujratoltheto-vape-ek-hu","30":"first","31":"instock","32":"shipping-taxable","33":"purchasable","34":"product-type-variable","35":"has-default-attributes"},"tiered_pricing_type":"fixed","tiered_pricing_fixed_rules":{"30":7.160000000000000142108547152020037174224853515625,"50":6.29000000000000003552713678800500929355621337890625,"100":5.54999999999999982236431605997495353221893310546875,"200":5.17999999999999971578290569595992565155029296875,"400":4.69000000000000039079850466805510222911834716796875},"tiered_pricing_product_settings":{"layout":"default","base_unit_name":{"singular":null,"plural":null},"default_variation":null},"tiered_pricing_minimum_quantity":10,"tiered_pricing_roles_data":[],"tiered_pricing_percentage_rules":[],"tiered_pricing_maximum_quantity":null,"tiered_pricing_quantity_step":"10","_links":{"self":[{"href":"https:\/\/holavape.com\/hu\/wp-json\/wp\/v2\/product\/110359","targetHints":{"allow":["GET"]}}],"collection":[{"href":"https:\/\/holavape.com\/hu\/wp-json\/wp\/v2\/product"}],"about":[{"href":"https:\/\/holavape.com\/hu\/wp-json\/wp\/v2\/types\/product"}],"replies":[{"embeddable":true,"href":"https:\/\/holavape.com\/hu\/wp-json\/wp\/v2\/comments?post=110359"}],"wp:featuredmedia":[{"embeddable":true,"href":"https:\/\/holavape.com\/hu\/wp-json\/wp\/v2\/media\/1558"}],"wp:attachment":[{"href":"https:\/\/holavape.com\/hu\/wp-json\/wp\/v2\/media?parent=110359"}],"wp:term":[{"taxonomy":"product_brand","embeddable":true,"href":"https:\/\/holavape.com\/hu\/wp-json\/wp\/v2\/product_brand?post=110359"},{"taxonomy":"product_cat","embeddable":true,"href":"https:\/\/holavape.com\/hu\/wp-json\/wp\/v2\/product_cat?post=110359"},{"taxonomy":"product_tag","embeddable":true,"href":"https:\/\/holavape.com\/hu\/wp-json\/wp\/v2\/product_tag?post=110359"}],"curies":[{"name":"wp","href":"https:\/\/api.w.org\/{rel}","templated":true}]}}