{"id":110457,"date":"2025-07-07T07:37:44","date_gmt":"2025-07-07T07:37:44","guid":{"rendered":"https:\/\/holavape.com\/product\/vopk-shisha-hookah-15k\/"},"modified":"2026-04-05T01:50:47","modified_gmt":"2026-04-05T01:50:47","slug":"vopk-shisha-hookah-15k","status":"publish","type":"product","link":"https:\/\/holavape.com\/hu\/termek\/vopk-shisha-hookah-15k\/","title":{"rendered":"VOPK Shisha Hookah 15K eldobhato vape \u2014 Hookah-st\u00edlus\u00fa nagykereskedelem"},"content":{"rendered":"<h2>VOPK Shisha Hookah 15K \u2014 15 000 slukk Hookah-st\u00edlus\u00fa eldobhat\u00f3<\/h2>\n<p>A VOPK Shisha Hookah 15K kifejezetten a v\u00edzipipa crossover piac\u00e1ra k\u00e9sz\u00fclt \u2013 olyan \u00fcgyfelek sz\u00e1m\u00e1ra, akik szeretik a shisha st\u00edlus\u00fa \u00edzprofilokat, de szeretn\u00e9k az eldobhat\u00f3 v\u00edzipipa k\u00e9nyelm\u00e9t. A 0,6 \u03a9-os h\u00e1l\u00f3s tekercs s\u0171r\u0171bb, melegebb g\u0151zt termel, mint a legt\u00f6bb eldobhat\u00f3 term\u00e9kben megtal\u00e1lhat\u00f3 tipikus 1,0 \u03a9-os tekercs, ami \u00e9szrevehet\u0151 k\u00fcl\u00f6nbs\u00e9get jelent az olyan \u00edzekn\u00e9l, mint a Double Apple \u00e9s a Grape Mint. Emiatt er\u0151s elad\u00f3v\u00e1 v\u00e1lt N\u00e9metorsz\u00e1gban, Hollandi\u00e1ban \u00e9s Belgiumban, ahol a v\u00edzipipa kult\u00fara m\u00e9lyrehat\u00f3, \u00e9s az \u00fczletekben gyakran megtal\u00e1lhat\u00f3k mind a hagyom\u00e1nyos v\u00edzipip\u00e1k, mind az eldobhat\u00f3 v\u00edzipip\u00e1k.<\/p>\n<p>A mellett \u00fcl <a href=\"https:\/\/holavape.com\/hu\/termek\/bang-king-15k\/\">Bang King 15K<\/a> ugyanazon a puffad\u00e1ssz\u00e1mon, de teljesen m\u00e1s v\u00e1s\u00e1rl\u00f3t szolg\u00e1l ki. A Bang King 15K gy\u00fcm\u00f6lcs\u00f6s \u00e9s jeges \u00edzekkel vonzza az \u00e1ltal\u00e1nos vape felhaszn\u00e1l\u00f3kat. Ez a VOPK Shisha modell vonzza a v\u00edzipipa doh\u00e1nyosokat \u00e9s a mer\u00e9szebb, s\u00f6t\u00e9tebb \u00edzprofilokat keres\u0151 v\u00e1s\u00e1rl\u00f3kat. Ha mindkett\u0151t t\u00e1rolja, mindk\u00e9t demogr\u00e1fiai csoportra kiterjed\u0151 lefedetts\u00e9get biztos\u00edt \u00e1tfed\u00e9s n\u00e9lk\u00fcl.<\/p>\n<table>\n<thead>\n<tr>\n<th>Spec<\/th>\n<th>R\u00e9szlet<\/th>\n<\/tr>\n<\/thead>\n<tbody>\n<tr>\n<td>slukk sz\u00e1m<\/td>\n<td>Ak\u00e1r 15.000<\/td>\n<\/tr>\n<tr>\n<td>E-folyad\u00e9k kapacit\u00e1s<\/td>\n<td>20 ml el\u0151ret\u00f6lt\u00f6tt<\/td>\n<\/tr>\n<tr>\n<td>Akkumul\u00e1tor<\/td>\n<td>650 m Ah \u00fajrat\u00f6lthet\u0151 (C t\u00edpus\u00fa)<\/td>\n<\/tr>\n<tr>\n<td>Tekercs<\/td>\n<td>0,6\u03a9 h\u00e1l\u00f3s tekercs<\/td>\n<\/tr>\n<tr>\n<td>A nikotin er\u0151ss\u00e9gei<\/td>\n<td>0%, 2%, 3%, 5%<\/td>\n<\/tr>\n<tr>\n<td>\u00cdzes\u00edt\u00e9si lehet\u0151s\u00e9gek<\/td>\n<td>10 shisha ihlette \u00edz<\/td>\n<\/tr>\n<tr>\n<td>Csomagol\u00e1s<\/td>\n<td>A doboz\/karton mennyis\u00e9gek\u00e9rt forduljon hozz\u00e1nk<\/td>\n<\/tr>\n<\/tbody>\n<\/table>\n<h3>\u00cdzek \u00e9s k\u00e9szletez\u00e9si tan\u00e1csok<\/h3>\n<p>Legjobb elad\u00f3k, amelyek el\u0151sz\u00f6r rakt\u00e1ron: Double Apple, Grape Mint, G\u00f6r\u00f6gdinnye j\u00e9g \u00e9s Mix Berry Ice. A dupla Apple \u00f6nmag\u00e1ban ennek a modellnek az elad\u00e1sainak egyharmad\u00e1t teheti ki a v\u00edzipipa er\u0151s piacain.<\/p>\n<p><strong>Shisha klasszikusok:<\/strong> Double Apple (a z\u00e1szl\u00f3shaj\u00f3 \u00edz \u2013 ez az, amit a v\u00edzipipa v\u00e1s\u00e1rl\u00f3i el\u0151sz\u00f6r \u00e9rnek el, domin\u00e1nsan N\u00e9metorsz\u00e1gban, Hollandi\u00e1ban \u00e9s a k\u00f6zel-keleti k\u00f6z\u00f6ss\u00e9gekben Eur\u00f3pa-szerte), Grape Mint (sz\u0151l\u0151 + hideg menta, a m\u00e1sodik legn\u00e9pszer\u0171bb shisha crossover \u00edz), Lady Killa (gy\u00fcm\u00f6lcs\u00f6s-vir\u00e1gos kever\u00e9k, amelyet a klasszikus Al Fakher shisha \u00edz ihletett \u2013 er\u0151s m\u00e1rka ismerts\u00e9g a v\u00edzipipa doh\u00e1nyz\u00f3in\u00e1l).<\/p>\n<p><strong>Gy\u00fcm\u00f6lcs\/j\u00e9g:<\/strong> G\u00f6r\u00f6gdinnye j\u00e9g (egyes t\u00e9telekben &#8222;Wantermelon Ice&#8221; n\u00e9ven szerepel \u2013 ugyanaz az \u00edz, megb\u00edzhat\u00f3 teljes\u00edtm\u00e9ny), Double Melon Mint (m\u00e9zharmat + g\u00f6r\u00f6gdinnye ment\u00e1val, friss\u00edt\u0151 ny\u00e1ri \u00edz), Juicy Peach (mentol n\u00e9lk\u00fcl, sima csonth\u00e9jas gy\u00fcm\u00f6lcs), anan\u00e1sz k\u00f3kusz (tr\u00f3pusi komb\u00f3, amely j\u00f3l m\u0171k\u00f6dik D\u00e9l-Eur\u00f3p\u00e1ban).<\/p>\n<p><strong>Bogy\u00f3 \/ f\u00e9lk\u00f6v\u00e9r:<\/strong> Mix Berry Ice (\u00e1fonya-m\u00e1lna-eper h\u0171t\u00e9ssel \u2013 biztons\u00e1gos v\u00e1laszt\u00e1s minden piacra), Red Berry Slush-t (slushie-st\u00edlus\u00fa bogy\u00f3, fiatalabb demogr\u00e1fiai adatok), White Mamba-t (citrus-forward energiaital ihlette profil \u2013 kis teszt, \u00fcgyfeleidt\u0151l f\u00fcgg\u0151en ez vagy siker vagy kihagy\u00e1s).<\/p>\n<p>Az er\u0151s v\u00edzipipa kult\u00far\u00e1val rendelkez\u0151 piacokon \u00f3lom Double Apple, Grape Mint \u00e9s Lady Killa term\u00e9kkel. Az \u00e1ltal\u00e1nos eur\u00f3pai piacokon egyens\u00falyozza ki a sorrendet a g\u00f6r\u00f6gdinnye j\u00e9ggel \u00e9s a Mix Berry Ice-vel a shisha klasszikusok mellett.<\/p>\n<h3>Megrendel\u00e9s \u00e9s sz\u00e1ll\u00edt\u00e1s<\/h3>\n<p>nagykereskedelem \u00e1raz\u00e1s 10 egys\u00e9gt\u0151l, nagyobb rendel\u00e9sekn\u00e9l t\u00f6bbszint\u0171 kedvezm\u00e9nyekkel. Keverje \u00f6ssze az \u00edzeket \u00e9s a nikotin er\u0151ss\u00e9geit egyetlen rendel\u00e9sen bel\u00fcl. A 0% \u00e9s 2% opci\u00f3k a legn\u00e9pszer\u0171bbek az EU piacain \u2013 a 0,6 \u03a9-os tekercs j\u00f3l m\u0171k\u00f6dik nulla nikotin mellett, mivel elegend\u0151 g\u0151zs\u0171r\u0171s\u00e9get termel ahhoz, hogy nikotin n\u00e9lk\u00fcl is el\u00e9gedett legyen. Nagyobb er\u0151ss\u00e9gek \u00e1llnak rendelkez\u00e9sre, ahol a szab\u00e1lyoz\u00e1s lehet\u0151v\u00e9 teszi.<\/p>\n<p>K\u00edn\u00e1b\u00f3l sz\u00e1ll\u00edtjuk 10-15 munkanapos sz\u00e1ll\u00edt\u00e1ssal eur\u00f3pai c\u00e9l\u00e1llom\u00e1sokra. Ha v\u00edzipipa st\u00edlus\u00fa eldobhat\u00f3 term\u00e9keket szeretne gyorsabban sz\u00e1ll\u00edtani Eur\u00f3p\u00e1ban, tekintse meg n\u00e1lunk <a href=\"https:\/\/holavape.com\/hu\/product-category\/raktaron-levo-eldobhato-vape-ek-az-eu-raktarban-hu\/\">EU rakt\u00e1r v\u00e1laszt\u00e9k<\/a>. K\u00e9rd\u00e9sei vannak a t\u00f6meges megrendel\u00e9sekkel vagy az egyedi v\u00e1laszt\u00e9kkal kapcsolatban? <a href=\"https:\/\/holavape.com\/hu\/kapcsolat\/\">Vegye fel a kapcsolatot<\/a>.<\/p>\n","protected":false},"excerpt":{"rendered":"<p>VOPK Shisha Hookah 15K 15,000 slukkot, 20mL e-liquidet, 0.6\u03a9 mesh coil-t \u00e9s shisha ihlette \u00edzeket k\u00edn\u00e1l 0%\/2%\/3%\/5% nikotinnal. Hookah-st\u00edlus\u00fa v\u00e1laszt\u00e1s azoknak, akik ismer\u0151s \u00edzprofilokat keresnek eldobhat\u00f3 form\u00e1ban. \ud83d\udd25<\/p>\n","protected":false},"featured_media":1542,"comment_status":"open","ping_status":"closed","template":"","meta":[],"product_brand":[],"product_cat":[441,360,612,621,630,666,684,648,639,675,657,693,702,720,711,369,352,522,567,540,531,856],"product_tag":[],"class_list":{"0":"post-110457","1":"product","2":"type-product","3":"status-publish","4":"has-post-thumbnail","6":"product_cat-15000-szivas-eldobhato-vape-hu","7":"product_cat-eldobhato-vape-tipusok-hu","8":"product_cat-eldobhato-vape-ek-ausztria-hu","9":"product_cat-eldobhato-vape-ek-belgium-hu","10":"product_cat-eldobhato-vape-ek-franciaorszag-hu","11":"product_cat-eldobhato-vape-ek-hollandia-hu","12":"product_cat-eldobhato-vape-ek-lengyelorszag-hu","13":"product_cat-eldobhato-vape-ek-magyarorszag-hu","14":"product_cat-eldobhato-vape-ek-nemetorszag-hu","15":"product_cat-eldobhato-vape-ek-norvegia-hu","16":"product_cat-eldobhato-vape-ek-olaszorszag-hu","17":"product_cat-eldobhato-vape-ek-portugalia-hu","18":"product_cat-eldobhato-vape-ek-spanyolorszag-hu","19":"product_cat-eldobhato-vape-ek-svajc-hu","20":"product_cat-eldobhato-vape-ek-svedorszag-hu","21":"product_cat-eldobhato-vape-ek-europaban-hu","22":"product_cat-eldobhato-vape-ek-szivasszam-szerint-hu","23":"product_cat-nagy-szivasszamu-vape-ek-hu","24":"product_cat-okos-kijelzos-vape-ek-hu","25":"product_cat-shisha-hookah-vape-ek-hu","26":"product_cat-ujratoltheto-vape-ek-hu","27":"product_cat-vopk-hu","29":"first","30":"instock","31":"shipping-taxable","32":"purchasable","33":"product-type-variable","34":"has-default-attributes"},"tiered_pricing_type":"fixed","tiered_pricing_fixed_rules":{"30":6.04999999999999982236431605997495353221893310546875,"50":5.17999999999999971578290569595992565155029296875,"100":4.44000000000000039079850466805510222911834716796875,"200":4.19000000000000039079850466805510222911834716796875,"400":3.640000000000000124344978758017532527446746826171875},"tiered_pricing_product_settings":{"layout":"default","base_unit_name":{"singular":null,"plural":null},"default_variation":null},"tiered_pricing_minimum_quantity":10,"tiered_pricing_roles_data":[],"tiered_pricing_percentage_rules":[],"tiered_pricing_maximum_quantity":null,"tiered_pricing_quantity_step":"10","_links":{"self":[{"href":"https:\/\/holavape.com\/hu\/wp-json\/wp\/v2\/product\/110457","targetHints":{"allow":["GET"]}}],"collection":[{"href":"https:\/\/holavape.com\/hu\/wp-json\/wp\/v2\/product"}],"about":[{"href":"https:\/\/holavape.com\/hu\/wp-json\/wp\/v2\/types\/product"}],"replies":[{"embeddable":true,"href":"https:\/\/holavape.com\/hu\/wp-json\/wp\/v2\/comments?post=110457"}],"wp:featuredmedia":[{"embeddable":true,"href":"https:\/\/holavape.com\/hu\/wp-json\/wp\/v2\/media\/1542"}],"wp:attachment":[{"href":"https:\/\/holavape.com\/hu\/wp-json\/wp\/v2\/media?parent=110457"}],"wp:term":[{"taxonomy":"product_brand","embeddable":true,"href":"https:\/\/holavape.com\/hu\/wp-json\/wp\/v2\/product_brand?post=110457"},{"taxonomy":"product_cat","embeddable":true,"href":"https:\/\/holavape.com\/hu\/wp-json\/wp\/v2\/product_cat?post=110457"},{"taxonomy":"product_tag","embeddable":true,"href":"https:\/\/holavape.com\/hu\/wp-json\/wp\/v2\/product_tag?post=110457"}],"curies":[{"name":"wp","href":"https:\/\/api.w.org\/{rel}","templated":true}]}}