{"id":110502,"date":"2025-07-07T07:37:45","date_gmt":"2025-07-07T07:37:45","guid":{"rendered":"https:\/\/holavape.com\/product\/aivono-boom-patriot-25k\/"},"modified":"2026-04-05T01:50:31","modified_gmt":"2026-04-05T01:50:31","slug":"aivono-boom-patriot-25k","status":"publish","type":"product","link":"https:\/\/holavape.com\/hu\/termek\/aivono-boom-patriot-25k\/","title":{"rendered":"AIVONO BOOM Patriot 25K eldobhato vape \u2014 kett\u0151s h\u00e1l\u00f3 nagykereskedelem"},"content":{"rendered":"<h2>AIVONO BOOM Patriot 25K \u2014 25 000 slukk Dual Mesh LCD eldobhat\u00f3<\/h2>\n<p>Az AIVONO BOOM Patriot Edition 25K a nagyobb kapacit\u00e1s\u00fa testv\u00e9re <a href=\"https:\/\/holavape.com\/hu\/termek\/aivono-aim-magic-20k\/\">AIVONO AIM MAGIC 20K<\/a> \u2014 Ugyanaz a m\u00e1rka, ugyanaz a gy\u00e1rt\u00e1si min\u0151s\u00e9g, de 25 000 f\u00faj\u00e1ssal, 28 ml e-liquiddel \u00e9s LCD kijelz\u0151vel. A kett\u0151s h\u00e1l\u00f3s tekercs egyenletes \u00edzt biztos\u00edt az elej\u00e9t\u0151l a v\u00e9g\u00e9ig, \u00e9s a k\u00e9perny\u0151n a felhaszn\u00e1l\u00f3k egy pillant\u00e1ssal nyomon k\u00f6vethetik az akkumul\u00e1tor \u00e9s a folyad\u00e9k szintj\u00e9t. J\u00f3 teljes\u00edtm\u00e9nyt ny\u00fajtott Spanyolorsz\u00e1gban, Franciaorsz\u00e1gban \u00e9s N\u00e9metorsz\u00e1gban, ahol a v\u00e9gfelhaszn\u00e1l\u00f3k egyre ink\u00e1bb elv\u00e1rj\u00e1k a k\u00e9perny\u0151vel felszerelt eldobhat\u00f3 eszk\u00f6z\u00f6ket.<\/p>\n<p>Forgalmaz\u00f3k sz\u00e1m\u00e1ra: ha m\u00e1r rakt\u00e1ron van az AIM MAGIC 20K, a Patriot 25K term\u00e9szetes l\u00e9p\u00e9st jelent a nagyobb kapacit\u00e1sra v\u00e1gy\u00f3 \u00fcgyfelek sz\u00e1m\u00e1ra. Az \u00e1rk\u00fcl\u00f6nbs\u00e9g minim\u00e1lis, de az \u00e9rz\u00e9kelt \u00e9rt\u00e9kn\u00f6veked\u00e9s \u2013 5000 extra felf\u00faj\u00e1s, 2 ml-rel t\u00f6bb folyad\u00e9k \u2013 egyszer\u0171 fel\u00e9rt\u00e9kes\u00edt\u00e9st tesz lehet\u0151v\u00e9. Szint\u00e9n j\u00f3l versenyez a <a href=\"https:\/\/holavape.com\/hu\/termek\/mrvi-25k-dual-coil-eldobhato-vape-25-000-slukk-nagykereskedelem\/\">MRVI 25K<\/a> ugyanabban a puffad\u00e1si tartom\u00e1nyban, az LCD-k\u00e9perny\u0151vel, mint a megk\u00fcl\u00f6nb\u00f6ztet\u0151 jellel. J\u00f3 azoknak az \u00fczleteknek, amelyek k\u00e9t 25 000 opci\u00f3t szeretn\u00e9nek, k\u00fcl\u00f6nb\u00f6z\u0151 funkci\u00f3k\u00e9szletekkel.<\/p>\n<table>\n<thead>\n<tr>\n<th>Spec<\/th>\n<th>R\u00e9szlet<\/th>\n<\/tr>\n<\/thead>\n<tbody>\n<tr>\n<td>slukk sz\u00e1m<\/td>\n<td>Ak\u00e1r 25.000<\/td>\n<\/tr>\n<tr>\n<td>E-folyad\u00e9k kapacit\u00e1s<\/td>\n<td>28 ml<\/td>\n<\/tr>\n<tr>\n<td>Akkumul\u00e1tor<\/td>\n<td>650 m Ah \u00fajrat\u00f6lthet\u0151 (C t\u00edpus\u00fa)<\/td>\n<\/tr>\n<tr>\n<td>Tekercs<\/td>\n<td>Kett\u0151s h\u00e1l\u00f3s tekercs<\/td>\n<\/tr>\n<tr>\n<td>Kijelz\u0151<\/td>\n<td>LCD k\u00e9perny\u0151 (akkumul\u00e1tor + e-folyad\u00e9k szint)<\/td>\n<\/tr>\n<tr>\n<td>A nikotin er\u0151ss\u00e9gei<\/td>\n<td>0%, 2%, 3%, 5%<\/td>\n<\/tr>\n<tr>\n<td>\u00cdzes\u00edt\u00e9si lehet\u0151s\u00e9gek<\/td>\n<td>10 egyedi \u00edz<\/td>\n<\/tr>\n<tr>\n<td>Csomagol\u00e1s<\/td>\n<td>A doboz\/karton mennyis\u00e9gek\u00e9rt forduljon hozz\u00e1nk<\/td>\n<\/tr>\n<\/tbody>\n<\/table>\n<h3>\u00cdzek \u2014 mit kell el\u0151sz\u00f6r rakt\u00e1ron<\/h3>\n<p>Kezd\u00e9sk\u00e9nt a legkelend\u0151bbek: G\u00f6r\u00f6gdinnye j\u00e9g, Blue Raspberry Ice, Strawberry B-POP \u00e9s Miami Mint. Ezek lefedik a f\u0151 profilokat \u2013 gy\u00fcm\u00f6lcsj\u00e9g, cukorka \u00e9s mentol.<\/p>\n<p><strong>Jeges gy\u00fcm\u00f6lcs\u00f6k (megb\u00edzhat\u00f3 mozgat\u00f3k):<\/strong> G\u00f6r\u00f6gdinnye j\u00e9g (minden piacon a legkeresettebb, ebb\u0151l a legt\u00f6bb van rakt\u00e1ron), Blue Raspberry Ice (\u00e9des-fanyar mentol, \u00e1lland\u00f3an n\u00e9pszer\u0171), Iced Watermelon Cherry (cseresznye csavar\u00e1s\u00fa g\u00f6r\u00f6gdinnye h\u0171v\u00f6s kivitelben \u2013 kiss\u00e9 elt\u00e9r a tiszta g\u00f6r\u00f6gdinnye j\u00e9gt\u0151l, j\u00f3 a v\u00e1ltozatoss\u00e1g).<\/p>\n<p><strong>Gy\u00fcm\u00f6lcskever\u00e9kek \u00e9s tr\u00f3pusi:<\/strong> Sour Mango Pineapple (cs\u00edp\u0151s tr\u00f3pusi, a kev\u00e9sb\u00e9 \u00e9deset kedvel\u0151ket kedveli), Raspberry Peach Lime (h\u00e1rom gy\u00fcm\u00f6lcsb\u0151l \u00e1ll\u00f3 kever\u00e9k citrusos \u00e9llel \u2013 j\u00f3 ny\u00e1ri \u00edz), Melon Lemon (k\u00f6nny\u0171 \u00e9s friss\u00edt\u0151, tiszta lecseng\u00e9s\u0171), Green Apple Grape (a fanyar alma tal\u00e1lkozik az \u00e9des sz\u0151l\u0151vel \u2013 stabil k\u00f6z\u00e9pkateg\u00f3ri\u00e1s elad\u00f3).<\/p>\n<p><strong>Cukorka, ital \u00e9s mentol:<\/strong> Strawberry B-POP (cukorka el\u0151re eper, fiatalabb demogr\u00e1fiai \u2013 er\u0151s Spanyolorsz\u00e1gban \u00e9s Franciaorsz\u00e1gban), Blue Rancher (k\u00e9k m\u00e1ln\u00e1s cukorka profil, hasonl\u00f3 k\u00f6z\u00f6ns\u00e9g), Miami Mint (tiszta mentol\/menta \u2013 olyan v\u00e1s\u00e1rl\u00f3k sz\u00e1m\u00e1ra, akik egy\u00e1ltal\u00e1n nem szeretn\u00e9nek gy\u00fcm\u00f6lcs\u00edzt, \u00e1lland\u00f3 elad\u00f3 eg\u00e9sz \u00e9vben).<\/p>\n<h3>Megrendel\u00e9s \u00e9s sz\u00e1ll\u00edt\u00e1s<\/h3>\n<p>Az AIVONO BOOM Patriot 25K sz\u00e1ll\u00edtja K\u00edn\u00e1b\u00f3l 10-15 munkanapos sz\u00e1ll\u00edt\u00e1ssal Eur\u00f3p\u00e1ba. A MOQ 10 egys\u00e9g, t\u00f6bbszint\u0171 \u00e1raz\u00e1s 30+ \u00e9s 100+ egys\u00e9gn\u00e9l. Keverje szabadon az \u00edzeket \u00e9s a nikotin er\u0151ss\u00e9geit a rendel\u00e9sen bel\u00fcl.<\/p>\n<p>Mind a n\u00e9gy nikotin opci\u00f3 (0%\/2%\/3%\/5%) el\u00e9rhet\u0151. Az EU piacain 0% \u00e9s 2% teszi ki a rendel\u00e9sek nagy r\u00e9sz\u00e9t \u2013 3% \u00e9s 5% k\u00e9szletez\u00e9se el\u0151tt ellen\u0151rizze a helyi szab\u00e1lyoz\u00e1st. \u00c9rdemes megjegyezni a 0%-os opci\u00f3t: ez az egyik nikotinmentes eldobhat\u00f3 eszk\u00f6z\u00fcnk a 25K-s tartom\u00e1nyban, ami fontos a szigor\u00fa nikotinszab\u00e1lyoz\u00e1ssal rendelkez\u0151 piacokon, vagy a nikotinr\u00f3l teljesen lemond\u00f3 v\u00e1s\u00e1rl\u00f3k sz\u00e1m\u00e1ra.<\/p>\n<p>A kartondoboz m\u00e9ret\u00e9hez, s\u00faly\u00e1hoz \u00e9s t\u00f6meges \u00e1raj\u00e1nlatokhoz: <a href=\"https:\/\/holavape.com\/hu\/kapcsolat\/\">vegye fel a kapcsolatot nagykereskedelmi csapatunkkal<\/a>.<\/p>\n","protected":false},"excerpt":{"rendered":"<p>AIVONO BOOM Patriot 25K 25,000 slukkot, dual mesh coil-t, LCD kijelz\u0151t, 28mL e-liquidet \u00e9s 650mAh \u00fajrat\u00f6lthet\u0151 akkumul\u00e1tort k\u00edn\u00e1l 10 \u00edzben. Er\u0151s v\u00e1laszt\u00e1s azoknak az \u00fczleteknek, amelyek nagyobb kapacit\u00e1s\u00fa, kijelz\u0151s modellt keresnek sz\u00e9les vonzer\u0151vel. \ud83c\udfaf<\/p>\n","protected":false},"featured_media":1611,"comment_status":"open","ping_status":"closed","template":"","meta":[],"product_brand":[],"product_cat":[477,486,729,558,576,360,612,621,630,666,684,648,639,675,657,693,702,720,711,369,352,522,567,531],"product_tag":[],"class_list":{"0":"post-110502","1":"product","2":"type-product","3":"status-publish","4":"has-post-thumbnail","6":"product_cat-25000-szivas-eldobhato-vape-hu","7":"product_cat-30000-szivas-eldobhato-vape-hu","8":"product_cat-aivono-hu","9":"product_cat-digitalis-box-vape-ek-hu","10":"product_cat-dual-mesh-vape-ek-hu","11":"product_cat-eldobhato-vape-tipusok-hu","12":"product_cat-eldobhato-vape-ek-ausztria-hu","13":"product_cat-eldobhato-vape-ek-belgium-hu","14":"product_cat-eldobhato-vape-ek-franciaorszag-hu","15":"product_cat-eldobhato-vape-ek-hollandia-hu","16":"product_cat-eldobhato-vape-ek-lengyelorszag-hu","17":"product_cat-eldobhato-vape-ek-magyarorszag-hu","18":"product_cat-eldobhato-vape-ek-nemetorszag-hu","19":"product_cat-eldobhato-vape-ek-norvegia-hu","20":"product_cat-eldobhato-vape-ek-olaszorszag-hu","21":"product_cat-eldobhato-vape-ek-portugalia-hu","22":"product_cat-eldobhato-vape-ek-spanyolorszag-hu","23":"product_cat-eldobhato-vape-ek-svajc-hu","24":"product_cat-eldobhato-vape-ek-svedorszag-hu","25":"product_cat-eldobhato-vape-ek-europaban-hu","26":"product_cat-eldobhato-vape-ek-szivasszam-szerint-hu","27":"product_cat-nagy-szivasszamu-vape-ek-hu","28":"product_cat-okos-kijelzos-vape-ek-hu","29":"product_cat-ujratoltheto-vape-ek-hu","31":"first","32":"instock","33":"shipping-taxable","34":"purchasable","35":"product-type-variable","36":"has-default-attributes"},"tiered_pricing_type":"fixed","tiered_pricing_fixed_rules":{"30":9.9900000000000002131628207280300557613372802734375,"50":9.0099999999999997868371792719699442386627197265625,"100":8.3800000000000007815970093361102044582366943359375,"200":7.69000000000000039079850466805510222911834716796875,"400":7.480000000000000426325641456060111522674560546875},"tiered_pricing_product_settings":{"layout":"default","base_unit_name":{"singular":null,"plural":null},"default_variation":null},"tiered_pricing_minimum_quantity":10,"tiered_pricing_roles_data":[],"tiered_pricing_percentage_rules":[],"tiered_pricing_maximum_quantity":null,"tiered_pricing_quantity_step":"10","_links":{"self":[{"href":"https:\/\/holavape.com\/hu\/wp-json\/wp\/v2\/product\/110502","targetHints":{"allow":["GET"]}}],"collection":[{"href":"https:\/\/holavape.com\/hu\/wp-json\/wp\/v2\/product"}],"about":[{"href":"https:\/\/holavape.com\/hu\/wp-json\/wp\/v2\/types\/product"}],"replies":[{"embeddable":true,"href":"https:\/\/holavape.com\/hu\/wp-json\/wp\/v2\/comments?post=110502"}],"wp:featuredmedia":[{"embeddable":true,"href":"https:\/\/holavape.com\/hu\/wp-json\/wp\/v2\/media\/1611"}],"wp:attachment":[{"href":"https:\/\/holavape.com\/hu\/wp-json\/wp\/v2\/media?parent=110502"}],"wp:term":[{"taxonomy":"product_brand","embeddable":true,"href":"https:\/\/holavape.com\/hu\/wp-json\/wp\/v2\/product_brand?post=110502"},{"taxonomy":"product_cat","embeddable":true,"href":"https:\/\/holavape.com\/hu\/wp-json\/wp\/v2\/product_cat?post=110502"},{"taxonomy":"product_tag","embeddable":true,"href":"https:\/\/holavape.com\/hu\/wp-json\/wp\/v2\/product_tag?post=110502"}],"curies":[{"name":"wp","href":"https:\/\/api.w.org\/{rel}","templated":true}]}}