{"id":112925,"date":"2025-07-07T07:37:38","date_gmt":"2025-07-07T07:37:38","guid":{"rendered":"https:\/\/holavape.com\/product\/bang-king-12k\/"},"modified":"2026-04-05T01:50:53","modified_gmt":"2026-04-05T01:50:53","slug":"bang-king-12k","status":"publish","type":"product","link":"https:\/\/holavape.com\/hu\/termek\/bang-king-12k\/","title":{"rendered":"Bang King 12K Disposable Vape \u2014 12,000 Puffs Wholesale"},"content":{"rendered":"<h2>Bang King 12K \u2013 12 000 Puff Mesh tekercs eldobhat\u00f3<\/h2>\n<p>A Bang King 12K a k\u00f6z\u00e9pkateg\u00f3ri\u00e1s k\u00edn\u00e1latban tal\u00e1lhat\u00f3: elegend\u0151 puffan\u00e1s ahhoz, hogy egy 20 000 plusz kapacit\u00e1s\u00fa eszk\u00f6z nagy r\u00e9sze n\u00e9lk\u00fcl is kitartson, \u00e9s az \u00e1r a hanger\u0151n mozog. Megb\u00edzhat\u00f3 v\u00e1laszt\u00e1s volt N\u00e9metorsz\u00e1g, Spanyolorsz\u00e1g \u00e9s Hollandia bolttulajdonosai sz\u00e1m\u00e1ra, akik Bang m\u00e1rk\u00e1j\u00fa eldobhat\u00f3 term\u00e9ket szeretn\u00e9nek a nagyobb modellekn\u00e9l alacsonyabb \u00e1ron. Az 1,1 \u03a9-os h\u00e1l\u00f3s tekercs tiszta \u00edzt biztos\u00edt a 20 ml-es e-liquid tart\u00e1lyb\u00f3l, a 650 mAh-s \u00fajrat\u00f6lthet\u0151 akkumul\u00e1tor pedig a teljes felt\u00f6lt\u00e9st biztos\u00edtja.<\/p>\n<p>Ha m\u00e1r nagyobb puffad\u00e1s\u00fa Bang eszk\u00f6z\u00f6ket hordoz, mint pl <a href=\"https:\/\/holavape.com\/hu\/termek\/bang-king-250k\/\">Bang King 250K<\/a> vagy <a href=\"https:\/\/holavape.com\/hu\/termek\/bang-box-160k-negy-izu-4-az-1-ben-eldobhato-vape-nagykereskedelem\/\">Bang Box 160K<\/a>, ez megfizethet\u0151bb lehet\u0151s\u00e9g azoknak az \u00fcgyfeleknek, akiknek nincs sz\u00fcks\u00e9g\u00fck t\u00f6bb \u00edz v\u00e1lt\u00e1sra vagy hatalmas puffad\u00e1sra. J\u00f3l m\u0171k\u00f6dik a POCO modellekkel is, mint p\u00e9ld\u00e1ul <a href=\"https:\/\/holavape.com\/hu\/termek\/poco-bl10000-eldobhato-vape-10-000-puff-nagykereskedelem\/\">POCO BL10000<\/a> hogy a v\u00e1s\u00e1rl\u00f3k v\u00e1logathassanak a 10-12K puff kateg\u00f3ri\u00e1j\u00fa m\u00e1rk\u00e1k k\u00f6z\u00f6tt.<\/p>\n<table>\n<thead>\n<tr>\n<th>Spec<\/th>\n<th>R\u00e9szlet<\/th>\n<\/tr>\n<\/thead>\n<tbody>\n<tr>\n<td>Puff sz\u00e1m<\/td>\n<td>Ak\u00e1r 12.000<\/td>\n<\/tr>\n<tr>\n<td>E-folyad\u00e9k kapacit\u00e1s<\/td>\n<td>20 ml el\u0151ret\u00f6lt\u00f6tt<\/td>\n<\/tr>\n<tr>\n<td>Akkumul\u00e1tor<\/td>\n<td>650 mAh \u00fajrat\u00f6lthet\u0151 (USB-C)<\/td>\n<\/tr>\n<tr>\n<td>Tekercs<\/td>\n<td>1,1\u03a9 h\u00e1l\u00f3s tekercs<\/td>\n<\/tr>\n<tr>\n<td>A nikotin er\u0151ss\u00e9gei<\/td>\n<td>0%, 2%, 3%, 5%<\/td>\n<\/tr>\n<tr>\n<td>\u00cdzrendszer<\/td>\n<td>Egyetlen \u00edz k\u00e9sz\u00fcl\u00e9kenk\u00e9nt<\/td>\n<\/tr>\n<tr>\n<td>El\u00e9rhet\u0151 \u00edzek<\/td>\n<td>12<\/td>\n<\/tr>\n<\/tbody>\n<\/table>\n<h3>\u00cdzek<\/h3>\n<p>A legkeresettebb term\u00e9kek, amelyek el\u0151sz\u00f6r rakt\u00e1ron: g\u00f6r\u00f6gdinnye j\u00e9g, \u00e1fony\u00e1s j\u00e9g, k\u00e9k m\u00e1lna j\u00e9g \u00e9s epres g\u00f6r\u00f6gdinnye.<\/p>\n<p><strong>Jeges gy\u00fcm\u00f6lcs\u00f6k:<\/strong> G\u00f6r\u00f6gdinnye j\u00e9g (a legn\u00e9pszer\u0171bb eldobhat\u00f3 \u00edz Eur\u00f3pa-szerte), Blueberry Ice, Blue Raspberry Ice \u00e9s Black Dragon Ice (s\u00e1rk\u00e1nygy\u00fcm\u00f6lcs mentollal \u2013 r\u00e9s, de van k\u00f6vet\u0151je).<\/p>\n<p><strong>Gy\u00fcm\u00f6lcs kever\u00e9kek:<\/strong> Epres g\u00f6r\u00f6gdinnye, eper ban\u00e1n, \u0151szibarack mang\u00f3 g\u00f6r\u00f6gdinnye, eper kiwi \u00e9s kivi maracuja-guava. Ezek biztons\u00e1gos k\u00f6z\u00e9p\u00fati \u00edzek, amelyek folyamatosan fogynak, an\u00e9lk\u00fcl, hogy kiemelkedn\u00e9nek.<\/p>\n<p><strong>Mer\u00e9szebb v\u00e1laszt\u00e1sok:<\/strong> A savany\u00fa alma m\u00e1lna (fanyar profil\u00fa, fiatalabb demogr\u00e1fiai csoportokat vonz\u00f3), a g\u00f6r\u00f6gdinnye r\u00e1g\u00f3gumi (cukor\u00e9des, el\u0151sz\u00f6r pr\u00f3b\u00e1lja ki) \u00e9s az eperl\u00e9 (egyszer\u0171, egyjegy\u0171 eper).<\/p>\n<p>Els\u0151 rendel\u00e9sn\u00e9l maradjon a jeges gy\u00fcm\u00f6lcs\u00f6k mellett az epres g\u00f6r\u00f6gdinnye. Ha tudja, hogy helyi \u00fcgyfelei mit prefer\u00e1lnak, v\u00e1lasszon a mer\u00e9szebb k\u00edn\u00e1latb\u00f3l.<\/p>\n<h3>Sz\u00e1ll\u00edt\u00e1s \u00e9s rendel\u00e9s<\/h3>\n<p>Bang King 12K K\u00edn\u00e1b\u00f3l 10\u201315 munkanapos \u00e1tfut\u00e1si id\u0151vel sz\u00e1ll\u00edt eur\u00f3pai c\u00e9l\u00e1llom\u00e1sokra. Minim\u00e1lis rendel\u00e9si mennyis\u00e9g 10 egys\u00e9g, t\u00f6bbszint\u0171 \u00e1raz\u00e1s 30+ \u00e9s 100+ egys\u00e9gn\u00e9l. Egy rendel\u00e9sen bel\u00fcl keverheti az \u00edzeket \u00e9s a nikotin er\u0151ss\u00e9geit.<\/p>\n<p>Az EU piacain a 0% \u00e9s a 2% a leggyakrabban rendelt er\u0151ss\u00e9gek. Ha 3%-os vagy 5%-os rakt\u00e1rk\u00e9szletet tervez, el\u0151sz\u00f6r ellen\u0151rizze a helyi nikotinszab\u00e1lyoz\u00e1st \u2013 t\u00f6bb EU-tagorsz\u00e1g korl\u00e1tozza az \u00e9rt\u00e9kes\u00edt\u00e9st 2% felett. <a href=\"https:\/\/holavape.com\/hu\/kapcsolat\/\">Vegye fel vel\u00fcnk a kapcsolatot<\/a> ha \u00fatmutat\u00e1sra van sz\u00fcks\u00e9ge, hogy mely er\u0151ss\u00e9geket rendelje meg piac\u00e1n.<\/p>\n","protected":false},"excerpt":{"rendered":"<p>Bang King 12K 12,000 slukkot, 12 \u00edzt, 1.1\u03a9 mesh coil-t \u00e9s 650mAh \u00fajrat\u00f6lthet\u0151 akkumul\u00e1tort k\u00edn\u00e1l kompakt form\u00e1ban. 0% \/ 2% \/ 3% \/ 5% nikotinopci\u00f3val k\u00f6nnyen k\u00e9szletezhet\u0151 k\u00f6z\u00e9pkateg\u00f3ri\u00e1s v\u00e1laszt\u00e1s. \u26a1<\/p>\n","protected":false},"featured_media":1512,"comment_status":"open","ping_status":"closed","template":"","meta":[],"product_brand":[],"product_cat":[432,738,360,612,621,630,666,684,648,639,675,657,693,702,720,711,369,352,522,531],"product_tag":[],"class_list":{"0":"post-112925","1":"product","2":"type-product","3":"status-publish","4":"has-post-thumbnail","6":"product_cat-12000-szivas-eldobhato-vape-hu","7":"product_cat-bang-hu","8":"product_cat-eldobhato-vape-tipusok-hu","9":"product_cat-eldobhato-vape-ek-ausztria-hu","10":"product_cat-eldobhato-vape-ek-belgium-hu","11":"product_cat-eldobhato-vape-ek-franciaorszag-hu","12":"product_cat-eldobhato-vape-ek-hollandia-hu","13":"product_cat-eldobhato-vape-ek-lengyelorszag-hu","14":"product_cat-eldobhato-vape-ek-magyarorszag-hu","15":"product_cat-eldobhato-vape-ek-nemetorszag-hu","16":"product_cat-eldobhato-vape-ek-norvegia-hu","17":"product_cat-eldobhato-vape-ek-olaszorszag-hu","18":"product_cat-eldobhato-vape-ek-portugalia-hu","19":"product_cat-eldobhato-vape-ek-spanyolorszag-hu","20":"product_cat-eldobhato-vape-ek-svajc-hu","21":"product_cat-eldobhato-vape-ek-svedorszag-hu","22":"product_cat-eldobhato-vape-ek-europaban-hu","23":"product_cat-eldobhato-vape-ek-szivasszam-szerint-hu","24":"product_cat-nagy-szivasszamu-vape-ek-hu","25":"product_cat-ujratoltheto-vape-ek-hu","27":"first","28":"instock","29":"shipping-taxable","30":"purchasable","31":"product-type-variable","32":"has-default-attributes"},"tiered_pricing_type":"fixed","tiered_pricing_fixed_rules":{"30":6.9900000000000002131628207280300557613372802734375,"50":6.29000000000000003552713678800500929355621337890625,"100":5.88999999999999968025576890795491635799407958984375,"200":5.38999999999999968025576890795491635799407958984375,"400":4.88999999999999968025576890795491635799407958984375},"tiered_pricing_product_settings":{"layout":"default","base_unit_name":{"singular":null,"plural":null},"default_variation":null},"tiered_pricing_minimum_quantity":10,"tiered_pricing_roles_data":[],"tiered_pricing_percentage_rules":[],"tiered_pricing_maximum_quantity":null,"tiered_pricing_quantity_step":"10","_links":{"self":[{"href":"https:\/\/holavape.com\/hu\/wp-json\/wp\/v2\/product\/112925","targetHints":{"allow":["GET"]}}],"collection":[{"href":"https:\/\/holavape.com\/hu\/wp-json\/wp\/v2\/product"}],"about":[{"href":"https:\/\/holavape.com\/hu\/wp-json\/wp\/v2\/types\/product"}],"replies":[{"embeddable":true,"href":"https:\/\/holavape.com\/hu\/wp-json\/wp\/v2\/comments?post=112925"}],"wp:featuredmedia":[{"embeddable":true,"href":"https:\/\/holavape.com\/hu\/wp-json\/wp\/v2\/media\/1512"}],"wp:attachment":[{"href":"https:\/\/holavape.com\/hu\/wp-json\/wp\/v2\/media?parent=112925"}],"wp:term":[{"taxonomy":"product_brand","embeddable":true,"href":"https:\/\/holavape.com\/hu\/wp-json\/wp\/v2\/product_brand?post=112925"},{"taxonomy":"product_cat","embeddable":true,"href":"https:\/\/holavape.com\/hu\/wp-json\/wp\/v2\/product_cat?post=112925"},{"taxonomy":"product_tag","embeddable":true,"href":"https:\/\/holavape.com\/hu\/wp-json\/wp\/v2\/product_tag?post=112925"}],"curies":[{"name":"wp","href":"https:\/\/api.w.org\/{rel}","templated":true}]}}