{"id":114002,"date":"2025-07-07T07:37:36","date_gmt":"2025-07-07T07:37:36","guid":{"rendered":"https:\/\/holavape.com\/product\/poco-pt-12k\/"},"modified":"2026-04-05T01:51:09","modified_gmt":"2026-04-05T01:51:09","slug":"poco-pt-12k","status":"publish","type":"product","link":"https:\/\/holavape.com\/hu\/termek\/poco-pt-12k\/","title":{"rendered":"POCO PT 12K Disposable Vape \u2014 Adjustable Airflow Wholesale"},"content":{"rendered":"<h2>POCO PT 12K \u2013 12 000 Puff \u00e1ll\u00edthat\u00f3 leveg\u0151\u00e1raml\u00e1s, eldobhat\u00f3<\/h2>\n<p>A POCO PT 12K egy 12 000 puffad\u00e1sos eldobhat\u00f3 22 ml-es e-folyad\u00e9k tart\u00e1llyal \u00e9s \u00e1ll\u00edthat\u00f3 l\u00e9g\u00e1raml\u00e1ssal \u2013 valamivel t\u00f6bb l\u00e9, mint a legt\u00f6bb k\u00e9sz\u00fcl\u00e9k ebben a puffad\u00e1si tartom\u00e1nyban, ami azt jelenti, hogy a korai kisz\u00e1rad\u00e1s helyett el\u00e9ri a n\u00e9vleges puffad\u00e1ssz\u00e1mot. Az \u00e1ll\u00edthat\u00f3 l\u00e9g\u00e1raml\u00e1si t\u00e1rcsa lehet\u0151v\u00e9 teszi a v\u00e9gfelhaszn\u00e1l\u00f3k sz\u00e1m\u00e1ra, hogy megh\u00fazz\u00e1k vagy laz\u00edts\u00e1k a h\u00faz\u00e1st, \u00edgy kell\u0151en sokoldal\u00fav\u00e1 v\u00e1lik mind a sz\u00e1jb\u00f3l a t\u00fcd\u0151be, mind a korl\u00e1tozott, k\u00f6zvetlen t\u00fcd\u0151be jut\u00f3 g\u0151z\u00f6k sz\u00e1m\u00e1ra.<\/p>\n<p>Ez a modell j\u00f3l illeszkedik a <a href=\"https:\/\/holavape.com\/hu\/termek\/poco-bl10000-eldobhato-vape-10-000-puff-nagykereskedelem\/\">POCO BL10000<\/a> fokoz\u00f3 opci\u00f3k\u00e9nt a POCO tartom\u00e1nyban. Ha \u00fcgyfelei m\u00e1r v\u00e1s\u00e1rolnak BL10000-et, \u00e9s valamivel nagyobb kapacit\u00e1s\u00fa term\u00e9ket szeretn\u00e9nek, a PT 12K a k\u00f6vetkez\u0151 term\u00e9szetes aj\u00e1nl\u00e1s. K\u00f6zvetlen\u00fcl is versenyez vele <a href=\"https:\/\/holavape.com\/hu\/termek\/bang-king-12k\/\">Bang King 12K<\/a> ugyanazon a puffad\u00e1sszinten, \u00edgy az \u00fczletek v\u00e1laszthatnak a k\u00e9t m\u00e1rka k\u00f6z\u00f6tt. A holland, francia \u00e9s n\u00e9met disztrib\u00fatorok mindkett\u0151t megrendelt\u00e9k, hogy a piac d\u00f6nts\u00f6n.<\/p>\n<table>\n<thead>\n<tr>\n<th>Spec<\/th>\n<th>R\u00e9szlet<\/th>\n<\/tr>\n<\/thead>\n<tbody>\n<tr>\n<td>Puff sz\u00e1m<\/td>\n<td>Ak\u00e1r 12.000<\/td>\n<\/tr>\n<tr>\n<td>E-folyad\u00e9k kapacit\u00e1s<\/td>\n<td>22 ml el\u0151ret\u00f6lt\u00f6tt<\/td>\n<\/tr>\n<tr>\n<td>Akkumul\u00e1tor<\/td>\n<td>650 mAh \u00fajrat\u00f6lthet\u0151 (USB-C)<\/td>\n<\/tr>\n<tr>\n<td>L\u00e9g\u00e1raml\u00e1s<\/td>\n<td>\u00c1ll\u00edthat\u00f3<\/td>\n<\/tr>\n<tr>\n<td>\u00cdzrendszer<\/td>\n<td>Egyetlen \u00edz k\u00e9sz\u00fcl\u00e9kenk\u00e9nt<\/td>\n<\/tr>\n<tr>\n<td>El\u00e9rhet\u0151 \u00edzek<\/td>\n<td>10<\/td>\n<\/tr>\n<\/tbody>\n<\/table>\n<h3>\u00cdzek<\/h3>\n<p>A legkeresettebb k\u00e9szletek el\u0151sz\u00f6r: \u00e1fony\u00e1s j\u00e9g, epres g\u00f6r\u00f6gdinnye, barackj\u00e9g \u00e9s aloe sz\u0151l\u0151.<\/p>\n<p><strong>Jeges gy\u00fcm\u00f6lcs\u00f6k:<\/strong> Blueberry Ice (megb\u00edzhat\u00f3 legkeresettebb minden eur\u00f3pai piacon), Peach Ice \u00e9s Strawberry Ice. Ezek az alacsony kock\u00e1zat\u00fa v\u00e1laszt\u00e1sok minden els\u0151 megrendel\u00e9shez.<\/p>\n<p><strong>Gy\u00fcm\u00f6lcs kever\u00e9kek:<\/strong> Epres g\u00f6r\u00f6gdinnye (\u00e9vel\u0151 kedvenc), eper-kiwi, \u00e1fony\u00e1s m\u00e1lna \u00e9s cseresznyebarack limon\u00e1d\u00e9 (citrus-el\u0151re, kiss\u00e9 elt\u00e9r a tipikus bogy\u00f3s-gy\u00fcm\u00f6lcs\u00f6s opci\u00f3kt\u00f3l).<\/p>\n<p><strong>Egy\u00e9b profilok:<\/strong> Aloe Grape (a jellegzetes POCO \u00edz \u2013 az aloe kisim\u00edtja a sz\u0151l\u0151t, \u00e9s jellegzetes \u00edzt ad neki), Energy Drink (Red Bull-st\u00edlus\u00fa, fiatalabb demogr\u00e1fiai adatok) \u00e9s Black Ice Dragon Fruit Strawberry (jeges s\u00e1rk\u00e1nygy\u00fcm\u00f6lcs-kever\u00e9k, niche, de vannak rajong\u00f3i).<\/p>\n<p>Mind\u00f6ssze 10 \u00edzzel a k\u00edn\u00e1lat koncentr\u00e1lt. El\u0151sz\u00f6r rakt\u00e1rozza fel a jeges gy\u00fcm\u00f6lcs\u00f6ket \u00e9s a legfels\u0151 gy\u00fcm\u00f6lcskever\u00e9keket, majd adja hozz\u00e1 a k\u00fcl\u00f6nleges \u00edzeket v\u00e1s\u00e1rl\u00f3i k\u00f6re alapj\u00e1n.<\/p>\n<h3>Sz\u00e1ll\u00edt\u00e1s \u00e9s rendel\u00e9s<\/h3>\n<p>POCO PT 12K K\u00edn\u00e1b\u00f3l sz\u00e1ll\u00edt, becs\u00fclt sz\u00e1ll\u00edt\u00e1si id\u0151 10\u201315 munkanap az eur\u00f3pai c\u00e9l\u00e1llom\u00e1sokra. Minim\u00e1lis rendel\u00e9si mennyis\u00e9g 10 darab, t\u00f6bbszint\u0171 \u00e1rakkal 30+ \u00e9s 100+ mennyis\u00e9gben. Az \u00edzek egy rendel\u00e9sen bel\u00fcl \u00f6sszekeverhet\u0151k.<\/p>\n<p>Ha speci\u00e1lis nikotiner\u0151ss\u00e9gi \u00fatmutat\u00e1sra van sz\u00fcks\u00e9ge az \u00d6n piac\u00e1n, <a href=\"https:\/\/holavape.com\/hu\/kapcsolat\/\">l\u00e9pjen kapcsolatba vel\u00fcnk<\/a> \u2014 tan\u00e1csot adunk arr\u00f3l, hogy milyen er\u0151ss\u00e9gek \u00e1llnak rendelkez\u00e9sre, \u00e9s mi a legjobb az \u00d6n orsz\u00e1g\u00e1ban.<\/p>\n","protected":false},"excerpt":{"rendered":"<p>POCO PT 12K 12,000 slukkot, 10 \u00edzt, \u00e1ll\u00edthat\u00f3 l\u00e9g\u00e1raml\u00e1st \u00e9s 22ml e-liquid tart\u00e1lyt hoz kompakt testbe. A 650mAh \u00fajrat\u00f6lthet\u0151 akkumul\u00e1tor \u00e9s a USB-C t\u00f6lt\u00e9s praktikus nagykereskedelmi v\u00e1laszt\u00e1ss\u00e1 teszi. \u2699\ufe0f<\/p>\n","protected":false},"featured_media":1464,"comment_status":"open","ping_status":"closed","template":"","meta":[],"product_brand":[],"product_cat":[432,360,612,621,630,666,684,648,639,675,657,693,702,720,711,369,352,522,802,531],"product_tag":[],"class_list":{"0":"post-114002","1":"product","2":"type-product","3":"status-publish","4":"has-post-thumbnail","6":"product_cat-12000-szivas-eldobhato-vape-hu","7":"product_cat-eldobhato-vape-tipusok-hu","8":"product_cat-eldobhato-vape-ek-ausztria-hu","9":"product_cat-eldobhato-vape-ek-belgium-hu","10":"product_cat-eldobhato-vape-ek-franciaorszag-hu","11":"product_cat-eldobhato-vape-ek-hollandia-hu","12":"product_cat-eldobhato-vape-ek-lengyelorszag-hu","13":"product_cat-eldobhato-vape-ek-magyarorszag-hu","14":"product_cat-eldobhato-vape-ek-nemetorszag-hu","15":"product_cat-eldobhato-vape-ek-norvegia-hu","16":"product_cat-eldobhato-vape-ek-olaszorszag-hu","17":"product_cat-eldobhato-vape-ek-portugalia-hu","18":"product_cat-eldobhato-vape-ek-spanyolorszag-hu","19":"product_cat-eldobhato-vape-ek-svajc-hu","20":"product_cat-eldobhato-vape-ek-svedorszag-hu","21":"product_cat-eldobhato-vape-ek-europaban-hu","22":"product_cat-eldobhato-vape-ek-szivasszam-szerint-hu","23":"product_cat-nagy-szivasszamu-vape-ek-hu","24":"product_cat-poco-hu","25":"product_cat-ujratoltheto-vape-ek-hu","27":"first","28":"instock","29":"shipping-taxable","30":"purchasable","31":"product-type-variable","32":"has-default-attributes"},"tiered_pricing_type":"fixed","tiered_pricing_fixed_rules":{"100":7.69000000000000039079850466805510222911834716796875,"400":7.160000000000000142108547152020037174224853515625,"1000":6.69000000000000039079850466805510222911834716796875},"tiered_pricing_product_settings":{"layout":"default","base_unit_name":{"singular":null,"plural":null},"default_variation":null},"tiered_pricing_minimum_quantity":50,"tiered_pricing_roles_data":[],"tiered_pricing_percentage_rules":[],"tiered_pricing_maximum_quantity":null,"tiered_pricing_quantity_step":"10","_links":{"self":[{"href":"https:\/\/holavape.com\/hu\/wp-json\/wp\/v2\/product\/114002","targetHints":{"allow":["GET"]}}],"collection":[{"href":"https:\/\/holavape.com\/hu\/wp-json\/wp\/v2\/product"}],"about":[{"href":"https:\/\/holavape.com\/hu\/wp-json\/wp\/v2\/types\/product"}],"replies":[{"embeddable":true,"href":"https:\/\/holavape.com\/hu\/wp-json\/wp\/v2\/comments?post=114002"}],"wp:featuredmedia":[{"embeddable":true,"href":"https:\/\/holavape.com\/hu\/wp-json\/wp\/v2\/media\/1464"}],"wp:attachment":[{"href":"https:\/\/holavape.com\/hu\/wp-json\/wp\/v2\/media?parent=114002"}],"wp:term":[{"taxonomy":"product_brand","embeddable":true,"href":"https:\/\/holavape.com\/hu\/wp-json\/wp\/v2\/product_brand?post=114002"},{"taxonomy":"product_cat","embeddable":true,"href":"https:\/\/holavape.com\/hu\/wp-json\/wp\/v2\/product_cat?post=114002"},{"taxonomy":"product_tag","embeddable":true,"href":"https:\/\/holavape.com\/hu\/wp-json\/wp\/v2\/product_tag?post=114002"}],"curies":[{"name":"wp","href":"https:\/\/api.w.org\/{rel}","templated":true}]}}