{"id":115058,"date":"2025-07-07T07:37:34","date_gmt":"2025-07-07T07:37:34","guid":{"rendered":"https:\/\/holavape.com\/product\/poco-bl10000-eldobhato-vape-10-000-puff-nagykereskedelem\/"},"modified":"2026-04-05T01:51:11","modified_gmt":"2026-04-05T01:51:11","slug":"poco-bl10000","status":"publish","type":"product","link":"https:\/\/holavape.com\/hu\/termek\/poco-bl10000\/","title":{"rendered":"POCO BL10000 Eldobhat\u00f3 vape \u2013 10 000 puff nagykereskedelem"},"content":{"rendered":"<h2>POCO BL10000 \u2014 10 000 Puff \u00e1ll\u00edthat\u00f3 leveg\u0151\u00e1raml\u00e1s, eldobhat\u00f3<\/h2>\n<p>A POCO BL10000 a POCO eldobhat\u00f3 term\u00e9kcsal\u00e1d bel\u00e9p\u00e9si pontja: 10 000 bef\u00faj\u00e1s egy 20 ml-es tart\u00e1lyb\u00f3l \u00e1ll\u00edthat\u00f3 l\u00e9g\u00e1raml\u00e1ssal \u00e9s 650 mAh-s \u00fajrat\u00f6lthet\u0151 akkumul\u00e1torral. Ezen az \u00e1rszinten mindennapi eldobhat\u00f3 eszk\u00f6zk\u00e9nt m\u0171k\u00f6dik azon \u00fczletek sz\u00e1m\u00e1ra, amelyek m\u00e1rk\u00e1s term\u00e9ket szeretn\u00e9nek k\u00edn\u00e1lni a 15 000 vagy 20 000 k\u00e9sz\u00fcl\u00e9kek magasabb k\u00f6lts\u00e9ge n\u00e9lk\u00fcl. Az \u00e1ll\u00edthat\u00f3 l\u00e9g\u00e1raml\u00e1s j\u00f3 \u00e9rz\u00e9s ezen a szinten \u2013 a legt\u00f6bb 10K-os eldobhat\u00f3 fix h\u00faz\u00e1s\u00fa.<\/p>\n<p>A POCO-k\u00edn\u00e1latot fel\u00e9p\u00edt\u0151 forgalmaz\u00f3k sz\u00e1m\u00e1ra ez az alapmodell. P\u00e1ros\u00edtsa vele <a href=\"https:\/\/holavape.com\/hu\/termek\/poco-pt-12k\/\">POCO PT 12K<\/a> k\u00f6z\u00e9pkateg\u00f3ri\u00e1s l\u00e9p\u00e9sk\u00e9nt \u00e9s <a href=\"https:\/\/holavape.com\/hu\/termek\/poco-sl-15k\/\">Poco SL 15K<\/a> a tetej\u00e9n. Ha h\u00e1rom \u00e1rpont van egy m\u00e1rka alatt, akkor kiskereskedelmi v\u00e1s\u00e1rl\u00f3i sz\u00e1m\u00e1ra egy\u00e9rtelm\u0171 friss\u00edt\u00e9si lehet\u0151s\u00e9g ny\u00edlik, \u00e9s a POCO \u00f6kosziszt\u00e9m\u00e1n bel\u00fcl marad. Ez a modell N\u00e9metorsz\u00e1gban, Spanyolorsz\u00e1gban \u00e9s Hollandi\u00e1ban k\u00f6vetkezetesen elterjedt, alacsony k\u00f6telezetts\u00e9gv\u00e1llal\u00e1ssal j\u00e1r\u00f3 els\u0151 v\u00e1s\u00e1rl\u00e1sk\u00e9nt \u00faj vape bolt fi\u00f3kok eset\u00e9n.<\/p>\n<table>\n<thead>\n<tr>\n<th>Spec<\/th>\n<th>R\u00e9szlet<\/th>\n<\/tr>\n<\/thead>\n<tbody>\n<tr>\n<td>Puff sz\u00e1m<\/td>\n<td>Ak\u00e1r 10.000<\/td>\n<\/tr>\n<tr>\n<td>E-folyad\u00e9k kapacit\u00e1s<\/td>\n<td>20 ml el\u0151ret\u00f6lt\u00f6tt<\/td>\n<\/tr>\n<tr>\n<td>Akkumul\u00e1tor<\/td>\n<td>650 mAh \u00fajrat\u00f6lthet\u0151 (USB-C)<\/td>\n<\/tr>\n<tr>\n<td>L\u00e9g\u00e1raml\u00e1s<\/td>\n<td>\u00c1ll\u00edthat\u00f3<\/td>\n<\/tr>\n<tr>\n<td>\u00cdzrendszer<\/td>\n<td>Egyetlen \u00edz k\u00e9sz\u00fcl\u00e9kenk\u00e9nt<\/td>\n<\/tr>\n<tr>\n<td>El\u00e9rhet\u0151 \u00edzek<\/td>\n<td>15<\/td>\n<\/tr>\n<\/tbody>\n<\/table>\n<h3>\u00cdzek<\/h3>\n<p>Legkeresettebb k\u00e9szletek el\u0151sz\u00f6r: epres g\u00f6r\u00f6gdinnye, aloe sz\u0151l\u0151, epres kiwi \u00e9s h\u0171v\u00f6s menta.<\/p>\n<p><strong>Gy\u00fcm\u00f6lcskever\u00e9kek (biztons\u00e1gos fogad\u00e1s):<\/strong> Epres g\u00f6r\u00f6gdinnye (a legkeresettebb eldobhat\u00f3 term\u00e9kek Eur\u00f3p\u00e1ban), epres kivi, epres mang\u00f3, eper ban\u00e1n, alm\u00e1s \u0151szibarack \u00e9s m\u00e1lna g\u00f6r\u00f6gdinnye. S\u00falyos eperkombin\u00e1ci\u00f3k \u2013 eladj\u00e1k \u0151ket, \u00edgy a fel\u00e1ll\u00e1snak van \u00e9rtelme.<\/p>\n<p><strong>Jeges \u00e9s mer\u00e9sz:<\/strong> Cool Mint (tiszta mentol, \u00e1lland\u00f3 teljes\u00edtm\u00e9ny a volt doh\u00e1nyosokkal), Black Ice Dragon Fruit Strawberry (jeges s\u00e1rk\u00e1nygy\u00fcm\u00f6lcs, niche, de h\u0171s\u00e9ges v\u00e1s\u00e1rl\u00f3i vannak) \u00e9s Blueberry Cherry Cola (cseresznye k\u00f3la \u00e1fony\u00e1s csavarral \u2013 polariz\u00e1l\u00f3, kis teszt).<\/p>\n<p><strong>Tr\u00f3pusi \u00e9s k\u00fcl\u00f6nleges:<\/strong> Aloe Grape (a POCO jellegzetes \u00edze, amelyet \u00e9rdemes berakni), Mango Orange Grapefruit (citrusos, friss\u00edt\u0151), Passion Fruit Kiwi Guava (tr\u00f3pusi kever\u00e9k, er\u0151sebb a d\u00e9l-eur\u00f3pai piacokon), Peach Blueberry Soft Candy (cukor\u00e9des profil) \u00e9s Grape Blackcurrant Soda (ital ihlette).<\/p>\n<p>A 15 \u00edz b\u0151s\u00e9ges k\u00edn\u00e1lat egy 10K-s k\u00e9sz\u00fcl\u00e9khez. Els\u0151 rendel\u00e9skor v\u00e1lasszon 6-8 gy\u00fcm\u00f6lcskever\u00e9ket, valamint Cool ment\u00e1t \u00e9s aloe sz\u0151l\u0151t. B\u0151v\u00edtse ki a tr\u00f3pusi \u00e9s k\u00fcl\u00f6nleges aj\u00e1nlatokat, ha megl\u00e1tja, mihez ny\u00falnak \u00fcgyfelei.<\/p>\n<h3>Sz\u00e1ll\u00edt\u00e1s \u00e9s rendel\u00e9s<\/h3>\n<p>POCO BL10000 K\u00edn\u00e1b\u00f3l sz\u00e1ll\u00edt, \u00e1tlagosan 10\u201315 munkanapos sz\u00e1ll\u00edt\u00e1ssal Eur\u00f3p\u00e1ba. Minim\u00e1lis rendel\u00e9s 10 db, 30+ \u00e9s 100+ mennyis\u00e9gn\u00e9l kedvez\u0151bb \u00e1rakkal. Az \u00edzek egy rendel\u00e9sben szabadon keverhet\u0151k.<\/p>\n<p>Ez egy j\u00f3 kezd\u0151 term\u00e9k az \u00faj fi\u00f3kokhoz \u2013 az alacsonyabb \u00e1r \u00e9s a m\u00e1rka ismerts\u00e9ge megk\u00f6nny\u00edti a piac tesztel\u00e9s\u00e9t. <a href=\"https:\/\/holavape.com\/hu\/kapcsolat\/\">Vegye fel vel\u00fcnk a kapcsolatot<\/a> minta\u00e1rak\u00e9rt vagy t\u00f6bb modellre kiterjed\u0151 vegyes POCO-megrendel\u00e9s fel\u00e9p\u00edt\u00e9s\u00e9nek megvitat\u00e1s\u00e1ra.<\/p>\n","protected":false},"excerpt":{"rendered":"<p>POCO BL10000 10,000 slukkot, 15 \u00edzt, \u00e1ll\u00edthat\u00f3 l\u00e9g\u00e1raml\u00e1st \u00e9s 20ml e-liquid tart\u00e1lyt k\u00edn\u00e1l k\u00f6nny\u0171 form\u00e1ban. A 650mAh \u00fajrat\u00f6lthet\u0151 akkumul\u00e1torral egyszer\u0171 bel\u00e9p\u0151szint\u0171 opci\u00f3 a nagy t\u00e9telben v\u00e1s\u00e1rl\u00f3knak. \u2728<\/p>\n","protected":false},"featured_media":1455,"comment_status":"open","ping_status":"closed","template":"","meta":[],"product_brand":[],"product_cat":[423,360,612,621,630,666,684,648,639,675,657,693,702,720,711,369,352,522,802,531],"product_tag":[],"class_list":{"0":"post-115058","1":"product","2":"type-product","3":"status-publish","4":"has-post-thumbnail","6":"product_cat-10000-szivas-eldobhato-vape-hu","7":"product_cat-eldobhato-vape-tipusok-hu","8":"product_cat-eldobhato-vape-ek-ausztria-hu","9":"product_cat-eldobhato-vape-ek-belgium-hu","10":"product_cat-eldobhato-vape-ek-franciaorszag-hu","11":"product_cat-eldobhato-vape-ek-hollandia-hu","12":"product_cat-eldobhato-vape-ek-lengyelorszag-hu","13":"product_cat-eldobhato-vape-ek-magyarorszag-hu","14":"product_cat-eldobhato-vape-ek-nemetorszag-hu","15":"product_cat-eldobhato-vape-ek-norvegia-hu","16":"product_cat-eldobhato-vape-ek-olaszorszag-hu","17":"product_cat-eldobhato-vape-ek-portugalia-hu","18":"product_cat-eldobhato-vape-ek-spanyolorszag-hu","19":"product_cat-eldobhato-vape-ek-svajc-hu","20":"product_cat-eldobhato-vape-ek-svedorszag-hu","21":"product_cat-eldobhato-vape-ek-europaban-hu","22":"product_cat-eldobhato-vape-ek-szivasszam-szerint-hu","23":"product_cat-nagy-szivasszamu-vape-ek-hu","24":"product_cat-poco-hu","25":"product_cat-ujratoltheto-vape-ek-hu","27":"first","28":"instock","29":"shipping-taxable","30":"purchasable","31":"product-type-variable","32":"has-default-attributes"},"tiered_pricing_type":"fixed","tiered_pricing_fixed_rules":{"100":7.69000000000000039079850466805510222911834716796875,"200":6.88999999999999968025576890795491635799407958984375,"400":6.13999999999999968025576890795491635799407958984375,"1000":5.69000000000000039079850466805510222911834716796875},"tiered_pricing_product_settings":{"layout":"default","base_unit_name":{"singular":null,"plural":null},"default_variation":null},"tiered_pricing_minimum_quantity":50,"tiered_pricing_roles_data":[],"tiered_pricing_percentage_rules":[],"tiered_pricing_maximum_quantity":null,"tiered_pricing_quantity_step":"10","_links":{"self":[{"href":"https:\/\/holavape.com\/hu\/wp-json\/wp\/v2\/product\/115058","targetHints":{"allow":["GET"]}}],"collection":[{"href":"https:\/\/holavape.com\/hu\/wp-json\/wp\/v2\/product"}],"about":[{"href":"https:\/\/holavape.com\/hu\/wp-json\/wp\/v2\/types\/product"}],"replies":[{"embeddable":true,"href":"https:\/\/holavape.com\/hu\/wp-json\/wp\/v2\/comments?post=115058"}],"wp:featuredmedia":[{"embeddable":true,"href":"https:\/\/holavape.com\/hu\/wp-json\/wp\/v2\/media\/1455"}],"wp:attachment":[{"href":"https:\/\/holavape.com\/hu\/wp-json\/wp\/v2\/media?parent=115058"}],"wp:term":[{"taxonomy":"product_brand","embeddable":true,"href":"https:\/\/holavape.com\/hu\/wp-json\/wp\/v2\/product_brand?post=115058"},{"taxonomy":"product_cat","embeddable":true,"href":"https:\/\/holavape.com\/hu\/wp-json\/wp\/v2\/product_cat?post=115058"},{"taxonomy":"product_tag","embeddable":true,"href":"https:\/\/holavape.com\/hu\/wp-json\/wp\/v2\/product_tag?post=115058"}],"curies":[{"name":"wp","href":"https:\/\/api.w.org\/{rel}","templated":true}]}}