{"id":115246,"date":"2025-07-07T07:37:31","date_gmt":"2025-07-07T07:37:31","guid":{"rendered":"https:\/\/holavape.com\/product\/mrvi-18k-4-modu-kethalos-eldobhato-vape-nagykereskedelem\/"},"modified":"2026-04-05T01:51:15","modified_gmt":"2026-04-05T01:51:15","slug":"mrvi-18k","status":"publish","type":"product","link":"https:\/\/holavape.com\/hu\/termek\/mrvi-18k\/","title":{"rendered":"MRVI 18K 4 m\u00f3d\u00fa, k\u00e9th\u00e1l\u00f3s eldobhat\u00f3 vape \u2013 nagykereskedelem"},"content":{"rendered":"<h2>MRVI 18K \u2014 18 000 puff eldobhat\u00f3, 4 \u00e1ll\u00edthat\u00f3 m\u00f3ddal<\/h2>\n<p>A MRVI 18K egy 18 000 bef\u00faj\u00e1s\u00fa eldobhat\u00f3, amely egy olyan funkci\u00f3val rendelkezik, amelyet ebben az \u00e1rkateg\u00f3ri\u00e1ban a legt\u00f6bb versenyt\u00e1rs nem k\u00edn\u00e1l: 4 \u00e1ll\u00edthat\u00f3 g\u0151z\u00f6l\u00e9si m\u00f3d, amelyek seg\u00edts\u00e9g\u00e9vel a felhaszn\u00e1l\u00f3k szab\u00e1lyozhatj\u00e1k a g\u0151z meleg\u00e9t \u00e9s intenzit\u00e1s\u00e1t. A kett\u0151s h\u00e1l\u00f3s tekercsekkel \u00e9s a 26 ml-es e-liquid tart\u00e1llyal kombin\u00e1lva a kapacit\u00e1s \u00e9s a testreszabhat\u00f3s\u00e1g k\u00f6z\u00f6tti \u00e9des pontot tal\u00e1lja. Spanyolorsz\u00e1gban, Franciaorsz\u00e1gban \u00e9s N\u00e9metorsz\u00e1gban egyre nagyobb teret h\u00f3d\u00edt a nagykereskedelmi megrendel\u00e9sekben.<\/p>\n<p>Az \u00fczlettulajdonosok sz\u00e1m\u00e1ra: a 4 \u00fczemm\u00f3d funkci\u00f3val a munkat\u00e1rsak valami konkr\u00e9tumr\u00f3l besz\u00e9lhetnek, amikor az \u00fcgyf\u00e9l megk\u00e9rdezi, mi\u00e9rt \u00e9rdemes ezt kipr\u00f3b\u00e1lni egy egyszer\u0171 eldobhat\u00f3 helyett. J\u00f3l p\u00e1ros\u00edthat\u00f3 olyan egyszer\u0171 modellekkel, mint a <a href=\"https:\/\/holavape.com\/hu\/termek\/mrvi-15k-kethalos-eldobhato-vape-nagykereskedelem\/\">MRVI 15K<\/a> Azoknak az \u00fcgyfeleknek, akik valami \u00e1ll\u00edthat\u00f3bbat szeretn\u00e9nek, vagy lel\u00e9pni a <a href=\"https:\/\/holavape.com\/hu\/termek\/mrvi-winning-30k-eldobhato-vape-30-000-puff-nagykereskedelem\/\">MRVI WINNING 30K<\/a> azoknak a v\u00e1s\u00e1rl\u00f3knak, akiknek nincs sz\u00fcks\u00e9g\u00fck 30 000 f\u00faj\u00e1sra.<\/p>\n<table>\n<thead>\n<tr>\n<th>Spec<\/th>\n<th>R\u00e9szlet<\/th>\n<\/tr>\n<\/thead>\n<tbody>\n<tr>\n<td>Puff sz\u00e1m<\/td>\n<td>Ak\u00e1r 18.000<\/td>\n<\/tr>\n<tr>\n<td>E-folyad\u00e9k kapacit\u00e1s<\/td>\n<td>26 ml<\/td>\n<\/tr>\n<tr>\n<td>Akkumul\u00e1tor<\/td>\n<td>600mAh \u00fajrat\u00f6lthet\u0151 (C t\u00edpus\u00fa)<\/td>\n<\/tr>\n<tr>\n<td>Tekercs<\/td>\n<td>Dual mesh tekercs (1,0\u03a9)<\/td>\n<\/tr>\n<tr>\n<td>Vaping m\u00f3dok<\/td>\n<td>4 \u00e1ll\u00edthat\u00f3 fokozat<\/td>\n<\/tr>\n<tr>\n<td>A nikotin er\u0151ss\u00e9gei<\/td>\n<td>2%, 5%<\/td>\n<\/tr>\n<\/tbody>\n<\/table>\n<h3>\u00cdzek \u2014 mit rakt\u00e1ron<\/h3>\n<p>A legkeresettebb k\u00e9szletek el\u0151sz\u00f6r: G\u00f6r\u00f6gdinnye j\u00e9g, Blue Razz Ice, Grape Ice \u00e9s Peach Mango. Ezek a legbiztons\u00e1gosabb fogad\u00e1sok els\u0151 rendel\u00e9sre, \u00e9s lefedik azokat az \u00edzprofilokat, amelyeket az eur\u00f3pai v\u00e1s\u00e1rl\u00f3k folyamatosan \u00fajrarendelnek.<\/p>\n<p><strong>Jeges gy\u00fcm\u00f6lcs\u00f6k:<\/strong> G\u00f6r\u00f6gdinnye j\u00e9g (a legkeresettebb eldobhat\u00f3 \u00edz Eur\u00f3pa-szerte), Grape Ice (k\u00fcl\u00f6n\u00f6sen er\u0151s D\u00e9l-Eur\u00f3p\u00e1ban \u00e9s Franciaorsz\u00e1gban), Blue Razz Ice (k\u00e9k m\u00e1lna mentollal, fiatalabb demogr\u00e1fiai szempontb\u00f3l vonz\u00f3), Fuji Ice (almaszer\u0171, tiszta fel\u00fclet), Strawberry Kiwi Ice (gy\u00fcm\u00f6lcs\u00f6s \u00e9s friss\u00edt\u0151, megb\u00edzhat\u00f3 mozgat\u00f3).<\/p>\n<p><strong>Tr\u00f3pusi \/ vegyes:<\/strong> Peach Mango (az egyik legkedveltebb tr\u00f3pusi kever\u00e9k), Pineapple Strawberry Banana (smoothie st\u00edlus\u00fa, az \u00e9desebb profilokat kedvel\u0151 v\u00e1s\u00e1rl\u00f3kat vonzza), Cherry Watermelon (cseresznye-el\u0151re g\u00f6r\u00f6gdinnye alappal, tisztess\u00e9ges fajtav\u00e1laszt\u00e1s).<\/p>\n<p><strong>S\u00f6t\u00e9tebb\/mer\u00e9szebb:<\/strong> Blackberry Cranberry (fanyar \u00e9s kev\u00e9sb\u00e9 \u00e9des \u2013 a tapasztalt g\u0151z\u00f6l\u0151ket kedveli, akik valami m\u00e1sra v\u00e1gynak), a Lemon Lime (citrusos, polariz\u00e1l\u00f3, de h\u0171s\u00e9ges rajong\u00f3i vannak az Egyes\u00fclt Kir\u00e1lys\u00e1gban \u00e9s Hollandi\u00e1ban).<\/p>\n<h3>Sz\u00e1ll\u00edt\u00e1s \u00e9s rendel\u00e9s<\/h3>\n<p>MRVI 18K K\u00edn\u00e1b\u00f3l sz\u00e1ll\u00edtjuk, becs\u00fclt sz\u00e1ll\u00edt\u00e1si id\u0151 10\u201318 munkanap eur\u00f3pai c\u00e9l\u00e1llom\u00e1sokra. Minim\u00e1lis rendel\u00e9si mennyis\u00e9g 10 egys\u00e9g, 30+ \u00e9s 100+ egys\u00e9gn\u00e9l kedvez\u0151bb \u00e1rakkal. Keverje szabadon az \u00edzeket \u00e9s a nikotin er\u0151ss\u00e9geit a rendel\u00e9sen bel\u00fcl.<\/p>\n<p>Az EU piacain a 2%-os nikotin a legink\u00e1bb rendelt er\u0151ss\u00e9g. 5% \u00e1ll rendelkez\u00e9sre, de mindig ellen\u0151rizze a helyi nikotinszab\u00e1lyoz\u00e1st a k\u00e9szletez\u00e9s el\u0151tt \u2013 a korl\u00e1toz\u00e1sok orsz\u00e1gonk\u00e9nt elt\u00e9r\u0151ek. Ha piac\u00e1nak 0%-os opci\u00f3ra van sz\u00fcks\u00e9ge, a <a href=\"https:\/\/holavape.com\/hu\/termek\/vapme-crystal-7000-eldobhato-vape-0-os-nikotin-nagykereskedelem\/\">VAPME Crystal 7000<\/a> 0%\/2%\/5%-ot hordoz.<\/p>\n<p>K\u00e9rd\u00e9sei vannak a t\u00f6meges csomagol\u00e1ssal vagy az egyedi rendel\u00e9sekkel kapcsolatban? <a href=\"https:\/\/holavape.com\/hu\/kapcsolat\/\">Forduljon csapatunkhoz<\/a>.<\/p>\n","protected":false},"excerpt":{"rendered":"<p>MRVI 18K 18,000 slukkot, dual mesh coil-t, 26ml tart\u00e1lyt \u00e9s 4 \u00e1ll\u00edthat\u00f3 vape m\u00f3dot k\u00edn\u00e1l nagyobb kontrollhoz a pultn\u00e1l. Okos nagykereskedelmi v\u00e1laszt\u00e1s azoknak, akik egy kicsit rugalmasabb eszk\u00f6zt akarnak. \ud83c\udf9b\ufe0f<\/p>\n","protected":false},"featured_media":1434,"comment_status":"open","ping_status":"closed","template":"","meta":[],"product_brand":[],"product_cat":[459,558,576,360,612,621,630,666,684,648,639,675,657,693,702,720,711,369,352,784,522,567,531],"product_tag":[],"class_list":{"0":"post-115246","1":"product","2":"type-product","3":"status-publish","4":"has-post-thumbnail","6":"product_cat-18000-szivas-eldobhato-vape-hu","7":"product_cat-digitalis-box-vape-ek-hu","8":"product_cat-dual-mesh-vape-ek-hu","9":"product_cat-eldobhato-vape-tipusok-hu","10":"product_cat-eldobhato-vape-ek-ausztria-hu","11":"product_cat-eldobhato-vape-ek-belgium-hu","12":"product_cat-eldobhato-vape-ek-franciaorszag-hu","13":"product_cat-eldobhato-vape-ek-hollandia-hu","14":"product_cat-eldobhato-vape-ek-lengyelorszag-hu","15":"product_cat-eldobhato-vape-ek-magyarorszag-hu","16":"product_cat-eldobhato-vape-ek-nemetorszag-hu","17":"product_cat-eldobhato-vape-ek-norvegia-hu","18":"product_cat-eldobhato-vape-ek-olaszorszag-hu","19":"product_cat-eldobhato-vape-ek-portugalia-hu","20":"product_cat-eldobhato-vape-ek-spanyolorszag-hu","21":"product_cat-eldobhato-vape-ek-svajc-hu","22":"product_cat-eldobhato-vape-ek-svedorszag-hu","23":"product_cat-eldobhato-vape-ek-europaban-hu","24":"product_cat-eldobhato-vape-ek-szivasszam-szerint-hu","25":"product_cat-mrvi-hu","26":"product_cat-nagy-szivasszamu-vape-ek-hu","27":"product_cat-okos-kijelzos-vape-ek-hu","28":"product_cat-ujratoltheto-vape-ek-hu","30":"first","31":"instock","32":"shipping-taxable","33":"purchasable","34":"product-type-variable","35":"has-default-attributes"},"tiered_pricing_type":"fixed","tiered_pricing_fixed_rules":{"100":5.61000000000000031974423109204508364200592041015625,"200":4.87000000000000010658141036401502788066864013671875,"400":4.57000000000000028421709430404007434844970703125},"tiered_pricing_product_settings":{"layout":"default","base_unit_name":{"singular":null,"plural":null},"default_variation":null},"tiered_pricing_minimum_quantity":50,"tiered_pricing_roles_data":[],"tiered_pricing_percentage_rules":[],"tiered_pricing_maximum_quantity":null,"tiered_pricing_quantity_step":"10","_links":{"self":[{"href":"https:\/\/holavape.com\/hu\/wp-json\/wp\/v2\/product\/115246","targetHints":{"allow":["GET"]}}],"collection":[{"href":"https:\/\/holavape.com\/hu\/wp-json\/wp\/v2\/product"}],"about":[{"href":"https:\/\/holavape.com\/hu\/wp-json\/wp\/v2\/types\/product"}],"replies":[{"embeddable":true,"href":"https:\/\/holavape.com\/hu\/wp-json\/wp\/v2\/comments?post=115246"}],"wp:featuredmedia":[{"embeddable":true,"href":"https:\/\/holavape.com\/hu\/wp-json\/wp\/v2\/media\/1434"}],"wp:attachment":[{"href":"https:\/\/holavape.com\/hu\/wp-json\/wp\/v2\/media?parent=115246"}],"wp:term":[{"taxonomy":"product_brand","embeddable":true,"href":"https:\/\/holavape.com\/hu\/wp-json\/wp\/v2\/product_brand?post=115246"},{"taxonomy":"product_cat","embeddable":true,"href":"https:\/\/holavape.com\/hu\/wp-json\/wp\/v2\/product_cat?post=115246"},{"taxonomy":"product_tag","embeddable":true,"href":"https:\/\/holavape.com\/hu\/wp-json\/wp\/v2\/product_tag?post=115246"}],"curies":[{"name":"wp","href":"https:\/\/api.w.org\/{rel}","templated":true}]}}