{"id":126512,"date":"2026-04-17T06:39:45","date_gmt":"2026-04-17T06:39:45","guid":{"rendered":"https:\/\/holavape.com\/product\/mr-goodie-adjust-flavor-king-60k-disposable-vape\/"},"modified":"2026-04-21T08:32:12","modified_gmt":"2026-04-21T08:32:12","slug":"mr-goodie-adjust-flavor-king-60k-disposable-vape","status":"publish","type":"product","link":"https:\/\/holavape.com\/hu\/termek\/mr-goodie-adjust-flavor-king-60k-disposable-vape\/","title":{"rendered":"Mr.Goodie Adjust Flavor King 60K | 60000 szippant\u00e1s, triple-\u00edzv\u00e1lt\u00e1s, eldobhat\u00f3 vape nagykereskedelem"},"content":{"rendered":"<h2>Mr.Goodie Adjust Flavor King 60K Disposable Vape \u00c1ttekint\u00e9s<\/h2>\n<p>A Mr.Goodie Adjust Flavor King 60K Disposable Vape egy nagy kapacit\u00e1s\u00fa eldobhat\u00f3 vape, amelyet olyan nagykereskedelmi v\u00e1s\u00e1rl\u00f3k sz\u00e1m\u00e1ra terveztek, akiknek tart\u00f3s teljes\u00edtm\u00e9nyre van sz\u00fcks\u00e9g\u00fck, egyszer\u0171 form\u00e1ban. 60 000 felf\u00faj\u00e1st \u00e9s 10 \u00edzt egyes\u00edt olyan form\u00e1tumban, amely k\u00f6nnyen elhelyezhet\u0151 a kiskereskedelmi polcokon \u00e9s t\u00f6meges rendel\u00e9sekn\u00e9l.<\/p>\n<p>Az \u00edzv\u00e1laszt\u00e9k 10 \u00edzt \u00f6lel fel, \u00edgy ez a modell j\u00f3l illeszkedik a gy\u00fcm\u00f6lcs\u00f6kh\u00f6z, j\u00e9gekhez, cukork\u00e1khoz \u00e9s vegyes profil\u00fa eldobhat\u00f3 term\u00e9kekhez.<\/p>\n<h2>F\u0151bb kiemel\u00e9sek<\/h2>\n<ul>\n<li><strong>60.000 f\u00faj\u00e1s<\/strong> a hosszabb \u00e9lettartam\u00fa k\u00e9sz\u00fcl\u00e9kform\u00e1tum \u00e9rdek\u00e9ben<\/li>\n<li><strong>10 \u00edz<\/strong> sz\u00e9lesebb \u00edzv\u00e1laszt\u00e9k lefed\u00e9s\u00e9re<\/li>\n<li><strong>2% \/ 5%<\/strong> nikotin opci\u00f3k a k\u00fcl\u00f6nb\u00f6z\u0151 piaci ig\u00e9nyeknek megfelel\u0151en<\/li>\n<\/ul>\n<h2>M\u0171szaki adatok<\/h2>\n<table>\n<tbody>\n<tr>\n<td><strong>Term\u00e9k neve<\/strong><\/td>\n<td>Mr.Goodie Adjust Flavor King 60K Disposable Vape<\/td>\n<\/tr>\n<tr>\n<td><strong>Puff Count<\/strong><\/td>\n<td>60.000 f\u00faj\u00e1s<\/td>\n<\/tr>\n<tr>\n<td><strong>\u00cdzlehet\u0151s\u00e9gek<\/strong><\/td>\n<td>10 \u00edz<\/td>\n<\/tr>\n<tr>\n<td><strong>Nikotin Er\u0151<\/strong><\/td>\n<td>2% \/ 5%<\/td>\n<\/tr>\n<\/tbody>\n<\/table>\n<h2>\u00cdzlehet\u0151s\u00e9gek<\/h2>\n<p>Az el\u00e9rhet\u0151 \u00edzes\u00edt\u00e9si lehet\u0151s\u00e9gek k\u00f6z\u00e9 tartozik a g\u00f6r\u00f6gdinnye j\u00e9g \u00e9s r\u00e1g\u00f3gumi \u00e9s g\u00f6r\u00f6gdinnye r\u00e1g\u00f3gumi, l\u00e9d\u00fas barack j\u00e9g \u00e9s k\u00f3la j\u00e9g \u00e9s \u0151szibarack k\u00f3la j\u00e9g, k\u00e9k m\u00e1lna \u00e9s cseresznye citrom \u00e9s k\u00e9k m\u00e1lna cseresznye citrom, eper \u00e9s g\u00f6r\u00f6gdinnye \u00e9s eper g\u00f6r\u00f6gdinnye, z\u00f6ld alma \u00e9s sz\u0151l\u0151 \u00e9s z\u00f6ld alma menta, citrom cukorka \u00e9s citromsz\u0151l\u0151 Citrom \u00e9s citrom menta, anan\u00e1szos k\u00f3kusz- \u00e9s energiaital, k\u00f3kuszos energiaital \u00e9s m\u00e9g sok m\u00e1s. Ez seg\u00edt abban, hogy a Mr.Goodie Adjust Flavor King 60K a gy\u00fcm\u00f6lcs, j\u00e9g, cukorka \u00e9s \u00e9des profil\u00fa eldobhat\u00f3 vape v\u00e1laszt\u00e9k sz\u00e9lesebb kever\u00e9k\u00e9hez illeszkedjen.<\/p>\n","protected":false},"excerpt":{"rendered":"<p>60000 szippant\u00e1s, triple-\u00edzv\u00e1lt\u00e1s \u2014 Mr.Goodie Adjust Flavor King 60K nagykereskedelemben 10 darabt\u00f3l, ide\u00e1lis boltoknak \u00e9s viszontelad\u00f3knak az EU-ban.<\/p>\n","protected":false},"featured_media":122837,"comment_status":"open","ping_status":"closed","template":"","meta":[],"product_brand":[],"product_cat":[684,648,639,657,702,775],"product_tag":[],"class_list":{"0":"post-126512","1":"product","2":"type-product","3":"status-publish","4":"has-post-thumbnail","6":"product_cat-eldobhato-vape-ek-lengyelorszag-hu","7":"product_cat-eldobhato-vape-ek-magyarorszag-hu","8":"product_cat-eldobhato-vape-ek-nemetorszag-hu","9":"product_cat-eldobhato-vape-ek-olaszorszag-hu","10":"product_cat-eldobhato-vape-ek-spanyolorszag-hu","11":"product_cat-mr-goodie-hu","13":"first","14":"instock","15":"shipping-taxable","16":"purchasable","17":"product-type-variable","18":"has-default-attributes"},"tiered_pricing_type":"fixed","tiered_pricing_fixed_rules":[],"tiered_pricing_product_settings":{"layout":"default","base_unit_name":{"singular":null,"plural":null},"default_variation":null},"tiered_pricing_minimum_quantity":1000,"tiered_pricing_roles_data":[],"tiered_pricing_percentage_rules":[],"tiered_pricing_maximum_quantity":null,"tiered_pricing_quantity_step":"10","_links":{"self":[{"href":"https:\/\/holavape.com\/hu\/wp-json\/wp\/v2\/product\/126512","targetHints":{"allow":["GET"]}}],"collection":[{"href":"https:\/\/holavape.com\/hu\/wp-json\/wp\/v2\/product"}],"about":[{"href":"https:\/\/holavape.com\/hu\/wp-json\/wp\/v2\/types\/product"}],"replies":[{"embeddable":true,"href":"https:\/\/holavape.com\/hu\/wp-json\/wp\/v2\/comments?post=126512"}],"wp:featuredmedia":[{"embeddable":true,"href":"https:\/\/holavape.com\/hu\/wp-json\/wp\/v2\/media\/122837"}],"wp:attachment":[{"href":"https:\/\/holavape.com\/hu\/wp-json\/wp\/v2\/media?parent=126512"}],"wp:term":[{"taxonomy":"product_brand","embeddable":true,"href":"https:\/\/holavape.com\/hu\/wp-json\/wp\/v2\/product_brand?post=126512"},{"taxonomy":"product_cat","embeddable":true,"href":"https:\/\/holavape.com\/hu\/wp-json\/wp\/v2\/product_cat?post=126512"},{"taxonomy":"product_tag","embeddable":true,"href":"https:\/\/holavape.com\/hu\/wp-json\/wp\/v2\/product_tag?post=126512"}],"curies":[{"name":"wp","href":"https:\/\/api.w.org\/{rel}","templated":true}]}}