{"id":126546,"date":"2026-04-17T06:42:31","date_gmt":"2026-04-17T06:42:31","guid":{"rendered":"https:\/\/holavape.com\/product\/qq-bang-180k-disposable-vape\/"},"modified":"2026-04-19T14:56:22","modified_gmt":"2026-04-19T14:56:22","slug":"qq-bang-180k-disposable-vape","status":"publish","type":"product","link":"https:\/\/holavape.com\/hu\/termek\/qq-bang-180k-disposable-vape\/","title":{"rendered":"QQ Bang 180K eldobhato vape"},"content":{"rendered":"<h2>QQ Bang 180K Disposable Vape \u00c1ttekint\u00e9s<\/h2>\n<p>A QQ Bang 180K Disposable Vape egy t\u00f6bb \u00edz\u0171, eldobhat\u00f3 vape nagykereskedelmi v\u00e1s\u00e1rl\u00f3k sz\u00e1m\u00e1ra, akiknek t\u00f6bb \u00edzv\u00e1laszt\u00e9kra van sz\u00fcks\u00e9g\u00fck egyetlen k\u00e9sz\u00fcl\u00e9kben. 180 000 felf\u00faj\u00e1st, 60 ml-es e-liquid-et \u00e9s h\u00e1l\u00f3s tekercset egyes\u00edt olyan form\u00e1tumban, amely k\u00f6nnyen elhelyezhet\u0151 a kiskereskedelmi polcokon \u00e9s a t\u00f6meges rendel\u00e9sekn\u00e9l.<\/p>\n<p>Az \u00edzv\u00e1laszt\u00e9k 13 \u00edzt \u00f6lel fel, \u00edgy ez a modell j\u00f3l illeszkedik a gy\u00fcm\u00f6lcs\u00f6kh\u00f6z, j\u00e9gekhez, cukork\u00e1khoz \u00e9s vegyes profil\u00fa eldobhat\u00f3 v\u00e1laszt\u00e9khoz.<\/p>\n<h2>Legfontosabb kiemel\u00e9sek<\/h2>\n<ul>\n<li><strong>180.000 f\u00faj\u00e1s<\/strong> a hosszabb \u00e9lettartam\u00fa k\u00e9sz\u00fcl\u00e9kform\u00e1tum \u00e9rdek\u00e9ben<\/li>\n<li><strong>4 az 1-ben \u00edzv\u00e1lt\u00e1s<\/strong> t\u00f6bb v\u00e1ltozatoss\u00e1g \u00e9rdek\u00e9ben extra cikksz\u00e1mok n\u00e9lk\u00fcl<\/li>\n<li><strong>60 ml e-liquid<\/strong> a nagyobb puffad\u00e1ssz\u00e1m \u00e9s a hosszabb napi haszn\u00e1lat t\u00e1mogat\u00e1s\u00e1ra<\/li>\n<li><strong>h\u00e1l\u00f3s tekercs<\/strong> egyenletesebb \u00edzkibocs\u00e1t\u00e1s \u00e9s l\u00e1gyabb g\u0151z \u00e9rdek\u00e9ben<\/li>\n<li><strong>13 \u00edz<\/strong> sz\u00e9lesebb \u00edzv\u00e1laszt\u00e9k lefed\u00e9s\u00e9re<\/li>\n<li><strong>2% \/ 5%<\/strong> nikotin opci\u00f3k a k\u00fcl\u00f6nb\u00f6z\u0151 piaci ig\u00e9nyeknek megfelel\u0151en<\/li>\n<\/ul>\n<h2>M\u0171szaki adatok<\/h2>\n<table>\n<tbody>\n<tr>\n<td><strong>Term\u00e9k neve<\/strong><\/td>\n<td>QQ Bang 180K Disposable Vape<\/td>\n<\/tr>\n<tr>\n<td><strong>Puff Count<\/strong><\/td>\n<td>180.000 f\u00faj\u00e1s<\/td>\n<\/tr>\n<tr>\n<td><strong>E-folyad\u00e9k kapacit\u00e1s<\/strong><\/td>\n<td>60 ml e-liquid<\/td>\n<\/tr>\n<tr>\n<td><strong>Tekercs<\/strong><\/td>\n<td>h\u00e1l\u00f3s tekercs<\/td>\n<\/tr>\n<tr>\n<td><strong>\u00cdzrendszer<\/strong><\/td>\n<td>4 az 1-ben \u00edzv\u00e1lt\u00e1s<\/td>\n<\/tr>\n<tr>\n<td><strong>Nikotin Er\u0151<\/strong><\/td>\n<td>2% \/ 5%<\/td>\n<\/tr>\n<\/tbody>\n<\/table>\n<h2>\u00cdzlehet\u0151s\u00e9gek<\/h2>\n<p>A v\u00e1laszthat\u00f3 \u00edzes\u00edt\u00e9sek k\u00f6z\u00e9 tartozik a Random One Flavor (gyors sz\u00e1ll\u00edt\u00e1s), a tr\u00f3pusi gy\u00fcm\u00f6lcs\u00f6k \/ \u0151szibarack j\u00e9g \/ a teke \/ eper g\u00f6r\u00f6gdinnye, a mang\u00f3 \u0151szibarack \/ a sz\u0151l\u0151j\u00e9g \/ a vegyes bogy\u00f3k \/ az \u00e1fonya Red Bull, a g\u00f6r\u00f6gdinnye j\u00e9g \/ aloe alma \/ a m\u00e1lna citrom \/ az \u0151szibarack mang\u00f3 g\u00f6r\u00f6gdinnye, a h\u00e1rmas mang\u00f3 \/ a feketeribizli \/ feketeribizli \/ borsappal G\u00f6r\u00f6gdinnye \/ Cseresznye j\u00e9g \/ Kiwi Passi\u00f3gy\u00fcm\u00f6lcs Guava \/ Fekete S\u00e1rk\u00e1ny J\u00e9g, Ban\u00e1n J\u00e9g \/ G\u00f6r\u00f6gdinnye r\u00e1g\u00f3gumi \/ \u00c1fonya sz\u0151l\u0151 \/ Aloe Mang\u00f3 Dinnye, Cappuccino \/ Anan\u00e1sz j\u00e9g \/ \u00c1fonya \u00e1fonya cseresznye \/ G\u00f6r\u00f6gdinnye s\u00e1rk\u00e1nygy\u00fcm\u00f6lcs \u00e9s \u00edgy tov\u00e1bb. Ez seg\u00edt a QQ Bang 180K-nak a gy\u00fcm\u00f6lcs, j\u00e9g, cukorka \u00e9s \u00e9des profil\u00fa eldobhat\u00f3 vape-v\u00e1laszt\u00e9k sz\u00e9lesebb kever\u00e9k\u00e9ben val\u00f3 illeszked\u00e9s\u00e9ben.<\/p>\n","protected":false},"excerpt":{"rendered":"<p>A QQ Bang 180000 180 000 f\u00faj\u00e1st ad le, 4 az 1-ben \u00edzv\u00e1lt\u00e1st, 60 ml e-folyad\u00e9kot \u00e9s h\u00e1l\u00f3s tekercs teljes\u00edtm\u00e9nyt. Er\u0151s EU-rakt\u00e1ri v\u00e1laszt\u00e1s azoknak a v\u00e1s\u00e1rl\u00f3knak, akik t\u00f6bb v\u00e1ltozatot szeretn\u00e9nek egyetlen k\u00e9sz\u00fcl\u00e9kben. \ud83c\udf08<\/p>\n","protected":false},"featured_media":122994,"comment_status":"open","ping_status":"closed","template":"","meta":[],"product_brand":[],"product_cat":[513,738,360,630,666,684,639,657,702,369,594,522,603,531],"product_tag":[918],"class_list":{"0":"post-126546","1":"product","2":"type-product","3":"status-publish","4":"has-post-thumbnail","6":"product_cat-100k-szivas-eldobhato-vape-hu","7":"product_cat-bang-hu","8":"product_cat-eldobhato-vape-tipusok-hu","9":"product_cat-eldobhato-vape-ek-franciaorszag-hu","10":"product_cat-eldobhato-vape-ek-hollandia-hu","11":"product_cat-eldobhato-vape-ek-lengyelorszag-hu","12":"product_cat-eldobhato-vape-ek-nemetorszag-hu","13":"product_cat-eldobhato-vape-ek-olaszorszag-hu","14":"product_cat-eldobhato-vape-ek-spanyolorszag-hu","15":"product_cat-eldobhato-vape-ek-europaban-hu","16":"product_cat-legjobb-eldobhato-vape-ek-hu","17":"product_cat-nagy-szivasszamu-vape-ek-hu","18":"product_cat-olcso-ujratoltheto-eldobhato-vape-ek-hu","19":"product_cat-ujratoltheto-vape-ek-hu","20":"product_tag-4-in-1-flavor-vape","22":"first","23":"instock","24":"shipping-taxable","25":"purchasable","26":"product-type-variable","27":"has-default-attributes"},"tiered_pricing_type":"fixed","tiered_pricing_fixed_rules":{"30":9.3800000000000007815970093361102044582366943359375,"50":7.79000000000000003552713678800500929355621337890625,"100":7.2599999999999997868371792719699442386627197265625,"200":6.5999999999999996447286321199499070644378662109375,"400":5.9900000000000002131628207280300557613372802734375},"tiered_pricing_product_settings":{"layout":"default","base_unit_name":{"singular":null,"plural":null},"default_variation":null},"tiered_pricing_minimum_quantity":10,"tiered_pricing_roles_data":[],"tiered_pricing_percentage_rules":[],"tiered_pricing_maximum_quantity":null,"tiered_pricing_quantity_step":"10","_links":{"self":[{"href":"https:\/\/holavape.com\/hu\/wp-json\/wp\/v2\/product\/126546","targetHints":{"allow":["GET"]}}],"collection":[{"href":"https:\/\/holavape.com\/hu\/wp-json\/wp\/v2\/product"}],"about":[{"href":"https:\/\/holavape.com\/hu\/wp-json\/wp\/v2\/types\/product"}],"replies":[{"embeddable":true,"href":"https:\/\/holavape.com\/hu\/wp-json\/wp\/v2\/comments?post=126546"}],"wp:featuredmedia":[{"embeddable":true,"href":"https:\/\/holavape.com\/hu\/wp-json\/wp\/v2\/media\/122994"}],"wp:attachment":[{"href":"https:\/\/holavape.com\/hu\/wp-json\/wp\/v2\/media?parent=126546"}],"wp:term":[{"taxonomy":"product_brand","embeddable":true,"href":"https:\/\/holavape.com\/hu\/wp-json\/wp\/v2\/product_brand?post=126546"},{"taxonomy":"product_cat","embeddable":true,"href":"https:\/\/holavape.com\/hu\/wp-json\/wp\/v2\/product_cat?post=126546"},{"taxonomy":"product_tag","embeddable":true,"href":"https:\/\/holavape.com\/hu\/wp-json\/wp\/v2\/product_tag?post=126546"}],"curies":[{"name":"wp","href":"https:\/\/api.w.org\/{rel}","templated":true}]}}