{"id":126665,"date":"2026-04-17T06:39:05","date_gmt":"2026-04-17T06:39:05","guid":{"rendered":"https:\/\/holavape.com\/product\/bang-blaze-starry-50k-disposable-vape\/"},"modified":"2026-04-21T08:32:12","modified_gmt":"2026-04-21T08:32:12","slug":"bang-blaze-starry-50k-disposable-vape","status":"publish","type":"product","link":"https:\/\/holavape.com\/hu\/termek\/bang-blaze-starry-50k-disposable-vape\/","title":{"rendered":"Bang Blaze Starry 50K | 50000 szippant\u00e1s, kijelz\u0151, 13 \u00edzek, mesh tekercs, eldobhat\u00f3 vape nagykereskedelem"},"content":{"rendered":"<h2>Bang Blaze Starry 50K Disposable Vape \u00c1ttekint\u00e9s<\/h2>\n<p>A Bang Blaze Starry 50K Disposable Vape egy kijelz\u0151re f\u00f3kusz\u00e1lt eldobhat\u00f3 vape, amelyet nagykereskedelmi v\u00e1s\u00e1rl\u00f3knak terveztek, akiknek er\u0151sebb polcra van sz\u00fcks\u00e9g\u00fck an\u00e9lk\u00fcl, hogy t\u00falbonyol\u00edtan\u00e1k a v\u00e1laszt\u00e9kot. 50 000 felf\u00faj\u00e1st, k\u00e9perny\u0151kijelz\u0151t \u00e9s 12 \u00edzt egyes\u00edt olyan form\u00e1tumban, amely k\u00f6nnyen elhelyezhet\u0151 a kiskereskedelmi polcokon \u00e9s a t\u00f6meges rendel\u00e9sekn\u00e9l.<\/p>\n<p>Az \u00edzv\u00e1laszt\u00e9k 12 \u00edzt \u00f6lel fel, \u00edgy ez a modell j\u00f3l illeszkedik a gy\u00fcm\u00f6lcs\u00f6kh\u00f6z, j\u00e9gekhez, cukork\u00e1khoz \u00e9s vegyes profil\u00fa eldobhat\u00f3 term\u00e9kekhez.<\/p>\n<h2>Legfontosabb kiemel\u00e9sek<\/h2>\n<ul>\n<li><strong>50.000 f\u00faj\u00e1s<\/strong> a hosszabb \u00e9lettartam\u00fa k\u00e9sz\u00fcl\u00e9kform\u00e1tum \u00e9rdek\u00e9ben<\/li>\n<li><strong>k\u00e9perny\u0151s megjelen\u00edt\u00e9s<\/strong> \u00edgy a felhaszn\u00e1l\u00f3k k\u00f6nnyebben ellen\u0151rizhetik a kulcsfontoss\u00e1g\u00fa eszk\u00f6z \u00e1llapot\u00e1t<\/li>\n<li><strong>12 \u00edz<\/strong> sz\u00e9lesebb \u00edzv\u00e1laszt\u00e9k lefed\u00e9s\u00e9re<\/li>\n<li><strong>2% \/ 3% \/ 5%<\/strong> nikotin opci\u00f3k a k\u00fcl\u00f6nb\u00f6z\u0151 piaci ig\u00e9nyeknek megfelel\u0151en<\/li>\n<\/ul>\n<h2>M\u0171szaki adatok<\/h2>\n<table>\n<tbody>\n<tr>\n<td><strong>Term\u00e9k neve<\/strong><\/td>\n<td>Bang Blaze Starry 50K Disposable Vape<\/td>\n<\/tr>\n<tr>\n<td><strong>Puff Count<\/strong><\/td>\n<td>50.000 f\u00faj\u00e1s<\/td>\n<\/tr>\n<tr>\n<td><strong>Kijelz\u0151<\/strong><\/td>\n<td>k\u00e9perny\u0151s megjelen\u00edt\u00e9s<\/td>\n<\/tr>\n<tr>\n<td><strong>\u00cdzlehet\u0151s\u00e9gek<\/strong><\/td>\n<td>12 \u00edz<\/td>\n<\/tr>\n<tr>\n<td><strong>Nikotin Er\u0151<\/strong><\/td>\n<td>2% \/ 3% \/ 5%<\/td>\n<\/tr>\n<\/tbody>\n<\/table>\n<h2>\u00cdzlehet\u0151s\u00e9gek<\/h2>\n<p>Az el\u00e9rhet\u0151 \u00edzek k\u00f6z\u00e9 tartozik a g\u00f6r\u00f6gdinnye, epres g\u00f6r\u00f6gdinnye, \u00e1fony\u00e1s j\u00e9g, \u00e1fony\u00e1s m\u00e1lna, Love 66, \u00e1fony\u00e1s sz\u0151l\u0151j\u00e9g, \u0151szibarackj\u00e9g, epres mang\u00f3 stb. Ez seg\u00edt a Bang Blaze Starry 50K-nak abban, hogy a gy\u00fcm\u00f6lcs, j\u00e9g, cukorka \u00e9s \u00e9des profil\u00fa eldobhat\u00f3 vape-v\u00e1laszt\u00e9k sz\u00e9lesebb kever\u00e9k\u00e9be illeszkedjen.<\/p>\n","protected":false},"excerpt":{"rendered":"<p>Tiszta sz\u00edv\u00e1s, szil\u00e1rd fel\u00e9p\u00edt\u00e9s \u00e9s 50000 szippant\u00e1s \u2014 Bang Blaze Starry 50K ny\u00fajt kijelz\u0151 \u00e9s 13 \u00edzek. K\u00e9szlet 10 darabt\u00f3l.<\/p>\n","protected":false},"featured_media":122785,"comment_status":"open","ping_status":"closed","template":"","meta":[],"product_brand":[],"product_cat":[738,684,648,639,657,702],"product_tag":[],"class_list":{"0":"post-126665","1":"product","2":"type-product","3":"status-publish","4":"has-post-thumbnail","6":"product_cat-bang-hu","7":"product_cat-eldobhato-vape-ek-lengyelorszag-hu","8":"product_cat-eldobhato-vape-ek-magyarorszag-hu","9":"product_cat-eldobhato-vape-ek-nemetorszag-hu","10":"product_cat-eldobhato-vape-ek-olaszorszag-hu","11":"product_cat-eldobhato-vape-ek-spanyolorszag-hu","13":"first","14":"instock","15":"shipping-taxable","16":"purchasable","17":"product-type-variable","18":"has-default-attributes"},"tiered_pricing_type":"fixed","tiered_pricing_fixed_rules":{"30":8.5600000000000004973799150320701301097869873046875,"50":6.7400000000000002131628207280300557613372802734375,"100":6.089999999999999857891452847979962825775146484375,"200":5.70000000000000017763568394002504646778106689453125,"400":5.25},"tiered_pricing_product_settings":{"layout":"default","base_unit_name":{"singular":null,"plural":null},"default_variation":null},"tiered_pricing_minimum_quantity":10,"tiered_pricing_roles_data":[],"tiered_pricing_percentage_rules":[],"tiered_pricing_maximum_quantity":null,"tiered_pricing_quantity_step":"10","_links":{"self":[{"href":"https:\/\/holavape.com\/hu\/wp-json\/wp\/v2\/product\/126665","targetHints":{"allow":["GET"]}}],"collection":[{"href":"https:\/\/holavape.com\/hu\/wp-json\/wp\/v2\/product"}],"about":[{"href":"https:\/\/holavape.com\/hu\/wp-json\/wp\/v2\/types\/product"}],"replies":[{"embeddable":true,"href":"https:\/\/holavape.com\/hu\/wp-json\/wp\/v2\/comments?post=126665"}],"wp:featuredmedia":[{"embeddable":true,"href":"https:\/\/holavape.com\/hu\/wp-json\/wp\/v2\/media\/122785"}],"wp:attachment":[{"href":"https:\/\/holavape.com\/hu\/wp-json\/wp\/v2\/media?parent=126665"}],"wp:term":[{"taxonomy":"product_brand","embeddable":true,"href":"https:\/\/holavape.com\/hu\/wp-json\/wp\/v2\/product_brand?post=126665"},{"taxonomy":"product_cat","embeddable":true,"href":"https:\/\/holavape.com\/hu\/wp-json\/wp\/v2\/product_cat?post=126665"},{"taxonomy":"product_tag","embeddable":true,"href":"https:\/\/holavape.com\/hu\/wp-json\/wp\/v2\/product_tag?post=126665"}],"curies":[{"name":"wp","href":"https:\/\/api.w.org\/{rel}","templated":true}]}}