{"id":129305,"date":"2026-04-17T06:38:38","date_gmt":"2026-04-17T06:38:38","guid":{"rendered":"https:\/\/holavape.com\/product\/jnr-falcon-pro-28k-disposable-vape\/"},"modified":"2026-04-21T08:32:23","modified_gmt":"2026-04-21T08:32:23","slug":"jnr-falcon-pro-28k-disposable-vape","status":"publish","type":"product","link":"https:\/\/holavape.com\/hu\/termek\/jnr-falcon-pro-28k-disposable-vape\/","title":{"rendered":"JNR Falcon Pro 28K | 28000 szippant\u00e1s, 21 \u00edzek, 2% nikotin, mesh tekercs, eldobhat\u00f3 vape nagykereskedelem"},"content":{"rendered":"<h2>JNR Falcon Pro 28K Disposable Vape \u00c1ttekint\u00e9s<\/h2>\n<p>A JNR Falcon Pro 28K Disposable Vape egy eldobhat\u00f3 vape nagykereskedelmi v\u00e1s\u00e1rl\u00f3k sz\u00e1m\u00e1ra, akiknek egyszer\u0171, praktikus specifik\u00e1ci\u00f3kkal rendelkez\u0151 SKU-ra van sz\u00fcks\u00e9g\u00fck. 28 000 felf\u00faj\u00e1st \u00e9s 20 \u00edzt egyes\u00edt olyan form\u00e1tumban, amely k\u00f6nnyen elhelyezhet\u0151 a kiskereskedelmi polcokon \u00e9s t\u00f6meges rendel\u00e9sekn\u00e9l.<\/p>\n<p>Az \u00edzv\u00e1laszt\u00e9k 20 \u00edzt \u00f6lel fel, \u00edgy ez a modell j\u00f3l illeszkedik a gy\u00fcm\u00f6lcs\u00f6kh\u00f6z, j\u00e9gekhez, cukork\u00e1khoz \u00e9s vegyes profil\u00fa eldobhat\u00f3 v\u00e1laszt\u00e9khoz.<\/p>\n<h2>Legfontosabb kiemel\u00e9sek<\/h2>\n<ul>\n<li><strong>28.000 f\u00faj\u00e1s<\/strong> a hosszabb \u00e9lettartam\u00fa k\u00e9sz\u00fcl\u00e9kform\u00e1tum \u00e9rdek\u00e9ben<\/li>\n<li><strong>20 \u00edz<\/strong> sz\u00e9lesebb \u00edzv\u00e1laszt\u00e9k lefed\u00e9s\u00e9re<\/li>\n<li><strong>2%<\/strong> nikotin opci\u00f3k a k\u00fcl\u00f6nb\u00f6z\u0151 piaci ig\u00e9nyeknek megfelel\u0151en<\/li>\n<\/ul>\n<h2>M\u0171szaki adatok<\/h2>\n<table>\n<tbody>\n<tr>\n<td><strong>Term\u00e9k neve<\/strong><\/td>\n<td>JNR Falcon Pro 28K Disposable Vape<\/td>\n<\/tr>\n<tr>\n<td><strong>Puff Count<\/strong><\/td>\n<td>28.000 f\u00faj\u00e1s<\/td>\n<\/tr>\n<tr>\n<td><strong>\u00cdzlehet\u0151s\u00e9gek<\/strong><\/td>\n<td>20 \u00edz<\/td>\n<\/tr>\n<tr>\n<td><strong>Nikotin Er\u0151<\/strong><\/td>\n<td>2%<\/td>\n<\/tr>\n<\/tbody>\n<\/table>\n<h2>\u00cdzlehet\u0151s\u00e9gek<\/h2>\n<p>Az el\u00e9rhet\u0151 \u00edzes\u00edt\u00e9si lehet\u0151s\u00e9gek k\u00f6z\u00e9 tartozik az eper j\u00e9g, a cseresznye k\u00f3la, a g\u00f6r\u00f6gdinnye j\u00e9g, a k\u00e9k m\u00e1lna cseresznye, az epres kivi, a l\u00e9d\u00fas \u0151szibarack, az \u00e1fony\u00e1s j\u00e9g, a vegyes bogy\u00f3k \u00e9s m\u00e9g sok m\u00e1s. Ez seg\u00edt abban, hogy a JNR Falcon Pro 28K a gy\u00fcm\u00f6lcs, j\u00e9g, cukorka \u00e9s \u00e9des profil\u00fa eldobhat\u00f3 vape v\u00e1laszt\u00e9k sz\u00e9lesebb kever\u00e9k\u00e9hez illeszkedjen.<\/p>\n","protected":false},"excerpt":{"rendered":"<p>T\u00f6ltsd fel polcaidat a JNR Falcon Pro 28K-vel \u2014 28000 szippant\u00e1s, 21 \u00edzek, 2% nikotin. Nagykereskedelemben 10 darabt\u00f3l el\u00e9rhet\u0151.<\/p>\n","protected":false},"featured_media":122743,"comment_status":"open","ping_status":"closed","template":"","meta":[],"product_brand":[],"product_cat":[684,648,639,657,702,766],"product_tag":[],"class_list":{"0":"post-129305","1":"product","2":"type-product","3":"status-publish","4":"has-post-thumbnail","6":"product_cat-eldobhato-vape-ek-lengyelorszag-hu","7":"product_cat-eldobhato-vape-ek-magyarorszag-hu","8":"product_cat-eldobhato-vape-ek-nemetorszag-hu","9":"product_cat-eldobhato-vape-ek-olaszorszag-hu","10":"product_cat-eldobhato-vape-ek-spanyolorszag-hu","11":"product_cat-jnr-hu","13":"first","14":"instock","15":"shipping-taxable","16":"purchasable","17":"product-type-variable","18":"has-default-attributes"},"tiered_pricing_type":"fixed","tiered_pricing_fixed_rules":[],"tiered_pricing_product_settings":{"layout":"default","base_unit_name":{"singular":null,"plural":null},"default_variation":null},"tiered_pricing_minimum_quantity":1000,"tiered_pricing_roles_data":[],"tiered_pricing_percentage_rules":[],"tiered_pricing_maximum_quantity":null,"tiered_pricing_quantity_step":"10","_links":{"self":[{"href":"https:\/\/holavape.com\/hu\/wp-json\/wp\/v2\/product\/129305","targetHints":{"allow":["GET"]}}],"collection":[{"href":"https:\/\/holavape.com\/hu\/wp-json\/wp\/v2\/product"}],"about":[{"href":"https:\/\/holavape.com\/hu\/wp-json\/wp\/v2\/types\/product"}],"replies":[{"embeddable":true,"href":"https:\/\/holavape.com\/hu\/wp-json\/wp\/v2\/comments?post=129305"}],"wp:featuredmedia":[{"embeddable":true,"href":"https:\/\/holavape.com\/hu\/wp-json\/wp\/v2\/media\/122743"}],"wp:attachment":[{"href":"https:\/\/holavape.com\/hu\/wp-json\/wp\/v2\/media?parent=129305"}],"wp:term":[{"taxonomy":"product_brand","embeddable":true,"href":"https:\/\/holavape.com\/hu\/wp-json\/wp\/v2\/product_brand?post=129305"},{"taxonomy":"product_cat","embeddable":true,"href":"https:\/\/holavape.com\/hu\/wp-json\/wp\/v2\/product_cat?post=129305"},{"taxonomy":"product_tag","embeddable":true,"href":"https:\/\/holavape.com\/hu\/wp-json\/wp\/v2\/product_tag?post=129305"}],"curies":[{"name":"wp","href":"https:\/\/api.w.org\/{rel}","templated":true}]}}