{"id":130584,"date":"2026-04-17T06:38:07","date_gmt":"2026-04-17T06:38:07","guid":{"rendered":"https:\/\/holavape.com\/product\/vozol-gear-shisha-25k-2\/"},"modified":"2026-04-21T08:32:23","modified_gmt":"2026-04-21T08:32:23","slug":"vozol-gear-shisha-25k-2","status":"publish","type":"product","link":"https:\/\/holavape.com\/hu\/termek\/vozol-gear-shisha-25k-2\/","title":{"rendered":"VOZOL GEAR SHISHA 25K | 25000 szippant\u00e1s, dupla mesh, okos kijelz\u0151, v\u00edzipipa st\u00edlus, eldobhat\u00f3 vape nagykereskedelem"},"content":{"rendered":"<h2>VOZOL GEAR SHISHA 25K \u00c1ttekint\u00e9s<\/h2>\n<p>A VOZOL GEAR SHISHA 25K egy v\u00edzipip\u00e1s st\u00edlus\u00fa eldobhat\u00f3 v\u00edzipipa olyan nagykereskedelmi v\u00e1s\u00e1rl\u00f3k sz\u00e1m\u00e1ra, akiknek v\u00edzipipa st\u00edlus\u00fa lehet\u0151s\u00e9gre van sz\u00fcks\u00e9g\u00fck sz\u00e9lesebb \u00edzvil\u00e1ggal. Egyes\u00edti a 25 000 felf\u00faj\u00e1st, a dual mesh tekercset \u00e9s az intelligens k\u00e9perny\u0151t olyan form\u00e1tumban, amely k\u00f6nnyen poz\u00edcion\u00e1lhat\u00f3 a kiskereskedelmi polcokon \u00e9s a t\u00f6meges rendel\u00e9sekn\u00e9l.<\/p>\n<p>Az \u00edzv\u00e1laszt\u00e9k 21 \u00edzt \u00f6lel fel, \u00edgy ez a modell j\u00f3l illeszkedik a gy\u00fcm\u00f6lcs\u00f6kh\u00f6z, j\u00e9gekhez, cukork\u00e1khoz \u00e9s vegyes profil\u00fa eldobhat\u00f3 v\u00e1laszt\u00e9khoz.<\/p>\n<h2>Legfontosabb kiemel\u00e9sek<\/h2>\n<ul>\n<li><strong>25.000 f\u00faj\u00e1s<\/strong> a hosszabb \u00e9lettartam\u00fa k\u00e9sz\u00fcl\u00e9kform\u00e1tum \u00e9rdek\u00e9ben<\/li>\n<li><strong>kett\u0151s h\u00e1l\u00f3s tekercsek<\/strong> egyenletesebb \u00edzkibocs\u00e1t\u00e1s \u00e9s l\u00e1gyabb g\u0151z \u00e9rdek\u00e9ben<\/li>\n<li><strong>intelligens k\u00e9perny\u0151<\/strong> \u00edgy a felhaszn\u00e1l\u00f3k k\u00f6nnyebben ellen\u0151rizhetik a kulcsfontoss\u00e1g\u00fa eszk\u00f6z \u00e1llapot\u00e1t<\/li>\n<li><strong>21 \u00edz<\/strong> sz\u00e9lesebb \u00edzv\u00e1laszt\u00e9k lefed\u00e9s\u00e9re<\/li>\n<li><strong>5%<\/strong> nikotin opci\u00f3k a k\u00fcl\u00f6nb\u00f6z\u0151 piaci ig\u00e9nyeknek megfelel\u0151en<\/li>\n<\/ul>\n<h2>M\u0171szaki adatok<\/h2>\n<table>\n<tbody>\n<tr>\n<td><strong>Term\u00e9k neve<\/strong><\/td>\n<td>VOZOL GEAR SHISHA 25K<\/td>\n<\/tr>\n<tr>\n<td><strong>Puff Count<\/strong><\/td>\n<td>25.000 f\u00faj\u00e1s<\/td>\n<\/tr>\n<tr>\n<td><strong>Tekercs<\/strong><\/td>\n<td>kett\u0151s h\u00e1l\u00f3s tekercsek<\/td>\n<\/tr>\n<tr>\n<td><strong>Kijelz\u0151<\/strong><\/td>\n<td>intelligens k\u00e9perny\u0151<\/td>\n<\/tr>\n<tr>\n<td><strong>\u00cdzlehet\u0151s\u00e9gek<\/strong><\/td>\n<td>21 \u00edz<\/td>\n<\/tr>\n<tr>\n<td><strong>Nikotin Er\u0151<\/strong><\/td>\n<td>5%<\/td>\n<\/tr>\n<\/tbody>\n<\/table>\n<h2>\u00cdzlehet\u0151s\u00e9gek<\/h2>\n<p>Az el\u00e9rhet\u0151 \u00edzes\u00edt\u00e9si lehet\u0151s\u00e9gek k\u00f6z\u00e9 tartozik a k\u00e9t alma, a g\u00f6r\u00f6gdinnye j\u00e9g, a mang\u00f3fagyaszt\u00e1s, a mang\u00f3 \u0151szibarack, az \u00e1fony\u00e1s j\u00e9g, a citrom parf\u00fcm, a k\u00e9k m\u00e1lna j\u00e9g, a sz\u0151l\u0151j\u00e9g stb. Ez seg\u00edt a VOZOL GEAR SHISHA 25K sz\u00e1m\u00e1ra, hogy a gy\u00fcm\u00f6lcs\u00f6k, j\u00e9gkr\u00e9mek, cukork\u00e1k \u00e9s \u00e9des profil\u00fa eldobhat\u00f3 vape-v\u00e1laszt\u00e9kok sz\u00e9lesebb kever\u00e9k\u00e9hez illeszkedjen.<\/p>\n","protected":false},"excerpt":{"rendered":"<p>Eg\u00e9sz\u00edtsd ki k\u00edn\u00e1latod a VOZOL GEAR SHISHA 25K-vel: 25000 szippant\u00e1s, dupla mesh, okos kijelz\u0151. Nagykereskedelmi rendel\u00e9sek 10 darabt\u00f3l.<\/p>\n","protected":false},"featured_media":122689,"comment_status":"open","ping_status":"closed","template":"","meta":[],"product_brand":[],"product_cat":[865],"product_tag":[],"class_list":{"0":"post-130584","1":"product","2":"type-product","3":"status-publish","4":"has-post-thumbnail","6":"product_cat-vozol-hu","8":"first","9":"instock","10":"shipping-taxable","11":"purchasable","12":"product-type-variable","13":"has-default-attributes"},"tiered_pricing_type":"fixed","tiered_pricing_fixed_rules":{"2000":6.71999999999999975131004248396493494510650634765625},"tiered_pricing_product_settings":{"layout":"default","base_unit_name":{"singular":null,"plural":null},"default_variation":null},"tiered_pricing_minimum_quantity":1000,"tiered_pricing_roles_data":[],"tiered_pricing_percentage_rules":[],"tiered_pricing_maximum_quantity":null,"tiered_pricing_quantity_step":"100","_links":{"self":[{"href":"https:\/\/holavape.com\/hu\/wp-json\/wp\/v2\/product\/130584","targetHints":{"allow":["GET"]}}],"collection":[{"href":"https:\/\/holavape.com\/hu\/wp-json\/wp\/v2\/product"}],"about":[{"href":"https:\/\/holavape.com\/hu\/wp-json\/wp\/v2\/types\/product"}],"replies":[{"embeddable":true,"href":"https:\/\/holavape.com\/hu\/wp-json\/wp\/v2\/comments?post=130584"}],"wp:featuredmedia":[{"embeddable":true,"href":"https:\/\/holavape.com\/hu\/wp-json\/wp\/v2\/media\/122689"}],"wp:attachment":[{"href":"https:\/\/holavape.com\/hu\/wp-json\/wp\/v2\/media?parent=130584"}],"wp:term":[{"taxonomy":"product_brand","embeddable":true,"href":"https:\/\/holavape.com\/hu\/wp-json\/wp\/v2\/product_brand?post=130584"},{"taxonomy":"product_cat","embeddable":true,"href":"https:\/\/holavape.com\/hu\/wp-json\/wp\/v2\/product_cat?post=130584"},{"taxonomy":"product_tag","embeddable":true,"href":"https:\/\/holavape.com\/hu\/wp-json\/wp\/v2\/product_tag?post=130584"}],"curies":[{"name":"wp","href":"https:\/\/api.w.org\/{rel}","templated":true}]}}