{"id":131995,"date":"2026-04-17T06:18:11","date_gmt":"2026-04-17T06:18:11","guid":{"rendered":"https:\/\/holavape.com\/product\/fumot-randm-crystal-12k-disposable-vape\/"},"modified":"2026-04-19T16:46:22","modified_gmt":"2026-04-19T16:46:22","slug":"fumot-randm-crystal-12k-disposable-vape","status":"publish","type":"product","link":"https:\/\/holavape.com\/hu\/termek\/fumot-randm-crystal-12k-disposable-vape\/","title":{"rendered":"FUMOT RandM Crystal 12K eldobhato vape"},"content":{"rendered":"<h2>FUMOT RandM Crystal 12K Disposable Vape \u00c1ttekint\u00e9s<\/h2>\n<p>A FUMOT RandM Crystal 12K Disposable Vape egy kijelz\u0151re f\u00f3kusz\u00e1lt eldobhat\u00f3 vape, amelyet nagykereskedelmi v\u00e1s\u00e1rl\u00f3knak terveztek, akiknek er\u0151sebb polcra van sz\u00fcks\u00e9g\u00fck an\u00e9lk\u00fcl, hogy t\u00falbonyol\u00edtan\u00e1k a v\u00e1laszt\u00e9kot. 12 000 felf\u00faj\u00e1st, 20 ml-es e-liquid-et \u00e9s h\u00e1l\u00f3s tekercset egyes\u00edt olyan form\u00e1tumban, amely k\u00f6nnyen poz\u00edcion\u00e1lhat\u00f3 kiskereskedelmi polcokon \u00e9s t\u00f6meges rendel\u00e9sekn\u00e9l.<\/p>\n<p>Az \u00edzv\u00e1laszt\u00e9k 36 \u00edzt \u00f6lel fel, \u00edgy ez a modell t\u00f6k\u00e9letesen illeszkedik a gy\u00fcm\u00f6lcs\u00f6kh\u00f6z, j\u00e9gekhez, cukork\u00e1khoz \u00e9s vegyes profil\u00fa eldobhat\u00f3 v\u00e1laszt\u00e9khoz.<\/p>\n<h2>Legfontosabb kiemel\u00e9sek<\/h2>\n<ul>\n<li><strong>12.000 f\u00faj\u00e1s<\/strong> a hosszabb \u00e9lettartam\u00fa k\u00e9sz\u00fcl\u00e9kform\u00e1tum \u00e9rdek\u00e9ben<\/li>\n<li><strong>20 ml e-liquid<\/strong> a nagyobb puffad\u00e1ssz\u00e1m \u00e9s a hosszabb napi haszn\u00e1lat t\u00e1mogat\u00e1s\u00e1ra<\/li>\n<li><strong>h\u00e1l\u00f3s tekercs<\/strong> egyenletesebb \u00edzkibocs\u00e1t\u00e1s \u00e9s l\u00e1gyabb g\u0151z \u00e9rdek\u00e9ben<\/li>\n<li><strong>LED kijelz\u0151<\/strong> \u00edgy a felhaszn\u00e1l\u00f3k k\u00f6nnyebben ellen\u0151rizhetik a kulcsfontoss\u00e1g\u00fa eszk\u00f6z \u00e1llapot\u00e1t<\/li>\n<li><strong>36 \u00edz<\/strong> sz\u00e9lesebb \u00edzv\u00e1laszt\u00e9k lefed\u00e9s\u00e9re<\/li>\n<li><strong>2% \/ 5%<\/strong> nikotin opci\u00f3k a k\u00fcl\u00f6nb\u00f6z\u0151 piaci ig\u00e9nyeknek megfelel\u0151en<\/li>\n<\/ul>\n<h2>M\u0171szaki adatok<\/h2>\n<table>\n<tbody>\n<tr>\n<td><strong>Term\u00e9k neve<\/strong><\/td>\n<td>FUMOT RandM Crystal 12K Disposable Vape<\/td>\n<\/tr>\n<tr>\n<td><strong>Puff Count<\/strong><\/td>\n<td>12.000 f\u00faj\u00e1s<\/td>\n<\/tr>\n<tr>\n<td><strong>E-folyad\u00e9k kapacit\u00e1s<\/strong><\/td>\n<td>20 ml e-liquid<\/td>\n<\/tr>\n<tr>\n<td><strong>Tekercs<\/strong><\/td>\n<td>h\u00e1l\u00f3s tekercs<\/td>\n<\/tr>\n<tr>\n<td><strong>Kijelz\u0151<\/strong><\/td>\n<td>LED kijelz\u0151<\/td>\n<\/tr>\n<tr>\n<td><strong>\u00cdzlehet\u0151s\u00e9gek<\/strong><\/td>\n<td>36 \u00edz<\/td>\n<\/tr>\n<tr>\n<td><strong>Nikotin Er\u0151<\/strong><\/td>\n<td>2% \/ 5%<\/td>\n<\/tr>\n<\/tbody>\n<\/table>\n<h2>\u00cdzlehet\u0151s\u00e9gek<\/h2>\n<p>Az el\u00e9rhet\u0151 \u00edzes\u00edt\u00e9si lehet\u0151s\u00e9gek k\u00f6z\u00e9 tartozik az aloe sz\u0151l\u0151, a ban\u00e1n j\u00e9g, a bogy\u00f3s m\u00e1lna cseresznye, a k\u00e9k m\u00e1lna j\u00e9g, a hideg menta, a k\u00f3laj\u00e9g, a s\u00e1rk\u00e1nygy\u00fcm\u00f6lcs j\u00e9g, a r\u00f3zsasz\u00edn limon\u00e1d\u00e9 \u00e9s m\u00e9g sok m\u00e1s. Ez seg\u00edt abban, hogy a FUMOT RandM Crystal 12K a gy\u00fcm\u00f6lcs, j\u00e9g, cukorka \u00e9s \u00e9des profil\u00fa eldobhat\u00f3 vape v\u00e1laszt\u00e9k sz\u00e9lesebb kever\u00e9k\u00e9hez illeszkedjen.<\/p>\n","protected":false},"excerpt":{"rendered":"<p>A FUMOT RandM Crystal 12000 f\u00fav\u00f3ka 12 000 f\u00faj\u00e1st, 20 ml e-folyad\u00e9kot, LED-es kijelz\u0151t \u00e9s mesh tekercs teljes\u00edtm\u00e9nyt biztos\u00edt. Polcra k\u00e9sz lehet\u0151s\u00e9g azoknak a v\u00e1s\u00e1rl\u00f3knak, akik er\u0151sebb l\u00e1tv\u00e1nyra v\u00e1gynak an\u00e9lk\u00fcl, hogy elvesz\u00edten\u00e9k a praktikus jellemz\u0151ket. \ud83d\udc8e<\/p>\n","protected":false},"featured_media":121385,"comment_status":"open","ping_status":"closed","template":"","meta":[],"product_brand":[],"product_cat":[432,549,558,360,612,621,630,666,684,648,639,675,657,693,702,720,711,369,352,522,567,811,531],"product_tag":[],"class_list":{"0":"post-131995","1":"product","2":"type-product","3":"status-publish","4":"has-post-thumbnail","6":"product_cat-12000-szivas-eldobhato-vape-hu","7":"product_cat-crystal-vapes-hu","8":"product_cat-digitalis-box-vape-ek-hu","9":"product_cat-eldobhato-vape-tipusok-hu","10":"product_cat-eldobhato-vape-ek-ausztria-hu","11":"product_cat-eldobhato-vape-ek-belgium-hu","12":"product_cat-eldobhato-vape-ek-franciaorszag-hu","13":"product_cat-eldobhato-vape-ek-hollandia-hu","14":"product_cat-eldobhato-vape-ek-lengyelorszag-hu","15":"product_cat-eldobhato-vape-ek-magyarorszag-hu","16":"product_cat-eldobhato-vape-ek-nemetorszag-hu","17":"product_cat-eldobhato-vape-ek-norvegia-hu","18":"product_cat-eldobhato-vape-ek-olaszorszag-hu","19":"product_cat-eldobhato-vape-ek-portugalia-hu","20":"product_cat-eldobhato-vape-ek-spanyolorszag-hu","21":"product_cat-eldobhato-vape-ek-svajc-hu","22":"product_cat-eldobhato-vape-ek-svedorszag-hu","23":"product_cat-eldobhato-vape-ek-europaban-hu","24":"product_cat-eldobhato-vape-ek-szivasszam-szerint-hu","25":"product_cat-nagy-szivasszamu-vape-ek-hu","26":"product_cat-okos-kijelzos-vape-ek-hu","27":"product_cat-randm-hu","28":"product_cat-ujratoltheto-vape-ek-hu","30":"first","31":"instock","32":"shipping-taxable","33":"purchasable","34":"product-type-variable","35":"has-default-attributes"},"tiered_pricing_type":"fixed","tiered_pricing_fixed_rules":{"2000":5.0999999999999996447286321199499070644378662109375},"tiered_pricing_product_settings":{"layout":"default","base_unit_name":{"singular":null,"plural":null},"default_variation":null},"tiered_pricing_minimum_quantity":1000,"tiered_pricing_roles_data":[],"tiered_pricing_percentage_rules":[],"tiered_pricing_maximum_quantity":null,"tiered_pricing_quantity_step":"10","_links":{"self":[{"href":"https:\/\/holavape.com\/hu\/wp-json\/wp\/v2\/product\/131995","targetHints":{"allow":["GET"]}}],"collection":[{"href":"https:\/\/holavape.com\/hu\/wp-json\/wp\/v2\/product"}],"about":[{"href":"https:\/\/holavape.com\/hu\/wp-json\/wp\/v2\/types\/product"}],"replies":[{"embeddable":true,"href":"https:\/\/holavape.com\/hu\/wp-json\/wp\/v2\/comments?post=131995"}],"wp:featuredmedia":[{"embeddable":true,"href":"https:\/\/holavape.com\/hu\/wp-json\/wp\/v2\/media\/121385"}],"wp:attachment":[{"href":"https:\/\/holavape.com\/hu\/wp-json\/wp\/v2\/media?parent=131995"}],"wp:term":[{"taxonomy":"product_brand","embeddable":true,"href":"https:\/\/holavape.com\/hu\/wp-json\/wp\/v2\/product_brand?post=131995"},{"taxonomy":"product_cat","embeddable":true,"href":"https:\/\/holavape.com\/hu\/wp-json\/wp\/v2\/product_cat?post=131995"},{"taxonomy":"product_tag","embeddable":true,"href":"https:\/\/holavape.com\/hu\/wp-json\/wp\/v2\/product_tag?post=131995"}],"curies":[{"name":"wp","href":"https:\/\/api.w.org\/{rel}","templated":true}]}}