{"id":132430,"date":"2026-04-17T06:32:15","date_gmt":"2026-04-17T06:32:15","guid":{"rendered":"https:\/\/holavape.com\/product\/waspe-40k-twins-disposable-vape\/"},"modified":"2026-04-19T15:15:52","modified_gmt":"2026-04-19T15:15:52","slug":"waspe-40k-twins-disposable-vape","status":"publish","type":"product","link":"https:\/\/holavape.com\/hu\/termek\/waspe-40k-twins-disposable-vape\/","title":{"rendered":"WASPE 40K Twins eldobhato vape"},"content":{"rendered":"<h2>WASPE 40K Twins Disposable Vape \u00c1ttekint\u00e9s<\/h2>\n<p>A WASPE 40K Twins Disposable Vape egy t\u00f6bb \u00edz\u0171, eldobhat\u00f3 vape nagykereskedelmi v\u00e1s\u00e1rl\u00f3k sz\u00e1m\u00e1ra, akiknek t\u00f6bb \u00edzv\u00e1laszt\u00e9kra van sz\u00fcks\u00e9g\u00fck egyetlen k\u00e9sz\u00fcl\u00e9kben. Egyes\u00edti a 40 000 felf\u00faj\u00e1st, a 36 ml-es e-liquid-et \u00e9s a dual mesh tekercseket olyan form\u00e1tumban, amely k\u00f6nnyen poz\u00edcion\u00e1lhat\u00f3 a kiskereskedelmi polcokon \u00e9s a t\u00f6meges rendel\u00e9sekn\u00e9l.<\/p>\n<p>Az alap\u00e9rtelmezett 2%-os verzi\u00f3 EU rakt\u00e1runkban tal\u00e1lhat\u00f3, \u00edgy Eur\u00f3pa-szerte gyorsabb lesz a kisz\u00e1ll\u00edt\u00e1s, ami megk\u00f6nny\u00edti a gyorsabban mozg\u00f3 nagykereskedelmi ut\u00e1np\u00f3tl\u00e1s t\u00e1mogat\u00e1s\u00e1t.<\/p>\n<h2>Legfontosabb kiemel\u00e9sek<\/h2>\n<ul>\n<li><strong>40.000 f\u00faj\u00e1s<\/strong> a hosszabb \u00e9lettartam\u00fa k\u00e9sz\u00fcl\u00e9kform\u00e1tum \u00e9rdek\u00e9ben<\/li>\n<li><strong>Kett\u0151s \u00edz v\u00e1lt\u00e1s<\/strong> t\u00f6bb v\u00e1ltozatoss\u00e1g \u00e9rdek\u00e9ben extra cikksz\u00e1mok n\u00e9lk\u00fcl<\/li>\n<li><strong>36 ml e-liquid<\/strong> a nagyobb puffad\u00e1ssz\u00e1m \u00e9s a hosszabb napi haszn\u00e1lat t\u00e1mogat\u00e1s\u00e1ra<\/li>\n<li><strong>kett\u0151s h\u00e1l\u00f3s tekercsek<\/strong> egyenletesebb \u00edzkibocs\u00e1t\u00e1s \u00e9s l\u00e1gyabb g\u0151z \u00e9rdek\u00e9ben<\/li>\n<li><strong>21 \u00edz<\/strong> sz\u00e9lesebb \u00edzv\u00e1laszt\u00e9k lefed\u00e9s\u00e9re<\/li>\n<li><strong>0% \/ 2% \/ 5%<\/strong> nikotin opci\u00f3k a k\u00fcl\u00f6nb\u00f6z\u0151 piaci ig\u00e9nyeknek megfelel\u0151en<\/li>\n<\/ul>\n<h2>M\u0171szaki adatok<\/h2>\n<table>\n<tbody>\n<tr>\n<td><strong>Term\u00e9k neve<\/strong><\/td>\n<td>WASPE 40K Twins Disposable Vape<\/td>\n<\/tr>\n<tr>\n<td><strong>Puff Count<\/strong><\/td>\n<td>40.000 f\u00faj\u00e1s<\/td>\n<\/tr>\n<tr>\n<td><strong>E-folyad\u00e9k kapacit\u00e1s<\/strong><\/td>\n<td>36 ml e-liquid<\/td>\n<\/tr>\n<tr>\n<td><strong>Tekercs<\/strong><\/td>\n<td>kett\u0151s h\u00e1l\u00f3s tekercsek<\/td>\n<\/tr>\n<tr>\n<td><strong>\u00cdzrendszer<\/strong><\/td>\n<td>kett\u0151s \u00edz v\u00e1lt\u00e1s<\/td>\n<\/tr>\n<tr>\n<td><strong>Nikotin Er\u0151<\/strong><\/td>\n<td>0% \/ 2% \/ 5%<\/td>\n<\/tr>\n<\/tbody>\n<\/table>\n<h2>\u00cdzlehet\u0151s\u00e9gek<\/h2>\n<p>Az el\u00e9rhet\u0151 \u00edzek k\u00f6z\u00e9 tartoznak a v\u00e9letlenszer\u0171 kevert \u00edzek, g\u00f6r\u00f6gdinnye j\u00e9g \u00e9s citrom lime, sz\u00e9nsavas cseresznye j\u00e9g \u00e9s \u00e1fony\u00e1s vattacukor, epres g\u00f6r\u00f6gdinnye \u00e9s \u00e1fony\u00e1s m\u00e1lna, Red Bull j\u00e9g \u00e9s epermang\u00f3, \u0151szibarack j\u00e9g \u00e9s anan\u00e1szmang\u00f3 \u0151szibarack, sz\u0151l\u0151j\u00e9g \u00e9s eper kiwi, dupla alm\u00e1s vegyes bogy\u00f3 \u00e9s sok m\u00e1s. Ez seg\u00edt a WASPE 40K Twins sz\u00e1m\u00e1ra, hogy a gy\u00fcm\u00f6lcs, j\u00e9g, cukorka \u00e9s \u00e9des profil\u00fa eldobhat\u00f3 vape v\u00e1laszt\u00e9k sz\u00e9lesebb kever\u00e9k\u00e9hez illeszkedjen.<\/p>\n","protected":false},"excerpt":{"rendered":"<p>WASPE 40K Double Flavor Twins 40 000 bef\u00faj\u00e1s, 40 000 f\u00faj\u00e1s, kett\u0151s \u00edz\u0171 kapcsol\u00e1s, 36 ml-es e-liquid \u00e9s kett\u0151s h\u00e1l\u00f3s tekercsek. Er\u0151s EU-rakt\u00e1ri v\u00e1laszt\u00e1s azoknak a v\u00e1s\u00e1rl\u00f3knak, akik t\u00f6bb v\u00e1ltozatot szeretn\u00e9nek egyetlen k\u00e9sz\u00fcl\u00e9kben. \ud83c\udf08<\/p>\n","protected":false},"featured_media":122439,"comment_status":"open","ping_status":"closed","template":"","meta":[],"product_brand":[],"product_cat":[495,558,585,360,612,621,630,666,684,648,639,675,657,693,702,720,711,369,352,594,522,567,603,378,531,874],"product_tag":[165,1100,1101,1102,1103,1104],"class_list":{"0":"post-132430","1":"product","2":"type-product","3":"status-publish","4":"has-post-thumbnail","6":"product_cat-40000-szivas-eldobhato-vape-hu","7":"product_cat-digitalis-box-vape-ek-hu","8":"product_cat-dupla-izu-vape-ek-hu","9":"product_cat-eldobhato-vape-tipusok-hu","10":"product_cat-eldobhato-vape-ek-ausztria-hu","11":"product_cat-eldobhato-vape-ek-belgium-hu","12":"product_cat-eldobhato-vape-ek-franciaorszag-hu","13":"product_cat-eldobhato-vape-ek-hollandia-hu","14":"product_cat-eldobhato-vape-ek-lengyelorszag-hu","15":"product_cat-eldobhato-vape-ek-magyarorszag-hu","16":"product_cat-eldobhato-vape-ek-nemetorszag-hu","17":"product_cat-eldobhato-vape-ek-norvegia-hu","18":"product_cat-eldobhato-vape-ek-olaszorszag-hu","19":"product_cat-eldobhato-vape-ek-portugalia-hu","20":"product_cat-eldobhato-vape-ek-spanyolorszag-hu","21":"product_cat-eldobhato-vape-ek-svajc-hu","22":"product_cat-eldobhato-vape-ek-svedorszag-hu","23":"product_cat-eldobhato-vape-ek-europaban-hu","24":"product_cat-eldobhato-vape-ek-szivasszam-szerint-hu","25":"product_cat-legjobb-eldobhato-vape-ek-hu","26":"product_cat-nagy-szivasszamu-vape-ek-hu","27":"product_cat-okos-kijelzos-vape-ek-hu","28":"product_cat-olcso-ujratoltheto-eldobhato-vape-ek-hu","29":"product_cat-raktaron-levo-eldobhato-vape-ek-az-eu-raktarban-hu","30":"product_cat-ujratoltheto-vape-ek-hu","31":"product_cat-waspe-hu","32":"product_tag-best-disposable-vapes","33":"product_tag-disposable-vape-in-europe","34":"product_tag-screen-vape","35":"product_tag-vape-suppliers","36":"product_tag-wholesale-vapes","37":"product_tag-wholesale-vapor","39":"first","40":"instock","41":"shipping-taxable","42":"purchasable","43":"product-type-variable","44":"has-default-attributes"},"tiered_pricing_type":"fixed","tiered_pricing_fixed_rules":{"30":8.230000000000000426325641456060111522674560546875,"50":7.12999999999999989341858963598497211933135986328125,"100":6.61000000000000031974423109204508364200592041015625,"200":6.21999999999999975131004248396493494510650634765625,"400":5.63999999999999968025576890795491635799407958984375},"tiered_pricing_product_settings":{"layout":"default","base_unit_name":{"singular":null,"plural":null},"default_variation":null},"tiered_pricing_minimum_quantity":10,"tiered_pricing_roles_data":[],"tiered_pricing_percentage_rules":[],"tiered_pricing_maximum_quantity":null,"tiered_pricing_quantity_step":"10","_links":{"self":[{"href":"https:\/\/holavape.com\/hu\/wp-json\/wp\/v2\/product\/132430","targetHints":{"allow":["GET"]}}],"collection":[{"href":"https:\/\/holavape.com\/hu\/wp-json\/wp\/v2\/product"}],"about":[{"href":"https:\/\/holavape.com\/hu\/wp-json\/wp\/v2\/types\/product"}],"replies":[{"embeddable":true,"href":"https:\/\/holavape.com\/hu\/wp-json\/wp\/v2\/comments?post=132430"}],"wp:featuredmedia":[{"embeddable":true,"href":"https:\/\/holavape.com\/hu\/wp-json\/wp\/v2\/media\/122439"}],"wp:attachment":[{"href":"https:\/\/holavape.com\/hu\/wp-json\/wp\/v2\/media?parent=132430"}],"wp:term":[{"taxonomy":"product_brand","embeddable":true,"href":"https:\/\/holavape.com\/hu\/wp-json\/wp\/v2\/product_brand?post=132430"},{"taxonomy":"product_cat","embeddable":true,"href":"https:\/\/holavape.com\/hu\/wp-json\/wp\/v2\/product_cat?post=132430"},{"taxonomy":"product_tag","embeddable":true,"href":"https:\/\/holavape.com\/hu\/wp-json\/wp\/v2\/product_tag?post=132430"}],"curies":[{"name":"wp","href":"https:\/\/api.w.org\/{rel}","templated":true}]}}