{"id":134740,"date":"2026-04-17T05:36:55","date_gmt":"2026-04-17T05:36:55","guid":{"rendered":"https:\/\/holavape.com\/product\/bang-box-15k-disposable-vape\/"},"modified":"2026-04-19T14:51:18","modified_gmt":"2026-04-19T14:51:18","slug":"bang-box-15k-disposable-vape","status":"publish","type":"product","link":"https:\/\/holavape.com\/hu\/termek\/bang-box-15k-disposable-vape\/","title":{"rendered":"Bang Box 15K eldobhato vape"},"content":{"rendered":"<h2>Bang Box 15K Disposable Vape \u00c1ttekint\u00e9s<\/h2>\n<p>A Bang Box 15K Disposable Vape egy eldobhat\u00f3 vape nagykereskedelmi v\u00e1s\u00e1rl\u00f3k sz\u00e1m\u00e1ra, akiknek egyszer\u0171, praktikus specifik\u00e1ci\u00f3kkal rendelkez\u0151 SKU-ra van sz\u00fcks\u00e9g\u00fck. Egyes\u00edti a 15 000 felf\u00faj\u00e1st, a 25 ml-es e-liquid-et \u00e9s a h\u00e1l\u00f3s tekercset olyan form\u00e1tumban, amely k\u00f6nnyen poz\u00edcion\u00e1lhat\u00f3 a kiskereskedelmi polcokon \u00e9s a t\u00f6meges rendel\u00e9sekn\u00e9l.<\/p>\n<p>Az \u00edzv\u00e1laszt\u00e9k 12 \u00edzt \u00f6lel fel, \u00edgy ez a modell j\u00f3l illeszkedik a gy\u00fcm\u00f6lcs\u00f6kh\u00f6z, j\u00e9gekhez, cukork\u00e1khoz \u00e9s vegyes profil\u00fa eldobhat\u00f3 term\u00e9kekhez.<\/p>\n<h2>Legfontosabb kiemel\u00e9sek<\/h2>\n<ul>\n<li><strong>15.000 f\u00faj\u00e1s<\/strong> a hosszabb \u00e9lettartam\u00fa k\u00e9sz\u00fcl\u00e9kform\u00e1tum \u00e9rdek\u00e9ben<\/li>\n<li><strong>25 ml e-liquid<\/strong> a nagyobb puffad\u00e1ssz\u00e1m \u00e9s a hosszabb napi haszn\u00e1lat t\u00e1mogat\u00e1s\u00e1ra<\/li>\n<li><strong>h\u00e1l\u00f3s tekercs<\/strong> egyenletesebb \u00edzkibocs\u00e1t\u00e1s \u00e9s l\u00e1gyabb g\u0151z \u00e9rdek\u00e9ben<\/li>\n<li><strong>650 mAh akkumul\u00e1tor Type-C \u00fajrat\u00f6lthet\u0151<\/strong> a k\u00e9nyelmes \u00fajrat\u00f6lt\u00e9s \u00e9rdek\u00e9ben<\/li>\n<li><strong>12 \u00edz<\/strong> sz\u00e9lesebb \u00edzv\u00e1laszt\u00e9k lefed\u00e9s\u00e9re<\/li>\n<li><strong>0% \/ 2% \/ 3% \/ 5%<\/strong> nikotin opci\u00f3k a k\u00fcl\u00f6nb\u00f6z\u0151 piaci ig\u00e9nyeknek megfelel\u0151en<\/li>\n<\/ul>\n<h2>M\u0171szaki adatok<\/h2>\n<table>\n<tbody>\n<tr>\n<td><strong>Term\u00e9k neve<\/strong><\/td>\n<td>Bang Box 15K Disposable Vape<\/td>\n<\/tr>\n<tr>\n<td><strong>Puff Count<\/strong><\/td>\n<td>15.000 f\u00faj\u00e1s<\/td>\n<\/tr>\n<tr>\n<td><strong>E-folyad\u00e9k kapacit\u00e1s<\/strong><\/td>\n<td>25 ml e-liquid<\/td>\n<\/tr>\n<tr>\n<td><strong>Akkumul\u00e1tor<\/strong><\/td>\n<td>650 mAh akkumul\u00e1tor<\/td>\n<\/tr>\n<tr>\n<td><strong>T\u00f6lt\u00e9s<\/strong><\/td>\n<td>Type-C \u00fajrat\u00f6lthet\u0151<\/td>\n<\/tr>\n<tr>\n<td><strong>Tekercs<\/strong><\/td>\n<td>h\u00e1l\u00f3s tekercs<\/td>\n<\/tr>\n<tr>\n<td><strong>\u00cdzlehet\u0151s\u00e9gek<\/strong><\/td>\n<td>12 \u00edz<\/td>\n<\/tr>\n<tr>\n<td><strong>Nikotin Er\u0151<\/strong><\/td>\n<td>0% \/ 2% \/ 3% \/ 5%<\/td>\n<\/tr>\n<\/tbody>\n<\/table>\n<h2>\u00cdzlehet\u0151s\u00e9gek<\/h2>\n<p>Az el\u00e9rhet\u0151 \u00edzes\u00edt\u00e9si lehet\u0151s\u00e9gek k\u00f6z\u00e9 tartozik az epres kivi, a m\u00e1ln\u00e1s g\u00f6r\u00f6gdinnye, a mang\u00f3s \u0151szibarack g\u00f6r\u00f6gdinnye, az epres sz\u0151l\u0151, az epres mang\u00f3, az epres g\u00f6r\u00f6gdinnye, az \u0151szibarack j\u00e9g, a h\u00e1rmas bogy\u00f3 j\u00e9g \u00e9s m\u00e9g sok m\u00e1s. Ez seg\u00edt abban, hogy a Bang Box 15K a gy\u00fcm\u00f6lcs\u00f6k, j\u00e9gkr\u00e9mek, cukork\u00e1k \u00e9s \u00e9des profil\u00fa eldobhat\u00f3 vape-v\u00e1laszt\u00e9kok sz\u00e9lesebb kever\u00e9k\u00e9hez illeszkedjen.<\/p>\n","protected":false},"excerpt":{"rendered":"<p>Bang A Box 15000 bef\u00faj\u00e1s 15 000 f\u00faj\u00e1st, 25 ml e-folyad\u00e9kot, h\u00e1l\u00f3s tekercs teljes\u00edtm\u00e9nyt \u00e9s 650 mAh Type-C \u00fajrat\u00f6lthet\u0151 akkumul\u00e1tort biztos\u00edt. Praktikus nagykereskedelmi lehet\u0151s\u00e9g azoknak a v\u00e1s\u00e1rl\u00f3knak, akik megb\u00edzhat\u00f3, napi v\u00e9gki\u00e1rus\u00edt\u00e1sra v\u00e1gynak. \ud83c\udfaf<\/p>\n","protected":false},"featured_media":120266,"comment_status":"open","ping_status":"closed","template":"","meta":[],"product_brand":[],"product_cat":[441,738,360,612,621,630,666,684,648,639,675,657,693,702,720,711,369,352,522,531],"product_tag":[],"class_list":{"0":"post-134740","1":"product","2":"type-product","3":"status-publish","4":"has-post-thumbnail","6":"product_cat-15000-szivas-eldobhato-vape-hu","7":"product_cat-bang-hu","8":"product_cat-eldobhato-vape-tipusok-hu","9":"product_cat-eldobhato-vape-ek-ausztria-hu","10":"product_cat-eldobhato-vape-ek-belgium-hu","11":"product_cat-eldobhato-vape-ek-franciaorszag-hu","12":"product_cat-eldobhato-vape-ek-hollandia-hu","13":"product_cat-eldobhato-vape-ek-lengyelorszag-hu","14":"product_cat-eldobhato-vape-ek-magyarorszag-hu","15":"product_cat-eldobhato-vape-ek-nemetorszag-hu","16":"product_cat-eldobhato-vape-ek-norvegia-hu","17":"product_cat-eldobhato-vape-ek-olaszorszag-hu","18":"product_cat-eldobhato-vape-ek-portugalia-hu","19":"product_cat-eldobhato-vape-ek-spanyolorszag-hu","20":"product_cat-eldobhato-vape-ek-svajc-hu","21":"product_cat-eldobhato-vape-ek-svedorszag-hu","22":"product_cat-eldobhato-vape-ek-europaban-hu","23":"product_cat-eldobhato-vape-ek-szivasszam-szerint-hu","24":"product_cat-nagy-szivasszamu-vape-ek-hu","25":"product_cat-ujratoltheto-vape-ek-hu","27":"first","28":"instock","29":"shipping-taxable","30":"purchasable","31":"product-type-variable","32":"has-default-attributes"},"tiered_pricing_type":"fixed","tiered_pricing_fixed_rules":{"2000":5.7599999999999997868371792719699442386627197265625},"tiered_pricing_product_settings":{"layout":"default","base_unit_name":{"singular":null,"plural":null},"default_variation":null},"tiered_pricing_minimum_quantity":1000,"tiered_pricing_roles_data":[],"tiered_pricing_percentage_rules":[],"tiered_pricing_maximum_quantity":null,"tiered_pricing_quantity_step":"10","_links":{"self":[{"href":"https:\/\/holavape.com\/hu\/wp-json\/wp\/v2\/product\/134740","targetHints":{"allow":["GET"]}}],"collection":[{"href":"https:\/\/holavape.com\/hu\/wp-json\/wp\/v2\/product"}],"about":[{"href":"https:\/\/holavape.com\/hu\/wp-json\/wp\/v2\/types\/product"}],"replies":[{"embeddable":true,"href":"https:\/\/holavape.com\/hu\/wp-json\/wp\/v2\/comments?post=134740"}],"wp:featuredmedia":[{"embeddable":true,"href":"https:\/\/holavape.com\/hu\/wp-json\/wp\/v2\/media\/120266"}],"wp:attachment":[{"href":"https:\/\/holavape.com\/hu\/wp-json\/wp\/v2\/media?parent=134740"}],"wp:term":[{"taxonomy":"product_brand","embeddable":true,"href":"https:\/\/holavape.com\/hu\/wp-json\/wp\/v2\/product_brand?post=134740"},{"taxonomy":"product_cat","embeddable":true,"href":"https:\/\/holavape.com\/hu\/wp-json\/wp\/v2\/product_cat?post=134740"},{"taxonomy":"product_tag","embeddable":true,"href":"https:\/\/holavape.com\/hu\/wp-json\/wp\/v2\/product_tag?post=134740"}],"curies":[{"name":"wp","href":"https:\/\/api.w.org\/{rel}","templated":true}]}}