{"id":144525,"date":"2026-04-17T05:34:46","date_gmt":"2026-04-17T05:34:46","guid":{"rendered":"https:\/\/holavape.com\/product\/waspe-20k-disposable-vape\/"},"modified":"2026-04-19T15:34:11","modified_gmt":"2026-04-19T15:34:11","slug":"waspe-20k-disposable-vape","status":"publish","type":"product","link":"https:\/\/holavape.com\/hu\/termek\/waspe-20k-disposable-vape\/","title":{"rendered":"WASPE 20K eldobhato vape"},"content":{"rendered":"<h2>WASPE 20K Disposable Vape \u00c1ttekint\u00e9s<\/h2>\n<p>A WASPE 20K Disposable Vape egy k\u00e9perny\u0151vel felszerelt, eldobhat\u00f3 vape, amely nagykereskedelmi v\u00e1s\u00e1rl\u00f3k sz\u00e1m\u00e1ra k\u00e9sz\u00fclt, akiknek pr\u00e9mium \u00e9rzetre van sz\u00fcks\u00e9g\u00fck l\u00e1that\u00f3 eszk\u00f6z\u00e1llapottal. Egyes\u00edti a 20 000 felf\u00faj\u00e1st, a 24 ml-es e-liquid-et \u00e9s a dual mesh tekercseket olyan form\u00e1tumban, amely k\u00f6nnyen poz\u00edcion\u00e1lhat\u00f3 a kiskereskedelmi polcokon \u00e9s a t\u00f6meges rendel\u00e9sekn\u00e9l.<\/p>\n<p>Az \u00edzv\u00e1laszt\u00e9k 12 \u00edzt \u00f6lel fel, \u00edgy ez a modell j\u00f3l illeszkedik a gy\u00fcm\u00f6lcs\u00f6kh\u00f6z, j\u00e9gekhez, cukork\u00e1khoz \u00e9s vegyes profil\u00fa eldobhat\u00f3 v\u00e1laszt\u00e9khoz.<\/p>\n<h2>F\u0151bb kiemel\u00e9sek<\/h2>\n<ul>\n<li><strong>20.000 f\u00faj\u00e1s<\/strong> a hosszabb \u00e9lettartam\u00fa k\u00e9sz\u00fcl\u00e9kform\u00e1tum \u00e9rdek\u00e9ben<\/li>\n<li><strong>24 ml e-liquid<\/strong> a nagyobb puffad\u00e1ssz\u00e1m \u00e9s a hosszabb napi haszn\u00e1lat t\u00e1mogat\u00e1s\u00e1ra<\/li>\n<li><strong>kett\u0151s h\u00e1l\u00f3s tekercsek<\/strong> egyenletesebb \u00edzkibocs\u00e1t\u00e1s \u00e9s l\u00e1gyabb g\u0151z \u00e9rdek\u00e9ben<\/li>\n<li><strong>intelligens k\u00e9perny\u0151<\/strong> \u00edgy a felhaszn\u00e1l\u00f3k k\u00f6nnyebben ellen\u0151rizhetik a kulcsfontoss\u00e1g\u00fa eszk\u00f6z \u00e1llapot\u00e1t<\/li>\n<li><strong>12 \u00edz<\/strong> sz\u00e9lesebb \u00edzv\u00e1laszt\u00e9k lefed\u00e9s\u00e9re<\/li>\n<li><strong>0% \/ 2% \/ 3% \/ 5%<\/strong> nikotin opci\u00f3k a k\u00fcl\u00f6nb\u00f6z\u0151 piaci ig\u00e9nyeknek megfelel\u0151en<\/li>\n<\/ul>\n<h2>M\u0171szaki adatok<\/h2>\n<table>\n<tbody>\n<tr>\n<td><strong>Term\u00e9k neve<\/strong><\/td>\n<td>WASPE 20K Disposable Vape<\/td>\n<\/tr>\n<tr>\n<td><strong>Puff Count<\/strong><\/td>\n<td>20.000 f\u00faj\u00e1s<\/td>\n<\/tr>\n<tr>\n<td><strong>E-folyad\u00e9k kapacit\u00e1s<\/strong><\/td>\n<td>24 ml e-liquid<\/td>\n<\/tr>\n<tr>\n<td><strong>Tekercs<\/strong><\/td>\n<td>kett\u0151s h\u00e1l\u00f3s tekercsek<\/td>\n<\/tr>\n<tr>\n<td><strong>Kijelz\u0151<\/strong><\/td>\n<td>intelligens k\u00e9perny\u0151<\/td>\n<\/tr>\n<tr>\n<td><strong>\u00cdzlehet\u0151s\u00e9gek<\/strong><\/td>\n<td>12 \u00edz<\/td>\n<\/tr>\n<tr>\n<td><strong>Nikotin Er\u0151<\/strong><\/td>\n<td>0% \/ 2% \/ 3% \/ 5%<\/td>\n<\/tr>\n<\/tbody>\n<\/table>\n<h2>\u00cdzlehet\u0151s\u00e9gek<\/h2>\n<p>A v\u00e1laszthat\u00f3 \u00edzes\u00edt\u00e9si lehet\u0151s\u00e9gek k\u00f6z\u00e9 tartozik a buja j\u00e9g, az epres g\u00f6r\u00f6gdinnye, az \u00e1fony\u00e1s j\u00e9g, a vegyes bogy\u00f3k, a sz\u0151l\u0151j\u00e9g, az \u0151szibarackj\u00e9g, a dupla almaj\u00e9g, az epres kivi \u00e9s m\u00e9g sok m\u00e1s. Ez seg\u00edt abban, hogy a WASPE 20K a gy\u00fcm\u00f6lcs\u00f6k, j\u00e9gkr\u00e9mek, cukork\u00e1k \u00e9s \u00e9des profil\u00fa eldobhat\u00f3 vape-v\u00e1laszt\u00e9kok sz\u00e9lesebb kever\u00e9k\u00e9hez illeszkedjen.<\/p>\n","protected":false},"excerpt":{"rendered":"<p>A WASPE 20000 bef\u00faj\u00e1s 20 000 bef\u00faj\u00e1st, 24 ml-es e-folyad\u00e9kot, k\u00e9perny\u0151kijelz\u0151t \u00e9s kett\u0151s h\u00e1l\u00f3s tekercseket k\u00edn\u00e1l. Intelligens k\u00e9perny\u0151-vez\u00e9relt opci\u00f3 azoknak a v\u00e1s\u00e1rl\u00f3knak, akik pr\u00e9mium \u00e9rzetet szeretn\u00e9nek a pultn\u00e1l. \u26a1<\/p>\n","protected":false},"featured_media":120667,"comment_status":"open","ping_status":"closed","template":"","meta":[],"product_brand":[],"product_cat":[468,549,558,576,360,612,621,630,666,684,648,639,675,657,693,702,720,711,369,352,522,567,531,874],"product_tag":[],"class_list":{"0":"post-144525","1":"product","2":"type-product","3":"status-publish","4":"has-post-thumbnail","6":"product_cat-20000-szivas-eldobhato-vape-hu","7":"product_cat-crystal-vapes-hu","8":"product_cat-digitalis-box-vape-ek-hu","9":"product_cat-dual-mesh-vape-ek-hu","10":"product_cat-eldobhato-vape-tipusok-hu","11":"product_cat-eldobhato-vape-ek-ausztria-hu","12":"product_cat-eldobhato-vape-ek-belgium-hu","13":"product_cat-eldobhato-vape-ek-franciaorszag-hu","14":"product_cat-eldobhato-vape-ek-hollandia-hu","15":"product_cat-eldobhato-vape-ek-lengyelorszag-hu","16":"product_cat-eldobhato-vape-ek-magyarorszag-hu","17":"product_cat-eldobhato-vape-ek-nemetorszag-hu","18":"product_cat-eldobhato-vape-ek-norvegia-hu","19":"product_cat-eldobhato-vape-ek-olaszorszag-hu","20":"product_cat-eldobhato-vape-ek-portugalia-hu","21":"product_cat-eldobhato-vape-ek-spanyolorszag-hu","22":"product_cat-eldobhato-vape-ek-svajc-hu","23":"product_cat-eldobhato-vape-ek-svedorszag-hu","24":"product_cat-eldobhato-vape-ek-europaban-hu","25":"product_cat-eldobhato-vape-ek-szivasszam-szerint-hu","26":"product_cat-nagy-szivasszamu-vape-ek-hu","27":"product_cat-okos-kijelzos-vape-ek-hu","28":"product_cat-ujratoltheto-vape-ek-hu","29":"product_cat-waspe-hu","31":"first","32":"instock","33":"shipping-taxable","34":"purchasable","35":"product-type-variable","36":"has-default-attributes"},"tiered_pricing_type":"fixed","tiered_pricing_fixed_rules":{"2000":5.79000000000000003552713678800500929355621337890625},"tiered_pricing_product_settings":{"layout":"default","base_unit_name":{"singular":null,"plural":null},"default_variation":null},"tiered_pricing_minimum_quantity":1000,"tiered_pricing_roles_data":[],"tiered_pricing_percentage_rules":[],"tiered_pricing_maximum_quantity":null,"tiered_pricing_quantity_step":"10","_links":{"self":[{"href":"https:\/\/holavape.com\/hu\/wp-json\/wp\/v2\/product\/144525","targetHints":{"allow":["GET"]}}],"collection":[{"href":"https:\/\/holavape.com\/hu\/wp-json\/wp\/v2\/product"}],"about":[{"href":"https:\/\/holavape.com\/hu\/wp-json\/wp\/v2\/types\/product"}],"replies":[{"embeddable":true,"href":"https:\/\/holavape.com\/hu\/wp-json\/wp\/v2\/comments?post=144525"}],"wp:featuredmedia":[{"embeddable":true,"href":"https:\/\/holavape.com\/hu\/wp-json\/wp\/v2\/media\/120667"}],"wp:attachment":[{"href":"https:\/\/holavape.com\/hu\/wp-json\/wp\/v2\/media?parent=144525"}],"wp:term":[{"taxonomy":"product_brand","embeddable":true,"href":"https:\/\/holavape.com\/hu\/wp-json\/wp\/v2\/product_brand?post=144525"},{"taxonomy":"product_cat","embeddable":true,"href":"https:\/\/holavape.com\/hu\/wp-json\/wp\/v2\/product_cat?post=144525"},{"taxonomy":"product_tag","embeddable":true,"href":"https:\/\/holavape.com\/hu\/wp-json\/wp\/v2\/product_tag?post=144525"}],"curies":[{"name":"wp","href":"https:\/\/api.w.org\/{rel}","templated":true}]}}