{"id":147447,"date":"2026-04-17T06:36:24","date_gmt":"2026-04-17T06:36:24","guid":{"rendered":"https:\/\/holavape.com\/product\/vozol-rave-40k-disposable-vape\/"},"modified":"2026-04-21T08:32:24","modified_gmt":"2026-04-21T08:32:24","slug":"vozol-rave-40k-disposable-vape","status":"publish","type":"product","link":"https:\/\/holavape.com\/hu\/termek\/vozol-rave-40k-disposable-vape\/","title":{"rendered":"Vapsolo Triple 30K | 30000 szippant\u00e1s, 3-in-1 \u00edzv\u00e1lt\u00e1s, 36ml e-liquid, eldobhat\u00f3 vape nagykereskedelem"},"content":{"rendered":"<h2>VOZOL Rave 40K Disposable Vape \u00c1ttekint\u00e9s<\/h2>\n<p>A VOZOL Rave 40K Disposable Vape egy eldobhat\u00f3 vape nagykereskedelmi v\u00e1s\u00e1rl\u00f3k sz\u00e1m\u00e1ra, akiknek egyszer\u0171, praktikus specifik\u00e1ci\u00f3kkal rendelkez\u0151 SKU-ra van sz\u00fcks\u00e9g\u00fck. 40 000 felf\u00faj\u00e1st, kett\u0151s h\u00e1l\u00f3s tekercset \u00e9s 17 \u00edzt egyes\u00edt olyan form\u00e1tumban, amely k\u00f6nnyen elhelyezhet\u0151 a kiskereskedelmi polcokon \u00e9s a t\u00f6meges rendel\u00e9sekn\u00e9l.<\/p>\n<p>Az \u00edzv\u00e1laszt\u00e9k 17 \u00edzt \u00f6lel fel, \u00edgy ez a modell t\u00f6k\u00e9letesen illeszkedik a gy\u00fcm\u00f6lcs\u00f6kh\u00f6z, j\u00e9gekhez, cukork\u00e1khoz \u00e9s vegyes profil\u00fa eldobhat\u00f3 v\u00e1laszt\u00e9khoz.<\/p>\n<h2>F\u0151bb kiemel\u00e9sek<\/h2>\n<ul>\n<li><strong>40.000 f\u00faj\u00e1s<\/strong> a hosszabb \u00e9lettartam\u00fa k\u00e9sz\u00fcl\u00e9kform\u00e1tum \u00e9rdek\u00e9ben<\/li>\n<li><strong>kett\u0151s h\u00e1l\u00f3s tekercsek<\/strong> egyenletesebb \u00edzkibocs\u00e1t\u00e1s \u00e9s l\u00e1gyabb g\u0151z \u00e9rdek\u00e9ben<\/li>\n<li><strong>17 \u00edz<\/strong> sz\u00e9lesebb \u00edzv\u00e1laszt\u00e9k lefed\u00e9s\u00e9re<\/li>\n<li><strong>5%<\/strong> nikotin opci\u00f3k a k\u00fcl\u00f6nb\u00f6z\u0151 piaci ig\u00e9nyeknek megfelel\u0151en<\/li>\n<\/ul>\n<h2>M\u0171szaki adatok<\/h2>\n<table>\n<tbody>\n<tr>\n<td><strong>Term\u00e9k neve<\/strong><\/td>\n<td>VOZOL Rave 40K Disposable Vape<\/td>\n<\/tr>\n<tr>\n<td><strong>Puff Count<\/strong><\/td>\n<td>40.000 f\u00faj\u00e1s<\/td>\n<\/tr>\n<tr>\n<td><strong>Tekercs<\/strong><\/td>\n<td>kett\u0151s h\u00e1l\u00f3s tekercsek<\/td>\n<\/tr>\n<tr>\n<td><strong>\u00cdzlehet\u0151s\u00e9gek<\/strong><\/td>\n<td>17 \u00edz<\/td>\n<\/tr>\n<tr>\n<td><strong>Nikotin Er\u0151<\/strong><\/td>\n<td>5%<\/td>\n<\/tr>\n<\/tbody>\n<\/table>\n<h2>\u00cdzlehet\u0151s\u00e9gek<\/h2>\n<p>Az el\u00e9rhet\u0151 \u00edzes\u00edt\u00e9si lehet\u0151s\u00e9gek k\u00f6z\u00e9 tartozik az eperj\u00e9g, a sz\u0151l\u0151j\u00e9g, az \u00e1fony\u00e1s j\u00e9g, a dupla alma, a szalmadinnye \u0151szibarack, a hideg menta, a Love 777, az \u0151szibarack m\u00e1lna limon\u00e1d\u00e9 \u00e9s m\u00e9g sok m\u00e1s. Ez seg\u00edt abban, hogy a VOZOL Rave 40K a gy\u00fcm\u00f6lcs, j\u00e9g, cukorka \u00e9s \u00e9des profil\u00fa eldobhat\u00f3 vape sz\u00e9lesebb kever\u00e9k\u00e9be illeszkedjen.<\/p>\n","protected":false},"excerpt":{"rendered":"<p>Vapsolo Triple 30K visszahozza a v\u00e1s\u00e1rl\u00f3kat: 30000 szippant\u00e1s, 3-in-1 \u00edzv\u00e1lt\u00e1s, 36ml e-liquid. Nagykereskedelemben 10 darabt\u00f3l.<\/p>\n","protected":false},"featured_media":122631,"comment_status":"open","ping_status":"closed","template":"","meta":[],"product_brand":[],"product_cat":[865],"product_tag":[],"class_list":{"0":"post-147447","1":"product","2":"type-product","3":"status-publish","4":"has-post-thumbnail","6":"product_cat-vozol-hu","8":"first","9":"instock","10":"shipping-taxable","11":"purchasable","12":"product-type-variable","13":"has-default-attributes"},"tiered_pricing_type":"fixed","tiered_pricing_fixed_rules":{"30":11.1500000000000003552713678800500929355621337890625,"50":9.07000000000000028421709430404007434844970703125,"100":8.6899999999999995026200849679298698902130126953125,"200":8.589999999999999857891452847979962825775146484375,"400":8.1699999999999999289457264239899814128875732421875},"tiered_pricing_product_settings":{"layout":"default","base_unit_name":{"singular":null,"plural":null},"default_variation":null},"tiered_pricing_minimum_quantity":10,"tiered_pricing_roles_data":[],"tiered_pricing_percentage_rules":[],"tiered_pricing_maximum_quantity":null,"tiered_pricing_quantity_step":"10","_links":{"self":[{"href":"https:\/\/holavape.com\/hu\/wp-json\/wp\/v2\/product\/147447","targetHints":{"allow":["GET"]}}],"collection":[{"href":"https:\/\/holavape.com\/hu\/wp-json\/wp\/v2\/product"}],"about":[{"href":"https:\/\/holavape.com\/hu\/wp-json\/wp\/v2\/types\/product"}],"replies":[{"embeddable":true,"href":"https:\/\/holavape.com\/hu\/wp-json\/wp\/v2\/comments?post=147447"}],"wp:featuredmedia":[{"embeddable":true,"href":"https:\/\/holavape.com\/hu\/wp-json\/wp\/v2\/media\/122631"}],"wp:attachment":[{"href":"https:\/\/holavape.com\/hu\/wp-json\/wp\/v2\/media?parent=147447"}],"wp:term":[{"taxonomy":"product_brand","embeddable":true,"href":"https:\/\/holavape.com\/hu\/wp-json\/wp\/v2\/product_brand?post=147447"},{"taxonomy":"product_cat","embeddable":true,"href":"https:\/\/holavape.com\/hu\/wp-json\/wp\/v2\/product_cat?post=147447"},{"taxonomy":"product_tag","embeddable":true,"href":"https:\/\/holavape.com\/hu\/wp-json\/wp\/v2\/product_tag?post=147447"}],"curies":[{"name":"wp","href":"https:\/\/api.w.org\/{rel}","templated":true}]}}