{"id":150401,"date":"2026-04-17T06:23:55","date_gmt":"2026-04-17T06:23:55","guid":{"rendered":"https:\/\/holavape.com\/product\/elfworld-15pro-12k-disposable-vape\/"},"modified":"2026-04-19T15:34:19","modified_gmt":"2026-04-19T15:34:19","slug":"elfworld-15pro-12k-disposable-vape","status":"publish","type":"product","link":"https:\/\/holavape.com\/hu\/termek\/elfworld-15pro-12k-disposable-vape\/","title":{"rendered":"ELFWORLD 15PRO 12K eldobhato vape"},"content":{"rendered":"<h2>ELFWORLD 15PRO 12K Disposable Vape \u00c1ttekint\u00e9s<\/h2>\n<p>A ELFWORLD 15PRO 12K Disposable Vape egy k\u00e9perny\u0151vel felszerelt, eldobhat\u00f3 vape, amely nagykereskedelmi v\u00e1s\u00e1rl\u00f3k sz\u00e1m\u00e1ra k\u00e9sz\u00fclt, akiknek pr\u00e9mium \u00e9rzetre van sz\u00fcks\u00e9g\u00fck l\u00e1that\u00f3 eszk\u00f6z\u00e1llapottal. Egyes\u00edti a 12 000 felf\u00faj\u00e1st, a 18 ml-es e-liquid-et \u00e9s a mesh tekercset olyan form\u00e1tumban, amely k\u00f6nnyen poz\u00edcion\u00e1lhat\u00f3 a kiskereskedelmi polcokon \u00e9s a t\u00f6meges rendel\u00e9sekn\u00e9l.<\/p>\n<p>Az \u00edzv\u00e1laszt\u00e9k 15 \u00edzt \u00f6lel fel, \u00edgy ez a modell j\u00f3l illeszkedik a gy\u00fcm\u00f6lcs\u00f6kh\u00f6z, j\u00e9gekhez, cukork\u00e1khoz \u00e9s vegyes profil\u00fa eldobhat\u00f3 v\u00e1laszt\u00e9khoz.<\/p>\n<h2>F\u0151bb kiemel\u00e9sek<\/h2>\n<ul>\n<li><strong>12.000 f\u00faj\u00e1s<\/strong> a hosszabb \u00e9lettartam\u00fa k\u00e9sz\u00fcl\u00e9kform\u00e1tum \u00e9rdek\u00e9ben<\/li>\n<li><strong>18 ml e-liquid<\/strong> a nagyobb puffad\u00e1ssz\u00e1m \u00e9s a hosszabb napi haszn\u00e1lat t\u00e1mogat\u00e1s\u00e1ra<\/li>\n<li><strong>h\u00e1l\u00f3s tekercs<\/strong> egyenletesebb \u00edzkibocs\u00e1t\u00e1s \u00e9s l\u00e1gyabb g\u0151z \u00e9rdek\u00e9ben<\/li>\n<li><strong>digit\u00e1lis kijelz\u0151<\/strong> \u00edgy a felhaszn\u00e1l\u00f3k k\u00f6nnyebben ellen\u0151rizhetik a kulcsfontoss\u00e1g\u00fa eszk\u00f6z \u00e1llapot\u00e1t<\/li>\n<li><strong>600 mAh akkumul\u00e1tor Type-C \u00fajrat\u00f6lthet\u0151<\/strong> a k\u00e9nyelmes \u00fajrat\u00f6lt\u00e9s \u00e9rdek\u00e9ben<\/li>\n<li><strong>\u00e1ll\u00edthat\u00f3 l\u00e9g\u00e1raml\u00e1s<\/strong> a rugalmasabb rajzol\u00e1si st\u00edlus \u00e9rdek\u00e9ben<\/li>\n<\/ul>\n<h2>M\u0171szaki adatok<\/h2>\n<table>\n<tbody>\n<tr>\n<td><strong>Term\u00e9k neve<\/strong><\/td>\n<td>ELFWORLD 15PRO 12K Disposable Vape<\/td>\n<\/tr>\n<tr>\n<td><strong>Puff Count<\/strong><\/td>\n<td>12.000 f\u00faj\u00e1s<\/td>\n<\/tr>\n<tr>\n<td><strong>E-folyad\u00e9k kapacit\u00e1s<\/strong><\/td>\n<td>18 ml e-liquid<\/td>\n<\/tr>\n<tr>\n<td><strong>Akkumul\u00e1tor<\/strong><\/td>\n<td>600 mAh akkumul\u00e1tor<\/td>\n<\/tr>\n<tr>\n<td><strong>T\u00f6lt\u00e9s<\/strong><\/td>\n<td>Type-C \u00fajrat\u00f6lthet\u0151<\/td>\n<\/tr>\n<tr>\n<td><strong>Tekercs<\/strong><\/td>\n<td>h\u00e1l\u00f3s tekercs<\/td>\n<\/tr>\n<tr>\n<td><strong>Kijelz\u0151<\/strong><\/td>\n<td>digit\u00e1lis kijelz\u0151<\/td>\n<\/tr>\n<tr>\n<td><strong>L\u00e9g\u00e1raml\u00e1s<\/strong><\/td>\n<td>\u00e1ll\u00edthat\u00f3 l\u00e9g\u00e1raml\u00e1s<\/td>\n<\/tr>\n<tr>\n<td><strong>\u00cdzlehet\u0151s\u00e9gek<\/strong><\/td>\n<td>15 \u00edz<\/td>\n<\/tr>\n<tr>\n<td><strong>Nikotin Er\u0151<\/strong><\/td>\n<td>0% \/ 2% \/ 5%<\/td>\n<\/tr>\n<\/tbody>\n<\/table>\n<h2>\u00cdzlehet\u0151s\u00e9gek<\/h2>\n<p>Az el\u00e9rhet\u0151 \u00edzes\u00edt\u00e9si lehet\u0151s\u00e9gek k\u00f6z\u00e9 tartozik a g\u00f6r\u00f6gdinnye j\u00e9g, k\u00e9k m\u00e1lna j\u00e9g, eper j\u00e9g, van\u00edlia Casta doh\u00e1ny, s\u00e1rk\u00e1nygy\u00fcm\u00f6lcs bogy\u00f3, sakura sz\u0151l\u0151, \u0151szibarack mang\u00f3, cukorka sziv\u00e1rv\u00e1ny \u00e9s m\u00e9g sok m\u00e1s. Ez seg\u00edt abban, hogy az ELFWORLD 15PRO 12K a gy\u00fcm\u00f6lcs\u00f6k, j\u00e9gkr\u00e9mek, cukork\u00e1k \u00e9s \u00e9des profil\u00fa eldobhat\u00f3 vape term\u00e9kek sz\u00e9lesebb kever\u00e9k\u00e9hez illeszkedjen.<\/p>\n","protected":false},"excerpt":{"rendered":"<p>Az ELFWORLD 15PRO 12000 f\u00fav\u00f3ka 12 000 f\u00faj\u00e1st, 18 ml-es e-folyad\u00e9kot, digit\u00e1lis kijelz\u0151t \u00e9s mesh tekercs teljes\u00edtm\u00e9nyt tartalmaz. Praktikus k\u00e9perny\u0151modell nagykereskedelmi szortimentekhez, amelyekn\u00e9l tiszt\u00e1bb \u00e9rt\u00e9kre van sz\u00fcks\u00e9g a polcon. \ud83c\udf9b\ufe0f<\/p>\n","protected":false},"featured_media":121741,"comment_status":"open","ping_status":"closed","template":"","meta":[],"product_brand":[],"product_cat":[432,558,360,612,621,630,666,684,648,639,675,657,693,702,720,711,369,352,522,567,531],"product_tag":[],"class_list":{"0":"post-150401","1":"product","2":"type-product","3":"status-publish","4":"has-post-thumbnail","6":"product_cat-12000-szivas-eldobhato-vape-hu","7":"product_cat-digitalis-box-vape-ek-hu","8":"product_cat-eldobhato-vape-tipusok-hu","9":"product_cat-eldobhato-vape-ek-ausztria-hu","10":"product_cat-eldobhato-vape-ek-belgium-hu","11":"product_cat-eldobhato-vape-ek-franciaorszag-hu","12":"product_cat-eldobhato-vape-ek-hollandia-hu","13":"product_cat-eldobhato-vape-ek-lengyelorszag-hu","14":"product_cat-eldobhato-vape-ek-magyarorszag-hu","15":"product_cat-eldobhato-vape-ek-nemetorszag-hu","16":"product_cat-eldobhato-vape-ek-norvegia-hu","17":"product_cat-eldobhato-vape-ek-olaszorszag-hu","18":"product_cat-eldobhato-vape-ek-portugalia-hu","19":"product_cat-eldobhato-vape-ek-spanyolorszag-hu","20":"product_cat-eldobhato-vape-ek-svajc-hu","21":"product_cat-eldobhato-vape-ek-svedorszag-hu","22":"product_cat-eldobhato-vape-ek-europaban-hu","23":"product_cat-eldobhato-vape-ek-szivasszam-szerint-hu","24":"product_cat-nagy-szivasszamu-vape-ek-hu","25":"product_cat-okos-kijelzos-vape-ek-hu","26":"product_cat-ujratoltheto-vape-ek-hu","28":"first","29":"instock","30":"shipping-taxable","31":"purchasable","32":"product-type-variable","33":"has-default-attributes"},"tiered_pricing_type":"fixed","tiered_pricing_fixed_rules":{"2000":6.38999999999999968025576890795491635799407958984375},"tiered_pricing_product_settings":{"layout":"default","base_unit_name":{"singular":null,"plural":null},"default_variation":null},"tiered_pricing_minimum_quantity":1000,"tiered_pricing_roles_data":[],"tiered_pricing_percentage_rules":[],"tiered_pricing_maximum_quantity":null,"tiered_pricing_quantity_step":"10","_links":{"self":[{"href":"https:\/\/holavape.com\/hu\/wp-json\/wp\/v2\/product\/150401","targetHints":{"allow":["GET"]}}],"collection":[{"href":"https:\/\/holavape.com\/hu\/wp-json\/wp\/v2\/product"}],"about":[{"href":"https:\/\/holavape.com\/hu\/wp-json\/wp\/v2\/types\/product"}],"replies":[{"embeddable":true,"href":"https:\/\/holavape.com\/hu\/wp-json\/wp\/v2\/comments?post=150401"}],"wp:featuredmedia":[{"embeddable":true,"href":"https:\/\/holavape.com\/hu\/wp-json\/wp\/v2\/media\/121741"}],"wp:attachment":[{"href":"https:\/\/holavape.com\/hu\/wp-json\/wp\/v2\/media?parent=150401"}],"wp:term":[{"taxonomy":"product_brand","embeddable":true,"href":"https:\/\/holavape.com\/hu\/wp-json\/wp\/v2\/product_brand?post=150401"},{"taxonomy":"product_cat","embeddable":true,"href":"https:\/\/holavape.com\/hu\/wp-json\/wp\/v2\/product_cat?post=150401"},{"taxonomy":"product_tag","embeddable":true,"href":"https:\/\/holavape.com\/hu\/wp-json\/wp\/v2\/product_tag?post=150401"}],"curies":[{"name":"wp","href":"https:\/\/api.w.org\/{rel}","templated":true}]}}