{"id":151458,"date":"2026-04-17T06:35:21","date_gmt":"2026-04-17T06:35:21","guid":{"rendered":"https:\/\/holavape.com\/product\/gazzbar-rocket-20k-disposable-vape\/"},"modified":"2026-04-19T15:06:43","modified_gmt":"2026-04-19T15:06:43","slug":"gazzbar-rocket-20k-disposable-vape","status":"publish","type":"product","link":"https:\/\/holavape.com\/hu\/termek\/gazzbar-rocket-20k-disposable-vape\/","title":{"rendered":"Gazzbar Rocket 20K eldobhato vape"},"content":{"rendered":"<h2>Gazzbar Rocket 20K Disposable Vape \u00c1ttekint\u00e9s<\/h2>\n<p>A Gazzbar Rocket 20K Disposable Vape egy eldobhat\u00f3 vape nagykereskedelmi v\u00e1s\u00e1rl\u00f3k sz\u00e1m\u00e1ra, akiknek egyszer\u0171, praktikus specifik\u00e1ci\u00f3kkal rendelkez\u0151 SKU-ra van sz\u00fcks\u00e9g\u00fck. 20 000 felf\u00faj\u00e1st \u00e9s 14 \u00edzt egyes\u00edt olyan form\u00e1tumban, amely k\u00f6nnyen elhelyezhet\u0151 a kiskereskedelmi polcokon \u00e9s a t\u00f6meges rendel\u00e9sekn\u00e9l.<\/p>\n<p>Az \u00edzv\u00e1laszt\u00e9k 14 \u00edzt \u00f6lel fel, \u00edgy ez a modell t\u00f6k\u00e9letesen illeszkedik a gy\u00fcm\u00f6lcs\u00f6kh\u00f6z, j\u00e9gekhez, cukork\u00e1khoz \u00e9s vegyes profil\u00fa eldobhat\u00f3 v\u00e1laszt\u00e9khoz.<\/p>\n<h2>F\u0151bb kiemel\u00e9sek<\/h2>\n<ul>\n<li><strong>20.000 f\u00faj\u00e1s<\/strong> a hosszabb \u00e9lettartam\u00fa k\u00e9sz\u00fcl\u00e9kform\u00e1tum \u00e9rdek\u00e9ben<\/li>\n<li><strong>14 \u00edz<\/strong> sz\u00e9lesebb \u00edzv\u00e1laszt\u00e9k lefed\u00e9s\u00e9re<\/li>\n<li><strong>5%<\/strong> nikotin opci\u00f3k a k\u00fcl\u00f6nb\u00f6z\u0151 piaci ig\u00e9nyeknek megfelel\u0151en<\/li>\n<\/ul>\n<h2>M\u0171szaki adatok<\/h2>\n<table>\n<tbody>\n<tr>\n<td><strong>Term\u00e9k neve<\/strong><\/td>\n<td>Gazzbar Rocket 20K Disposable Vape<\/td>\n<\/tr>\n<tr>\n<td><strong>Puff Count<\/strong><\/td>\n<td>20.000 f\u00faj\u00e1s<\/td>\n<\/tr>\n<tr>\n<td><strong>T\u00f6lt\u00e9s<\/strong><\/td>\n<td>\u00dajrat\u00f6lthet\u0151<\/td>\n<\/tr>\n<tr>\n<td><strong>\u00cdzlehet\u0151s\u00e9gek<\/strong><\/td>\n<td>14 \u00edz<\/td>\n<\/tr>\n<tr>\n<td><strong>Nikotin Er\u0151<\/strong><\/td>\n<td>5%<\/td>\n<\/tr>\n<\/tbody>\n<\/table>\n<h2>\u00cdzlehet\u0151s\u00e9gek<\/h2>\n<p>Az el\u00e9rhet\u0151 \u00edzes\u00edt\u00e9si lehet\u0151s\u00e9gek k\u00f6z\u00e9 tartozik a White Gummy Ice, Eper Kiwi, Blue Raspberry Ice, Strawberry Banana, Sour Alma Ice, Strawberry Mango, Blueberry Ice, Tropical Rainbow Blast stb. Ez seg\u00edt a Gazzbar Rocket 20K-nak a gy\u00fcm\u00f6lcs, j\u00e9g, cukorka \u00e9s \u00e9des profil\u00fa eldobhat\u00f3 vape-v\u00e1laszt\u00e9k sz\u00e9lesebb kever\u00e9k\u00e9hez illeszkedni.<\/p>\n","protected":false},"excerpt":{"rendered":"<p>A Gazzbar Rocket 20000 Puffs 20 000 f\u00faj\u00e1st \u00e9s 14 \u00edzt kombin\u00e1l. Megb\u00edzhat\u00f3 polcra k\u00e9sz v\u00e1laszt\u00e1s a gyorsan mozg\u00f3, eldobhat\u00f3 vape szortimentekhez. \u26a1<\/p>\n","protected":false},"featured_media":122565,"comment_status":"open","ping_status":"closed","template":"","meta":[],"product_brand":[],"product_cat":[468],"product_tag":[],"class_list":{"0":"post-151458","1":"product","2":"type-product","3":"status-publish","4":"has-post-thumbnail","6":"product_cat-20000-szivas-eldobhato-vape-hu","8":"first","9":"instock","10":"shipping-taxable","11":"purchasable","12":"product-type-variable","13":"has-default-attributes"},"tiered_pricing_type":"fixed","tiered_pricing_fixed_rules":[],"tiered_pricing_product_settings":{"layout":"default","base_unit_name":{"singular":null,"plural":null},"default_variation":null},"tiered_pricing_minimum_quantity":1000,"tiered_pricing_roles_data":[],"tiered_pricing_percentage_rules":[],"tiered_pricing_maximum_quantity":null,"tiered_pricing_quantity_step":"10","_links":{"self":[{"href":"https:\/\/holavape.com\/hu\/wp-json\/wp\/v2\/product\/151458","targetHints":{"allow":["GET"]}}],"collection":[{"href":"https:\/\/holavape.com\/hu\/wp-json\/wp\/v2\/product"}],"about":[{"href":"https:\/\/holavape.com\/hu\/wp-json\/wp\/v2\/types\/product"}],"replies":[{"embeddable":true,"href":"https:\/\/holavape.com\/hu\/wp-json\/wp\/v2\/comments?post=151458"}],"wp:featuredmedia":[{"embeddable":true,"href":"https:\/\/holavape.com\/hu\/wp-json\/wp\/v2\/media\/122565"}],"wp:attachment":[{"href":"https:\/\/holavape.com\/hu\/wp-json\/wp\/v2\/media?parent=151458"}],"wp:term":[{"taxonomy":"product_brand","embeddable":true,"href":"https:\/\/holavape.com\/hu\/wp-json\/wp\/v2\/product_brand?post=151458"},{"taxonomy":"product_cat","embeddable":true,"href":"https:\/\/holavape.com\/hu\/wp-json\/wp\/v2\/product_cat?post=151458"},{"taxonomy":"product_tag","embeddable":true,"href":"https:\/\/holavape.com\/hu\/wp-json\/wp\/v2\/product_tag?post=151458"}],"curies":[{"name":"wp","href":"https:\/\/api.w.org\/{rel}","templated":true}]}}